{"id":6526,"date":"2025-04-29T08:53:58","date_gmt":"2025-04-29T01:53:58","guid":{"rendered":"https:\/\/hibucenter.com\/index.php\/product\/loc-dieu-hoa-cao-cap-bosch-aeristo-premium-ap-t02-0986af7003-camry-01-06-vios-02-13-3\/"},"modified":"2025-07-21T10:36:01","modified_gmt":"2025-07-21T03:36:01","slug":"loc-dieu-hoa-cao-cap-bosch-aeristo-premium-ap-t02-0986af7003-camry-01-06-vios-02-13-3","status":"publish","type":"product","link":"https:\/\/hibucenter.com\/index.php\/loc-dieu-hoa-cao-cap-bosch-aeristo-premium-ap-t02-0986af7003-camry-01-06-vios-02-13-3\/","title":{"rendered":"L\u1ecdc \u0110i\u1ec1u H\u00f2a Cao C\u1ea5p BOSCH Aeristo Premium AP-T02 (0986AF7003) | Camry (01 &#8211; 06), Vios (02 &#8211; 13).."},"content":{"rendered":"<p>L\u01b0u \u00fd quan tr\u1ecdng  :<br \/>\n1. QU\u00dd KH\u00c1CH VUI L\u00d2NG \u0110O L\u1ea0I K\u00cdCH TH\u01af\u1edaC TR\u01af\u1edaC KHI \u0110\u1eb6T H\u00c0NG<br \/>\n2. HO\u1eb6C QU\u00dd KH\u00c1CH CUNG C\u1ea4P TH\u00d4NG TIN CHI TI\u1ebeT V\u1ec0 XE (NH\u00c3N HI\u1ec6U\/ MODEL \/ N\u0102M S\u1ea2N XU\u1ea4T) ho\u1eb7c CH\u1ee4P \u1ea2NH \u0110\u0102NG KI\u1ec2M G\u1eecI CHO SHOP \u0110\u1ec2 NH\u00c2N VI\u00caN KI\u1ec2M TRA K\u00cdCH TH\u01af\u1edaC CH\u00cdNH X\u00c1C NH\u1ea4T<\/p>\n<p>  TH\u00d4NG TIN S\u1ea2N PH\u1ea8M:<br \/>\n&#8211; Th\u01b0\u01a1ng hi\u1ec7u:  Bosch<br \/>\n&#8211; Xu\u1ea5t x\u1ee9:  Thailand<br \/>\n&#8211; K\u00edch th\u01b0\u1edbc (DxRxC): 215 (mm) x 215 (mm) x 17 (mm)<br \/>\n&#8211; M\u00e3 Bosch: 0986AF7003  | Ap-T02<br \/>\n&#8211; Lo\u1ea1i L\u1ecdc:  Aeristo Premium<\/p>\n<p> \u1ee8ng d\u1ee5ng : TOYOTA Camry (01 &#8211; 06), Land Cruiser Prado ( 02 &#8211; 09), Vios (02 &#8211; 13), Yaris ( 99 &#8211; 05).<\/p>\n<p>https:\/\/cf.shopee.vn\/file\/vn-11134208-7ras8-m2uo3ux1hr74fd<br \/>\n&#8211; L\u1ecdc gi\u00f3 \u0111i\u1ec1u h\u00f2a Aeristo \u0111\u1ea3m b\u1ea3o vi\u1ec7c ng\u0103n b\u1ee5i, ph\u1ea5n hoa\u00a0<br \/>\n&#8211; Aeristo Plus v\u00e0 Aeristo Premium \u0111\u00e3 c\u00f3 th\u00eam l\u1edbp than ho\u1ea1t t\u00ednh v\u1edbi c\u00f4ng ngh\u1ec7 v\u01b0\u1ee3t tr\u1ed9i gi\u00fap kh\u1eed m\u00f9i h\u00f4i, kh\u00ed \u0111\u1ed9c, ch\u1ed1ng vi khu\u1ea9n, vi r\u00fat.\u00a0<br \/>\n&#8211; \u0110\u1eb7c bi\u1ec7t, v\u1edbi l\u1ecdc cao c\u1ea5p Aeristo Premium c\u00f3 th\u1ec3 l\u1ecdc \u0111\u1ebfn 97% h\u1ea1t b\u1ee5i si\u00eau m\u1ecbn PM2.5 v\u1edbi k\u00edch th\u01b0\u1edbc ch\u1ec9 2,5 micro m\u00e9t (b\u1eb1ng 1\/20 s\u1ee3i t\u00f3c), nh\u1edd l\u1edbp l\u1ecdc c\u00f3 kh\u1ea3 n\u0103ng b\u1eaby c\u00e1c h\u1ea1t b\u1ee5i m\u1ecbn n\u00e0y.\u00a0<\/p>\n<p>https:\/\/cf.shopee.vn\/file\/vn-11134208-7r98o-ly4xezkn8hqb40<br \/>\nhttps:\/\/cf.shopee.vn\/file\/vn-11134208-7r98o-ly4xezkn8hhsb9<\/p>\n<p>#Loc_gio_may_lanh#loc_gio_dieu_hoa_bosch#loc_gio_camry#loc_dieu_hoa_vios<\/p>\n","protected":false},"excerpt":{"rendered":"<p>L\u01b0u \u00fd quan tr\u1ecdng : 1. QU\u00dd KH\u00c1CH VUI L\u00d2NG \u0110O L\u1ea0I K\u00cdCH TH\u01af\u1edaC TR\u01af\u1edaC KHI \u0110\u1eb6T H\u00c0NG 2. HO\u1eb6C QU\u00dd KH\u00c1CH CUNG C\u1ea4P TH\u00d4NG TIN CHI TI\u1ebeT V\u1ec0 XE (NH\u00c3N HI\u1ec6U\/ MODEL \/ N\u0102M S\u1ea2N XU\u1ea4T) ho\u1eb7c CH\u1ee4P \u1ea2NH \u0110\u0102NG KI\u1ec2M G\u1eecI CHO SHOP \u0110\u1ec2 NH\u00c2N VI\u00caN KI\u1ec2M TRA K\u00cdCH TH\u01af\u1edaC CH\u00cdNH X\u00c1C NH\u1ea4T&hellip;<\/p>\n","protected":false},"featured_media":5904,"comment_status":"closed","ping_status":"open","template":"","meta":[],"product_cat":[117],"product_tag":[],"class_list":{"0":"post-6526","1":"product","2":"type-product","3":"status-publish","4":"has-post-thumbnail","6":"product_brand-bosch-car-service","7":"product_cat-cham-soc-o-to-xe-hoi","9":"first","10":"instock","11":"product-type-simple","12":"col-xs-6 col-sm-4","13":"col-md-3 col-lg-3","14":"un-4-cols"},"_links":{"self":[{"href":"https:\/\/hibucenter.com\/index.php\/wp-json\/wp\/v2\/product\/6526","targetHints":{"allow":["GET"]}}],"collection":[{"href":"https:\/\/hibucenter.com\/index.php\/wp-json\/wp\/v2\/product"}],"about":[{"href":"https:\/\/hibucenter.com\/index.php\/wp-json\/wp\/v2\/types\/product"}],"replies":[{"embeddable":true,"href":"https:\/\/hibucenter.com\/index.php\/wp-json\/wp\/v2\/comments?post=6526"}],"version-history":[{"count":0,"href":"https:\/\/hibucenter.com\/index.php\/wp-json\/wp\/v2\/product\/6526\/revisions"}],"wp:featuredmedia":[{"embeddable":true,"href":"https:\/\/hibucenter.com\/index.php\/wp-json\/wp\/v2\/media\/5904"}],"wp:attachment":[{"href":"https:\/\/hibucenter.com\/index.php\/wp-json\/wp\/v2\/media?parent=6526"}],"wp:term":[{"taxonomy":"product_cat","embeddable":true,"href":"https:\/\/hibucenter.com\/index.php\/wp-json\/wp\/v2\/product_cat?post=6526"},{"taxonomy":"product_tag","embeddable":true,"href":"https:\/\/hibucenter.com\/index.php\/wp-json\/wp\/v2\/product_tag?post=6526"}],"curies":[{"name":"wp","href":"https:\/\/api.w.org\/{rel}","templated":true}]}}