{"id":6442,"date":"2025-04-28T16:13:32","date_gmt":"2025-04-28T09:13:32","guid":{"rendered":"https:\/\/hibucenter.com\/index.php\/product\/bosch-loc-dieu-hoa-cao-cap-co-than-hoat-tinh-aeristo-premium-ap-z07-mazda3-13-18-mazda6-15-cx5\/"},"modified":"2025-07-21T10:36:02","modified_gmt":"2025-07-21T03:36:02","slug":"bosch-loc-dieu-hoa-cao-cap-co-than-hoat-tinh-aeristo-premium-ap-z07-mazda3-13-18-mazda6-15-cx5","status":"publish","type":"product","link":"https:\/\/hibucenter.com\/index.php\/bosch-loc-dieu-hoa-cao-cap-co-than-hoat-tinh-aeristo-premium-ap-z07-mazda3-13-18-mazda6-15-cx5\/","title":{"rendered":"BOSCH L\u1ecdc \u0110i\u1ec1u H\u00f2a Cao C\u1ea5p (C\u00f3 Than Ho\u1ea1t T\u00ednh) Aeristo Premium AP-Z07 |  Mazda3 (13 &#8211; 18), Mazda6 (15 &#8211; ), CX5 ("},"content":{"rendered":"<p>QU\u00dd KH\u00c1CH KH\u00d4NG R\u00d5 K\u00cdCH TH\u01af\u1edaC VUI L\u00d2NG LI\u00caN H\u1ec6 CHO SHOP QUA C\u00d4NG C\u1ee4 CHAT C\u1ee6A SHOPEE \u0110\u1ec2 \u0110\u01af\u1ee2C NH\u00c2N VI\u00caN K\u1ef8 THU\u1eacT H\u1ed6 TR\u1ee2 T\u01af V\u1ea4N NH\u00c9  .<\/p>\n<p> TH\u00d4NG TIN S\u1ea2N PH\u1ea8M:<br \/>\nC\u00f4ng ngh\u1ec7 s\u1ea3n xu\u1ea5t:\u00a0Bosch &#8211; Germany<br \/>\nM\u00e3 ph\u1ee5 t\u00f9ng:\u00a0\u00a0\u00a0<br \/>\n\u2248\u00a0M\u00e3 OE:\u00a0\u00a0\u00a0K015-V9-030 ; K031-V9-030 ; KD45-61-J6X<br \/>\n\u2248\u00a0M\u00e3 Bosch:\u00a0\u00a0\u00a0  0986AF7012<br \/>\nXu\u1ea5t x\u1ee9:\u00a0Bosch &#8211;   Thailand<br \/>\n\u00a0<br \/>\nK\u00edch th\u01b0\u1edbc: D\u00e0i x R\u1ed9ng x Cao:\u00a0  232 x 219 x 33\u00a0(mm)<br \/>\n\u00a0<br \/>\n\u1ee8ng d\u1ee5ng:<br \/>\n\u00a0\u00a0\u00a0\u00a0\u00a0\u00a0\u2022\u00a0\u00a0 Mazda 3 (15 &#8211; 18),<br \/>\n      \u2022   Mazda 6 (12 &#8211; 18) \/ ( 20 &#8211; ),<br \/>\n      \u2022   CX5 2.0L , 2.2L, 2.5L ( 15 &#8211; )<br \/>\n      \u2022   Axela Sport ,<br \/>\n      \u2022   Sedan 1.5L, 2.0L, 2.2L<br \/>\n      \u2022   Atenza Sport Wagon<\/p>\n<p>https:\/\/cf.shopee.vn\/file\/vn-11134208-7ras8-m3w2xrzy1two53<br \/>\n\u00a0\u00a0\u00a0\u00a0\u00a0<br \/>\n\u0110\u1eb7c t\u00ednh k\u1ef9 thu\u1eadt s\u1ea3n ph\u1ea9m:<br \/>\n     \u2666 L\u1ecdc gi\u00f3 m\u00e1y l\u1ea1nh d\u00f2ng cao c\u1ea5p l\u1ecdc b\u1ee5i m\u1ecbn PM 2.5<br \/>\n\u00a0\u00a0\u00a0\u00a0\u00a0\u2666\u00a0B\u1ea3o v\u1ec7 h\u00e0nh kh\u00e1ch trong xe kh\u1ecfi c\u00e1c ch\u1ea5t b\u1ee5i b\u1ea9n trong kh\u00f4ng kh\u00ed, ch\u1ea5t g\u00e2y d\u1ecb \u1ee9ng nh\u01b0 vi khu\u1ea9n, ph\u1ea5n hoa, b\u00e0o t\u1eed v\u00e0 c\u00e1c h\u1ea1t kh\u00f4ng mong mu\u1ed1n kh\u00e1c x\u00e2m nh\u1eadp v\u00e0o xe h\u01a1i<br \/>\n\u00a0\u00a0\u00a0\u00a0\u00a0\u2666\u00a0Ng\u0103n ch\u1eb7n kh\u00ed \u0111\u1ed9c, m\u00f9i kh\u00f3 ch\u1ecbu, hi\u1ec7n t\u01b0\u1ee3ng d\u1ecb \u1ee9ng nh\u1edd c\u1ea5u t\u1ea1o b\u1eb1ng than ho\u1ea1t t\u00ednh.<br \/>\n\u00a0\u00a0\u00a0\u00a0\u00a0\u2666\u00a0B\u1ea3o v\u1ec7 h\u1ec7 th\u1ed1ng \u0111i\u1ec1u h\u00f2a nhi\u1ec7t \u0111\u1ed9.<br \/>\n\u00a0\u00a0\u00a0\u00a0\u00a0\u25ba\u00a0Thay m\u1edbi l\u1ecdc gi\u00f3 \u0111i\u1ec1u h\u00f2a m\u1ed7i 15.000 km ho\u1eb7c m\u1ed7i n\u0103m.<\/p>\n<p>https:\/\/cf.shopee.vn\/file\/vn-11134202-23020-hisu0o0jeonvc1<br \/>\nhttps:\/\/cf.shopee.vn\/file\/vn-11134202-23020-bk5p4ai7fonvf3<\/p>\n","protected":false},"excerpt":{"rendered":"<p>QU\u00dd KH\u00c1CH KH\u00d4NG R\u00d5 K\u00cdCH TH\u01af\u1edaC VUI L\u00d2NG LI\u00caN H\u1ec6 CHO SHOP QUA C\u00d4NG C\u1ee4 CHAT C\u1ee6A SHOPEE \u0110\u1ec2 \u0110\u01af\u1ee2C NH\u00c2N VI\u00caN K\u1ef8 THU\u1eacT H\u1ed6 TR\u1ee2 T\u01af V\u1ea4N NH\u00c9 . TH\u00d4NG TIN S\u1ea2N PH\u1ea8M: C\u00f4ng ngh\u1ec7 s\u1ea3n xu\u1ea5t:\u00a0Bosch &#8211; Germany M\u00e3 ph\u1ee5 t\u00f9ng:\u00a0\u00a0\u00a0 \u2248\u00a0M\u00e3 OE:\u00a0\u00a0\u00a0K015-V9-030 ; K031-V9-030 ; KD45-61-J6X \u2248\u00a0M\u00e3 Bosch:\u00a0\u00a0\u00a0 0986AF7012 Xu\u1ea5t x\u1ee9:\u00a0Bosch &#8211;&hellip;<\/p>\n","protected":false},"featured_media":6446,"comment_status":"closed","ping_status":"open","template":"","meta":[],"product_cat":[117],"product_tag":[],"class_list":{"0":"post-6442","1":"product","2":"type-product","3":"status-publish","4":"has-post-thumbnail","6":"product_brand-bosch-car-service","7":"product_cat-cham-soc-o-to-xe-hoi","9":"first","10":"instock","11":"product-type-simple","12":"col-xs-6 col-sm-4","13":"col-md-3 col-lg-3","14":"un-4-cols"},"_links":{"self":[{"href":"https:\/\/hibucenter.com\/index.php\/wp-json\/wp\/v2\/product\/6442","targetHints":{"allow":["GET"]}}],"collection":[{"href":"https:\/\/hibucenter.com\/index.php\/wp-json\/wp\/v2\/product"}],"about":[{"href":"https:\/\/hibucenter.com\/index.php\/wp-json\/wp\/v2\/types\/product"}],"replies":[{"embeddable":true,"href":"https:\/\/hibucenter.com\/index.php\/wp-json\/wp\/v2\/comments?post=6442"}],"version-history":[{"count":0,"href":"https:\/\/hibucenter.com\/index.php\/wp-json\/wp\/v2\/product\/6442\/revisions"}],"wp:featuredmedia":[{"embeddable":true,"href":"https:\/\/hibucenter.com\/index.php\/wp-json\/wp\/v2\/media\/6446"}],"wp:attachment":[{"href":"https:\/\/hibucenter.com\/index.php\/wp-json\/wp\/v2\/media?parent=6442"}],"wp:term":[{"taxonomy":"product_cat","embeddable":true,"href":"https:\/\/hibucenter.com\/index.php\/wp-json\/wp\/v2\/product_cat?post=6442"},{"taxonomy":"product_tag","embeddable":true,"href":"https:\/\/hibucenter.com\/index.php\/wp-json\/wp\/v2\/product_tag?post=6442"}],"curies":[{"name":"wp","href":"https:\/\/api.w.org\/{rel}","templated":true}]}}