{"id":6389,"date":"2025-04-28T16:12:42","date_gmt":"2025-04-28T09:12:42","guid":{"rendered":"https:\/\/hibucenter.com\/index.php\/product\/bosch-gat-mua-a523s-set-26-18-bmw-5-f10-528-535-550-740-750-10-14\/"},"modified":"2025-07-21T10:36:02","modified_gmt":"2025-07-21T03:36:02","slug":"bosch-gat-mua-a523s-set-26-18-bmw-5-f10-528-535-550-740-750-10-14","status":"publish","type":"product","link":"https:\/\/hibucenter.com\/index.php\/bosch-gat-mua-a523s-set-26-18-bmw-5-f10-528-535-550-740-750-10-14\/","title":{"rendered":"BOSCH G\u1ea1t M\u01b0a A523S Set 26&#8243; &#038; 18&#8243; :  BMW 5 F10, 528, 535, 550, 740, 750 ( 10- 14)&#8230;"},"content":{"rendered":"<p>TH\u00d4NG TIN S\u1ea2N PH\u1ea8M :<br \/>\n&#8211; M\u00e3 s\u1ea3n ph\u1ea9m:  A523S | MPT : 3397007523<br \/>\n&#8211; Th\u01b0\u01a1ng hi\u1ec7u : Bosch<br \/>\n &#8211; Xu\u1ea5t x\u1ee9 : B\u1ec9<br \/>\n &#8211; K\u00edch th\u01b0\u1edbc b\u00ean l\u00e1i : 26\u2033\/ 650mm<br \/>\n&#8211; K\u00edch th\u01b0\u1edbc b\u00ean ph\u1ee5 : 18\u2033\/ 450mm<\/p>\n<p>< > \u1ee8NG D\u1ee4NG :<\/p>\n<p>     BMW 5 Series 2010 \u2013 2017<br \/>\n     BMW 7 Series 2008 \u2013 2014<\/p>\n<p>https:\/\/cf.shopee.vn\/file\/vn-11134208-7r98o-lqsvgom28ncn5d<\/p>\n<p> \u0110\u1eb6C T\u00cdNH K\u0128 THU\u1eacT S\u1ea2N PH\u1ea8M :<\/p>\n<p>\u2022\tL\u00e0 b\u1ed9 2 chi\u1ebfc g\u1ea1t m\u01b0a ri\u00eang bi\u1ec7t gi\u1ed1ng nh\u01b0 nguy\u00ean b\u1ea3n OE theo xe, d\u00e0nh cho c\u00e1c d\u00f2ng xe \u00c2u v\u00e0 M\u1ef9.<br \/>\n\u2022\tCung c\u1ea5p hi\u1ec7u qu\u1ea3 g\u1ea1t m\u01b0a t\u1ed1i \u01b0u nh\u1ea5t v\u00e0 k\u00e9o d\u00e0i th\u1eddi gian s\u1eed d\u1ee5ng.<br \/>\n\u2022\tThay th\u1ebf \u0111\u01b0\u1ee3c 99% c\u00e1c d\u00f2ng xe l\u1eafp g\u1ea1t nguy\u00ean b\u1ea3n.<br \/>\n\u2022\tKh\u1ea3 n\u0103ng l\u1eafp \u0111\u1eb7t d\u1ec5 d\u00e0ng, c\u00f3 h\u01b0\u1edbng d\u1eabn l\u1eafp \u0111\u1eb7t ghi tr\u00ean v\u1ecf h\u1ed9p v\u00e0 m\u00e3 QR code k\u1ebft n\u1ed1i video.<\/p>\n<p>#gatmuaBOSCHA523S#gatmuaset26&#8243;&#038;18&#8243;<br \/>\n#hibucenter<\/p>\n","protected":false},"excerpt":{"rendered":"<p>TH\u00d4NG TIN S\u1ea2N PH\u1ea8M : &#8211; M\u00e3 s\u1ea3n ph\u1ea9m: A523S | MPT : 3397007523 &#8211; Th\u01b0\u01a1ng hi\u1ec7u : Bosch &#8211; Xu\u1ea5t x\u1ee9 : B\u1ec9 &#8211; K\u00edch th\u01b0\u1edbc b\u00ean l\u00e1i : 26\u2033\/ 650mm &#8211; K\u00edch th\u01b0\u1edbc b\u00ean ph\u1ee5 : 18\u2033\/ 450mm < > \u1ee8NG D\u1ee4NG : BMW 5 Series 2010 \u2013 2017 BMW 7 Series 2008&hellip;<\/p>\n","protected":false},"featured_media":6391,"comment_status":"closed","ping_status":"open","template":"","meta":[],"product_cat":[117],"product_tag":[],"class_list":{"0":"post-6389","1":"product","2":"type-product","3":"status-publish","4":"has-post-thumbnail","6":"product_brand-bosch-car-service","7":"product_cat-cham-soc-o-to-xe-hoi","9":"first","10":"instock","11":"product-type-simple","12":"col-xs-6 col-sm-4","13":"col-md-3 col-lg-3","14":"un-4-cols"},"_links":{"self":[{"href":"https:\/\/hibucenter.com\/index.php\/wp-json\/wp\/v2\/product\/6389","targetHints":{"allow":["GET"]}}],"collection":[{"href":"https:\/\/hibucenter.com\/index.php\/wp-json\/wp\/v2\/product"}],"about":[{"href":"https:\/\/hibucenter.com\/index.php\/wp-json\/wp\/v2\/types\/product"}],"replies":[{"embeddable":true,"href":"https:\/\/hibucenter.com\/index.php\/wp-json\/wp\/v2\/comments?post=6389"}],"version-history":[{"count":0,"href":"https:\/\/hibucenter.com\/index.php\/wp-json\/wp\/v2\/product\/6389\/revisions"}],"wp:featuredmedia":[{"embeddable":true,"href":"https:\/\/hibucenter.com\/index.php\/wp-json\/wp\/v2\/media\/6391"}],"wp:attachment":[{"href":"https:\/\/hibucenter.com\/index.php\/wp-json\/wp\/v2\/media?parent=6389"}],"wp:term":[{"taxonomy":"product_cat","embeddable":true,"href":"https:\/\/hibucenter.com\/index.php\/wp-json\/wp\/v2\/product_cat?post=6389"},{"taxonomy":"product_tag","embeddable":true,"href":"https:\/\/hibucenter.com\/index.php\/wp-json\/wp\/v2\/product_tag?post=6389"}],"curies":[{"name":"wp","href":"https:\/\/api.w.org\/{rel}","templated":true}]}}