{"id":6382,"date":"2025-04-28T16:12:42","date_gmt":"2025-04-28T09:12:42","guid":{"rendered":"https:\/\/hibucenter.com\/index.php\/product\/bosch-gat-mua-a953s-set-20-26-bmw-x3-f25-10-x4-f26-13\/"},"modified":"2025-07-21T10:36:02","modified_gmt":"2025-07-21T03:36:02","slug":"bosch-gat-mua-a953s-set-20-26-bmw-x3-f25-10-x4-f26-13","status":"publish","type":"product","link":"https:\/\/hibucenter.com\/index.php\/bosch-gat-mua-a953s-set-20-26-bmw-x3-f25-10-x4-f26-13\/","title":{"rendered":"BOSCH G\u1ea1t M\u01b0a A953S Set 20&#8243; &#038; 26&#8243; : BMW X3 (F25) (10-), X4 (F26) (13-).."},"content":{"rendered":"<p>QU\u00dd KH\u00c1CH H\u00c0NG KH\u00d4NG R\u00d5 K\u00cdCH TH\u01af\u1edaC VUI L\u00d2NG NH\u1eaeN TIN CHO SHOP QUA C\u00d4NG C\u1ee4 CHAT C\u1ee6A SHOPEE TR\u01af\u1edaC KHI \u0110\u1eb6T H\u00c0NG \u0110\u1ec2 \u0110\u01af\u1ee2C NH\u00c2N VI\u00caN K\u1ef8 THU\u1eacT H\u1ed6 TR\u1ee2 NH\u00c9  <\/p>\n<p>< > TH\u00d4NG TIN S\u1ea2N PH\u1ea8M: <\/p>\n<p>C\u00f4ng ngh\u1ec7 s\u1ea3n xu\u1ea5t:  Bosch &#8211; Germany<\/p>\n<p>M\u00e3 ph\u1ee5 t\u00f9ng Bosch:    3397118953<\/p>\n<p>M\u00e3 s\u1ea3n ph\u1ea9m:   A953S <\/p>\n<p>Xu\u1ea5t x\u1ee9: Made in BELGIUM<\/p>\n<p>K\u00edch th\u01b0\u1edbc : 26 inch\/20 inch ~ 65cm\/50cm<br \/>\nhttps:\/\/cf.shopee.vn\/file\/vn-11134208-7r98o-ll93qaif2p5429<\/p>\n<p>< > \u1ee8NG D\u1ee4NG: BMW X3 (F25) (10-), X4 (F26) (13-)..<\/p>\n<p>< > \u0110\u1eb6C T\u00cdNH K\u1ef8 THU\u1eacT S\u1ea2N PH\u1ea8M:<\/p>\n<p>\u2022\tL\u00e0 b\u1ed9 2 chi\u1ebfc g\u1ea1t m\u01b0a ri\u00eang bi\u1ec7t gi\u1ed1ng nh\u01b0 nguy\u00ean b\u1ea3n OE theo xe, d\u00e0nh cho c\u00e1c d\u00f2ng xe \u00c2u v\u00e0 M\u1ef9.<br \/>\n\u2022\tCung c\u1ea5p hi\u1ec7u qu\u1ea3 g\u1ea1t m\u01b0a t\u1ed1i \u01b0u nh\u1ea5t v\u00e0 k\u00e9o d\u00e0i th\u1eddi gian s\u1eed d\u1ee5ng.<br \/>\n\u2022\tThay th\u1ebf \u0111\u01b0\u1ee3c 99% c\u00e1c d\u00f2ng xe l\u1eafp g\u1ea1t nguy\u00ean b\u1ea3n.<br \/>\n\u2022\tKh\u1ea3 n\u0103ng l\u1eafp \u0111\u1eb7t d\u1ec5 d\u00e0ng, c\u00f3 h\u01b0\u1edbng d\u1eabn l\u1eafp \u0111\u1eb7t ghi tr\u00ean v\u1ecf h\u1ed9p v\u00e0 m\u00e3 QR code k\u1ebft n\u1ed1i video.<\/p>\n<p>#gatmuaBOSCHA953S#gatmuaxeotoSet 20&#8243;&#038;26&#8243; #hibucenter<\/p>\n","protected":false},"excerpt":{"rendered":"<p>QU\u00dd KH\u00c1CH H\u00c0NG KH\u00d4NG R\u00d5 K\u00cdCH TH\u01af\u1edaC VUI L\u00d2NG NH\u1eaeN TIN CHO SHOP QUA C\u00d4NG C\u1ee4 CHAT C\u1ee6A SHOPEE TR\u01af\u1edaC KHI \u0110\u1eb6T H\u00c0NG \u0110\u1ec2 \u0110\u01af\u1ee2C NH\u00c2N VI\u00caN K\u1ef8 THU\u1eacT H\u1ed6 TR\u1ee2 NH\u00c9 < > TH\u00d4NG TIN S\u1ea2N PH\u1ea8M: C\u00f4ng ngh\u1ec7 s\u1ea3n xu\u1ea5t: Bosch &#8211; Germany M\u00e3 ph\u1ee5 t\u00f9ng Bosch: 3397118953 M\u00e3 s\u1ea3n ph\u1ea9m: A953S Xu\u1ea5t&hellip;<\/p>\n","protected":false},"featured_media":6384,"comment_status":"closed","ping_status":"open","template":"","meta":[],"product_cat":[117],"product_tag":[],"class_list":{"0":"post-6382","1":"product","2":"type-product","3":"status-publish","4":"has-post-thumbnail","6":"product_brand-bosch-car-service","7":"product_cat-cham-soc-o-to-xe-hoi","9":"first","10":"instock","11":"product-type-simple","12":"col-xs-6 col-sm-4","13":"col-md-3 col-lg-3","14":"un-4-cols"},"_links":{"self":[{"href":"https:\/\/hibucenter.com\/index.php\/wp-json\/wp\/v2\/product\/6382","targetHints":{"allow":["GET"]}}],"collection":[{"href":"https:\/\/hibucenter.com\/index.php\/wp-json\/wp\/v2\/product"}],"about":[{"href":"https:\/\/hibucenter.com\/index.php\/wp-json\/wp\/v2\/types\/product"}],"replies":[{"embeddable":true,"href":"https:\/\/hibucenter.com\/index.php\/wp-json\/wp\/v2\/comments?post=6382"}],"version-history":[{"count":0,"href":"https:\/\/hibucenter.com\/index.php\/wp-json\/wp\/v2\/product\/6382\/revisions"}],"wp:featuredmedia":[{"embeddable":true,"href":"https:\/\/hibucenter.com\/index.php\/wp-json\/wp\/v2\/media\/6384"}],"wp:attachment":[{"href":"https:\/\/hibucenter.com\/index.php\/wp-json\/wp\/v2\/media?parent=6382"}],"wp:term":[{"taxonomy":"product_cat","embeddable":true,"href":"https:\/\/hibucenter.com\/index.php\/wp-json\/wp\/v2\/product_cat?post=6382"},{"taxonomy":"product_tag","embeddable":true,"href":"https:\/\/hibucenter.com\/index.php\/wp-json\/wp\/v2\/product_tag?post=6382"}],"curies":[{"name":"wp","href":"https:\/\/api.w.org\/{rel}","templated":true}]}}