{"id":6350,"date":"2025-04-28T16:11:49","date_gmt":"2025-04-28T09:11:49","guid":{"rendered":"https:\/\/hibucenter.com\/index.php\/product\/bosch-loc-dieu-hoa-loai-tieu-chuan-ariesto-s5563-danh-cho-xe-hyundai-santafe-18-20-hibucenter\/"},"modified":"2025-07-21T10:36:03","modified_gmt":"2025-07-21T03:36:03","slug":"bosch-loc-dieu-hoa-loai-tieu-chuan-ariesto-s5563-danh-cho-xe-hyundai-santafe-18-20-hibucenter","status":"publish","type":"product","link":"https:\/\/hibucenter.com\/index.php\/bosch-loc-dieu-hoa-loai-tieu-chuan-ariesto-s5563-danh-cho-xe-hyundai-santafe-18-20-hibucenter\/","title":{"rendered":"BOSCH L\u1ecdc \u0110i\u1ec1u H\u00f2a Lo\u1ea1i Ti\u00eau Chu\u1ea9n Ariesto S5563 D\u00e0nh cho Xe Hyundai SantaFe (18 -20 ) &#8211; Hibucenter"},"content":{"rendered":"<p>L\u1ecdc \u0110i\u1ec1u H\u00f2a Lo\u1ea1i Ti\u00eau Chu\u1ea9n BOSCH Ariesto S5563 D\u00e0nh cho Xe Hyundai SantaFe (18 -20 ) &#8211; Hibucenter<\/p>\n<p>  QU\u00dd KH\u00c1CH KH\u00d4NG R\u00d5 K\u00cdCH TH\u01af\u1edaC VUI L\u00d2NG LI\u00caN H\u1ec6 CHO SHOP QUA C\u00d4NG C\u1ee4 CHAT C\u1ee6A SHOPEE \u0110\u1ec2 \u0110\u01af\u1ee2C NH\u00c2N VI\u00caN K\u1ef8 THU\u1eacT H\u1ed6 TR\u1ee2 T\u01af V\u1ea4N NH\u00c9  <\/p>\n<p>< > TH\u00d4NG TIN S\u1ea2N PH\u1ea8M : <\/p>\n<p>C\u00f4ng ngh\u1ec7 s\u1ea3n xu\u1ea5t:\u00a0Bosch &#8211; Germany<br \/>\nM\u00e3 ph\u1ee5 t\u00f9ng:\u00a0\u00a0\u00a0<br \/>\n\u2248\u00a0M\u00e3 OE:\u00a0\u00a0\u00a097133-3M000<br \/>\n\u2248\u00a0M\u00e3 Bosch:\u00a0\u00a0\u00a0 0986AF5563<br \/>\nXu\u1ea5t x\u1ee9:\u00a0Bosch &#8211;   Korea<br \/>\n\u00a0<br \/>\n< > K\u00edch th\u01b0\u1edbc:<br \/>\nD\u00e0i x R\u1ed9ng x Cao:\u00a0  258  x 238 x 30\u00a0(mm)<br \/>\n\u00a0<br \/>\n< > \u1ee8ng d\u1ee5ng:<br \/>\n\u00a0\u00a0\u00a0\u00a0\u00a0\u00a0\u2022\u00a0\u00a0HUYNDAI Santafe ( 18 &#8211; 20)<br \/>\n\u00a0\u00a0\u00a0\u00a0\u00a0\u00a0\u2022\u00a0\u00a0KIA Stinger<\/p>\n<p>\u00a0\u00a0\u00a0\u00a0\u00a0<\/p>\n<p>https:\/\/cf.shopee.vn\/file\/vn-11134208-7qukw-ljupgnhqzksicc<br \/>\nhttps:\/\/cf.shopee.vn\/file\/vn-11134208-7qukw-ljupgnhr2dxefc<br \/>\nhttps:\/\/cf.shopee.vn\/file\/vn-11134208-7qukw-ljurwrcd21tga9<br \/>\nhttps:\/\/cf.shopee.vn\/file\/vn-11134208-7qukw-ljurwrdh0f7m30<\/p>\n<p>\u0110\u1eb7c t\u00ednh k\u1ef9 thu\u1eadt s\u1ea3n ph\u1ea9m:<br \/>\n    \u00a0\u2666\u00a0\u00a0B\u1ea3o v\u1ec7 h\u00e0nh kh\u00e1ch trong xe kh\u1ecfi c\u00e1c ch\u1ea5t b\u1ee5i b\u1ea9n trong kh\u00f4ng kh\u00ed.<br \/>\n\u00a0\u00a0\u00a0\u00a0\u00a0\u2666\u00a0\u00a0Ng\u0103n ch\u1eb7n kh\u00ed \u0111\u1ed9c, m\u00f9i kh\u00f3 ch\u1ecbu, hi\u1ec7n t\u01b0\u1ee3ng d\u1ecb \u1ee9ng nh\u1edd c\u1ea5u t\u1ea1o b\u1eb1ng than ho\u1ea1t t\u00ednh.<br \/>\n\u00a0\u00a0\u00a0\u00a0\u00a0\u2666\u00a0\u00a0B\u1ea3o v\u1ec7 h\u1ec7 th\u1ed1ng \u0111i\u1ec1u h\u00f2a nhi\u1ec7t \u0111\u1ed9.<br \/>\n\u00a0<br \/>\n\u00a0\u00a0\u00a0\u00a0\u00a0\u25ba\u00a0Thay m\u1edbi l\u1ecdc gi\u00f3 \u0111i\u1ec1u h\u00f2a m\u1ed7i 15.000 km ho\u1eb7c m\u1ed7i n\u0103m.<\/p>\n<p>#loc_dieu_hoa_Bosch#loc_may_lanh_bosch#loc_gio_may_lanh#loc_gio_dieu_hoa<br \/>\n#loc_gio_Accord#loc_gio_civic#loc_gio_hrv#loc_gio_crv<br \/>\n#hibucenter<\/p>\n","protected":false},"excerpt":{"rendered":"<p>L\u1ecdc \u0110i\u1ec1u H\u00f2a Lo\u1ea1i Ti\u00eau Chu\u1ea9n BOSCH Ariesto S5563 D\u00e0nh cho Xe Hyundai SantaFe (18 -20 ) &#8211; Hibucenter QU\u00dd KH\u00c1CH KH\u00d4NG R\u00d5 K\u00cdCH TH\u01af\u1edaC VUI L\u00d2NG LI\u00caN H\u1ec6 CHO SHOP QUA C\u00d4NG C\u1ee4 CHAT C\u1ee6A SHOPEE \u0110\u1ec2 \u0110\u01af\u1ee2C NH\u00c2N VI\u00caN K\u1ef8 THU\u1eacT H\u1ed6 TR\u1ee2 T\u01af V\u1ea4N NH\u00c9 < > TH\u00d4NG TIN S\u1ea2N PH\u1ea8M :&hellip;<\/p>\n","protected":false},"featured_media":6355,"comment_status":"closed","ping_status":"open","template":"","meta":[],"product_cat":[117],"product_tag":[],"class_list":{"0":"post-6350","1":"product","2":"type-product","3":"status-publish","4":"has-post-thumbnail","6":"product_brand-bosch-car-service","7":"product_cat-cham-soc-o-to-xe-hoi","9":"first","10":"instock","11":"product-type-simple","12":"col-xs-6 col-sm-4","13":"col-md-3 col-lg-3","14":"un-4-cols"},"_links":{"self":[{"href":"https:\/\/hibucenter.com\/index.php\/wp-json\/wp\/v2\/product\/6350","targetHints":{"allow":["GET"]}}],"collection":[{"href":"https:\/\/hibucenter.com\/index.php\/wp-json\/wp\/v2\/product"}],"about":[{"href":"https:\/\/hibucenter.com\/index.php\/wp-json\/wp\/v2\/types\/product"}],"replies":[{"embeddable":true,"href":"https:\/\/hibucenter.com\/index.php\/wp-json\/wp\/v2\/comments?post=6350"}],"version-history":[{"count":0,"href":"https:\/\/hibucenter.com\/index.php\/wp-json\/wp\/v2\/product\/6350\/revisions"}],"wp:featuredmedia":[{"embeddable":true,"href":"https:\/\/hibucenter.com\/index.php\/wp-json\/wp\/v2\/media\/6355"}],"wp:attachment":[{"href":"https:\/\/hibucenter.com\/index.php\/wp-json\/wp\/v2\/media?parent=6350"}],"wp:term":[{"taxonomy":"product_cat","embeddable":true,"href":"https:\/\/hibucenter.com\/index.php\/wp-json\/wp\/v2\/product_cat?post=6350"},{"taxonomy":"product_tag","embeddable":true,"href":"https:\/\/hibucenter.com\/index.php\/wp-json\/wp\/v2\/product_tag?post=6350"}],"curies":[{"name":"wp","href":"https:\/\/api.w.org\/{rel}","templated":true}]}}