{"id":6254,"date":"2025-04-28T16:10:58","date_gmt":"2025-04-28T09:10:58","guid":{"rendered":"https:\/\/hibucenter.com\/index.php\/product\/cap-gat-mua-bosch-aerotwin-26-16-cho-xe-honda-crv-toyota-innova-santafe\/"},"modified":"2025-07-21T10:36:03","modified_gmt":"2025-07-21T03:36:03","slug":"cap-gat-mua-bosch-aerotwin-26-16-cho-xe-honda-crv-toyota-innova-santafe","status":"publish","type":"product","link":"https:\/\/hibucenter.com\/index.php\/cap-gat-mua-bosch-aerotwin-26-16-cho-xe-honda-crv-toyota-innova-santafe\/","title":{"rendered":"C\u1eb7p G\u1ea1t M\u01b0a BOSCH AeroTwin 26&#8243;- 16&#8243; Cho Xe Honda CRV, Toyota Innova&#8230;.. Santafe .."},"content":{"rendered":"<p>C\u1eb7p G\u1ea1t M\u01b0a BOSCH AeroTwin 26&#8243; \/ 65cm &#8211; 16&#8243; \/ 40cm Cho Xe Honda CRV (2011-2023), Toyota Innova (2016-2023 )..<\/p>\n<p>  L\u01afU \u00dd : Qu\u00fd kh\u00e1ch h\u00e0ng vui l\u00f2ng li\u00ean h\u1ec7 cho shop qua c\u00f4ng c\u1ee5 chat c\u1ee7a shopee tr\u01b0\u1edbc khi mua h\u00e0ng \u0111\u1ec3 \u0111\u01b0\u1ee3c nh\u00e2n vi\u00ean k\u1ef9 thu\u1eadt t\u01b0 v\u1ea5n h\u1ed7 tr\u1ee3 nh\u00e9. Tr\u00e1nh tr\u01b0\u1eddng h\u1ee3p \u0111\u1eb7t sai m\u00e3 sai k\u00edch th\u01b0\u1edbc \u1ea1 . Xin c\u1ea3m \u01a1n !!<\/p>\n<p>&#8211; CAM K\u1ebeT CH\u00cdNH H\u00c3NG 100%<br \/>\n&#8211; H\u1ed6 TR\u1ee2 \u0110\u1ed4I TR\u1ea2 S\u1ea2N PH\u1ea8M TRONG V\u00d2NG 1 TU\u1ea6N N\u1ebeU S\u1ea2N PH\u1ea8M C\u00d3 V\u1ea4N \u0110\u1ec0 L\u1ed6I NH\u00c0 S\u1ea2N XU\u1ea4T<\/p>\n<p>TH\u00d4NG TIN S\u1ea2N PH\u1ea8M:<br \/>\n&#8211; Xu\u1ea5t x\u1ee9 th\u01b0\u01a1ng hi\u1ec7u : \u0110\u1ee9c<br \/>\n&#8211; S\u1ea3n xu\u1ea5t t\u1ea1i : Trung Qu\u1ed1c<br \/>\n&#8211; K\u00edch th\u01b0\u1edbc: 26&#8243; \/ 65cm  &#8211; 16&#8243; \/ 40cm<\/p>\n<p>G\u1ea1t m\u01b0a Aerotwin l\u00e0 g\u1ea1t m\u01b0a th\u00e2n m\u1ec1m ng\u00e0m m\u00f3c C\u00e2u (M\u00f3c U) ki\u1ec3u m\u00f3c ph\u1ed5 th\u00f4ng \u0111\u1ed1i v\u1edbi c\u00e1c xe Ch\u00e2u \u00c1.<\/p>\n<p>https:\/\/cf.shopee.vn\/file\/vn-11134208-7r98o-lq5pmqgj2d6f31<\/p>\n<p> \u1ee8NG D\u1ee4NG:<br \/>\n&#8211; Honda CRV (2011 &#8211; 2023 )<br \/>\n&#8211; Toyota Innova (2016 &#8211; )<br \/>\n&#8211; Toyota Corolla Cross (2020 &#8211; )<br \/>\n&#8211; Mitsubishi Xpander (2018 &#8211; )<br \/>\n&#8211; Hyundai Accent (2012- 2018 )<br \/>\n&#8211; Hyundai Tucson (2015 &#8211; )<br \/>\n&#8211; Hyundai Kona (2018 &#8211; )  : 26&#8243; + 16&#8243; + H281<br \/>\n&#8211; Hyundai Elantra (2016 &#8211; 2020 )<br \/>\n&#8211; Hyundai Santafe (2018 &#8211; )<br \/>\n&#8211; KIa Carens ( 2006 &#8211; 2012) \/ (2022 &#8211; )<br \/>\n&#8211; KIa Cerato ( 2020 &#8211; )<\/p>\n<p> &#8212;&#8212;&#8212;&#8212;&#8212;&#8212;&#8212;&#8212;&#8212;&#8212;&#8212;&#8212;&#8212;-   \u0110ANG C\u1eacP NH\u1eacT &#8212;&#8212;&#8212;&#8212;&#8212;&#8212;&#8212;&#8212;&#8212;<br \/>\nhttps:\/\/cf.shopee.vn\/file\/vn-11134208-7r98o-lq5pmqgj3rqvff<\/p>\n<p>C\u00c1C T\u00cdNH N\u0102NG CH\u00cdNH:<br \/>\n&#8211; Ch\u1ed1ng h\u01b0 h\u1ea1i d\u01b0\u1edbi \u00e1nh n\u1eafng<br \/>\n&#8211; L\u1eafp r\u00e1p nhanh ch\u00f3ng<br \/>\n&#8211; Kh\u00f4ng ph\u00e1t ra \u00e2m thanh c\u1ecdt k\u1eb9t, l\u00e1ch c\u00e1ch khi ho\u1ea1t \u0111\u1ed9ng<br \/>\n&#8211; Ch\u1ed1ng r\u1ec9 s\u00e9t<br \/>\n&#8211; Thi\u1ebft k\u1ebf cao su m\u1edbi v\u00e0 ph\u01b0\u01a1ng ph\u00e1p \u0111\u1ed3 h\u1ecda cho s\u1ef1 v\u1eadn h\u00e0nh tr\u01a1n tru<br \/>\n&#8211; H\u1ec7 th\u1ed1ng kh\u00f3a k\u00e9p an to\u00e0n<br \/>\n&#8211; C\u00f4ng ngh\u1ec7 Bosch Evodium Vertebrae t\u1ea1o \u00e1p l\u1ef1c \u0111\u1ed3ng \u0111\u1ec1u cho hi\u1ec7u qu\u1ea3 cao<\/p>\n<p>L\u01afU \u00dd KHI S\u1eec D\u1ee4NG:<br \/>\n&#8211; Ch\u1ec9 n\u00ean kh\u1edfi \u0111\u1ed9ng g\u1ea1t m\u01b0a trong tr\u01b0\u1eddng h\u1ee3p k\u00ednh ch\u1eafn gi\u00f3 c\u00f3 d\u00ednh n\u01b0\u1edbc, kh\u00f4ng g\u1ea1t khi k\u00ednh ch\u1eafn gi\u00f3 \u0111ang kh\u00f4 r\u00e1o.<br \/>\n&#8211;  V\u1ec7 sinh b\u1eb1ng dung d\u1ecbch r\u1eeda k\u00ednh chuy\u00ean d\u1ee5ng, th\u01b0\u1eddng xuy\u00ean lau ch\u00f9i \u0111\u1eb7c bi\u1ec7t l\u00e0 l\u01b0\u1ee1i g\u1ea1t.<br \/>\n&#8211;  V\u00e0o th\u1eddi ti\u1ebft n\u1eafng n\u00f3ng, khi \u0111\u1ed7 xe n\u00ean d\u1ef1ng \u0111\u1ee9ng g\u1ea1t m\u01b0a \u00f4 t\u00f4 \u0111\u1ec3 kh\u00f4ng l\u00e0m ch\u1ea3y nh\u1ef1a l\u1edbp cao su b\u00ean ngo\u00e0i.<br \/>\n&#8211;  Tr\u01b0\u1eddng h\u1ee3p ph\u1ea3i \u0111\u1ed7 xe d\u01b0\u1edbi n\u1eafng l\u00e2u th\u00ec n\u00ean tr\u00f9m k\u00ednh xe \u0111\u1ec3 h\u1ea1n ch\u1ebf t\u00e1c \u0111\u1ed9ng c\u1ee7a \u00e1nh n\u1eafng m\u1eb7t tr\u1eddi.<br \/>\n&#8211;  L\u00e1i xe v\u1edbi c\u1ea7n g\u1ea1t n\u01b0\u1edbc b\u1ecb n\u1ee9t ho\u1eb7c h\u01b0 h\u1ecfng s\u1ebd khi\u1ebfn b\u1ea1n c\u00f3 nguy c\u01a1 g\u1eb7p tai n\u1ea1n, \u0111\u1eb7c bi\u1ec7t khi tr\u1eddi m\u01b0a to,<br \/>\n&#8211;  N\u00ean thay g\u1ea1t n\u01b0\u1edbc h\u00e0ng n\u0103m.<\/p>\n<p>#gat_mua_honda_CRV#gat_mua_innova#gat_mua_bosch_AeroTwin<\/p>\n","protected":false},"excerpt":{"rendered":"<p>C\u1eb7p G\u1ea1t M\u01b0a BOSCH AeroTwin 26&#8243; \/ 65cm &#8211; 16&#8243; \/ 40cm Cho Xe Honda CRV (2011-2023), Toyota Innova (2016-2023 ).. L\u01afU \u00dd : Qu\u00fd kh\u00e1ch h\u00e0ng vui l\u00f2ng li\u00ean h\u1ec7 cho shop qua c\u00f4ng c\u1ee5 chat c\u1ee7a shopee tr\u01b0\u1edbc khi mua h\u00e0ng \u0111\u1ec3 \u0111\u01b0\u1ee3c nh\u00e2n vi\u00ean k\u1ef9 thu\u1eadt t\u01b0 v\u1ea5n h\u1ed7 tr\u1ee3 nh\u00e9. Tr\u00e1nh&hellip;<\/p>\n","protected":false},"featured_media":6257,"comment_status":"closed","ping_status":"open","template":"","meta":[],"product_cat":[117],"product_tag":[],"class_list":{"0":"post-6254","1":"product","2":"type-product","3":"status-publish","4":"has-post-thumbnail","6":"product_brand-bosch-car-service","7":"product_cat-cham-soc-o-to-xe-hoi","9":"first","10":"instock","11":"product-type-simple","12":"col-xs-6 col-sm-4","13":"col-md-3 col-lg-3","14":"un-4-cols"},"_links":{"self":[{"href":"https:\/\/hibucenter.com\/index.php\/wp-json\/wp\/v2\/product\/6254","targetHints":{"allow":["GET"]}}],"collection":[{"href":"https:\/\/hibucenter.com\/index.php\/wp-json\/wp\/v2\/product"}],"about":[{"href":"https:\/\/hibucenter.com\/index.php\/wp-json\/wp\/v2\/types\/product"}],"replies":[{"embeddable":true,"href":"https:\/\/hibucenter.com\/index.php\/wp-json\/wp\/v2\/comments?post=6254"}],"version-history":[{"count":0,"href":"https:\/\/hibucenter.com\/index.php\/wp-json\/wp\/v2\/product\/6254\/revisions"}],"wp:featuredmedia":[{"embeddable":true,"href":"https:\/\/hibucenter.com\/index.php\/wp-json\/wp\/v2\/media\/6257"}],"wp:attachment":[{"href":"https:\/\/hibucenter.com\/index.php\/wp-json\/wp\/v2\/media?parent=6254"}],"wp:term":[{"taxonomy":"product_cat","embeddable":true,"href":"https:\/\/hibucenter.com\/index.php\/wp-json\/wp\/v2\/product_cat?post=6254"},{"taxonomy":"product_tag","embeddable":true,"href":"https:\/\/hibucenter.com\/index.php\/wp-json\/wp\/v2\/product_tag?post=6254"}],"curies":[{"name":"wp","href":"https:\/\/api.w.org\/{rel}","templated":true}]}}