{"id":6177,"date":"2025-04-28T16:10:05","date_gmt":"2025-04-28T09:10:05","guid":{"rendered":"https:\/\/hibucenter.com\/index.php\/product\/bosch-loc-nhot-dong-co-loc-giay-o-0200-cho-xe-ranger-raptor-2-0-ranger-2-2-3-2-everest-2-0\/"},"modified":"2025-07-21T10:36:06","modified_gmt":"2025-07-21T03:36:06","slug":"bosch-loc-nhot-dong-co-loc-giay-o-0200-cho-xe-ranger-raptor-2-0-ranger-2-2-3-2-everest-2-0","status":"publish","type":"product","link":"https:\/\/hibucenter.com\/index.php\/bosch-loc-nhot-dong-co-loc-giay-o-0200-cho-xe-ranger-raptor-2-0-ranger-2-2-3-2-everest-2-0\/","title":{"rendered":"BOSCH L\u1ecdc Nh\u1edbt \u0110\u1ed9ng C\u01a1 &#8211; L\u1ecdc Gi\u1ea5y O 0200 Cho Xe Ranger Raptor 2.0, Ranger 2.2\/3.2, Everest 2.0"},"content":{"rendered":"<p>QU\u00dd KH\u00c1CH H\u00c0NG VUI L\u00d2NG NH\u1eaeN TIN CHO SHOP QUA C\u00d4NG C\u1ee4 CHAT C\u1ee6A SHOPEE TR\u01af\u1edaC KHI \u0110\u1eb6T H\u00c0NG \u0110\u1ec2 \u0110\u01af\u1ee2C NH\u00c2N VI\u00caN K\u1ef8 THU\u1eacT H\u1ed6 TR\u1ee2 NH\u00c9  <\/p>\n<p>L\u1ecdc Nh\u1edbt \u0110\u1ed9ng C\u01a1 &#8211; L\u1ecdc Gi\u1ea5y BOSCH O 0200 Cho Xe Ranger Raptor 2.0 (19 -), Ranger 2.2\/3.2 (13 &#8211; 18), Everest 2.0 (22 -)..<\/p>\n<p> TH\u00d4NG TIN S\u1ea2N PH\u1ea8M:<br \/>\nC\u1ea5u tr\u00fac:\u00a0L\u1ecdc l\u00f5i gi\u1ea5y<br \/>\nC\u00f4ng ngh\u1ec7 s\u1ea3n xu\u1ea5t:\u00a0Bosch &#8211; Germany<br \/>\nXu\u1ea5t x\u1ee9:\u00a0\u00a0Made in KOREA<br \/>\n\u00a0<br \/>\nM\u00e3 tham kh\u1ea3o:<br \/>\n\u00a0\u00a0\u00a0\u00a0\u2248 M\u00e3 OE:\u00a0\u00a0\u00a0\u00a0\u00a0\u00a0\u00a0U2Y0-14-302<br \/>\n\u00a0\u00a0\u00a0\u00a0\u2248 M\u00e3 Bosch:\u00a0\u00a00986AF0200<br \/>\n\u00a0<br \/>\nK\u00edch th\u01b0\u1edbc:<br \/>\n\u00a0\u00a0\u00a0\u00a0\u2666 Chi\u1ec1u cao:\u00a0\u00a080 mm<br \/>\n\u00a0\u00a0\u00a0\u00a0\u2666 \u0110\u01b0\u1eddng k\u00ednh:\u00a0\u00a064mm x 34mm<br \/>\n\u00a0<br \/>\n \u1ee8NG D\u1ee4NG:<br \/>\n\u00a0<br \/>\n\u00a0\u00a0\u00a0\u00a0\u00a0\u2666\u00a0 FORD Everest 2.0 (22 -)<br \/>\n\u00a0\u00a0\u00a0\u00a0\u00a0\u2666\u00a0 FORD Everest 2.2 (15 &#8211; 20)<br \/>\n\u00a0\u00a0\u00a0\u00a0\u00a0\u2666\u00a0 FORD Everest 3.2 (16 &#8211; 17)<br \/>\n\u00a0\u00a0\u00a0\u00a0\u00a0\u2666\u00a0 FORD Ranger Raptor 2.0 (19 -)<br \/>\n\u00a0\u00a0\u00a0\u00a0\u00a0\u2666\u00a0 FORD Ranger 2.2\/3.2 (13 &#8211; 18)<\/p>\n<p>\u00a0\u00a0\u00a0\u00a0\u00a0\u2666\u00a0 MAZDA BT-50 2.2\/3.2  (13 &#8211; 18)<\/p>\n<p>https:\/\/cf.shopee.vn\/file\/vn-11134208-7r98o-lpfyp6ca4si645<br \/>\nhttps:\/\/cf.shopee.vn\/file\/vn-11134208-7r98o-lpfyp6cuyvri2c<\/p>\n<p>\u0110\u1eb7c t\u00ednh k\u1ef9 thu\u1eadt s\u1ea3n ph\u1ea9m:<br \/>\n\u21d2 Thay th\u1ebf l\u1ecdc nh\u1edbt \u0111\u1ed9ng c\u01a1 sau kho\u1ea3ng 10,000 km theo \u0111\u1ecbnh k\u1ef3 \u0111\u01b0\u1ee3c khuy\u1ebfn c\u00e1o.<\/p>\n<p>#Loc_nhot_ford_ranger#l\u1ecdc_nhot_everset#loc_nhot_bosch#loc_dong_co#hibucenter<\/p>\n","protected":false},"excerpt":{"rendered":"<p>QU\u00dd KH\u00c1CH H\u00c0NG VUI L\u00d2NG NH\u1eaeN TIN CHO SHOP QUA C\u00d4NG C\u1ee4 CHAT C\u1ee6A SHOPEE TR\u01af\u1edaC KHI \u0110\u1eb6T H\u00c0NG \u0110\u1ec2 \u0110\u01af\u1ee2C NH\u00c2N VI\u00caN K\u1ef8 THU\u1eacT H\u1ed6 TR\u1ee2 NH\u00c9 L\u1ecdc Nh\u1edbt \u0110\u1ed9ng C\u01a1 &#8211; L\u1ecdc Gi\u1ea5y BOSCH O 0200 Cho Xe Ranger Raptor 2.0 (19 -), Ranger 2.2\/3.2 (13 &#8211; 18), Everest 2.0 (22 -).. TH\u00d4NG&hellip;<\/p>\n","protected":false},"featured_media":6180,"comment_status":"closed","ping_status":"open","template":"","meta":[],"product_cat":[117],"product_tag":[],"class_list":{"0":"post-6177","1":"product","2":"type-product","3":"status-publish","4":"has-post-thumbnail","6":"product_brand-bosch-car-service","7":"product_cat-cham-soc-o-to-xe-hoi","9":"first","10":"instock","11":"product-type-simple","12":"col-xs-6 col-sm-4","13":"col-md-3 col-lg-3","14":"un-4-cols"},"_links":{"self":[{"href":"https:\/\/hibucenter.com\/index.php\/wp-json\/wp\/v2\/product\/6177","targetHints":{"allow":["GET"]}}],"collection":[{"href":"https:\/\/hibucenter.com\/index.php\/wp-json\/wp\/v2\/product"}],"about":[{"href":"https:\/\/hibucenter.com\/index.php\/wp-json\/wp\/v2\/types\/product"}],"replies":[{"embeddable":true,"href":"https:\/\/hibucenter.com\/index.php\/wp-json\/wp\/v2\/comments?post=6177"}],"version-history":[{"count":0,"href":"https:\/\/hibucenter.com\/index.php\/wp-json\/wp\/v2\/product\/6177\/revisions"}],"wp:featuredmedia":[{"embeddable":true,"href":"https:\/\/hibucenter.com\/index.php\/wp-json\/wp\/v2\/media\/6180"}],"wp:attachment":[{"href":"https:\/\/hibucenter.com\/index.php\/wp-json\/wp\/v2\/media?parent=6177"}],"wp:term":[{"taxonomy":"product_cat","embeddable":true,"href":"https:\/\/hibucenter.com\/index.php\/wp-json\/wp\/v2\/product_cat?post=6177"},{"taxonomy":"product_tag","embeddable":true,"href":"https:\/\/hibucenter.com\/index.php\/wp-json\/wp\/v2\/product_tag?post=6177"}],"curies":[{"name":"wp","href":"https:\/\/api.w.org\/{rel}","templated":true}]}}