{"id":6025,"date":"2025-04-28T16:02:24","date_gmt":"2025-04-28T09:02:24","guid":{"rendered":"https:\/\/hibucenter.com\/index.php\/product\/loc-dau-dong-co-bosch-o0361-danh-cho-xe-isuzu-dmaxx-doi-cao-hibucenter\/"},"modified":"2025-07-21T10:36:06","modified_gmt":"2025-07-21T03:36:06","slug":"loc-dau-dong-co-bosch-o0361-danh-cho-xe-isuzu-dmaxx-doi-cao-hibucenter","status":"publish","type":"product","link":"https:\/\/hibucenter.com\/index.php\/loc-dau-dong-co-bosch-o0361-danh-cho-xe-isuzu-dmaxx-doi-cao-hibucenter\/","title":{"rendered":"L\u1ecdc D\u1ea7u \u0110\u1ed9ng C\u01a1 BOSCH O0361 D\u00e0nh Cho Xe ISUZU DMaxx \u0110\u1eddi Cao | Hibucenter"},"content":{"rendered":"<p>QU\u00dd KH\u00c1CH KH\u00d4NG R\u00d5 K\u00cdCH TH\u01af\u1edaC VUI L\u00d2NG LI\u00caN H\u1ec6 CHO SHOP QUA C\u00d4NG C\u1ee4 CHAT C\u1ee6A SHOPEE \u0110\u1ec2 \u0110\u01af\u1ee2C NH\u00c2N VI\u00caN K\u1ef8 THU\u1eacT H\u1ed6 TR\u1ee2 T\u01af V\u1ea4N NH\u00c9  <\/p>\n<p>< > TH\u00d4NG TIN S\u1ea2N PH\u1ea8M :<\/p>\n<p>&#8211; Xu\u1ea5t x\u1ee9 : Indonesia<\/p>\n<p>&#8211; Th\u01b0\u01a1ng hi\u1ec7u : Bosch <\/p>\n<p>&#8211; M\u00e3 s\u1ea3n ph\u1ea9m : 0986AF0361<\/p>\n<p>&#8211; S\u1ed1 OE: 8-98270-524-0<\/p>\n<p>&#8211; D\u00e0nh cho: ISUZU<\/p>\n<p>&#8211; \u0110\u1ed9ng c\u01a1: RZ4E-TC<\/p>\n<p>&#8211; K\u00edch th\u01b0\u1edbc : <\/p>\n<p>+ Chi\u1ec1u cao : 95 mm<br \/>\n+ \u0110\u01b0\u1eddng k\u00ednh : 62.5 x 28 mm<br \/>\n+ Gioang l\u1edbn : 78 x 71 x 3.5 mm<\/p>\n<p>https:\/\/cf.shopee.vn\/file\/vn-11134208-7r98o-lqlbabpxtkjb9c<\/p>\n<p><> \u1ee8NG D\u1ee4NG : <\/p>\n<p>&#8211; S\u1eed d\u1ee5ng cho ISUZU<\/p>\n<p>+ \u0110\u1ed9ng c\u01a1 D-MAX 1.9 BLUE POWER n\u0103m 2016-2020<\/p>\n<p>+ \u0110\u1ed9ng c\u01a1 MU-X 1.9 BLUE POWER n\u0103m 2016-2020<\/p>\n<p>===> Kho\u1ea3ng c\u00e1ch ho\u1ea1t \u0111\u1ed9ng khuy\u1ebfn ngh\u1ecb 20.000 km.<\/p>\n","protected":false},"excerpt":{"rendered":"<p>QU\u00dd KH\u00c1CH KH\u00d4NG R\u00d5 K\u00cdCH TH\u01af\u1edaC VUI L\u00d2NG LI\u00caN H\u1ec6 CHO SHOP QUA C\u00d4NG C\u1ee4 CHAT C\u1ee6A SHOPEE \u0110\u1ec2 \u0110\u01af\u1ee2C NH\u00c2N VI\u00caN K\u1ef8 THU\u1eacT H\u1ed6 TR\u1ee2 T\u01af V\u1ea4N NH\u00c9 < > TH\u00d4NG TIN S\u1ea2N PH\u1ea8M : &#8211; Xu\u1ea5t x\u1ee9 : Indonesia &#8211; Th\u01b0\u01a1ng hi\u1ec7u : Bosch &#8211; M\u00e3 s\u1ea3n ph\u1ea9m : 0986AF0361 &#8211; S\u1ed1 OE:&hellip;<\/p>\n","protected":false},"featured_media":6027,"comment_status":"closed","ping_status":"open","template":"","meta":[],"product_cat":[117],"product_tag":[],"class_list":{"0":"post-6025","1":"product","2":"type-product","3":"status-publish","4":"has-post-thumbnail","6":"product_brand-bosch-car-service","7":"product_cat-cham-soc-o-to-xe-hoi","9":"first","10":"instock","11":"product-type-simple","12":"col-xs-6 col-sm-4","13":"col-md-3 col-lg-3","14":"un-4-cols"},"_links":{"self":[{"href":"https:\/\/hibucenter.com\/index.php\/wp-json\/wp\/v2\/product\/6025","targetHints":{"allow":["GET"]}}],"collection":[{"href":"https:\/\/hibucenter.com\/index.php\/wp-json\/wp\/v2\/product"}],"about":[{"href":"https:\/\/hibucenter.com\/index.php\/wp-json\/wp\/v2\/types\/product"}],"replies":[{"embeddable":true,"href":"https:\/\/hibucenter.com\/index.php\/wp-json\/wp\/v2\/comments?post=6025"}],"version-history":[{"count":0,"href":"https:\/\/hibucenter.com\/index.php\/wp-json\/wp\/v2\/product\/6025\/revisions"}],"wp:featuredmedia":[{"embeddable":true,"href":"https:\/\/hibucenter.com\/index.php\/wp-json\/wp\/v2\/media\/6027"}],"wp:attachment":[{"href":"https:\/\/hibucenter.com\/index.php\/wp-json\/wp\/v2\/media?parent=6025"}],"wp:term":[{"taxonomy":"product_cat","embeddable":true,"href":"https:\/\/hibucenter.com\/index.php\/wp-json\/wp\/v2\/product_cat?post=6025"},{"taxonomy":"product_tag","embeddable":true,"href":"https:\/\/hibucenter.com\/index.php\/wp-json\/wp\/v2\/product_tag?post=6025"}],"curies":[{"name":"wp","href":"https:\/\/api.w.org\/{rel}","templated":true}]}}