{"id":6010,"date":"2025-04-28T16:02:24","date_gmt":"2025-04-28T09:02:24","guid":{"rendered":"https:\/\/hibucenter.com\/index.php\/product\/bosch-gat-mua-sau-xe-o-to-rear-wiper-blade-a282h-cho-xe-mercedes-benz-glc300-doi-xe-2019-den-nay\/"},"modified":"2025-07-21T10:36:07","modified_gmt":"2025-07-21T03:36:07","slug":"bosch-gat-mua-sau-xe-o-to-rear-wiper-blade-a282h-cho-xe-mercedes-benz-glc300-doi-xe-2019-den-nay","status":"publish","type":"product","link":"https:\/\/hibucenter.com\/index.php\/bosch-gat-mua-sau-xe-o-to-rear-wiper-blade-a282h-cho-xe-mercedes-benz-glc300-doi-xe-2019-den-nay\/","title":{"rendered":"BOSCH G\u1ea1t M\u01b0a Sau Xe \u00d4 t\u00f4 Rear Wiper Blade A282H Cho xe  MERCEDES &#8211; BENZ GLC300 \u0110\u1edcI XE 2019 \u0110\u1ebeN NAY"},"content":{"rendered":"<p>QU\u00dd KH\u00c1CH H\u00c0NG KH\u00d4NG R\u00d5 K\u00cdCH TH\u01af\u1edaC VUI L\u00d2NG NH\u1eaeN TIN CHO SHOP QUA C\u00d4NG C\u1ee4 CHAT C\u1ee6A SHOPEE TR\u01af\u1edaC KHI \u0110\u1eb6T H\u00c0NG \u0110\u1ec2 \u0110\u01af\u1ee2C NH\u00c2N VI\u00caN K\u1ef8 THU\u1eacT H\u1ed6 TR\u1ee2 NH\u00c9  <\/p>\n<p> TH\u00d4NG TIN S\u1ea2N PH\u1ea8M:<br \/>\n&#8211; C\u00f4ng ngh\u1ec7 s\u1ea3n xu\u1ea5t:  Bosch &#8211; Germany<br \/>\n&#8211; M\u00e3 ph\u1ee5 t\u00f9ng Bosch: 3397008634<br \/>\n&#8211; M\u00e3 s\u1ea3n ph\u1ea9m: A282H<br \/>\n&#8211; Made in China<br \/>\n&#8211; K\u00edch th\u01b0\u1edbc: 11 inch ~ 28cm<\/p>\n<p>https:\/\/cf.shopee.vn\/file\/vn-11134208-7r98o-lss87n1lxnyxcf<br \/>\nhttps:\/\/cf.shopee.vn\/file\/vn-11134208-7r98o-lss87n1lz2jd4d<\/p>\n<p>  \u1ee8NG D\u1ee4NG: <\/p>\n<p>\u25b6 \u00a0MERCEDES &#8211; BENZ GLC300 \u0110\u1edcI XE 2019 \u0110\u1ebeN NAY<\/p>\n<p>>> M\u00d4 T\u1ea2 S\u1ea2N PH\u1ea8M:<br \/>\n\u2022 C\u00f3 l\u1edbp ph\u1ee7 G\u1ea1t-\u00cam \u00e1i cho l\u01b0\u1ee1i cao su g\u1ea1t m\u01b0a<br \/>\n\u2022 Thay th\u1ebf cho c\u00e1c c\u1ea7n g\u1ea1t n\u01b0\u1edbc c\u00f3 thi\u1ebft k\u1ebf \u0111\u1eb7c bi\u1ec7t<br \/>\n\u2022 G\u1ea1t n\u01b0\u1edbc \u0111\u01b0\u1ee3c s\u1ea3n xu\u1ea5t b\u1edfi Bosch<br \/>\n\u2022 Cao su c\u00f3 ch\u1ea5t l\u01b0\u1ee3ng cao.<br \/>\n\u2022 Hi\u1ec7u su\u1ea5t g\u1ea1t n\u01b0\u1edbc t\u1ed1i \u01b0u<br \/>\n\u2022 T\u0103ng s\u1ef1 tho\u1ea3i m\u00e1i khi l\u00e1i xe<br \/>\n\u2022 Thi\u1ebft k\u1ebf s\u00e1ng t\u1ea1o<br \/>\n\u2022 Tu\u1ed5i th\u1ecd l\u00e2u d\u00e0i<\/p>\n","protected":false},"excerpt":{"rendered":"<p>QU\u00dd KH\u00c1CH H\u00c0NG KH\u00d4NG R\u00d5 K\u00cdCH TH\u01af\u1edaC VUI L\u00d2NG NH\u1eaeN TIN CHO SHOP QUA C\u00d4NG C\u1ee4 CHAT C\u1ee6A SHOPEE TR\u01af\u1edaC KHI \u0110\u1eb6T H\u00c0NG \u0110\u1ec2 \u0110\u01af\u1ee2C NH\u00c2N VI\u00caN K\u1ef8 THU\u1eacT H\u1ed6 TR\u1ee2 NH\u00c9 TH\u00d4NG TIN S\u1ea2N PH\u1ea8M: &#8211; C\u00f4ng ngh\u1ec7 s\u1ea3n xu\u1ea5t: Bosch &#8211; Germany &#8211; M\u00e3 ph\u1ee5 t\u00f9ng Bosch: 3397008634 &#8211; M\u00e3 s\u1ea3n ph\u1ea9m: A282H&hellip;<\/p>\n","protected":false},"featured_media":6013,"comment_status":"closed","ping_status":"open","template":"","meta":[],"product_cat":[117],"product_tag":[],"class_list":{"0":"post-6010","1":"product","2":"type-product","3":"status-publish","4":"has-post-thumbnail","6":"product_brand-bosch-car-service","7":"product_cat-cham-soc-o-to-xe-hoi","9":"first","10":"instock","11":"product-type-simple","12":"col-xs-6 col-sm-4","13":"col-md-3 col-lg-3","14":"un-4-cols"},"_links":{"self":[{"href":"https:\/\/hibucenter.com\/index.php\/wp-json\/wp\/v2\/product\/6010","targetHints":{"allow":["GET"]}}],"collection":[{"href":"https:\/\/hibucenter.com\/index.php\/wp-json\/wp\/v2\/product"}],"about":[{"href":"https:\/\/hibucenter.com\/index.php\/wp-json\/wp\/v2\/types\/product"}],"replies":[{"embeddable":true,"href":"https:\/\/hibucenter.com\/index.php\/wp-json\/wp\/v2\/comments?post=6010"}],"version-history":[{"count":0,"href":"https:\/\/hibucenter.com\/index.php\/wp-json\/wp\/v2\/product\/6010\/revisions"}],"wp:featuredmedia":[{"embeddable":true,"href":"https:\/\/hibucenter.com\/index.php\/wp-json\/wp\/v2\/media\/6013"}],"wp:attachment":[{"href":"https:\/\/hibucenter.com\/index.php\/wp-json\/wp\/v2\/media?parent=6010"}],"wp:term":[{"taxonomy":"product_cat","embeddable":true,"href":"https:\/\/hibucenter.com\/index.php\/wp-json\/wp\/v2\/product_cat?post=6010"},{"taxonomy":"product_tag","embeddable":true,"href":"https:\/\/hibucenter.com\/index.php\/wp-json\/wp\/v2\/product_tag?post=6010"}],"curies":[{"name":"wp","href":"https:\/\/api.w.org\/{rel}","templated":true}]}}