{"id":6003,"date":"2025-04-28T16:02:24","date_gmt":"2025-04-28T09:02:24","guid":{"rendered":"https:\/\/hibucenter.com\/index.php\/product\/loc-gio-dong-co-bosch-a2354-bo-2-cai-mercedes-benz-e-klasse-w212-09-glk-w204-08-13\/"},"modified":"2025-07-21T10:36:07","modified_gmt":"2025-07-21T03:36:07","slug":"loc-gio-dong-co-bosch-a2354-bo-2-cai-mercedes-benz-e-klasse-w212-09-glk-w204-08-13","status":"publish","type":"product","link":"https:\/\/hibucenter.com\/index.php\/loc-gio-dong-co-bosch-a2354-bo-2-cai-mercedes-benz-e-klasse-w212-09-glk-w204-08-13\/","title":{"rendered":"L\u1ecdc Gi\u00f3 \u0110\u1ed9ng C\u01a1 BOSCH A2354 (B\u1ed9 2 C\u00e1i) Mercedes-benz E-Klasse (W212, 09-), GLK (W204, 08-13), .."},"content":{"rendered":"<p>QU\u00dd KH\u00c1CH KH\u00d4NG R\u00d5 K\u00cdCH TH\u01af\u1edaC VUI L\u00d2NG LI\u00caN H\u1ec6 CHO SHOP QUA C\u00d4NG C\u1ee4 CHAT C\u1ee6A SHOPEE \u0110\u1ec2 \u0110\u01af\u1ee2C NH\u00c2N VI\u00caN K\u1ef8 THU\u1eacT H\u1ed6 TR\u1ee2 T\u01af V\u1ea4N NH\u00c9  <\/p>\n<p>  TH\u00d4NG TIN S\u1ea2N PH\u1ea8M :<br \/>\n&#8211;  Th\u01b0\u01a1ng hi\u1ec7u : Bosch<br \/>\n&#8211;  Xu\u1ea5t x\u1ee9 : Korea<br \/>\n&#8211;  M\u00e3 s\u1ea3n ph\u1ea9m : 0986AF2354<br \/>\n&#8211;  K\u00edch th\u01b0\u1edbc : 355 x 134 X 48 (mm)<br \/>\nhttps:\/\/cf.shopee.vn\/file\/vn-11134208-7ras8-m2uo3ux1c4xc80<br \/>\n   \u1ee8NG D\u1ee4NG :<br \/>\n&#8211; Mercedes-benz E-Klasse ( W212, 2009 &#8211; ),<br \/>\n&#8211; Mercedes-benz GLK-Klasse(W204, 2008 &#8211; 2013),<br \/>\n&#8211; Mercedes-benz E- Klasse(W211,2002 &#8211; 2009),<br \/>\n&#8211; Mercedes-benz C-Klasse(W204, 2007 &#8211; 2011),<br \/>\n&#8211; Mercedes-benz S-Klasse (W221, 2005 &#8211; 2011),<br \/>\n&#8211; Mercedes-benz GL-Klasse (W164, 2006 -2012)<br \/>\n&#8211; Mercedes-benz M-Klasse (W164, 2005 &#8211; 2007)<br \/>\n&#8211; Mercedes-benz C-Klasse( W203, 2005 -2007),..<\/p>\n<p>*** M\u00e3 T\u01b0\u01a1ng \u0110\u01b0\u01a1ng :<br \/>\n&#8211; Merc 112 094 00 04<br \/>\n&#8211; Merc 112 094 06 04<br \/>\n&#8211; JS  Asakashi A0058SET<\/p>\n<p>< >  \u0110\u1eb7c t\u00ednh k\u1ef9 thu\u1eadt s\u1ea3n ph\u1ea9m :<br \/>\n     \u2666\u00a0B\u1ea3o v\u1ec7 h\u00e0nh kh\u00e1ch trong xe kh\u1ecfi c\u00e1c ch\u1ea5t b\u1ee5i b\u1ea9n trong kh\u00f4ng kh\u00ed.<br \/>\n\u00a0\u00a0\u00a0\u00a0\u00a0\u2666\u00a0Ng\u0103n ch\u1eb7n kh\u00ed \u0111\u1ed9c, m\u00f9i kh\u00f3 ch\u1ecbu, hi\u1ec7n t\u01b0\u1ee3ng d\u1ecb \u1ee9ng nh\u1edd c\u1ea5u t\u1ea1o b\u1eb1ng than ho\u1ea1t t\u00ednh.<br \/>\n\u00a0\u00a0\u00a0\u00a0\u00a0\u2666\u00a0B\u1ea3o v\u1ec7 h\u1ec7 th\u1ed1ng \u0111i\u1ec1u h\u00f2a nhi\u1ec7t \u0111\u1ed9.<br \/>\n\u00a0\u00a0\u00a0\u00a0\u00a0\u25ba\u00a0Thay m\u1edbi l\u1ecdc gi\u00f3 \u0111i\u1ec1u h\u00f2a m\u1ed7i 15.000 km ho\u1eb7c m\u1ed7i n\u0103m.<\/p>\n<p>(*) HB Center xin cam k\u1ebft b\u00e1n t\u1ea5t c\u1ea3 s\u1ea3n ph\u1ea9m BOSCH Ch\u00ednh H\u00e3ng &#8211; Uy T\u00edn &#8211; Ch\u1ea5t L\u01b0\u1ee3ng.<\/p>\n<p>#hibucenter#loc_gio_dong_co_Bosch#loc_gio_dong_co_A2354# loc_gio_dong_co_danh_cho_xe_Mercedes-benz<\/p>\n","protected":false},"excerpt":{"rendered":"<p>QU\u00dd KH\u00c1CH KH\u00d4NG R\u00d5 K\u00cdCH TH\u01af\u1edaC VUI L\u00d2NG LI\u00caN H\u1ec6 CHO SHOP QUA C\u00d4NG C\u1ee4 CHAT C\u1ee6A SHOPEE \u0110\u1ec2 \u0110\u01af\u1ee2C NH\u00c2N VI\u00caN K\u1ef8 THU\u1eacT H\u1ed6 TR\u1ee2 T\u01af V\u1ea4N NH\u00c9 TH\u00d4NG TIN S\u1ea2N PH\u1ea8M : &#8211; Th\u01b0\u01a1ng hi\u1ec7u : Bosch &#8211; Xu\u1ea5t x\u1ee9 : Korea &#8211; M\u00e3 s\u1ea3n ph\u1ea9m : 0986AF2354 &#8211; K\u00edch th\u01b0\u1edbc : 355&hellip;<\/p>\n","protected":false},"featured_media":6005,"comment_status":"closed","ping_status":"open","template":"","meta":[],"product_cat":[117],"product_tag":[],"class_list":{"0":"post-6003","1":"product","2":"type-product","3":"status-publish","4":"has-post-thumbnail","6":"product_brand-bosch-car-service","7":"product_cat-cham-soc-o-to-xe-hoi","9":"first","10":"instock","11":"product-type-simple","12":"col-xs-6 col-sm-4","13":"col-md-3 col-lg-3","14":"un-4-cols"},"_links":{"self":[{"href":"https:\/\/hibucenter.com\/index.php\/wp-json\/wp\/v2\/product\/6003","targetHints":{"allow":["GET"]}}],"collection":[{"href":"https:\/\/hibucenter.com\/index.php\/wp-json\/wp\/v2\/product"}],"about":[{"href":"https:\/\/hibucenter.com\/index.php\/wp-json\/wp\/v2\/types\/product"}],"replies":[{"embeddable":true,"href":"https:\/\/hibucenter.com\/index.php\/wp-json\/wp\/v2\/comments?post=6003"}],"version-history":[{"count":0,"href":"https:\/\/hibucenter.com\/index.php\/wp-json\/wp\/v2\/product\/6003\/revisions"}],"wp:featuredmedia":[{"embeddable":true,"href":"https:\/\/hibucenter.com\/index.php\/wp-json\/wp\/v2\/media\/6005"}],"wp:attachment":[{"href":"https:\/\/hibucenter.com\/index.php\/wp-json\/wp\/v2\/media?parent=6003"}],"wp:term":[{"taxonomy":"product_cat","embeddable":true,"href":"https:\/\/hibucenter.com\/index.php\/wp-json\/wp\/v2\/product_cat?post=6003"},{"taxonomy":"product_tag","embeddable":true,"href":"https:\/\/hibucenter.com\/index.php\/wp-json\/wp\/v2\/product_tag?post=6003"}],"curies":[{"name":"wp","href":"https:\/\/api.w.org\/{rel}","templated":true}]}}