{"id":5874,"date":"2025-04-28T16:00:47","date_gmt":"2025-04-28T09:00:47","guid":{"rendered":"https:\/\/hibucenter.com\/index.php\/product\/bosch-bo-gat-mua-o-to-moc-u-chuyen-cho-xe-hang-honda-hr-v-cr-v-br-v-jazz-city-civic\/"},"modified":"2025-07-21T10:36:07","modified_gmt":"2025-07-21T03:36:07","slug":"bosch-bo-gat-mua-o-to-moc-u-chuyen-cho-xe-hang-honda-hr-v-cr-v-br-v-jazz-city-civic","status":"publish","type":"product","link":"https:\/\/hibucenter.com\/index.php\/bosch-bo-gat-mua-o-to-moc-u-chuyen-cho-xe-hang-honda-hr-v-cr-v-br-v-jazz-city-civic\/","title":{"rendered":"BOSCH B\u1ed9 G\u1ea1t M\u01b0a \u00d4 T\u00f4 &#8211; M\u00f3c U &#8211; Chuy\u00ean Cho Xe H\u00e3ng HONDA : HR-V, CR-V, BR-V, Jazz, City, Civic,&#8230;"},"content":{"rendered":"<p>B\u1ed9 G\u1ea1t M\u01b0a \u00d4 T\u00f4 BOSCH &#8211; M\u00f3c U &#8211; Chuy\u00ean Cho Xe H\u00e3ng HONDA : HR-V, CR-V, BR-V, Jazz, City,Civic,Acura MDX, Brio, Accord&#8230;<\/p>\n<p>  L\u01afU \u00dd : Qu\u00fd kh\u00e1ch h\u00e0ng vui l\u00f2ng nh\u1eafn tin cho shop qua c\u00f4ng c\u1ee5 chat c\u1ee7a shopee tr\u01b0\u1edbc khi mua h\u00e0ng \u0111\u1ec3 \u0111\u01b0\u1ee3c nh\u00e2n vi\u00ean k\u1ef9 thu\u1eadt t\u01b0 v\u1ea5n nh\u00e9. Tr\u00e1nh tr\u01b0\u1eddng h\u1ee3p \u0111\u1eb7t sai m\u00e3 sai k\u00edch th\u01b0\u1edbc \u1ea1 . Xin c\u1ea3m \u01a1n !<\/p>\n<p>< >   C\u00c1CH TH\u00c1O L\u1eaeP \u0110\u1eb6T G\u1ea0T M\u01afA:<br \/>\nB\u01b0\u1edbc 1:\u00a0N\u00e2ng c\u1ea7n g\u1ea1t theo ph\u01b0\u01a1ng th\u1eb3ng \u0111\u1ee9ng. L\u01b0u \u00fd c\u1ea7m ch\u1eafc tay \u0111\u1ec3 c\u1ea7n ko b\u1eadt l\u1ea1i l\u00e0m v\u1ee1 k\u00ednh<br \/>\nB\u01b0\u1edbc 2: T\u00ecm ch\u1ed1t n\u1ed1i n\u1eb1m gi\u1eefa c\u1ea7n g\u1ea1t v\u00e0 l\u01b0\u1ee1i g\u1ea1t, t\u00e1ch r\u1eddi thanh g\u1ea1t ra kh\u1ecfi c\u1ea7n<br \/>\nB\u01b0\u1edbc 3: D\u00f9ng kh\u0103n m\u1ec1m v\u1ec7 sinh s\u1ea1ch s\u1ebd b\u1ec1 m\u1eb7t k\u00ednh ch\u1eafn gi\u00f3 tr\u01b0\u1edbc khi l\u1eafp g\u1ea1t m\u1edbi<br \/>\nB\u01b0\u1edbc 4: N\u00e2ng c\u1ea7n g\u1ea1t l\u00ean l\u1ea1i \u0111\u1ec3 l\u1eafp l\u01b0\u1ee1i g\u1ea1t m\u1edbi, ng\u01b0\u1ee3c l\u1ea1i th\u1ee9 t\u1ef1 l\u00fac th\u00e1o<br \/>\nB\u01b0\u1edbc 5: \u0110i\u1ec1u ch\u1ec9nh c\u1ea7n g\u1ea1t v\u1ec1 \u0111\u00fang v\u1ecb tr\u00ed v\u00e0 v\u1eadn h\u00e0nh th\u1eed<\/p>\n<p>< >  L\u01afU \u00dd KHI S\u1eec D\u1ee4NG G\u1ea0T M\u01afA:<br \/>\n&#8211; Ch\u1ec9 kh\u1edfi \u0111\u1ed9ng g\u1ea1t m\u01b0a khi k\u00ednh ch\u1eafn gi\u00f3 \u0111\u00e3 \u0111\u01b0\u1ee3c b\u01a1m phun n\u01b0\u1edbc r\u1eeda k\u00ednh ho\u1eb7c \u0111ang c\u00f3 n\u01b0\u1edbc, kh\u00f4ng g\u1ea1t khi k\u00ednh \u0111ang kh\u00f4 r\u00e1o.<br \/>\n&#8211; Th\u01b0\u1eddng xuy\u00ean v\u1ec7 sinh k\u00ednh b\u1eb1ng dung d\u1ecbch r\u1eeda k\u00ednh chuy\u00ean d\u1ee5ng v\u00e0 lau ch\u00f9i l\u01b0\u1ee1i g\u1ea1t m\u01b0a.<br \/>\n&#8211; N\u00ean \u0111\u1ed7 xe d\u01b0\u1edbi m\u00e1i che ho\u1eb7c ch\u1ed7 c\u00f3 b\u00f3ng r\u00e2m \u0111\u1ec3 tr\u00e1nh nhi\u1ec7t \u0111\u1ed9 l\u00e0m chai c\u1ee9ng l\u01b0\u1ee1i g\u1ea1t. N\u1ebfu \u0111\u1ed7 xe d\u01b0\u1edbi th\u1eddi ti\u1ebft n\u1eafng n\u00f3ng th\u00ec n\u00ean tr\u00f9m k\u00ednh xe v\u00e0 d\u1ef1ng \u0111\u1ee9ng g\u1ea1t m\u01b0a \u0111\u1ec3 b\u1ea3o v\u1ec7 l\u1edbp cao su kh\u00f4ng b\u1ecb ch\u1ea3y.<\/p>\n<p>#gat_mua_xe_HONDA#gat_mua_BOSCH_chinh_hang#Gat_mua_tong_hop<\/p>\n","protected":false},"excerpt":{"rendered":"<p>B\u1ed9 G\u1ea1t M\u01b0a \u00d4 T\u00f4 BOSCH &#8211; M\u00f3c U &#8211; Chuy\u00ean Cho Xe H\u00e3ng HONDA : HR-V, CR-V, BR-V, Jazz, City,Civic,Acura MDX, Brio, Accord&#8230; L\u01afU \u00dd : Qu\u00fd kh\u00e1ch h\u00e0ng vui l\u00f2ng nh\u1eafn tin cho shop qua c\u00f4ng c\u1ee5 chat c\u1ee7a shopee tr\u01b0\u1edbc khi mua h\u00e0ng \u0111\u1ec3 \u0111\u01b0\u1ee3c nh\u00e2n vi\u00ean k\u1ef9 thu\u1eadt t\u01b0 v\u1ea5n nh\u00e9.&hellip;<\/p>\n","protected":false},"featured_media":5875,"comment_status":"closed","ping_status":"open","template":"","meta":[],"product_cat":[117],"product_tag":[],"class_list":{"0":"post-5874","1":"product","2":"type-product","3":"status-publish","4":"has-post-thumbnail","6":"product_brand-bosch-car-service","7":"product_cat-cham-soc-o-to-xe-hoi","9":"first","10":"instock","11":"product-type-simple","12":"col-xs-6 col-sm-4","13":"col-md-3 col-lg-3","14":"un-4-cols"},"_links":{"self":[{"href":"https:\/\/hibucenter.com\/index.php\/wp-json\/wp\/v2\/product\/5874","targetHints":{"allow":["GET"]}}],"collection":[{"href":"https:\/\/hibucenter.com\/index.php\/wp-json\/wp\/v2\/product"}],"about":[{"href":"https:\/\/hibucenter.com\/index.php\/wp-json\/wp\/v2\/types\/product"}],"replies":[{"embeddable":true,"href":"https:\/\/hibucenter.com\/index.php\/wp-json\/wp\/v2\/comments?post=5874"}],"version-history":[{"count":0,"href":"https:\/\/hibucenter.com\/index.php\/wp-json\/wp\/v2\/product\/5874\/revisions"}],"wp:featuredmedia":[{"embeddable":true,"href":"https:\/\/hibucenter.com\/index.php\/wp-json\/wp\/v2\/media\/5875"}],"wp:attachment":[{"href":"https:\/\/hibucenter.com\/index.php\/wp-json\/wp\/v2\/media?parent=5874"}],"wp:term":[{"taxonomy":"product_cat","embeddable":true,"href":"https:\/\/hibucenter.com\/index.php\/wp-json\/wp\/v2\/product_cat?post=5874"},{"taxonomy":"product_tag","embeddable":true,"href":"https:\/\/hibucenter.com\/index.php\/wp-json\/wp\/v2\/product_tag?post=5874"}],"curies":[{"name":"wp","href":"https:\/\/api.w.org\/{rel}","templated":true}]}}