{"id":5780,"date":"2025-04-28T16:00:47","date_gmt":"2025-04-28T09:00:47","guid":{"rendered":"https:\/\/hibucenter.com\/index.php\/product\/loc-gio-dieu-hoa-cao-cap-bosch-ariesto-premium-ap-n13-0986af7020-cho-xe-nissan-x-trail-15-sau\/"},"modified":"2025-07-21T10:36:08","modified_gmt":"2025-07-21T03:36:08","slug":"loc-gio-dieu-hoa-cao-cap-bosch-ariesto-premium-ap-n13-0986af7020-cho-xe-nissan-x-trail-15-sau","status":"publish","type":"product","link":"https:\/\/hibucenter.com\/index.php\/loc-gio-dieu-hoa-cao-cap-bosch-ariesto-premium-ap-n13-0986af7020-cho-xe-nissan-x-trail-15-sau\/","title":{"rendered":"L\u1ecdc Gi\u00f3 \u0110i\u1ec1u H\u00f2a Cao C\u1ea5p BOSCH Ariesto Premium AP-N13 (0986AF7020) Cho Xe NISSAN X-Trail (15 &#8211; Sau)"},"content":{"rendered":"<p>L\u01b0u \u00fd quan tr\u1ecdng  :<br \/>\n1. QU\u00dd KH\u00c1CH VUI L\u00d2NG \u0110O L\u1ea0I K\u00cdCH TH\u01af\u1edaC TR\u01af\u1edaC KHI \u0110\u1eb6T H\u00c0NG<br \/>\n2. HO\u1eb6C QU\u00dd KH\u00c1CH CUNG C\u1ea4P TH\u00d4NG TIN CHI TI\u1ebeT V\u1ec0 XE (NH\u00c3N HI\u1ec6U\/ MODEL \/ N\u0102M S\u1ea2N XU\u1ea4T) ho\u1eb7c CH\u1ee4P \u1ea2NH \u0110\u0102NG KI\u1ec2M G\u1eecI CHO SHOP \u0110\u1ec2 NH\u00c2N VI\u00caN KI\u1ec2M TRA K\u00cdCH TH\u01af\u1edaC CH\u00cdNH X\u00c1C NH\u1ea4T<\/p>\n<p>  TH\u00d4NG TIN S\u1ea2N PH\u1ea8M:<br \/>\n&#8211; Th\u01b0\u01a1ng hi\u1ec7u:  Bosch<br \/>\n&#8211; Xu\u1ea5t x\u1ee9:  Thailand<br \/>\n&#8211; K\u00edch th\u01b0\u1edbc (DxRxC): 250 (mm) x 180 (mm) x 35 (mm)<br \/>\n&#8211; M\u00e3 Bosch: 0986AF7020  | Ap-N13 <\/p>\n<p> \u1ee8ng d\u1ee5ng : NISSAN Qashqai (16 &#8211; 21), X-Trail (15 &#8211; ).<\/p>\n<p> M\u00d4 T\u1ea2 S\u1ea2N PH\u1ea8M:<br \/>\n&#8211; L\u1ecdc gi\u00f3 \u0111i\u1ec1u h\u00f2a Aeristo \u0111\u1ea3m b\u1ea3o vi\u1ec7c ng\u0103n b\u1ee5i, ph\u1ea5n hoa\u00a0<br \/>\n&#8211; Aeristo Plus v\u00e0 Aeristo Premium \u0111\u00e3 c\u00f3 th\u00eam l\u1edbp than ho\u1ea1t t\u00ednh v\u1edbi c\u00f4ng ngh\u1ec7 v\u01b0\u1ee3t tr\u1ed9i gi\u00fap kh\u1eed m\u00f9i h\u00f4i, kh\u00ed \u0111\u1ed9c, ch\u1ed1ng vi khu\u1ea9n, vi r\u00fat.\u00a0<br \/>\n&#8211; \u0110\u1eb7c bi\u1ec7t, v\u1edbi l\u1ecdc cao c\u1ea5p Aeristo Premium c\u00f3 th\u1ec3 l\u1ecdc \u0111\u1ebfn 97% h\u1ea1t b\u1ee5i si\u00eau m\u1ecbn PM2.5 v\u1edbi k\u00edch th\u01b0\u1edbc ch\u1ec9 2,5 micro m\u00e9t (b\u1eb1ng 1\/20 s\u1ee3i t\u00f3c), nh\u1edd l\u1edbp l\u1ecdc c\u00f3 kh\u1ea3 n\u0103ng b\u1eaby c\u00e1c h\u1ea1t b\u1ee5i m\u1ecbn n\u00e0y.\u00a0<\/p>\n<p>https:\/\/cf.shopee.vn\/file\/vn-11134208-7ras8-m3w2xrzy0fc801<br \/>\nhttps:\/\/cf.shopee.vn\/file\/vn-11134208-7r98o-lzheinycujbh6d<\/p>\n<p>\u0110\u1eb7c t\u00ednh k\u1ef9 thu\u1eadt s\u1ea3n ph\u1ea9m:<br \/>\n\u00a0\u00a0\u00a0\u00a0\u00a0\u2666\u00a0B\u1ea3o v\u1ec7 h\u00e0nh kh\u00e1ch trong xe kh\u1ecfi c\u00e1c ch\u1ea5t b\u1ee5i b\u1ea9n trong kh\u00f4ng kh\u00ed.<br \/>\n\u00a0\u00a0\u00a0\u00a0\u00a0\u2666\u00a0Ng\u0103n ch\u1eb7n kh\u00ed \u0111\u1ed9c, m\u00f9i kh\u00f3 ch\u1ecbu, hi\u1ec7n t\u01b0\u1ee3ng d\u1ecb \u1ee9ng nh\u1edd c\u1ea5u t\u1ea1o b\u1eb1ng than ho\u1ea1t t\u00ednh.<br \/>\n\u00a0\u00a0\u00a0\u00a0\u00a0\u2666\u00a0B\u1ea3o v\u1ec7 h\u1ec7 th\u1ed1ng \u0111i\u1ec1u h\u00f2a nhi\u1ec7t \u0111\u1ed9.<br \/>\n\u00a0\u00a0\u00a0\u00a0\u00a0\u25ba\u00a0Thay m\u1edbi l\u1ecdc gi\u00f3 \u0111i\u1ec1u h\u00f2a m\u1ed7i 15.000 km ho\u1eb7c m\u1ed7i n\u0103m.<\/p>\n<p>#Loc_gio_dieu_hoa_bosch#loc_may_lanh_xtrail#loc_bosch_AP_N13#loc_0986af7020#loc_bosch_premium<\/p>\n","protected":false},"excerpt":{"rendered":"<p>L\u01b0u \u00fd quan tr\u1ecdng : 1. QU\u00dd KH\u00c1CH VUI L\u00d2NG \u0110O L\u1ea0I K\u00cdCH TH\u01af\u1edaC TR\u01af\u1edaC KHI \u0110\u1eb6T H\u00c0NG 2. HO\u1eb6C QU\u00dd KH\u00c1CH CUNG C\u1ea4P TH\u00d4NG TIN CHI TI\u1ebeT V\u1ec0 XE (NH\u00c3N HI\u1ec6U\/ MODEL \/ N\u0102M S\u1ea2N XU\u1ea4T) ho\u1eb7c CH\u1ee4P \u1ea2NH \u0110\u0102NG KI\u1ec2M G\u1eecI CHO SHOP \u0110\u1ec2 NH\u00c2N VI\u00caN KI\u1ec2M TRA K\u00cdCH TH\u01af\u1edaC CH\u00cdNH X\u00c1C NH\u1ea4T&hellip;<\/p>\n","protected":false},"featured_media":5783,"comment_status":"closed","ping_status":"open","template":"","meta":[],"product_cat":[117],"product_tag":[],"class_list":{"0":"post-5780","1":"product","2":"type-product","3":"status-publish","4":"has-post-thumbnail","6":"product_brand-bosch-car-service","7":"product_cat-cham-soc-o-to-xe-hoi","9":"first","10":"instock","11":"product-type-simple","12":"col-xs-6 col-sm-4","13":"col-md-3 col-lg-3","14":"un-4-cols"},"_links":{"self":[{"href":"https:\/\/hibucenter.com\/index.php\/wp-json\/wp\/v2\/product\/5780","targetHints":{"allow":["GET"]}}],"collection":[{"href":"https:\/\/hibucenter.com\/index.php\/wp-json\/wp\/v2\/product"}],"about":[{"href":"https:\/\/hibucenter.com\/index.php\/wp-json\/wp\/v2\/types\/product"}],"replies":[{"embeddable":true,"href":"https:\/\/hibucenter.com\/index.php\/wp-json\/wp\/v2\/comments?post=5780"}],"version-history":[{"count":0,"href":"https:\/\/hibucenter.com\/index.php\/wp-json\/wp\/v2\/product\/5780\/revisions"}],"wp:featuredmedia":[{"embeddable":true,"href":"https:\/\/hibucenter.com\/index.php\/wp-json\/wp\/v2\/media\/5783"}],"wp:attachment":[{"href":"https:\/\/hibucenter.com\/index.php\/wp-json\/wp\/v2\/media?parent=5780"}],"wp:term":[{"taxonomy":"product_cat","embeddable":true,"href":"https:\/\/hibucenter.com\/index.php\/wp-json\/wp\/v2\/product_cat?post=5780"},{"taxonomy":"product_tag","embeddable":true,"href":"https:\/\/hibucenter.com\/index.php\/wp-json\/wp\/v2\/product_tag?post=5780"}],"curies":[{"name":"wp","href":"https:\/\/api.w.org\/{rel}","templated":true}]}}