{"id":5753,"date":"2025-04-28T10:30:49","date_gmt":"2025-04-28T03:30:49","guid":{"rendered":"https:\/\/hibucenter.com\/index.php\/product\/vi-kiem-den-pin-ledlenser-lite-wallet-150-lumens-tuy-chon-mau-be-mat-da-classic-vintage-hoac-matte\/"},"modified":"2025-04-29T10:29:03","modified_gmt":"2025-04-29T03:29:03","slug":"vi-kiem-den-pin-ledlenser-lite-wallet-150-lumens-tuy-chon-mau-be-mat-da-classic-vintage-hoac-matte","status":"publish","type":"product","link":"https:\/\/hibucenter.com\/index.php\/vi-kiem-den-pin-ledlenser-lite-wallet-150-lumens-tuy-chon-mau-be-mat-da-classic-vintage-hoac-matte\/","title":{"rendered":"V\u00ed Ki\u00eam \u0110\u00e8n Pin LEDLENSER Lite Wallet 150 Lumens T\u00f9y Ch\u1ecdn M\u00e0u B\u1ec1 M\u1eb7t Da Classic, Vintage ho\u1eb7c Matte"},"content":{"rendered":"<p>V\u00ed Ki\u00eam \u0110\u00e8n Pin LEDLENSER Lite Wallet 150 Lumens T\u00f9y Ch\u1ecdn M\u00e0u B\u1ec1 M\u1eb7t Da Classic, Vintage ho\u1eb7c Matte \u2013 H\u00e0ng Ch\u00ednh H\u00e3ng \u2013 HIBUCENTER <\/p>\n<p>Th\u00f4ng s\u1ed1 k\u1ef9 thu\u1eadt:<br \/>\n&#8211; \u0110\u1ed9 s\u00e1ng t\u1ed1i \u0111a: 150lm \u2013 t\u1ed1i thi\u1ec3u 10lm<br \/>\n&#8211; Th\u1eddi l\u01b0\u1ee3ng pin t\u1ed1i \u0111a: 1,5h \u2013 t\u1ed1i thi\u1ec3u 1,2h<br \/>\n&#8211; Tr\u1ecdng l\u01b0\u1ee3ng: 115g<br \/>\n&#8211; K\u00edch th\u01b0\u1edbc: 74 x 96.5 x 24 mm<br \/>\n&#8211; Pin s\u1ea1c: Li-ion, s\u1ea1c t\u1eeb t\u00ednh<br \/>\n&#8211; Th\u01b0\u01a1ng hi\u1ec7u: LEDLENSER \u2013 \u0110\u1ee8C<br \/>\n&#8211; B\u1ea3o h\u00e0nh: 7 n\u0103m (Ch\u00ednh H\u00e3ng)<\/p>\n<p>Hi\u1ec7u su\u1ea5t ti\u00eau chu\u1ea9n FL1:<br \/>\n&#8211; \u0110\u1ed9 s\u00e1ng t\u1ed1i \u0111a: 150 Lumens, t\u1ed1i thi\u1ec3u: 10 Lumens<br \/>\n&#8211; Th\u1eddi l\u01b0\u1ee3ng pin t\u1ed1i \u0111a: 12 Gi\u1edd, t\u1ed1i thi\u1ec3u: 1.5 Gi\u1edd<br \/>\n&#8211; Ch\u1ed1ng n\u01b0\u1edbc: IPXX<br \/>\n&#8211; Ch\u1ed1ng b\u1ee5i: IPXX<\/p>\n<p>M\u00f4 t\u1ea3:<br \/>\n  L\u1ea7n \u0111\u1ea7u ti\u00ean xu\u1ea5t hi\u1ec7n m\u1ed9t s\u00e1ng ki\u1ebfn nguy\u00ean b\u1ea3n \u2013 Chi\u1ebfc v\u00ed \u0111\u1ea7u ti\u00ean c\u1ee7a Ledlenser v\u1edbi ngu\u1ed3n s\u00e1ng 150 lumens.<\/p>\n<p> \u200d  Ledlenser xin gi\u1edbi thi\u1ec7u m\u1ed9t s\u1ea3n ph\u1ea9m m\u1edbi, \u0111\u1ea7y t\u00ednh s\u00e1ng t\u1ea1o cho nhu c\u1ea7u s\u1eed d\u1ee5ng EDC trong ng\u00e0y th\u01b0\u1eddng c\u1ee7a b\u1ea1n: m\u1ed9t s\u00e1ng ki\u1ebfn mang t\u00ean Ledlenser Lite Wallet. Chi\u1ebfc v\u00ed \u0111\u1ed9c \u0111\u00e1o, \u0111\u01b0\u1ee3c k\u1ebft h\u1ee3p v\u1edbi ngu\u1ed3n s\u00e1ng m\u1ea1nh m\u1ebd n\u00e0y l\u00e0 m\u1ed9t ng\u01b0\u1eddi b\u1ea1n \u0111\u1ed3ng h\u00e0nh \u0111a n\u0103ng, g\u1ecdn nh\u1eb9 cho cu\u1ed9c s\u1ed1ng h\u00e0ng ng\u00e0y. Lite Wallet \u0111\u01b0\u1ee3c thi\u1ebft k\u1ebf v\u1edbi nhi\u1ec1u ng\u0103n \u0111\u1ef1ng th\u1ebb, d\u00e0nh cho th\u1ebb ng\u00e2n h\u00e0ng, ch\u1ee9ng minh nh\u00e2n d\u00e2n hay danh thi\u1ebfp, v\u00e0 m\u1ed9t d\u00e2y thun b\u1ec1n b\u1ec9 d\u00e0nh cho ti\u1ec1n m\u1eb7t v\u00e0 s\u00e9c. Ngu\u1ed3n s\u00e1ng c\u1ee7a Lite Wallet cho b\u1ea1n t\u1edbi 150 lumen \u00e1nh s\u00e1ng LED, v\u1edbi hai ch\u1ebf \u0111\u1ed9 m\u1ea1nh v\u00e0 ti\u1ebft ki\u1ec7m pin, n\u1eb1m g\u1ecdn trong l\u1edbp v\u1ecf da thu\u1ed9c 100%. \u0110\u00e8n c\u00f3 th\u1ec3 \u0111\u01b0\u1ee3c s\u1ea1c kh\u00f4ng d\u00e2y ho\u1eb7c qua d\u00e2y c\u00e1p USB-C \u0111i k\u00e8m s\u1ea3n ph\u1ea9m.<\/p>\n<p>Ch\u1ee9c n\u0103ng t\u1ed5ng qu\u00e1t:<br \/>\n\u2728 Da thu\u1ed9c ch\u1ea5t l\u01b0\u1ee3ng cao, v\u1edbi kho\u00e1 b\u1ea5m \u0111a d\u1ea1ng tu\u1ef3 theo thi\u1ebft k\u1ebf.<br \/>\n\u2728 Hai khe \u0111\u1ef1ng th\u1ebb trong ng\u0103n ch\u1ee9a ti\u1ec1n m\u1eb7t v\u00e0 s\u00e9c, v\u00e0 th\u00eam m\u1ed9t ng\u0103n \u0111\u1ef1ng th\u1ebb b\u00ean d\u01b0\u1edbi v\u1ecf kim lo\u1ea1i c\u1ee7a \u0111\u00e8n.<br \/>\n\u2728 Ngu\u1ed3n s\u00e1ng c\u1ea7m tay l\u00ean t\u1edbi 150 lumens v\u1edbi hai ch\u1ebf \u0111\u1ed9 s\u00e1ng kh\u00e1c nhau.<br \/>\n\u2728 Ch\u1ee9c n\u0103ng b\u1ea3o m\u1eadt RFID \u0111\u01b0\u1ee3c t\u00edch h\u1ee3p, \u0111\u1ec3 b\u1ea3o m\u1eadt th\u00f4ng tin c\u00e1 nh\u00e2n.<br \/>\n\u2728 \u0110\u00e8n c\u00f3 th\u1ec3 \u0111\u01b0\u1ee3c s\u1ea1c kh\u00f4ng d\u00e2y ho\u1eb7c v\u1edbi d\u00e2y c\u00e1p micro USB.<br \/>\n\u2728 8 thi\u1ebft k\u1ebf th\u1eddi trang: Nhi\u1ec1u m\u00e0u cho b\u1ea1n l\u1ef1a ch\u1ecdn, v\u1edbi b\u1ec1 m\u1eb7t da Classic, Vintage ho\u1eb7c Mat.<\/p>\n<p>Ch\u1ee9c n\u0103ng n\u1ed5i b\u1eadt:<br \/>\n  N\u1eb1m trong l\u1edbp v\u1ecf da cao c\u1ea5p v\u00e0 th\u1eddi th\u01b0\u1ee3ng, v\u1edbi nhi\u1ec1u ki\u1ec3u m\u1eabu kh\u00e1c nhau, l\u00e0 m\u1ed9t \u0111\u00e8n LED c\u1ea7m tay v\u1edbi 150 lumens \u00e1nh s\u00e1ng v\u00e0 \u0111\u1ed9 ph\u1ee7 s\u00e1ng \u0111\u1ed3ng \u0111\u1ec1u.<br \/>\n  Pin s\u1ea1c c\u00f3 th\u1ec3 \u0111\u01b0\u1ee3c s\u1ea1c b\u1eb1ng \u0111\u1ebf s\u1ea1c kh\u00f4ng d\u00e2y (kh\u00f4ng k\u00e8m theo s\u1ea3n ph\u1ea9m) ho\u1eb7c d\u00e2y s\u1ea1c USB-C \u0111i k\u00e8m.<\/p>\n<p>So s\u00e1nh v\u1edbi \u0111\u00e8n smartphone:<br \/>\n  Lite Wallet cho ngu\u1ed3n s\u00e1ng m\u1ea1nh v\u00e0 t\u1ea7m chi\u1ebfu xa g\u1ea5p b\u1ed1n l\u1ea7n \u0111\u00e8n pin c\u1ee7a smartphone th\u00f4ng th\u01b0\u1eddng. C\u00f3 Lite Wallet, b\u1ea1n kh\u00f4ng c\u1ea7n ph\u1ea3i t\u1ed1n pin \u0111i\u1ec7n tho\u1ea1i \u0111\u1ec3 s\u1eed d\u1ee5ng \u0111\u00e8n n\u1eefa!<\/p>\n<p>LedLenser l\u00e0 th\u01b0\u01a1ng hi\u1ec7u \u0111\u00e8n pin cao c\u1ea5p n\u1ed5i ti\u1ebfng kh\u1eafp th\u1ebf gi\u1edbi c\u00f3 tr\u1ee5 s\u1edf ch\u00ednh t\u1ea1i \u0110\u1ee9c, c\u00e1c s\u1ea3n ph\u1ea9m LedLenser ch\u00ednh th\u1ee9c \u0111\u01b0\u1ee3c ph\u00e2n ph\u1ed1i tr\u00ean th\u1ecb tr\u01b0\u1eddng Vi\u1ec7t Nam v\u00e0o n\u0103m 2014, v\u1edbi m\u1ee5c ti\u00eau  s\u1ebd tr\u1edf th\u00e0nh th\u01b0\u01a1ng hi\u1ec7u th\u00e2n thi\u1ebft v\u1edbi m\u1ecdi gia \u0111\u00ecnh.<\/p>\n<p>HIBUCENTER cam k\u1ebft b\u00e1n t\u1ea5t c\u1ea3 c\u00e1c s\u1ea3n ph\u1ea9m c\u1ee7a LEDLENSER Ch\u00ednh H\u00e3ng \u2013 Uy T\u00edn \u2013 Ch\u1ea5t L\u01b0\u1ee3ng!!!<\/p>\n<p>#LEDLENSER #LEDLENSER_\u0110\u1ee8C #HANGCHINHHANG #HIBUCENTER #LEDLENSER_Lite_Walle_150_Lumens<\/p>\n","protected":false},"excerpt":{"rendered":"<p>V\u00ed Ki\u00eam \u0110\u00e8n Pin LEDLENSER Lite Wallet 150 Lumens T\u00f9y Ch\u1ecdn M\u00e0u B\u1ec1 M\u1eb7t Da Classic, Vintage ho\u1eb7c Matte \u2013 H\u00e0ng Ch\u00ednh H\u00e3ng \u2013 HIBUCENTER Th\u00f4ng s\u1ed1 k\u1ef9 thu\u1eadt: &#8211; \u0110\u1ed9 s\u00e1ng t\u1ed1i \u0111a: 150lm \u2013 t\u1ed1i thi\u1ec3u 10lm &#8211; Th\u1eddi l\u01b0\u1ee3ng pin t\u1ed1i \u0111a: 1,5h \u2013 t\u1ed1i thi\u1ec3u 1,2h &#8211; Tr\u1ecdng l\u01b0\u1ee3ng: 115g &#8211;&hellip;<\/p>\n","protected":false},"featured_media":5754,"comment_status":"closed","ping_status":"open","template":"","meta":[],"product_cat":[80],"product_tag":[],"class_list":{"0":"post-5753","1":"product","2":"type-product","3":"status-publish","4":"has-post-thumbnail","6":"product_brand-ledlenser","7":"product_cat-den-pin-cao-cap","9":"first","10":"instock","11":"featured","12":"product-type-simple","13":"col-xs-6 col-sm-4","14":"col-md-3 col-lg-3","15":"un-4-cols"},"_links":{"self":[{"href":"https:\/\/hibucenter.com\/index.php\/wp-json\/wp\/v2\/product\/5753","targetHints":{"allow":["GET"]}}],"collection":[{"href":"https:\/\/hibucenter.com\/index.php\/wp-json\/wp\/v2\/product"}],"about":[{"href":"https:\/\/hibucenter.com\/index.php\/wp-json\/wp\/v2\/types\/product"}],"replies":[{"embeddable":true,"href":"https:\/\/hibucenter.com\/index.php\/wp-json\/wp\/v2\/comments?post=5753"}],"version-history":[{"count":0,"href":"https:\/\/hibucenter.com\/index.php\/wp-json\/wp\/v2\/product\/5753\/revisions"}],"wp:featuredmedia":[{"embeddable":true,"href":"https:\/\/hibucenter.com\/index.php\/wp-json\/wp\/v2\/media\/5754"}],"wp:attachment":[{"href":"https:\/\/hibucenter.com\/index.php\/wp-json\/wp\/v2\/media?parent=5753"}],"wp:term":[{"taxonomy":"product_cat","embeddable":true,"href":"https:\/\/hibucenter.com\/index.php\/wp-json\/wp\/v2\/product_cat?post=5753"},{"taxonomy":"product_tag","embeddable":true,"href":"https:\/\/hibucenter.com\/index.php\/wp-json\/wp\/v2\/product_tag?post=5753"}],"curies":[{"name":"wp","href":"https:\/\/api.w.org\/{rel}","templated":true}]}}