{"id":5708,"date":"2025-04-28T10:30:18","date_gmt":"2025-04-28T03:30:18","guid":{"rendered":"https:\/\/hibucenter.com\/index.php\/product\/phu-kien-pin-sac-lithium-ion-ledlenser-26650-3-7v-5000mah-cho-mt14-hang-chinh-hang\/"},"modified":"2025-04-29T10:29:03","modified_gmt":"2025-04-29T03:29:03","slug":"phu-kien-pin-sac-lithium-ion-ledlenser-26650-3-7v-5000mah-cho-mt14-hang-chinh-hang","status":"publish","type":"product","link":"https:\/\/hibucenter.com\/index.php\/phu-kien-pin-sac-lithium-ion-ledlenser-26650-3-7v-5000mah-cho-mt14-hang-chinh-hang\/","title":{"rendered":"Ph\u1ee5 Ki\u1ec7n Pin S\u1ea1c Lithium &#8211; ion LEDLENSER 26650 3.7V 5000mAh Cho MT14 H\u00e0ng Ch\u00ednh H\u00e3ng"},"content":{"rendered":"<p>Ph\u1ee5 Ki\u1ec7n Pin S\u1ea1c Lithium &#8211; ion LEDLENSER 26650 3.7V 5000mAh Cho MT14 H\u00e0ng Ch\u00ednh H\u00e3ng<\/p>\n<p><> TH\u00d4NG TIN S\u1ea2N PH\u1ea8M:<br \/>\n&#8211; M\u00e3 s\u1ea3n ph\u1ea9m: 26650<br \/>\n&#8211; Dung l\u01b0\u1ee3ng : 5000mAh<br \/>\n&#8211; Chu\u1ea9n pin : ICR26650<br \/>\n&#8211; \u0110i\u1ec7n \u00e1p: 3.7 Volt<br \/>\n&#8211; D\u00f9ng cho : MT14<br \/>\n&#8211; Th\u01b0\u01a1ng hi\u1ec7u: LedLenser<br \/>\n&#8211; Xu\u1ea5t x\u1ee9: \u0110\u1ee9c<\/p>\n<p><> \u0110\u1eb6C \u0110I\u1ec2M S\u1ea2N PH\u1ea8M:<br \/>\n&#8211; Pin s\u1ea1c Lithium ch\u1ea5t l\u01b0\u1ee3ng cao c\u1ee7a LedLenser.<br \/>\n&#8211; Pin s\u1ea1c LEDLENSER 3.7V 5000mAh 26650 lithium-ion c\u00f3 th\u1ec3 thay th\u1ebf cho LEDLENSER MT14.<br \/>\n&#8211; S\u1ed1 l\u1ea7n s\u1ea1c l\u00ean t\u1edbi 1000 l\u1ea7n.<br \/>\n&#8211; B\u1ea3o h\u00e0nh: 24 th\u00e1ng.<\/p>\n<p>HIBUCENTER chuy\u00ean ph\u00e2n ph\u1ed1i s\u1ea3n ph\u1ea9m LEDLENSER Ch\u00ednh H\u00e3ng \u2013 Uy T\u00edn \u2013 Ch\u1ea5t L\u01b0\u1ee3ng!!!<\/p>\n<p>#HIBUCENTER#LEDLENSER#hibucenter#ledlenser#pinledlenser#pinledlenser26650#ledlenser26650#26650#pin26650#pin#pinsac#pinchinhhang#<\/p>\n","protected":false},"excerpt":{"rendered":"<p>Ph\u1ee5 Ki\u1ec7n Pin S\u1ea1c Lithium &#8211; ion LEDLENSER 26650 3.7V 5000mAh Cho MT14 H\u00e0ng Ch\u00ednh H\u00e3ng TH\u00d4NG TIN S\u1ea2N PH\u1ea8M: &#8211; M\u00e3 s\u1ea3n ph\u1ea9m: 26650 &#8211; Dung l\u01b0\u1ee3ng : 5000mAh &#8211; Chu\u1ea9n pin : ICR26650 &#8211; \u0110i\u1ec7n \u00e1p: 3.7 Volt &#8211; D\u00f9ng cho : MT14 &#8211; Th\u01b0\u01a1ng hi\u1ec7u: LedLenser &#8211; Xu\u1ea5t x\u1ee9: \u0110\u1ee9c \u0110\u1eb6C \u0110I\u1ec2M&hellip;<\/p>\n","protected":false},"featured_media":5709,"comment_status":"closed","ping_status":"open","template":"","meta":[],"product_cat":[80],"product_tag":[],"class_list":{"0":"post-5708","1":"product","2":"type-product","3":"status-publish","4":"has-post-thumbnail","6":"product_brand-ledlenser","7":"product_cat-den-pin-cao-cap","9":"first","10":"instock","11":"featured","12":"purchasable","13":"product-type-simple","14":"col-xs-6 col-sm-4","15":"col-md-3 col-lg-3","16":"un-4-cols"},"_links":{"self":[{"href":"https:\/\/hibucenter.com\/index.php\/wp-json\/wp\/v2\/product\/5708","targetHints":{"allow":["GET"]}}],"collection":[{"href":"https:\/\/hibucenter.com\/index.php\/wp-json\/wp\/v2\/product"}],"about":[{"href":"https:\/\/hibucenter.com\/index.php\/wp-json\/wp\/v2\/types\/product"}],"replies":[{"embeddable":true,"href":"https:\/\/hibucenter.com\/index.php\/wp-json\/wp\/v2\/comments?post=5708"}],"version-history":[{"count":0,"href":"https:\/\/hibucenter.com\/index.php\/wp-json\/wp\/v2\/product\/5708\/revisions"}],"wp:featuredmedia":[{"embeddable":true,"href":"https:\/\/hibucenter.com\/index.php\/wp-json\/wp\/v2\/media\/5709"}],"wp:attachment":[{"href":"https:\/\/hibucenter.com\/index.php\/wp-json\/wp\/v2\/media?parent=5708"}],"wp:term":[{"taxonomy":"product_cat","embeddable":true,"href":"https:\/\/hibucenter.com\/index.php\/wp-json\/wp\/v2\/product_cat?post=5708"},{"taxonomy":"product_tag","embeddable":true,"href":"https:\/\/hibucenter.com\/index.php\/wp-json\/wp\/v2\/product_tag?post=5708"}],"curies":[{"name":"wp","href":"https:\/\/api.w.org\/{rel}","templated":true}]}}