{"id":5688,"date":"2025-04-28T10:29:51","date_gmt":"2025-04-28T03:29:51","guid":{"rendered":"https:\/\/hibucenter.com\/index.php\/product\/den-pin-cong-nghiep-ledlenser-i18r-3000-lumens-chieu-xa-540-m-hang-chinh-hang-hibucenter\/"},"modified":"2025-04-29T10:29:03","modified_gmt":"2025-04-29T03:29:03","slug":"den-pin-cong-nghiep-ledlenser-i18r-3000-lumens-chieu-xa-540-m-hang-chinh-hang-hibucenter","status":"publish","type":"product","link":"https:\/\/hibucenter.com\/index.php\/den-pin-cong-nghiep-ledlenser-i18r-3000-lumens-chieu-xa-540-m-hang-chinh-hang-hibucenter\/","title":{"rendered":"\u0110\u00e8n Pin C\u00f4ng Nghi\u1ec7p LEDLENSER i18R 3000 Lumens, Chi\u1ebfu Xa 540 M, H\u00e0ng Ch\u00ednh H\u00e3ng \u2013 HIBUCENTER"},"content":{"rendered":"<p>\u0110\u00e8n Pin C\u00f4ng Nghi\u1ec7p LEDLENSER i18R 3000 Lumens, Chi\u1ebfu Xa 540 M, H\u00e0ng Ch\u00ednh H\u00e3ng \u2013 HIBUCENTER <\/p>\n<p>Th\u00f4ng s\u1ed1 k\u1ef9 thu\u1eadt:<br \/>\n&#8211; Tr\u1ecdng l\u01b0\u1ee3ng: 620g<br \/>\n&#8211; K\u00edch th\u01b0\u1edbc: 171 mm<br \/>\n&#8211; Lo\u1ea1i pin: 3 X 18650<br \/>\n&#8211; T\u00ednh n\u0103ng s\u1ea1c: C\u00f3<br \/>\n&#8211; Th\u01b0\u01a1ng hi\u1ec7u: LEDLENSER \u2013 \u0110\u1ee8C<br \/>\n&#8211; B\u1ea3o h\u00e0nh: 7 n\u0103m (Ch\u00ednh H\u00e3ng)<\/p>\n<p>Hi\u1ec7u su\u1ea5t ti\u00eau chu\u1ea9n FL1:<br \/>\n&#8211; \u0110\u1ed9 s\u00e1ng t\u1ed1i \u0111a: 3000 Lumens, t\u1ed1i thi\u1ec3u: 30 Lumens<br \/>\n&#8211; Kho\u1ea3ng c\u00e1ch t\u1ed1i \u0111a: 540M, t\u1ed1i thi\u1ec3u: 80M<br \/>\n&#8211; Th\u1eddi l\u01b0\u1ee3ng pin t\u1ed1i \u0111a: 96 Gi\u1edd, t\u1ed1i thi\u1ec3u: 5 Gi\u1edd<br \/>\n&#8211; Ch\u1ed1ng n\u01b0\u1edbc \u2013 Ch\u1ed1ng b\u1ee5i: IPX4<\/p>\n<p>M\u00f4 t\u1ea3:<br \/>\nLedlenser i-Series l\u00e0 d\u00f2ng ph\u1ea9m \u0111\u01b0\u1ee3c thi\u1ebft k\u1ebf \u0111\u1eb7c bi\u1ec7t nh\u1eb1m \u0111\u00e1p \u1ee9ng nhu c\u1ea7u kh\u1eaft khe trong c\u00f4ng nghi\u1ec7p v\u00e0 th\u1ee7 c\u00f4ng.<br \/>\nCh\u1eef \u2018i\u2019 trong t\u00ean c\u1ee7a Ledlenser i-Series l\u00e0 vi\u1ebft t\u1eaft ch\u1ec9 v\u1ec1 ng\u00e0nh c\u00f4ng nghi\u1ec7p. C\u00e1c m\u00e0u v\u00e0ng-\u0111en l\u00e0 bi\u1ec3u t\u01b0\u1ee3ng m\u1ea1nh m\u1ebd, ch\u1ee9c n\u0103ng v\u00e0 \u0111\u1ed3ng h\u00e0nh b\u1ec1n b\u1ec9.<br \/>\ni-Series k\u1ebft h\u1ee3p ch\u1ee9c n\u0103ng b\u1ec1n b\u1ec9 , hi\u1ec7u su\u1ea5t cao, nh\u01b0ng d\u1ec5 s\u1eed d\u1ee5ng v\u1edbi gi\u00e1 c\u1ea3 h\u1ee3p l\u00fd.<br \/>\nLedlenser i-Series l\u00e0 s\u1ef1 l\u1ef1a ch\u1ecdn \u0111\u1ea7u ti\u00ean cho nh\u1eefng th\u1ee3 ch\u1ebf t\u00e1c th\u1ee7 c\u00f4ng, \u0111i\u1ec7n, \u0111i\u1ec7n t\u1eed v\u00e0 c\u00e1c ngh\u00e0nh c\u00f4ng nghi\u1ec7p kh\u00e1c.<\/p>\n<p>\u0110\u00e8n pin c\u00f4ng nghi\u1ec7p i18R \u2013 M\u1ed9t s\u1ea3n ph\u1ea9m m\u1edbi t\u1eeb Ledlenser.<br \/>\n&#8211; Ch\u01b0\u1edbng ng\u1ea1i v\u1eadt v\u00e0 hi\u1ec3m h\u1ecda c\u00f3 th\u1ec3 \u0111\u01b0\u1ee3c nh\u00ecn th\u1ea5y tr\u01b0\u1edbc nh\u1edd kho\u1ea3ng c\u00e1ch chi\u1ebfu xa.<br \/>\n&#8211; L\u00fd t\u01b0\u1edfng \u0111\u1ec3 s\u1eed d\u1ee5ng l\u00e2u d\u00e0i, v\u1edbi th\u1eddi gian ho\u1ea1t \u0111\u1ed9ng l\u00ean t\u1edbi 96 gi\u1edd.<br \/>\n&#8211; Rapid focus gi\u00fap l\u1ea5y n\u00e9t nhanh v\u00e0 thao t\u00e1c ch\u1ec9 v\u1edbi m\u1ed9t tay.<br \/>\n&#8211; C\u00f4ng ngh\u1ec7 X-Lens t\u1eadp trung ba \u0111\u00e8n LED th\u00e0nh m\u1ed9t ch\u00f9m k\u1ebft h\u1ee3p \u0111\u1ec3 chi\u1ebfu s\u00e1ng t\u1ed1i \u0111a.<br \/>\n&#8211; \u0110\u1ebf cao su \u1edf ph\u00eda tr\u01b0\u1edbc v\u00e0 ph\u00eda sau gi\u00fap b\u1ea3o v\u1ec7 \u0111\u00e8n khi s\u1eed d\u1ee5ng.<br \/>\n&#8211; C\u00e2y \u0111\u00e8n c\u00f3 \u0111\u1ed9 s\u00e1ng cao n\u00e0y v\u00f4 \u0111\u1ecbch khi n\u00f3i v\u1ec1 \u0111\u1ed9 s\u00e1ng v\u00e0 ch\u1ee9c n\u0103ng. \u0110\u00e8n pin c\u00f3 kh\u1ea3 n\u0103ng l\u1ea5y n\u00e9t nhanh b\u1eb1ng m\u1ed9t tay v\u1edbi \u0111\u1ea7u \u0111\u00e8n ph\u1eb3ng gi\u00fap n\u00f3 c\u00f3 th\u1ec3 \u0111\u01b0\u1ee3c \u0111\u1eb7t th\u1eb3ng \u0111\u1ee9ng tr\u00ean m\u1eb7t \u0111\u1ea5t, gi\u00fap d\u1ec5 d\u00e0ng s\u1eed d\u1ee5ng trong m\u1ecdi t\u00ecnh hu\u1ed1ng. V\u00e0 nhanh ch\u00f3ng quay l\u1ea1i l\u00e0m vi\u1ec7c nh\u1edd h\u1ec7 th\u1ed1ng \u201c s\u1ea1c nhanh \u2013 rapid charge\u201d cho kh\u1ed1i pin dung l\u01b0\u1ee3ng cao.<\/p>\n<p>LedLenser l\u00e0 th\u01b0\u01a1ng hi\u1ec7u \u0111\u00e8n pin cao c\u1ea5p n\u1ed5i ti\u1ebfng kh\u1eafp th\u1ebf gi\u1edbi c\u00f3 tr\u1ee5 s\u1edf ch\u00ednh t\u1ea1i \u0110\u1ee9c, c\u00e1c s\u1ea3n ph\u1ea9m LedLenser ch\u00ednh th\u1ee9c \u0111\u01b0\u1ee3c ph\u00e2n ph\u1ed1i tr\u00ean th\u1ecb tr\u01b0\u1eddng Vi\u1ec7t Nam v\u00e0o n\u0103m 2014, v\u1edbi m\u1ee5c ti\u00eau  s\u1ebd tr\u1edf th\u00e0nh th\u01b0\u01a1ng hi\u1ec7u th\u00e2n thi\u1ebft v\u1edbi m\u1ecdi gia \u0111\u00ecnh.<\/p>\n<p>HIBUCENTER cam k\u1ebft b\u00e1n t\u1ea5t c\u1ea3 c\u00e1c s\u1ea3n ph\u1ea9m c\u1ee7a LEDLENSER Ch\u00ednh H\u00e3ng \u2013 Uy T\u00edn \u2013 Ch\u1ea5t L\u01b0\u1ee3ng!!!<\/p>\n<p>#LEDLENSER #LEDLENSER_\u0110\u1ee8C #HANGCHINHHANG #HIBUCENTER  #LEDLENSER_i18R_3000_Lumens<\/p>\n","protected":false},"excerpt":{"rendered":"<p>\u0110\u00e8n Pin C\u00f4ng Nghi\u1ec7p LEDLENSER i18R 3000 Lumens, Chi\u1ebfu Xa 540 M, H\u00e0ng Ch\u00ednh H\u00e3ng \u2013 HIBUCENTER Th\u00f4ng s\u1ed1 k\u1ef9 thu\u1eadt: &#8211; Tr\u1ecdng l\u01b0\u1ee3ng: 620g &#8211; K\u00edch th\u01b0\u1edbc: 171 mm &#8211; Lo\u1ea1i pin: 3 X 18650 &#8211; T\u00ednh n\u0103ng s\u1ea1c: C\u00f3 &#8211; Th\u01b0\u01a1ng hi\u1ec7u: LEDLENSER \u2013 \u0110\u1ee8C &#8211; B\u1ea3o h\u00e0nh: 7 n\u0103m (Ch\u00ednh H\u00e3ng) Hi\u1ec7u&hellip;<\/p>\n","protected":false},"featured_media":5689,"comment_status":"closed","ping_status":"open","template":"","meta":[],"product_cat":[80],"product_tag":[],"class_list":{"0":"post-5688","1":"product","2":"type-product","3":"status-publish","4":"has-post-thumbnail","6":"product_brand-ledlenser","7":"product_cat-den-pin-cao-cap","9":"first","10":"instock","11":"featured","12":"product-type-simple","13":"col-xs-6 col-sm-4","14":"col-md-3 col-lg-3","15":"un-4-cols"},"_links":{"self":[{"href":"https:\/\/hibucenter.com\/index.php\/wp-json\/wp\/v2\/product\/5688","targetHints":{"allow":["GET"]}}],"collection":[{"href":"https:\/\/hibucenter.com\/index.php\/wp-json\/wp\/v2\/product"}],"about":[{"href":"https:\/\/hibucenter.com\/index.php\/wp-json\/wp\/v2\/types\/product"}],"replies":[{"embeddable":true,"href":"https:\/\/hibucenter.com\/index.php\/wp-json\/wp\/v2\/comments?post=5688"}],"version-history":[{"count":0,"href":"https:\/\/hibucenter.com\/index.php\/wp-json\/wp\/v2\/product\/5688\/revisions"}],"wp:featuredmedia":[{"embeddable":true,"href":"https:\/\/hibucenter.com\/index.php\/wp-json\/wp\/v2\/media\/5689"}],"wp:attachment":[{"href":"https:\/\/hibucenter.com\/index.php\/wp-json\/wp\/v2\/media?parent=5688"}],"wp:term":[{"taxonomy":"product_cat","embeddable":true,"href":"https:\/\/hibucenter.com\/index.php\/wp-json\/wp\/v2\/product_cat?post=5688"},{"taxonomy":"product_tag","embeddable":true,"href":"https:\/\/hibucenter.com\/index.php\/wp-json\/wp\/v2\/product_tag?post=5688"}],"curies":[{"name":"wp","href":"https:\/\/api.w.org\/{rel}","templated":true}]}}