{"id":5646,"date":"2025-04-28T10:29:20","date_gmt":"2025-04-28T03:29:20","guid":{"rendered":"https:\/\/hibucenter.com\/index.php\/product\/den-pin-moc-khoa-ledlenser-k4r-mau-moi-2021-120-lumens-co-the-sac-lai\/"},"modified":"2025-04-29T10:29:03","modified_gmt":"2025-04-29T03:29:03","slug":"den-pin-moc-khoa-ledlenser-k4r-mau-moi-2021-120-lumens-co-the-sac-lai","status":"publish","type":"product","link":"https:\/\/hibucenter.com\/index.php\/den-pin-moc-khoa-ledlenser-k4r-mau-moi-2021-120-lumens-co-the-sac-lai\/","title":{"rendered":"\u0110\u00e8n Pin M\u00f3c Kh\u00f3a LEDLENSER K4R M\u1eabu M\u1edbi 2021 &#8211; 120 Lumens &#8211; C\u00f3 Th\u1ec3 S\u1ea1c L\u1ea1i"},"content":{"rendered":"<p>\u0110\u00e8n Pin M\u00f3c Kh\u00f3a LEDLENSER K4R M\u1eabu M\u1edbi 2021 &#8211; 120 Lumens &#8211; C\u00f3 Th\u1ec3 S\u1ea1c L\u1ea1i<\/p>\n<p> TH\u00d4NG TIN S\u1ea2N PH\u1ea8M:<br \/>\n\u2022\tSi\u00eau g\u1ecdn nh\u1eb9, v\u1edbi ngu\u1ed3n s\u00e1ng m\u1ea1nh m\u1ebd 120lm<br \/>\n\u2022\tC\u00f3 th\u1ec3 s\u1ea1c nhi\u1ec1u l\u1ea7n v\u1edbi c\u1ed5ng USB \u0111i k\u00e8m<br \/>\n\u2022\tT\u1ea7m chi\u1ebfu r\u1ed9ng<br \/>\n\u2022   \u00c1nh s\u00e1ng: Tr\u1eafng<br \/>\n\u2022\tM\u00f3c kho\u00e1 kim lo\u1ea1i gi\u00fap b\u1ea1n s\u1eed d\u1ee5ng v\u00e0 \u0111eo tr\u00ean ng\u01b0\u1eddi m\u1ed9t c\u00e1ch ti\u1ec7n l\u1ee3i<br \/>\n\u2022\tV\u1ecf nh\u00f4m cao c\u1ea5p<br \/>\n\u2022\t\u0110\u1ed9 s\u00e1ng: Max 120lm \u2013 Min 20lm<br \/>\n\u2022\tChi\u1ebfu xa: Max 30m \u2013 Min 10m<br \/>\n\u2022\tTh\u1eddi l\u01b0\u1ee3ng pin: Max 3.5 gi\u1edd &#8211; Min 1 gi\u1edd<br \/>\n\u2022\tK\u00edch th\u01b0\u1edbc: 25 x 52 x 11 mm<br \/>\n\u2022\tTr\u1ecdng l\u01b0\u1ee3ng: 20 g<br \/>\n\u2022\tT\u00ednh n\u0103ng s\u1ea1c: C\u00f3, s\u1ea1c nhanh USB-A<br \/>\n\u2022\tLo\u1ea1i pin: Polymer 3.7V 180mAh<br \/>\n\u2022\tM\u00e0u: Grey: 502574 \/\/ Gold: 502575<br \/>\n\u2022       B\u1ea2O H\u00c0NH : 2 N\u0102M<\/p>\n<p>#LEDLENSER#DEN_PIN_MOC_KHOA#DEN_PIN_BO_TUI#K4R#HIBUCENTER<\/p>\n","protected":false},"excerpt":{"rendered":"<p>\u0110\u00e8n Pin M\u00f3c Kh\u00f3a LEDLENSER K4R M\u1eabu M\u1edbi 2021 &#8211; 120 Lumens &#8211; C\u00f3 Th\u1ec3 S\u1ea1c L\u1ea1i TH\u00d4NG TIN S\u1ea2N PH\u1ea8M: \u2022 Si\u00eau g\u1ecdn nh\u1eb9, v\u1edbi ngu\u1ed3n s\u00e1ng m\u1ea1nh m\u1ebd 120lm \u2022 C\u00f3 th\u1ec3 s\u1ea1c nhi\u1ec1u l\u1ea7n v\u1edbi c\u1ed5ng USB \u0111i k\u00e8m \u2022 T\u1ea7m chi\u1ebfu r\u1ed9ng \u2022 \u00c1nh s\u00e1ng: Tr\u1eafng \u2022 M\u00f3c kho\u00e1 kim lo\u1ea1i&hellip;<\/p>\n","protected":false},"featured_media":5647,"comment_status":"closed","ping_status":"open","template":"","meta":[],"product_cat":[80],"product_tag":[],"class_list":{"0":"post-5646","1":"product","2":"type-product","3":"status-publish","4":"has-post-thumbnail","6":"product_brand-ledlenser","7":"product_cat-den-pin-cao-cap","9":"first","10":"instock","11":"featured","12":"product-type-simple","13":"col-xs-6 col-sm-4","14":"col-md-3 col-lg-3","15":"un-4-cols"},"_links":{"self":[{"href":"https:\/\/hibucenter.com\/index.php\/wp-json\/wp\/v2\/product\/5646","targetHints":{"allow":["GET"]}}],"collection":[{"href":"https:\/\/hibucenter.com\/index.php\/wp-json\/wp\/v2\/product"}],"about":[{"href":"https:\/\/hibucenter.com\/index.php\/wp-json\/wp\/v2\/types\/product"}],"replies":[{"embeddable":true,"href":"https:\/\/hibucenter.com\/index.php\/wp-json\/wp\/v2\/comments?post=5646"}],"version-history":[{"count":0,"href":"https:\/\/hibucenter.com\/index.php\/wp-json\/wp\/v2\/product\/5646\/revisions"}],"wp:featuredmedia":[{"embeddable":true,"href":"https:\/\/hibucenter.com\/index.php\/wp-json\/wp\/v2\/media\/5647"}],"wp:attachment":[{"href":"https:\/\/hibucenter.com\/index.php\/wp-json\/wp\/v2\/media?parent=5646"}],"wp:term":[{"taxonomy":"product_cat","embeddable":true,"href":"https:\/\/hibucenter.com\/index.php\/wp-json\/wp\/v2\/product_cat?post=5646"},{"taxonomy":"product_tag","embeddable":true,"href":"https:\/\/hibucenter.com\/index.php\/wp-json\/wp\/v2\/product_tag?post=5646"}],"curies":[{"name":"wp","href":"https:\/\/api.w.org\/{rel}","templated":true}]}}