{"id":5609,"date":"2025-04-28T10:28:53","date_gmt":"2025-04-28T03:28:53","guid":{"rendered":"https:\/\/hibucenter.com\/index.php\/product\/den-pin-chong-chay-no-ledlenser-il4-80-lumens-hibucenter\/"},"modified":"2025-04-29T10:29:03","modified_gmt":"2025-04-29T03:29:03","slug":"den-pin-chong-chay-no-ledlenser-il4-80-lumens-hibucenter","status":"publish","type":"product","link":"https:\/\/hibucenter.com\/index.php\/den-pin-chong-chay-no-ledlenser-il4-80-lumens-hibucenter\/","title":{"rendered":"\u0110\u00e8n Pin Ch\u1ed1ng Ch\u00e1y N\u1ed5 LEDLENSER iL4 &#8211; 80 Lumens | Hibucenter"},"content":{"rendered":"<p>\u0110\u00e8n Pin Ch\u1ed1ng Ch\u00e1y N\u1ed5 LEDLENSER iL4 &#8211; 80 Lumens<\/p>\n<p>LEDLENSER iL4 Nh\u1ecf v\u00e0 ti\u1ec7n d\u1ee5ng nh\u01b0 m\u1ed9t chi\u1ebfc b\u00fat nh\u01b0ng c\u1ee9ng c\u00e1p v\u00e0 an to\u00e0n nh\u01b0 c\u00e1c lo\u1ea1i \u0111\u00e8n kh\u00e1c trong d\u00f2ng iL l\u00e0 \u0111\u00e8n pin LEDLENSER iL4. N\u00f3 \u0111\u01b0\u1ee3c thi\u1ebft k\u1ebf \u0111\u1eb7c bi\u1ec7t \u0111\u1ec3 ho\u1ea1t \u0111\u1ed9ng trong m\u00f4i tr\u01b0\u1eddng kh\u00ed, h\u01a1i, b\u1ee5i d\u1ec5 ch\u00e1y n\u1ed5 v\u1edbi c\u1ea5p \u0111\u1ed9 b\u1ea3o v\u1ec7 zone 2\/22. N\u00f3 c\u0169ng l\u00e0 d\u00f2ng c\u00f3 gi\u00e1 c\u1ea3 ph\u1ea3i ch\u0103ng nh\u1ea5t trong d\u00f2ng iL.<\/p>\n<p>\u2728\u2728Th\u00f4ng s\u1ed1 k\u1ef9 thu\u1eadt:<br \/>\n&#8211;\tChi\u1ec1u d\u00e0i : 14 cm<br \/>\n&#8211;\tTr\u1ecdng l\u01b0\u1ee3ng: 65 gram<br \/>\n&#8211;\t\u0110\u1ed9 s\u00e1ng t\u1ed1i \u0111a: 80 Lumens<br \/>\n&#8211;\tKho\u1ea3ng c\u00e1ch \u00e1nh s\u00e1ng: 50 m<br \/>\n&#8211;\tTh\u1eddi gian ho\u1ea1t \u0111\u1ed9ng t\u1ed1i \u0111a: 4 gi\u1edd<br \/>\n&#8211;\tLo\u1ea1i Pin: 2 x AAA 1.5V<br \/>\n&#8211;\tS\u1ea3n ph\u1ea9m th\u01b0\u01a1ng hi\u1ec7u LedLenser (\u0110\u1ee9c)<br \/>\n&#8211;\tT\u00ednh n\u0103ng s\u1ea1c pin: Kh\u00f4ng<\/p>\n<p>(*)HIBU CENTER cam k\u1ebft chuy\u00ean ph\u00e2n ph\u1ed1i c\u00e1c s\u1ea3n ph\u1ea9m c\u1ee7a LEDLENSER Ch\u00ednh H\u00e3ng \u2013 Uy T\u00edn \u2013 Ch\u1ea5t L\u01b0\u1ee3ng !!!<\/p>\n<p>#HiBuCenter #Kounbox #DenPin DenPinCaoCap #CaoCap #DenPinDanhChoOto #DenOto #LEDLENSER #DenPinLEDLENSER #DenPinCaoCapLEDLENSER #DenPinLan #DenPin #DenPinDoiDau<\/p>\n","protected":false},"excerpt":{"rendered":"<p>\u0110\u00e8n Pin Ch\u1ed1ng Ch\u00e1y N\u1ed5 LEDLENSER iL4 &#8211; 80 Lumens LEDLENSER iL4 Nh\u1ecf v\u00e0 ti\u1ec7n d\u1ee5ng nh\u01b0 m\u1ed9t chi\u1ebfc b\u00fat nh\u01b0ng c\u1ee9ng c\u00e1p v\u00e0 an to\u00e0n nh\u01b0 c\u00e1c lo\u1ea1i \u0111\u00e8n kh\u00e1c trong d\u00f2ng iL l\u00e0 \u0111\u00e8n pin LEDLENSER iL4. N\u00f3 \u0111\u01b0\u1ee3c thi\u1ebft k\u1ebf \u0111\u1eb7c bi\u1ec7t \u0111\u1ec3 ho\u1ea1t \u0111\u1ed9ng trong m\u00f4i tr\u01b0\u1eddng kh\u00ed, h\u01a1i, b\u1ee5i d\u1ec5&hellip;<\/p>\n","protected":false},"featured_media":5610,"comment_status":"closed","ping_status":"open","template":"","meta":[],"product_cat":[80],"product_tag":[],"class_list":{"0":"post-5609","1":"product","2":"type-product","3":"status-publish","4":"has-post-thumbnail","6":"product_brand-ledlenser","7":"product_cat-den-pin-cao-cap","9":"first","10":"instock","11":"featured","12":"product-type-simple","13":"col-xs-6 col-sm-4","14":"col-md-3 col-lg-3","15":"un-4-cols"},"_links":{"self":[{"href":"https:\/\/hibucenter.com\/index.php\/wp-json\/wp\/v2\/product\/5609","targetHints":{"allow":["GET"]}}],"collection":[{"href":"https:\/\/hibucenter.com\/index.php\/wp-json\/wp\/v2\/product"}],"about":[{"href":"https:\/\/hibucenter.com\/index.php\/wp-json\/wp\/v2\/types\/product"}],"replies":[{"embeddable":true,"href":"https:\/\/hibucenter.com\/index.php\/wp-json\/wp\/v2\/comments?post=5609"}],"version-history":[{"count":0,"href":"https:\/\/hibucenter.com\/index.php\/wp-json\/wp\/v2\/product\/5609\/revisions"}],"wp:featuredmedia":[{"embeddable":true,"href":"https:\/\/hibucenter.com\/index.php\/wp-json\/wp\/v2\/media\/5610"}],"wp:attachment":[{"href":"https:\/\/hibucenter.com\/index.php\/wp-json\/wp\/v2\/media?parent=5609"}],"wp:term":[{"taxonomy":"product_cat","embeddable":true,"href":"https:\/\/hibucenter.com\/index.php\/wp-json\/wp\/v2\/product_cat?post=5609"},{"taxonomy":"product_tag","embeddable":true,"href":"https:\/\/hibucenter.com\/index.php\/wp-json\/wp\/v2\/product_tag?post=5609"}],"curies":[{"name":"wp","href":"https:\/\/api.w.org\/{rel}","templated":true}]}}