{"id":5513,"date":"2025-04-28T10:27:35","date_gmt":"2025-04-28T03:27:35","guid":{"rendered":"https:\/\/hibucenter.com\/index.php\/product\/den-pin-cam-tay-ledlenser-p18r-signature-4500-lumens-khong-co-doi-thu-sac-nam-cham-hang-chinh-hang-hibucenter\/"},"modified":"2025-05-27T11:28:52","modified_gmt":"2025-05-27T04:28:52","slug":"den-pin-cam-tay-ledlenser-p18r-signature-4500-lumens-khong-co-doi-thu-sac-nam-cham-hang-chinh-hang-hibucenter","status":"publish","type":"product","link":"https:\/\/hibucenter.com\/index.php\/den-pin-cam-tay-ledlenser-p18r-signature-4500-lumens-khong-co-doi-thu-sac-nam-cham-hang-chinh-hang-hibucenter\/","title":{"rendered":"\u0110\u00e8n Pin C\u1ea7m Tay LEDLENSER P18R Signature 4500 Lumens"},"content":{"rendered":"<p>\u0110\u00e8n Pin C\u1ea7m Tay LEDLENSER P18R Signature 4500 Lumens<\/p>\n<p>P18R Signature l\u00e0 m\u1ed9t chi\u1ebfc \u0111\u00e8n kh\u00f4ng c\u00f3 \u0111\u1ed1i th\u1ee7, v\u1edbi c\u00f4ng ngh\u1ec7 X-Lens Technology v\u00e0 4500 lumens \u00e1nh s\u00e1ng. C\u00f4ng ngh\u1ec7 Advanced Focus System v\u00e0 Smart Light Technology cho ngu\u1ed3n s\u00e1ng tu\u1ef3 ch\u1ec9nh c\u00e1 nh\u00e2n, v\u00e0 l\u1edbp v\u1ecf ch\u1ed1ng th\u1ea5m, ch\u1ed1ng b\u1ee5i v\u00e0 ch\u1ed1ng \u0103n m\u00f2n- b\u1ea1n c\u00f3 th\u1ec3 t\u00ecm ki\u1ebfm th\u00eam \u0111i\u1ec1u g\u00ec? Ngu\u1ed3n pin c\u1ee7a \u0111\u00e8n m\u1ea1nh m\u1ebd, d\u1ec5 d\u00e0ng s\u1ea1c m\u1ed9t c\u00e1ch nhanh ch\u00f3ng v\u1edbi c\u00f4ng ngh\u1ec7 Magnetic Charge System. Chi\u1ebfc \u0111\u00e8n l\u00fd t\u01b0\u1edfng cho m\u1ecdi ho\u1ea1t \u0111\u1ed9ng ngo\u00e0i tr\u1eddi n\u00e0y c\u0169ng c\u00f3 th\u1ec3 \u0111\u1ee9ng v\u1eefng v\u00e0ng tr\u00ean m\u1eb7t b\u00e0n ho\u1eb7c m\u1eb7t \u0111\u1ea5t, \u0111\u1ec3 \u00e1nh s\u00e1ng c\u00f3 th\u1ec3 theo b\u1ea1n kh\u1eafp m\u1ecdi n\u01a1i.<\/p>\n<p>\u2013 \u0110\u00e8n pin cao c\u1ea5p v\u1edbi 4500 lumens \u00e1nh s\u00e1ng, cho ngu\u1ed3n s\u00e1ng b\u1ec1n b\u1ec9 trong th\u1eddi gian d\u00e0i.<br \/>\n\u2013 H\u1ec7 Th\u1ed1ng Advanced Focus, cho ch\u1ebf \u0111\u1ed9 s\u00e1ng qu\u1ea7ng r\u1ed9ng v\u00e0 t\u1ee5 \u0111i\u1ec3m, d\u1ec5 d\u00e0ng \u0111i\u1ec1u ch\u1ec9nh v\u00e0 ch\u00ednh x\u00e1c.<br \/>\n\u2013 C\u00f4ng ngh\u1ec7 Smart Light Technology cho ch\u1ebf \u0111\u1ed9 s\u00e1ng tu\u1ef3 ch\u1ec9nh.<br \/>\n\u2013 L\u1edbp v\u1ecf kim lo\u1ea1i anodized ch\u1ed1ng th\u1ea5m, ch\u1ed1ng \u0103n m\u00f2n.<br \/>\n\u2013 S\u1ea1c pin ti\u1ec7n l\u1ee3i v\u1edbi h\u1ec7 th\u1ed1ng Magnetic Charge System.<\/p>\n<p>K\u00edch th\u01b0\u1edbc: 178mm<br \/>\nTr\u1ecdng l\u01b0\u1ee3ng: 637 g<br \/>\nPin: li-ion, 1.1V, 3000mAh, 33.3 Wh<br \/>\nTh\u1eddi gian s\u1ea1c: 330 ph\u00fat<\/p>\n<p>Hi\u1ec7u su\u1ea5t Ti\u00eau chu\u1ea9n FL1:<br \/>\n&#8211; \u0110\u1ed9 s\u00e1ng t\u1ed1i \u0111a: 4500 Lumens T\u1ed1i thi\u1ec3u: 30 Lumens<br \/>\n&#8211; Kho\u1ea3ng c\u00e1ch t\u1ed1i \u0111a: 720 M T\u1ed1i thi\u1ec3u: 50 M<br \/>\n&#8211; Th\u1eddi l\u01b0\u1ee3ng Pin: 70 gi\u1edd T\u1ed1i thi\u1ec3u: 2.5 gi\u1edd<br \/>\n&#8211; Chu\u1ea9n b\u1ea3o v\u1ec7 ch\u1ed1ng n\u01b0\u1edbc: IP54<\/p>\n<p>Th\u01b0\u01a1ng hi\u1ec7u: LEDLENSER \u2013 \u0110\u1ee8C<br \/>\nB\u1ea3o h\u00e0nh: 7 n\u0103m (H\u00e0ng Ch\u00ednh H\u00e3ng)<\/p>\n<p>HIBUCENTER cam k\u1ebft b\u00e1n t\u1ea5t c\u1ea3 c\u00e1c s\u1ea3n ph\u1ea9m c\u1ee7a LEDLENSER Ch\u00ednh H\u00e3ng \u2013 Uy T\u00edn \u2013 Ch\u1ea5t L\u01b0\u1ee3ng!!!!<\/p>\n<p>#LEDLENSER #SIGNATURE #HangChinhHang #BaoHanh7Nam #XuatXuDuc #Germany #HIBUCENTER #4500LumensKhongCoDoiThu #SacTuTinh #SacNamCham<\/p>\n","protected":false},"excerpt":{"rendered":"<p>\u0110\u00e8n Pin C\u1ea7m Tay LEDLENSER P18R Signature 4500 Lumens P18R Signature l\u00e0 m\u1ed9t chi\u1ebfc \u0111\u00e8n kh\u00f4ng c\u00f3 \u0111\u1ed1i th\u1ee7, v\u1edbi c\u00f4ng ngh\u1ec7 X-Lens Technology v\u00e0 4500 lumens \u00e1nh s\u00e1ng. C\u00f4ng ngh\u1ec7 Advanced Focus System v\u00e0 Smart Light Technology cho ngu\u1ed3n s\u00e1ng tu\u1ef3 ch\u1ec9nh c\u00e1 nh\u00e2n, v\u00e0 l\u1edbp v\u1ecf ch\u1ed1ng th\u1ea5m, ch\u1ed1ng b\u1ee5i v\u00e0 ch\u1ed1ng \u0103n&hellip;<\/p>\n","protected":false},"featured_media":5514,"comment_status":"closed","ping_status":"closed","template":"","meta":[],"product_cat":[80],"product_tag":[],"class_list":{"0":"post-5513","1":"product","2":"type-product","3":"status-publish","4":"has-post-thumbnail","6":"product_brand-ledlenser","7":"product_cat-den-pin-cao-cap","9":"first","10":"instock","11":"featured","12":"purchasable","13":"product-type-simple","14":"col-xs-6 col-sm-4","15":"col-md-3 col-lg-3","16":"un-4-cols"},"_links":{"self":[{"href":"https:\/\/hibucenter.com\/index.php\/wp-json\/wp\/v2\/product\/5513","targetHints":{"allow":["GET"]}}],"collection":[{"href":"https:\/\/hibucenter.com\/index.php\/wp-json\/wp\/v2\/product"}],"about":[{"href":"https:\/\/hibucenter.com\/index.php\/wp-json\/wp\/v2\/types\/product"}],"replies":[{"embeddable":true,"href":"https:\/\/hibucenter.com\/index.php\/wp-json\/wp\/v2\/comments?post=5513"}],"version-history":[{"count":1,"href":"https:\/\/hibucenter.com\/index.php\/wp-json\/wp\/v2\/product\/5513\/revisions"}],"predecessor-version":[{"id":9826,"href":"https:\/\/hibucenter.com\/index.php\/wp-json\/wp\/v2\/product\/5513\/revisions\/9826"}],"wp:featuredmedia":[{"embeddable":true,"href":"https:\/\/hibucenter.com\/index.php\/wp-json\/wp\/v2\/media\/5514"}],"wp:attachment":[{"href":"https:\/\/hibucenter.com\/index.php\/wp-json\/wp\/v2\/media?parent=5513"}],"wp:term":[{"taxonomy":"product_cat","embeddable":true,"href":"https:\/\/hibucenter.com\/index.php\/wp-json\/wp\/v2\/product_cat?post=5513"},{"taxonomy":"product_tag","embeddable":true,"href":"https:\/\/hibucenter.com\/index.php\/wp-json\/wp\/v2\/product_tag?post=5513"}],"curies":[{"name":"wp","href":"https:\/\/api.w.org\/{rel}","templated":true}]}}