{"id":5485,"date":"2025-04-28T10:27:35","date_gmt":"2025-04-28T03:27:35","guid":{"rendered":"https:\/\/hibucenter.com\/index.php\/product\/den-pin-da-nang-ledlenser-p7r-work-1200lm-sieu-ben-khong-the-hu-hai-pin-sac-magnetic-charge-system-moi-2020\/"},"modified":"2025-05-20T09:58:53","modified_gmt":"2025-05-20T02:58:53","slug":"den-pin-cam-tay-ledlenser-p7r-work-1200-lm","status":"publish","type":"product","link":"https:\/\/hibucenter.com\/index.php\/den-pin-cam-tay-ledlenser-p7r-work-1200-lm\/","title":{"rendered":"\u0110\u00e8n Pin c\u1ea7m tay LedLenser P7R WORK 1200 Lm"},"content":{"rendered":"<p>\u0110\u00e8n Pin c\u1ea7m tay LedLenser P7R WORK 1200 Lm<\/p>\n<p>M\u1ed9t chi\u1ebfc \u0111\u00e8n g\u1ea7n nh\u01b0 kh\u00f4ng th\u1ec3 h\u01b0 h\u1ea1i. N\u01b0\u1edbc v\u00e0 b\u1ee5i kh\u00f4ng th\u1ec3 l\u00e0m h\u01b0 P7R Work, v\u1edbi c\u00f4ng ngh\u1ec7 Flex Sealing Technology (theo ti\u00eau chu\u1ea9n IP68).<br \/>\nL\u1edbp v\u1ecf cao su v\u00e0 m\u1ed9t l\u1edbp k\u00ednh b\u1ea3o v\u1ec7 \u0111\u1ea3m b\u1ea3o \u0111\u1ed9 an to\u00e0n cho \u0111\u00e8n trong tr\u01b0\u1eddng h\u1ee3p r\u01a1i v\u1ee1.<br \/>\nV\u00e0 cu\u1ed1i c\u00f9ng, ch\u1ea5t li\u1ec7u c\u1ee7a v\u1ecf \u0111\u00e8n c\u00f3 \u0111\u1ed9 ch\u1ed1ng \u0103n m\u00f2n ho\u00e1 h\u1ecdc r\u1ea5t cao.<br \/>\nT\u00ednh c\u00f4ng n\u0103ng c\u1ee7a P7R work c\u0169ng \u1ea5n t\u01b0\u1ee3ng kh\u00f4ng k\u00e9m: ngu\u1ed3n s\u00e1ng c\u1ef1c m\u1ea1nh, \u00e1nh s\u00e1ng t\u1ef1 nhi\u00ean v\u1edbi ch\u1ec9 ti\u00eau CRI \u0111\u1ea1t t\u1edbi 90, ch\u1ebf \u0111\u1ed9 s\u00e1ng tu\u1ef3 ch\u1ec9nh, h\u1ec7 th\u1ed1ng s\u1ea1c Nam Ch\u00e2m Magnetic Charge System v\u00e0 m\u1ed9t \u0111\u00e8n tr\u1eafng d\u1ecbu nh\u1eb9 b\u00ean h\u00f4ng l\u00e0 m\u1ed9t v\u00e0i \u0111i\u1ec3m nh\u1ea5n c\u1ee7a chi\u1ebfc \u0111\u00e8n n\u00e0y.<\/p>\n<p><img fetchpriority=\"high\" decoding=\"async\" class=\"\" src=\"https:\/\/down-vn.img.susercontent.com\/file\/ae01f13b083e8ac6a7ccd899164224d4\" alt=\"\u0110\u00e8n Pin \u0110a N\u0103ng LedLenser P7R WORK 1200Lm Si\u00eau B\u1ec1n, Kh\u00f4ng Th\u1ec3 H\u01b0 H\u1ea1i, Pin S\u1ea1c Magnetic Charge System \u2013 M\u1edbi 2020\" width=\"607\" height=\"607\" \/><\/p>\n<p>\u0110\u00e8n Pin c\u1ea7m tay LedLenser P7R WORK 1200 Lm<br \/>\n\u2013 \u0110\u00e8n pin c\u00f4ng n\u0103ng v\u00e0 \u0111a d\u1ee5ng v\u1edbi ch\u1ebf \u0111\u1ed9 \u00e1nh s\u00e1ng tu\u1ef3 ch\u1ec9nh v\u00e0 m\u00e0u s\u00e1ng t\u1ef1 nhi\u00ean (CRI 90)<br \/>\n\u2013 L\u1edbp v\u1ecf cao su \u1edf \u0111\u1ea7u \u0111\u00e8n v\u00e0 c\u00f4ng t\u1eafc gi\u00fap b\u1ea3o v\u1ec7 \u0111\u00e8n kh\u1ecfi r\u01a1i v\u1ee1 v\u00e0 gi\u00fap b\u1ea1n c\u1ea7m ch\u1eafc tay h\u01a1n<br \/>\n\u2013 L\u1edbp k\u00ednh b\u1ea3o v\u1ec7 \u0111\u00e8n kh\u1ecfi b\u1ee5i v\u00e0 r\u01a1i v\u1ee1<br \/>\n\u2013 \u00c1nh s\u00e1ng tr\u1eafng d\u1ecbu nh\u1eb9 b\u00ean h\u00f4ng \u0111\u00e8n cho ngu\u1ed3n s\u00e1ng t\u1ea7m chi\u1ebfu g\u1ea7n l\u00fd t\u01b0\u1edfng<br \/>\n\u2013 H\u1ec7 Th\u1ed1ng Advanced Focus, cho ch\u1ebf \u0111\u1ed9 s\u00e1ng qu\u1ea7ng r\u1ed9ng v\u00e0 t\u1ee5 \u0111i\u1ec3m, d\u1ec5 d\u00e0ng \u0111i\u1ec1u ch\u1ec9nh v\u00e0 ch\u00ednh x\u00e1c.<br \/>\n\u2013 \u0110\u1ebf s\u1ea1c \u0111a n\u0103ng, c\u00f3 th\u1ec3 g\u1eafn c\u01a1 \u0111\u1ed9ng ho\u1eb7c tr\u00ean b\u1ed9 s\u1ea1c Ledlenser 5-Station Charging Panel.<\/p>\n<p>Th\u00f4ng s\u1ed1 k\u1ef9 thu\u1eadt \u0110\u00e8n Pin c\u1ea7m tay LedLenser P7R WORK 1200 Lm:<br \/>\n+ K\u00edch th\u01b0\u1edbc: 170 mm<br \/>\n+ Tr\u1ecdng l\u01b0\u1ee3ng: 219 g<br \/>\n+ S\u1ea1c t\u1eeb t\u00ednh: C\u00f3<br \/>\n+ Pin:1 x 21000 3.7V 4800 mAh 17.76 Wh<br \/>\n+ Ch\u1ed1ng va \u0111\u1eadp: 3m<br \/>\n+ LED ch\u00ednh: Xtreme LED White 3700 \u2013 4400 K (CRI 90)<br \/>\n+ LED lu\u00e2n phi\u00ean: Low power LED 5300-7500 K ( CRI 75)<\/p>\n<p>Hi\u1ec7u su\u1ea5t \u0110\u00e8n Pin c\u1ea7m tay LedLenser P7R WORK 1200 Lm:<br \/>\nChi\u1ebfu s\u00e1ng ti\u00eau chu\u1ea9n FL1 t\u1ed1i \u0111a: 1200Lm Chi\u1ebfu xa: 240m Th\u1eddi gian: 2 gi\u1edd.<br \/>\nT\u1ed1i thi\u1ec3u: 15Lm Kho\u1ea3ng c\u00e1ch: 15M Trong v\u00f2ng: 60 gi\u1edd.<br \/>\nChu\u1ea9n ch\u1ed1ng n\u01b0\u1edbc: IP68<\/p>\n<p>\u0110\u00e8n Pin c\u1ea7m tay LedLenser P7R WORK 1200 Lm B\u1ea2O H\u00c0NH: 7 N\u0102M<br \/>\nTh\u01b0\u01a1ng hi\u1ec7u: LedLenser<\/p>\n<p>HIBUCENTER cam k\u1ebft b\u00e1n t\u1ea5t c\u1ea3 c\u00e1c s\u1ea3n ph\u1ea9m c\u1ee7a LedLenser Ch\u00ednh H\u00e3ng \u2013 Uy T\u00edn \u2013 Ch\u1ea5t L\u01b0\u1ee3ng!!!<\/p>\n<p>#HIBUCENTER #LedLenser #DenPinCamTay #DenPinDoiDau #DenChieuXa #DenChuyenDung #DenPinCamTraiDaNgoaiLedLenser #BaoHanhChinhHang7Nam #DenPinDuc #MadeInGermany #DenPinChongNuocLedLenser<\/p>\n","protected":false},"excerpt":{"rendered":"<p>\u0110\u00e8n Pin c\u1ea7m tay LedLenser P7R WORK 1200 Lm<br \/>\nM\u1ed9t chi\u1ebfc \u0111\u00e8n g\u1ea7n nh\u01b0 kh\u00f4ng th\u1ec3 h\u01b0 h\u1ea1i. N\u01b0\u1edbc v\u00e0 b\u1ee5i kh\u00f4ng th\u1ec3 l\u00e0m h\u01b0 P7R Work, v\u1edbi c\u00f4ng ngh\u1ec7 Flex Sealing Technology (theo ti\u00eau chu\u1ea9n IP68).<br \/>\nL\u1edbp v\u1ecf cao su v\u00e0 m\u1ed9t l\u1edbp k\u00ednh b\u1ea3o v\u1ec7 \u0111\u1ea3m b\u1ea3o \u0111\u1ed9 an to\u00e0n cho \u0111\u00e8n trong tr\u01b0\u1eddng h\u1ee3p r\u01a1i v\u1ee1.<br \/>\nV\u00e0 cu\u1ed1i c\u00f9ng, ch\u1ea5t li\u1ec7u c\u1ee7a v\u1ecf \u0111\u00e8n c\u00f3 \u0111\u1ed9 ch\u1ed1ng \u0103n m\u00f2n ho\u00e1 h\u1ecdc r\u1ea5t cao.<br \/>\nT\u00ednh c\u00f4ng n\u0103ng c\u1ee7a P7R work c\u0169ng \u1ea5n t\u01b0\u1ee3ng kh\u00f4ng k\u00e9m: ngu\u1ed3n s\u00e1ng c\u1ef1c m\u1ea1nh, \u00e1nh s\u00e1ng t\u1ef1 nhi\u00ean v\u1edbi ch\u1ec9 ti\u00eau CRI \u0111\u1ea1t t\u1edbi 90, ch\u1ebf \u0111\u1ed9 s\u00e1ng tu\u1ef3 ch\u1ec9nh, h\u1ec7 th\u1ed1ng s\u1ea1c Nam Ch\u00e2m Magnetic Charge System v\u00e0 m\u1ed9t \u0111\u00e8n tr\u1eafng d\u1ecbu nh\u1eb9 b\u00ean h\u00f4ng l\u00e0 m\u1ed9t v\u00e0i \u0111i\u1ec3m nh\u1ea5n c\u1ee7a chi\u1ebfc \u0111\u00e8n n\u00e0y.<\/p>\n","protected":false},"featured_media":5486,"comment_status":"closed","ping_status":"closed","template":"","meta":[],"product_cat":[80],"product_tag":[],"class_list":{"0":"post-5485","1":"product","2":"type-product","3":"status-publish","4":"has-post-thumbnail","6":"product_brand-ledlenser","7":"product_cat-den-pin-cao-cap","9":"first","10":"instock","11":"featured","12":"purchasable","13":"product-type-simple","14":"col-xs-6 col-sm-4","15":"col-md-3 col-lg-3","16":"un-4-cols"},"_links":{"self":[{"href":"https:\/\/hibucenter.com\/index.php\/wp-json\/wp\/v2\/product\/5485","targetHints":{"allow":["GET"]}}],"collection":[{"href":"https:\/\/hibucenter.com\/index.php\/wp-json\/wp\/v2\/product"}],"about":[{"href":"https:\/\/hibucenter.com\/index.php\/wp-json\/wp\/v2\/types\/product"}],"replies":[{"embeddable":true,"href":"https:\/\/hibucenter.com\/index.php\/wp-json\/wp\/v2\/comments?post=5485"}],"version-history":[{"count":4,"href":"https:\/\/hibucenter.com\/index.php\/wp-json\/wp\/v2\/product\/5485\/revisions"}],"predecessor-version":[{"id":8404,"href":"https:\/\/hibucenter.com\/index.php\/wp-json\/wp\/v2\/product\/5485\/revisions\/8404"}],"wp:featuredmedia":[{"embeddable":true,"href":"https:\/\/hibucenter.com\/index.php\/wp-json\/wp\/v2\/media\/5486"}],"wp:attachment":[{"href":"https:\/\/hibucenter.com\/index.php\/wp-json\/wp\/v2\/media?parent=5485"}],"wp:term":[{"taxonomy":"product_cat","embeddable":true,"href":"https:\/\/hibucenter.com\/index.php\/wp-json\/wp\/v2\/product_cat?post=5485"},{"taxonomy":"product_tag","embeddable":true,"href":"https:\/\/hibucenter.com\/index.php\/wp-json\/wp\/v2\/product_tag?post=5485"}],"curies":[{"name":"wp","href":"https:\/\/api.w.org\/{rel}","templated":true}]}}