{"id":5471,"date":"2025-04-28T10:27:05","date_gmt":"2025-04-28T03:27:05","guid":{"rendered":"https:\/\/hibucenter.com\/index.php\/product\/den-pin-doi-dau-ledlenser-mh8-600-lumens\/"},"modified":"2025-04-29T10:29:04","modified_gmt":"2025-04-29T03:29:04","slug":"den-pin-doi-dau-ledlenser-mh8-600-lumens","status":"publish","type":"product","link":"https:\/\/hibucenter.com\/index.php\/den-pin-doi-dau-ledlenser-mh8-600-lumens\/","title":{"rendered":"\u0110\u00e8n pin \u0111\u1ed9i \u0111\u1ea7u LEDLENSER MH8 \u2013 600 Lumens"},"content":{"rendered":"<p>\u0110\u00e8n pin \u0111\u1ed9i \u0111\u1ea7u LEDLENSER MH8 \u2013 600 Lumens<br \/>\nHIBU CENTER chuy\u00ean ph\u00e2n ph\u1ed1i c\u00e1c s\u1ea3n ph\u1ea9m \u0110\u00e8n pin \u0111\u1ed9i \u0111\u1ea7u LEDLENSER MH8 \u2013 600 Lumens<\/p>\n<p>TH\u00d4NG S\u1ed0 S\u1ea2N PH\u1ea8M:<br \/>\n&#8211;\tTh\u01b0\u01a1ng hi\u1ec7u: LedLenser Ch\u00ednh H\u00e3ng<br \/>\n&#8211;\tXu\u1ea5t x\u1ee9: \u0110\u1ee9c<br \/>\n&#8211;\tS\u1ea3n xu\u1ea5t t\u1ea1i: Trung Qu\u1ed1c<br \/>\n&#8211;\tM\u00e3 s\u1ea3n ph\u1ea9m: MH8<br \/>\nPIN<br \/>\n&#8211;\tPin 2\u00d714500  3.7V<br \/>\n&#8211;\tC\u00f4ng su\u1ea5t: 5.73 Wh<br \/>\n&#8211;\tS\u1ea1c: C\u00f3<br \/>\nK\u00edch th\u01b0\u1edbc:<br \/>\n&#8211;\tV\u00f2ng \u0111\u1ea7u: 31 mm<br \/>\n&#8211;\tTr\u1ecdng l\u01b0\u1ee3ng: 140 g<br \/>\n&#8211;\tM\u00e0u s\u1eafc: \u0110en, Xanh L\u00e1, Camo<br \/>\n&#8211;\tB\u1ea3o h\u00e0nh: 7 N\u0103m<\/p>\n<p>M\u00f4 t\u1ea3 s\u1ea3n ph\u1ea9m:<br \/>\n&#8211;\tV\u1edbi MH8, b\u1ea1n c\u00f3 th\u1ec3 t\u1eadn h\u01b0\u1edfng s\u1ef1 linh ho\u1ea1t t\u1ed1i \u0111a, ngay c\u1ea3 trong v\u00f9ng hoang d\u00e3.<br \/>\n&#8211;\tNh\u1edd \u0111\u1ea7u \u0111\u00e8n c\u00f3 th\u1ec3 th\u00e1o r\u1eddi, n\u00f3 c\u00f3 th\u1ec3 \u0111\u01b0\u1ee3c s\u1eed d\u1ee5ng nh\u01b0 \u0111\u00e8n pha \u0111\u1ed9i \u0111\u1ea7u ho\u1eb7c \u0111\u00e8n c\u1ea7m tay.<br \/>\n&#8211;\tPin lithium-ion t\u00edch h\u1ee3p c\u00f3 th\u1ec3 s\u1ea1c nhanh \u1edf nh\u00e0 b\u1eb1ng c\u00e1p s\u1ea1c USB t\u1eeb t\u00ednh \u2013 ho\u1eb7c c\u00e1c chuy\u1ebfn \u0111i d\u00e0i h\u01a1n m\u00e0 kh\u00f4ng c\u1ea7n s\u1eed d\u1ee5ng ngu\u1ed3n \u0111i\u1ec7n.<br \/>\n&#8211;\tB\u1ea1n c\u00f3 th\u1ec3 s\u1eed d\u1ee5ng pin d\u00f9ng m\u1ed9t l\u1ea7n th\u00f4ng th\u01b0\u1eddng. Qua \u0111\u00eam d\u00e0i b\u1eb1ng ch\u1ebf \u0111\u1ed9 ti\u1ebft ki\u1ec7m n\u0103ng l\u01b0\u1ee3ng ho\u1eb7c ch\u1ecdn ch\u1ebf \u0111\u1ed9 \u00e1nh s\u00e1ng li\u00ean t\u1ee5c cho c\u00f4ng su\u1ea5t \u0111\u00e8n \u0111\u1ea1t hi\u1ec7u xu\u1ea5t cao nh\u1ea5t.<br \/>\n&#8211;\tV\u00e0 ch\u1eafc ch\u1eafn b\u1ea1n c\u00f3 th\u1ec3 ch\u1ecdn gi\u1eefa \u00e1nh s\u00e1ng \u0111\u1ecf, xanh l\u00e1 c\u00e2y ho\u1eb7c xanh lam.<br \/>\n&#8211;\tS\u1ea3n Ph\u1ea9m \u0111\u1ed9c \u0111\u00e1o, ch\u1ea5t l\u01b0\u1ee3ng h\u00e0ng \u0111\u1ea7u, c\u00f4ng ngh\u1ec7 th\u00e2n thi\u1ec7n v\u1edbi m\u00f4i tr\u01b0\u1eddng<br \/>\n&#8211;\t\u0110\u00e8n pin cao c\u1ea5p nh\u1eb1m \u0111\u00e1p \u1ee9ng nhu c\u1ea7u c\u00f4ng vi\u1ec7c \u0111a d\u1ea1ng c\u1ee7a ng\u01b0\u1eddi ti\u00eau d\u00f9ng<\/p>\n<p>C\u00f4ng ngh\u1ec7:<br \/>\nADVANCED FOCUS SYSTEM\u2122<br \/>\n&#8211;\tTheo truy\u1ec1n th\u1ed1ng, h\u1ec7 th\u1ed1ng ph\u1ea3n x\u1ea1 \u00e1nh s\u00e1ng ch\u1ec9 l\u00e0 th\u1ea5u k\u00ednh,ho\u1eb7c g\u01b0\u01a1ng ph\u1ea3n x\u1ea1. H\u1ec7 th\u1ed1ng ph\u1ea3n x\u1ea1 \u00e1nh s\u00e1ng c\u1ea3i ti\u1ebfn (AFS) l\u00e0 s\u1ef1 k\u1ebft h\u1ee3p (\u0111\u00e3 \u0111\u01b0\u1ee3c c\u1ea5p b\u1eb1ng s\u00e1ng ch\u1ebf)c\u1ee7a m\u1ed9t t\u1ed5 h\u1ee3p gi\u1eefa g\u01b0\u01a1ng ph\u1ea3n x\u1ea1 v\u00e0 th\u1ea5u k\u00ednh nh\u1eb1m t\u1ea1o ra m\u1ed9t ch\u00f9m tia s\u00e1ng t\u1eadp trung cho \u0111\u01b0\u1eddng d\u00e0i v\u00e0 ch\u00f9m \u00e1nh s\u00e1ng \u0111\u1ed3ng nh\u1ea5t khi chi\u1ebfu g\u1ea7n. AFS c\u00f3 ngh\u0129a l\u00e0 cho d\u00f9 b\u1ea1n \u0111ang \u0111\u1ecdc g\u1ea7n s\u00e1t b\u1ea3n \u0111\u1ed3 ho\u1eb7c ho\u1eb7c chi\u1ebfu t\u1eadp trung \u0111\u1ebfn m\u1ed9t \u0111i\u1ec3m \u1edf xa , M\u1eaft b\u1ea1n v\u1eabn c\u00f3 th\u1ec3 nh\u00ecn r\u00f5 v\u00e0 s\u00e1ng<br \/>\nSMART LIGHT TECHNOLOGY (BASIC)<br \/>\n&#8211;\tC\u00f4ng ngh\u1ec7 \u00e1nh s\u00e1ng th\u00f4ng minh cho ph\u00e9p b\u1ea1n c\u00e0i \u0111\u1eb7t ch\u1ebf \u0111\u1ed9 chi\u1ebfu s\u00e1ng theo y\u00eau c\u1ea7u . Ba m\u1ee9c \u00e1nh s\u00e1ng (Power, Low Power v\u00e0 Defense Strobe) \u0111\u01b0\u1ee3c d\u1ec5 d\u00e0ng thi\u1ebft l\u1eadp v\u1edbi v\u00e0i c\u00fa b\u1ea5m, ch\u1ea1m, gi\u00fap b\u1ea1n t\u1eadp trung v\u1edbi c\u00f4ng vi\u1ec7c thay v\u00ec ph\u1ea3i ch\u00fa \u00fd t\u1edbi \u0111i\u1ec1u khi\u1ec3n \u00e1nh s\u00e1ng.<br \/>\nUSB CHARGE<\/p>\n<p>Quy \u0111\u1ecbnh b\u1ea3o h\u00e0nh:<br \/>\n\u2022\tCh\u00fang t\u00f4i cam k\u1ebft cung c\u1ea5p d\u1ecbch v\u1ee5 b\u1ea3o h\u00e0nh 5 n\u0103m cho t\u1ea5t c\u1ea3 c\u00e1c s\u1ea3n ph\u1ea9m (s\u1ebd l\u00e0 b\u1ea3y n\u0103m n\u1ebfu s\u1ea3n ph\u1ea9m \u0111\u01b0\u1ee3c \u0111\u0103ng k\u00fd online theo phi\u1ebfu b\u1ea3o h\u00e0nh \u0111\u00ednh k\u00e8m s\u1ea3n ph\u1ea9m ) t\u00ednh t\u1eeb ng\u00e0y mua h\u00e0ng.<br \/>\n\u2022\tPin s\u1ea1c \u0111\u01b0\u1ee3c \u00e1p d\u1ee5ng th\u1eddi h\u1ea1n b\u1ea3o h\u00e0nh l\u00e0 24 th\u00e1ng.<br \/>\n\u2022\tC\u00e1c y\u00eau c\u1ea7u b\u1ed3i th\u01b0\u1eddng theo b\u1ea3o h\u00e0nh n\u00e0y ch\u1ec9 c\u00f3 gi\u00e1 tr\u1ecb n\u1ebfu s\u1ea3n ph\u1ea9m kh\u00f4ng c\u00f3 d\u1ea5u hi\u1ec7u b\u1ecb th\u00e1o m\u1edf, \u0111\u1ed9 ch\u1ebf ho\u1eb7c \u0103n m\u00f2n do s\u1eed d\u1ee5ng kh\u00e1c v\u1edbi nh\u1eefng g\u00ec nh\u00e0 s\u1ea3n xu\u1ea5t \u0111\u00e3 d\u1ef1 \u0111\u1ecbnh. Ch\u00fang c\u0169ng ch\u1ec9 c\u00f3 gi\u00e1 tr\u1ecb khi s\u1ea3n ph\u1ea9m kh\u00f4ng c\u00f3 d\u1ea5u hi\u1ec7u t\u1ef1 s\u1eeda ch\u1eefa ho\u1eb7c ho\u1eb7c \u0111\u00e3 \u0111\u01b0\u1ee3c s\u1eeda t\u1ea1i nh\u1eefng n\u01a1i kh\u00f4ng \u0111\u01b0\u1ee3c nh\u00e0 s\u1ea3n xu\u1ea5t cho ph\u00e9p.<br \/>\n\u2022\tKh\u00f4ng bao g\u1ed3m trong b\u1ea3o h\u00e0nh n\u00e0y l\u00e0 d\u00f2ng s\u1ea3n ph\u1ea9m \u201cSolidline\u201d, Ledlenser K1 v\u00e0 Ledlenser K2.<br \/>\n\u2022\tB\u1ea3o h\u00e0nh kh\u00f4ng \u00e1p d\u1ee5ng cho pin alkaline, bao da, t\u00fai \u0111\u1ef1ng, d\u00e2y \u0111eo, thi\u1ebft b\u1ecb chuy\u1ec3n m\u1ea1ch t\u1eeb xa (c\u00f4ng t\u1eafc), b\u1ed9 l\u1ecdc m\u00e0u, C\u00e1c ch\u1eef &#038; h\u00ecnh in ho\u1eb7c kh\u1eafc tr\u00ean b\u1ec1 m\u1eb7t \u0111\u00e8n .<br \/>\n\u2022\tThi\u1ec7t h\u1ea1i do pin b\u1ecb r\u00f2 r\u1ec9 \u2013 ch\u1ea3y g\u00e2y h\u01b0 h\u1ecfng \u0111\u00e8n kh\u00f4ng ph\u1ea3i l\u00e0 l\u1ed7i c\u1ee7a s\u1ea3n ph\u1ea9m. Vui l\u00f2ng li\u00ean h\u1ec7 v\u1edbi nh\u00e0 s\u1ea3n xu\u1ea5t pin \u0111\u1ec3 b\u00e1o c\u00e1o nh\u1eefng thi\u1ec7t h\u1ea1i \u0111\u00f3.<br \/>\n\u2022\tB\u1ea3o h\u00e0nh ch\u1ec9 bao g\u1ed3m vi\u1ec7c \u0111\u1ed5i m\u1edbi v\u00e0 s\u1eeda ch\u1eefa. Nh\u1eefng khi\u1ebfu n\u1ea1i v\u01b0\u1ee3t qu\u00e1 nh\u1eefng \u0111i\u1ec1u \u0111\u00e3 \u0111\u01b0\u1ee3c n\u00eau trong \u0111i\u1ec1u ki\u1ec7n b\u1ea3o h\u00e0nh \u2013 \u0111\u1eb7c bi\u1ec7t \u0111\u1ed1i v\u1edbi y\u00eau c\u1ea7u b\u1ed3i th\u01b0\u1eddng \u2013 \u0111\u1ec1u b\u1ecb lo\u1ea1i tr\u1eeb.<br \/>\n\u2022\tTh\u1eddi h\u1ea1n b\u1ea3o h\u00e0nh s\u1ebd kh\u00f4ng \u0111\u01b0\u1ee3c gia h\u1ea1n ho\u1eb7c gia h\u1ea1n n\u1ebfu d\u1ecbch v\u1ee5 b\u1ea3o h\u00e0nh \u0111\u01b0\u1ee3c cung c\u1ea5p cho c\u00e1c s\u1ea3n ph\u1ea9m \u0111\u1ed5i m\u1edbi.<\/p>\n<p>(*) HIBU CENTER cam k\u1ebft chuy\u00ean ph\u00e2n ph\u1ed1i c\u00e1c s\u1ea3n ph\u1ea9m c\u1ee7a LEDLENSER Ch\u00ednh H\u00e3ng \u2013 Uy T\u00edn \u2013 Ch\u1ea5t L\u01b0\u1ee3ng !!!<br \/>\n#HiBuCenter #Kounbox #DenPin DenPinCaoCap #CaoCap #DenPinDanhChoOto #DenOto #LEDLENSER #DenPinLEDLENSER #DenPinCaoCapLEDLENSER #DenPinLan #DenPin #DenPinDoiDau #DenPinCamTrai #DenCamTrai #Den #DenPin #DenPinCamTay<\/p>\n","protected":false},"excerpt":{"rendered":"<p>\u0110\u00e8n pin \u0111\u1ed9i \u0111\u1ea7u LEDLENSER MH8 \u2013 600 Lumens HIBU CENTER chuy\u00ean ph\u00e2n ph\u1ed1i c\u00e1c s\u1ea3n ph\u1ea9m \u0110\u00e8n pin \u0111\u1ed9i \u0111\u1ea7u LEDLENSER MH8 \u2013 600 Lumens TH\u00d4NG S\u1ed0 S\u1ea2N PH\u1ea8M: &#8211; Th\u01b0\u01a1ng hi\u1ec7u: LedLenser Ch\u00ednh H\u00e3ng &#8211; Xu\u1ea5t x\u1ee9: \u0110\u1ee9c &#8211; S\u1ea3n xu\u1ea5t t\u1ea1i: Trung Qu\u1ed1c &#8211; M\u00e3 s\u1ea3n ph\u1ea9m: MH8 PIN &#8211; Pin 2\u00d714500&hellip;<\/p>\n","protected":false},"featured_media":5472,"comment_status":"closed","ping_status":"open","template":"","meta":[],"product_cat":[80],"product_tag":[],"class_list":{"0":"post-5471","1":"product","2":"type-product","3":"status-publish","4":"has-post-thumbnail","6":"product_brand-ledlenser","7":"product_cat-den-pin-cao-cap","9":"first","10":"instock","11":"featured","12":"product-type-simple","13":"col-xs-6 col-sm-4","14":"col-md-3 col-lg-3","15":"un-4-cols"},"_links":{"self":[{"href":"https:\/\/hibucenter.com\/index.php\/wp-json\/wp\/v2\/product\/5471","targetHints":{"allow":["GET"]}}],"collection":[{"href":"https:\/\/hibucenter.com\/index.php\/wp-json\/wp\/v2\/product"}],"about":[{"href":"https:\/\/hibucenter.com\/index.php\/wp-json\/wp\/v2\/types\/product"}],"replies":[{"embeddable":true,"href":"https:\/\/hibucenter.com\/index.php\/wp-json\/wp\/v2\/comments?post=5471"}],"version-history":[{"count":0,"href":"https:\/\/hibucenter.com\/index.php\/wp-json\/wp\/v2\/product\/5471\/revisions"}],"wp:featuredmedia":[{"embeddable":true,"href":"https:\/\/hibucenter.com\/index.php\/wp-json\/wp\/v2\/media\/5472"}],"wp:attachment":[{"href":"https:\/\/hibucenter.com\/index.php\/wp-json\/wp\/v2\/media?parent=5471"}],"wp:term":[{"taxonomy":"product_cat","embeddable":true,"href":"https:\/\/hibucenter.com\/index.php\/wp-json\/wp\/v2\/product_cat?post=5471"},{"taxonomy":"product_tag","embeddable":true,"href":"https:\/\/hibucenter.com\/index.php\/wp-json\/wp\/v2\/product_tag?post=5471"}],"curies":[{"name":"wp","href":"https:\/\/api.w.org\/{rel}","templated":true}]}}