{"id":5402,"date":"2025-04-28T10:14:38","date_gmt":"2025-04-28T03:14:38","guid":{"rendered":"https:\/\/hibucenter.com\/index.php\/product\/den-pin-doi-dau-ledlenser-h15r-work-2500-lumens-hang-chinh-hang-hibucenter\/"},"modified":"2025-05-28T09:25:47","modified_gmt":"2025-05-28T02:25:47","slug":"den-pin-doi-dau-ledlenser-h15r-work-2500-lumens","status":"publish","type":"product","link":"https:\/\/hibucenter.com\/index.php\/den-pin-doi-dau-ledlenser-h15r-work-2500-lumens\/","title":{"rendered":"\u0110\u00e8n Pin \u0110\u1ed9i \u0110\u1ea7u LEDLENSER H15R Work 2500 Lumens"},"content":{"rendered":"<p>\u0110\u00e8n Pin \u0110\u1ed9i \u0110\u1ea7u LEDLENSER H15R Work 2500 Lumens<\/p>\n<p>Th\u00f4ng s\u1ed1 k\u1ef9 thu\u1eadt:<br \/>\n&#8211; K\u00edch th\u01b0\u1edbc: 51 mm<br \/>\n&#8211; Tr\u1ecdng l\u01b0\u1ee3ng: 413 g<br \/>\n&#8211; Pin: 1 x Li-ion 7,4V 4800mAh 35.52 Wh<br \/>\n&#8211; Th\u1eddi gian s\u1ea1c: 330 ph\u00fat<br \/>\n&#8211; Th\u01b0\u01a1ng hi\u1ec7u: LEDLENSER \u2013 \u0110\u1ee8C<br \/>\n&#8211; B\u1ea3o h\u00e0nh: 7 n\u0103m (Ch\u00ednh H\u00e3ng)<\/p>\n<p><img decoding=\"async\" src=\"https:\/\/cdn8.web4s.vn\/media\/products\/2931\/h15r_work_502196_packaging_box-fs8_2048x2048.jpg\" alt=\"\u0110\u00e8n pin \u0111\u1ed9i \u0111\u1ea7u Ledlenser H15R Work\" \/><\/p>\n<p>Hi\u1ec7u su\u1ea5t ti\u00eau chu\u1ea9n FL1:<br \/>\n&#8211; \u0110\u1ed9 s\u00e1ng t\u1ed1i \u0111a: 2500 Lumens, t\u1ed1i thi\u1ec3u: 20 Lumens<br \/>\n&#8211; Kho\u1ea3ng c\u00e1ch t\u1ed1i \u0111a: 250M, t\u1ed1i thi\u1ec3u: 20M<br \/>\n&#8211; Th\u1eddi l\u01b0\u1ee3ng pin t\u1ed1i \u0111a: 70 Gi\u1edd, t\u1ed1i thi\u1ec3u: 4 Gi\u1edd<br \/>\n&#8211; Ch\u1ed1ng n\u01b0\u1edbc \u2013 Ch\u1ed1ng b\u1ee5i: IP67<\/p>\n<p><img decoding=\"async\" src=\"https:\/\/cdn8.web4s.vn\/media\/products\/2931\/h15r-work_502196_extra_connecting_system-fs8_2048x2048.jpg\" alt=\"\u0110\u00e8n pin \u0111\u1ed9i \u0111\u1ea7u Ledlenser H15R Work\" \/><\/p>\n<p>M\u00f4 t\u1ea3:<br \/>\nH15R Work l\u00e0 m\u1ed9t chi\u1ebfc \u0111\u00e8n \u0111\u1ed9i \u0111\u1ea7u hi\u1ec7u n\u0103ng cao, k\u1ebft h\u1ee3p gi\u1eefa c\u01b0\u1eddng \u0111\u1ed9 s\u00e1ng m\u1ea1nh m\u1ebd v\u1edbi ch\u1ee9c n\u0103ng \u0111i\u1ec1u ch\u1ec9nh h\u1ed9i t\u1ee5 linh ho\u1ea1t, v\u00e0 m\u1ed9t b\u1ed9 ph\u1ee5 ki\u1ec7n v\u00f4 c\u00f9ng \u0111a d\u1ea1ng. H15R Work cho \u00e1nh s\u00e1ng tr\u1eafng trung t\u00ednh \u1ed5n \u0111\u1ecbnh v\u00e0 kh\u00f4ng ch\u1edbp,v\u1edbi \u0111\u1ed9 ch\u1ec9nh m\u00e0u t\u1ef1 nhi\u00ean cao v\u00e0 c\u01b0\u1eddng \u0111\u1ed9 t\u0103ng gi\u1ea3m m\u1ed9t c\u00e1ch m\u01b0\u1ee3t m\u00e0. L\u1edbp v\u1ecf c\u1ee7a \u0111\u00e8n b\u1ec1n b\u1ec9 v\u1edbi ch\u1ee9c n\u0103ng ch\u1ed1ng th\u1ea5m, ch\u1ed1ng b\u1ee5i v\u00e0 ch\u1ed1ng vi khu\u1ea9n x\u00e2m nh\u1eadp. V\u1edbi t\u1ea5t c\u1ea3 nh\u1eefng c\u00f4ng n\u0103ng n\u00e0y, b\u1ea1n c\u00f3 th\u1ec3 tin t\u01b0\u1edfng ho\u00e0n to\u00e0n khi s\u1eed d\u1ee5ng H15R Work cho b\u1ea5t c\u1ee9 c\u00f4ng vi\u1ec7c n\u00e0o.<\/p>\n<p>1) Ch\u1ebf \u0111\u1ed9 s\u00e1ng:<br \/>\nM\u1ea1nh \u2013 \u0111\u1ed9 s\u00e1ng cao, d\u00e0nh cho m\u1ecdi t\u00ecnh hu\u1ed1ng th\u01b0\u1eddng ng\u00e0y<br \/>\nTi\u1ebft Ki\u1ec7m Pin \u2013 ch\u1ebf \u0111\u1ed9 ti\u1ebft ki\u1ec7m n\u0103ng l\u01b0\u1ee3ng \u0111\u1ec3 duy tr\u00ec ngu\u1ed3n pin, ngu\u1ed3n s\u00e1ng kh\u00f4ng lo\u00e1 d\u00e0nh cho nh\u1eefng khi \u0111\u1ecdc s\u00e1ch ho\u1eb7c l\u00e0m vi\u1ec7c.<br \/>\nC\u1ef1c m\u1ea1nh \u2013 ch\u1ebf \u0111\u1ed9 s\u1eed d\u1ee5ng t\u1ed1i \u0111a ngu\u1ed3n pin trong th\u1eddi gian ng\u1eafn, cho b\u1ea1n ngu\u1ed3n s\u00e1ng t\u1ed1i \u0111a<\/p>\n<p>2) C\u00f4ng t\u1eafc:<br \/>\nC\u00f4ng t\u1eafc \u0111a ch\u1ee9c n\u0103ng \u1edf \u0111\u1ea7u \u0111\u00e8n \u2013 m\u1ed9t c\u00f4ng t\u1eafc n\u1eb1m c\u1ea1nh \u0111\u1ea7u \u0111\u00e8n, gi\u00fap b\u1ea1n \u0111i\u1ec1u ch\u1ec9nh nh\u1eefng ch\u1ee9c n\u0103ng ri\u00eang bi\u1ec7t m\u1ed9t c\u00e1ch d\u1ec5 d\u00e0ng v\u00e0 nhanh g\u1ecdn.<\/p>\n<p>3) Ch\u1ee9c n\u0103ng \u0111\u1eb7c bi\u1ec7t:<br \/>\n\u2013 Ngu\u1ed3n s\u00e1ng m\u1ea1nh m\u1ebd, d\u1ec5 d\u00e0ng \u0111i\u1ec1u ch\u1ec9nh: \u00e1nh s\u00e1ng tr\u1eafng trung t\u00ednh, \u1ed5n \u0111\u1ecbnh, kh\u00f4ng ch\u1edbp, \u0111\u1ed9 ch\u1ec9nh m\u00e0u cao<br \/>\n\u2013 H\u1ec7 Th\u1ed1ng Advanced Focus, cho ch\u1ebf \u0111\u1ed9 s\u00e1ng qu\u1ea7ng r\u1ed9ng v\u00e0 t\u1ee5 \u0111i\u1ec3m, d\u1ec5 d\u00e0ng \u0111i\u1ec1u ch\u1ec9nh v\u00e0 ch\u00ednh x\u00e1c.<br \/>\n\u2013 \u0110\u1ea7u \u0111\u00e8n xoay 120 \u0111\u1ed9.<br \/>\n\u2013 \u0110\u1ed9 ch\u1ed1ng th\u1ea5m v\u00e0 ch\u1ed1ng b\u1ee5i cao (IP67) v\u1edbi c\u00f4ng ngh\u1ec7 Flex Sealing Technology.<\/p>\n<p>HIBUCENTER cam k\u1ebft b\u00e1n t\u1ea5t c\u1ea3 c\u00e1c s\u1ea3n ph\u1ea9m c\u1ee7a LEDLENSER Ch\u00ednh H\u00e3ng \u2013 Uy T\u00edn \u2013 Ch\u1ea5t L\u01b0\u1ee3ng!!!!<\/p>\n<p>#LEDLENSER #LEDLENSER-\u0110\u1ee8C #BaoHanh7Nam #HangChinhHang #HIBUCENTER #LEDLENSER_H15R_Work_2500 Lumens #H15R_Work<\/p>\n","protected":false},"excerpt":{"rendered":"<p>\u0110\u00e8n Pin \u0110\u1ed9i \u0110\u1ea7u LEDLENSER H15R Work 2500 Lumens Th\u00f4ng s\u1ed1 k\u1ef9 thu\u1eadt: &#8211; K\u00edch th\u01b0\u1edbc: 51 mm &#8211; Tr\u1ecdng l\u01b0\u1ee3ng: 413 g &#8211; Pin: 1 x Li-ion 7,4V 4800mAh 35.52 Wh &#8211; Th\u1eddi gian s\u1ea1c: 330 ph\u00fat &#8211; Th\u01b0\u01a1ng hi\u1ec7u: LEDLENSER \u2013 \u0110\u1ee8C &#8211; B\u1ea3o h\u00e0nh: 7 n\u0103m (Ch\u00ednh H\u00e3ng) Hi\u1ec7u su\u1ea5t ti\u00eau chu\u1ea9n&hellip;<\/p>\n","protected":false},"featured_media":5403,"comment_status":"closed","ping_status":"closed","template":"","meta":[],"product_cat":[80],"product_tag":[146,219,222,221,220],"class_list":{"0":"post-5402","1":"product","2":"type-product","3":"status-publish","4":"has-post-thumbnail","6":"product_brand-ledlenser","7":"product_cat-den-pin-cao-cap","8":"product_tag-den-pin-doi-dau","9":"product_tag-den-pin-doi-dau-ledlenser-h15r-work-2500-lumens","10":"product_tag-h15r-work","11":"product_tag-ledlenser-h15r-work","12":"product_tag-ledlenser-h15r-work-2500-lumens","14":"first","15":"instock","16":"featured","17":"purchasable","18":"product-type-simple","19":"col-xs-6 col-sm-4","20":"col-md-3 col-lg-3","21":"un-4-cols"},"_links":{"self":[{"href":"https:\/\/hibucenter.com\/index.php\/wp-json\/wp\/v2\/product\/5402","targetHints":{"allow":["GET"]}}],"collection":[{"href":"https:\/\/hibucenter.com\/index.php\/wp-json\/wp\/v2\/product"}],"about":[{"href":"https:\/\/hibucenter.com\/index.php\/wp-json\/wp\/v2\/types\/product"}],"replies":[{"embeddable":true,"href":"https:\/\/hibucenter.com\/index.php\/wp-json\/wp\/v2\/comments?post=5402"}],"version-history":[{"count":3,"href":"https:\/\/hibucenter.com\/index.php\/wp-json\/wp\/v2\/product\/5402\/revisions"}],"predecessor-version":[{"id":9853,"href":"https:\/\/hibucenter.com\/index.php\/wp-json\/wp\/v2\/product\/5402\/revisions\/9853"}],"wp:featuredmedia":[{"embeddable":true,"href":"https:\/\/hibucenter.com\/index.php\/wp-json\/wp\/v2\/media\/5403"}],"wp:attachment":[{"href":"https:\/\/hibucenter.com\/index.php\/wp-json\/wp\/v2\/media?parent=5402"}],"wp:term":[{"taxonomy":"product_cat","embeddable":true,"href":"https:\/\/hibucenter.com\/index.php\/wp-json\/wp\/v2\/product_cat?post=5402"},{"taxonomy":"product_tag","embeddable":true,"href":"https:\/\/hibucenter.com\/index.php\/wp-json\/wp\/v2\/product_tag?post=5402"}],"curies":[{"name":"wp","href":"https:\/\/api.w.org\/{rel}","templated":true}]}}