{"id":5395,"date":"2025-04-28T10:14:38","date_gmt":"2025-04-28T03:14:38","guid":{"rendered":"https:\/\/hibucenter.com\/index.php\/product\/den-pin-ledlenser-x21r-flashlight-case-cuong-do-anh-sang-5000-lumens-chieu-xa-800m-thoi-gian-hoat-dong-40-gio-cuc-pham\/"},"modified":"2025-05-28T09:24:27","modified_gmt":"2025-05-28T02:24:27","slug":"den-pin-ledlenser-x21r-5000-lumens","status":"publish","type":"product","link":"https:\/\/hibucenter.com\/index.php\/den-pin-ledlenser-x21r-5000-lumens\/","title":{"rendered":"\u0110\u00e8n Pin LEDLENSER X21R 5000 Lumens"},"content":{"rendered":"<p>\u0110\u00e8n Pin LEDLENSER X21R 5000 Lumens<\/p>\n<p>\u2728 Khi n\u00f3i \u0111\u1ebfn X21R, ch\u1ec9 ri\u00eang c\u00e1c con s\u1ed1 \u0111\u00e3 r\u1ea5t \u1ea5n t\u01b0\u1ee3ng: C\u01b0\u1eddng \u0111\u1ed9 \u00e1nh s\u00e1ng \u0111\u1ea1t 5000 Lumen cho kho\u1ea3ng c\u00e1ch chi\u1ebfu s\u00e1ng xa 800m v\u00e0 th\u1eddi gian ho\u1ea1t \u0111\u1ed9ng t\u1ed1i \u0111a l\u00ean t\u1edbi 40h.<br \/>\n\u2728 Ph\u1ea1m vi chi\u1ebfu s\u00e1ng kh\u00f4ng th\u1ec3 tin \u0111\u01b0\u1ee3c c\u1ee7a X21R ch\u1eafc ch\u1eafn s\u1ebd khi\u1ebfn b\u1ea1n ph\u1ea3i ng\u1ea1c nhi\u00ean \u2013 Ch\u00f9m \u00e1nh s\u00e1ng c\u1ee7a n\u00f3 c\u00f3 th\u1ec3 v\u01b0\u1ee3t qua chi\u1ec1u d\u00e0i c\u1ee7a t\u00e1m s\u00e2n b\u00f3ng \u0111\u00e1, \u0111i\u1ec1u n\u00e0y l\u00e0m n\u00f3 tr\u1edf th\u00e0nh m\u1ed9t chi\u1ebfc \u0111\u00e8n soi ho\u00e0n h\u1ea3o.<br \/>\n\u2728 Chi\u1ebfc \u0111\u00e8n n\u00e0y c\u0169ng \u0111i k\u00e8m v\u1edbi m\u1ed9t d\u00e2y \u0111eo vai c\u00f3 th\u1ec3 th\u00e1o r\u1eddi \u0111\u1ec3 d\u1ec5 d\u00e0ng mang theo.<\/p>\n<p><img decoding=\"async\" src=\"https:\/\/product.hstatic.net\/200000258925\/product\/new_project__1__72afdde7bc3b4bb4a696acd35dda6085_grande.jpg\" alt=\"\u0110\u00e8n pin Ledlenser X21R\" \/><br \/>\nTh\u00f4ng s\u1ed1 k\u1ef9 thu\u1eadt:<br \/>\nChi\u1ec1u d\u00e0i: 40cm<br \/>\nTr\u1ecdng l\u01b0\u1ee3ng: 1315 gram<br \/>\nLo\u1ea1i Pin: 1 x LiFePO4 3\u00d732700, c\u00f4ng su\u1ea5t 9,6 V<br \/>\nT\u00ednh n\u0103ng s\u1ea1c pin: S\u1ea1c t\u1eeb t\u00ednh<br \/>\nTh\u1eddi gian s\u1ea1c pin: 3 gi\u1edd<br \/>\nS\u1ea3n ph\u1ea9m bao g\u1ed3m:<br \/>\n_ \u0110\u00e8n pin Ledlenser X21R<br \/>\n_ Pin t\u00edch h\u1ee3p<br \/>\n_ B\u1ed9 s\u1ea1c t\u1eeb t\u00ednh<br \/>\n_ Dock treo t\u01b0\u1eddng<br \/>\n_ D\u00e2y \u0111eo vai<br \/>\n_ Ngu\u1ed3n \u0111i\u1ec7n, s\u1ea1c, c\u00e1p.<br \/>\nTh\u01b0\u01a1ng hi\u1ec7u: LEDLENSER \u2013 \u0110\u1ee8C<br \/>\nB\u1ea3o h\u00e0nh: 7 n\u0103m (Ch\u00ednh H\u00e3ng)<\/p>\n<p><img decoding=\"async\" src=\"https:\/\/shop.foto-edelmann.de\/images\/product_images\/original_images\/DSC_0517-Copy-.jpg\" alt=\"Foto-Edelmann - Ledlenser X21R im Koffer\" \/><br \/>\nHi\u1ec7u su\u1ea5t ti\u00eau chu\u1ea9n FL1:<br \/>\n_ \u0110\u1ed9 s\u00e1ng t\u1ed1i \u0111a: 5000 Lumens, t\u1ed1i thi\u1ec3u: 200 Lumens<br \/>\n_ Kho\u1ea3ng c\u00e1ch chi\u1ebfu s\u00e1ng t\u1ed1i \u0111a: 800M, t\u1ed1i thi\u1ec3u: 150M<br \/>\n_ Th\u1eddi l\u01b0\u1ee3ng pin t\u1ed1i \u0111a: 40 Gi\u1edd, t\u1ed1i thi\u1ec3u: 2 Gi\u1edd<br \/>\n_ Ch\u1ed1ng n\u01b0\u1edbc: IPX4<br \/>\n_ Ch\u1ed1ng b\u1ee5i: IP54<br \/>\nLedLenser l\u00e0 th\u01b0\u01a1ng hi\u1ec7u \u0111\u00e8n pin cao c\u1ea5p n\u1ed5i ti\u1ebfng kh\u1eafp th\u1ebf gi\u1edbi c\u00f3 tr\u1ee5 s\u1edf ch\u00ednh t\u1ea1i \u0110\u1ee9c, c\u00e1c s\u1ea3n ph\u1ea9m LedLenser ch\u00ednh th\u1ee9c \u0111\u01b0\u1ee3c ph\u00e2n ph\u1ed1i tr\u00ean th\u1ecb tr\u01b0\u1eddng Vi\u1ec7t Nam v\u00e0o n\u0103m 2014, v\u1edbi m\u1ee5c ti\u00eau s\u1ebd tr\u1edf th\u00e0nh th\u01b0\u01a1ng hi\u1ec7u th\u00e2n thi\u1ebft v\u1edbi m\u1ecdi gia \u0111\u00ecnh.<br \/>\nHIBUCENTER cam k\u1ebft b\u00e1n t\u1ea5t c\u1ea3 c\u00e1c s\u1ea3n ph\u1ea9m c\u1ee7a LEDLENSER Ch\u00ednh H\u00e3ng \u2013 Uy T\u00edn \u2013 Ch\u1ea5t L\u01b0\u1ee3ng!!!<br \/>\n#LEDLENSER #LEDLENSER_\u0110\u1ee8C #HANGCHINHHANG #HIBUCENTER #X21R #5000Lumens<\/p>\n","protected":false},"excerpt":{"rendered":"<p>\u0110\u00e8n Pin LEDLENSER X21R 5000 Lumens \u2728 Khi n\u00f3i \u0111\u1ebfn X21R, ch\u1ec9 ri\u00eang c\u00e1c con s\u1ed1 \u0111\u00e3 r\u1ea5t \u1ea5n t\u01b0\u1ee3ng: C\u01b0\u1eddng \u0111\u1ed9 \u00e1nh s\u00e1ng \u0111\u1ea1t 5000 Lumen cho kho\u1ea3ng c\u00e1ch chi\u1ebfu s\u00e1ng xa 800m v\u00e0 th\u1eddi gian ho\u1ea1t \u0111\u1ed9ng t\u1ed1i \u0111a l\u00ean t\u1edbi 40h. \u2728 Ph\u1ea1m vi chi\u1ebfu s\u00e1ng kh\u00f4ng th\u1ec3 tin \u0111\u01b0\u1ee3c c\u1ee7a X21R&hellip;<\/p>\n","protected":false},"featured_media":5396,"comment_status":"closed","ping_status":"closed","template":"","meta":[],"product_cat":[80],"product_tag":[],"class_list":{"0":"post-5395","1":"product","2":"type-product","3":"status-publish","4":"has-post-thumbnail","6":"product_brand-ledlenser","7":"product_cat-den-pin-cao-cap","9":"first","10":"instock","11":"featured","12":"purchasable","13":"product-type-simple","14":"col-xs-6 col-sm-4","15":"col-md-3 col-lg-3","16":"un-4-cols"},"_links":{"self":[{"href":"https:\/\/hibucenter.com\/index.php\/wp-json\/wp\/v2\/product\/5395","targetHints":{"allow":["GET"]}}],"collection":[{"href":"https:\/\/hibucenter.com\/index.php\/wp-json\/wp\/v2\/product"}],"about":[{"href":"https:\/\/hibucenter.com\/index.php\/wp-json\/wp\/v2\/types\/product"}],"replies":[{"embeddable":true,"href":"https:\/\/hibucenter.com\/index.php\/wp-json\/wp\/v2\/comments?post=5395"}],"version-history":[{"count":3,"href":"https:\/\/hibucenter.com\/index.php\/wp-json\/wp\/v2\/product\/5395\/revisions"}],"predecessor-version":[{"id":9850,"href":"https:\/\/hibucenter.com\/index.php\/wp-json\/wp\/v2\/product\/5395\/revisions\/9850"}],"wp:featuredmedia":[{"embeddable":true,"href":"https:\/\/hibucenter.com\/index.php\/wp-json\/wp\/v2\/media\/5396"}],"wp:attachment":[{"href":"https:\/\/hibucenter.com\/index.php\/wp-json\/wp\/v2\/media?parent=5395"}],"wp:term":[{"taxonomy":"product_cat","embeddable":true,"href":"https:\/\/hibucenter.com\/index.php\/wp-json\/wp\/v2\/product_cat?post=5395"},{"taxonomy":"product_tag","embeddable":true,"href":"https:\/\/hibucenter.com\/index.php\/wp-json\/wp\/v2\/product_tag?post=5395"}],"curies":[{"name":"wp","href":"https:\/\/api.w.org\/{rel}","templated":true}]}}