{"id":5346,"date":"2025-04-28T10:14:38","date_gmt":"2025-04-28T03:14:38","guid":{"rendered":"https:\/\/hibucenter.com\/index.php\/product\/den-pin-doi-dau-ledlenser-neo1r-250-lumens-den-pha-sieu-nho-gon-hibucenter\/"},"modified":"2025-05-28T09:33:13","modified_gmt":"2025-05-28T02:33:13","slug":"den-pin-doi-dau-ledlenser-neo1r-250-lumens-den-pha-sieu-nho-gon-hibucenter","status":"publish","type":"product","link":"https:\/\/hibucenter.com\/index.php\/den-pin-doi-dau-ledlenser-neo1r-250-lumens-den-pha-sieu-nho-gon-hibucenter\/","title":{"rendered":"\u0110\u00e8n Pin \u0110\u1ed9i \u0110\u1ea7u LEDLENSER Neo1R 250 Lumens"},"content":{"rendered":"<p>\u0110\u00e8n Pin \u0110\u1ed9i \u0110\u1ea7u LEDLENSER Neo1R 250 Lumens<\/p>\n<p>TH\u00d4NG TIN S\u1ea2N PH\u1ea8M:<br \/>\nLED: 1 x LED<br \/>\nCRI: 70<br \/>\nPin Polymer 3.7V 730mAh<br \/>\nTr\u1ecdng l\u01b0\u1ee3ng: 39g<br \/>\nT\u1ef7 l\u1ec7 lumen\/gram: 6.41<br \/>\nBao g\u1ed3m: \u0110\u00e8n NEO1R + C\u00e1p s\u1ea1c t\u1eeb t\u00ednh<\/p>\n<p>HI\u1ec6U SU\u1ea4T:<br \/>\nV\u1edbi \u00e1nh s\u00e1ng 250 lumens chi\u1ebfu xa 80m th\u1eddi l\u01b0\u1ee3ng 3h<br \/>\nV\u1edbi \u00e1nh s\u00e1ng 20 lumens\u00a0th\u1eddi l\u01b0\u1ee3ng 15h<br \/>\nTi\u00eau chu\u1ea9n kh\u00e1ng n\u01b0\u1edbc IP67<\/p>\n<p><img decoding=\"async\" src=\"https:\/\/www.ledlenser.vn\/wp-content\/uploads\/2022\/04\/NEO1R-5.jpg\" alt=\"NEO1R - LEDLENSER Vi\u1ec7t Nam | \u0110\u00e8n Pin C\u00f4ng Ngh\u1ec7 \u0110\u1ee9c\" \/><\/p>\n<p>M\u00d4 T\u1ea2 S\u1ea2N PH\u1ea8M: \u0110\u00e8n Pin \u0110\u1ed9i \u0110\u1ea7u LEDLENSER Neo1R 250 Lumens<br \/>\nNEO1R k\u1ebft h\u1ee3p s\u1ef1 t\u1ed1i gi\u1ea3n v\u1edbi s\u1ee9c m\u1ea1nh. \u0110\u00e8n pha si\u00eau nh\u1ecf g\u1ecdn n\u00e0y ph\u00f9 h\u1ee3p v\u1edbi m\u1ecdi t\u00fai qu\u1ea7n v\u00e0 ch\u1ee9ng t\u1ecf m\u00ecnh l\u00e0 m\u1ed9t ng\u01b0\u1eddi b\u1ea1n \u0111\u1ed3ng h\u00e0nh th\u1ec3 thao, linh ho\u1ea1t. Nh\u1edd t\u1ef7 l\u1ec7 lumen tr\u00ean gam tuy\u1ec7t v\u1eddi v\u00e0 ki\u1ec3u \u00e1nh s\u00e1ng t\u00f9y ch\u1ec9nh cho c\u00e1c ho\u1ea1t \u0111\u1ed9ng nhanh, n\u00f3 kh\u00f4ng ch\u1ec9 l\u00e0 m\u1ed9t chi\u1ebfc \u0111\u00e8n d\u1ef1 ph\u00f2ng. V\u1ebb ngo\u00e0i hi\u1ec7n \u0111\u1ea1i, \u0111\u1ea7u \u0111\u00e8n ch\u1ec9nh \u0111\u1ed9 nghi\u00eang, \u00e1nh s\u00e1ng \u0111\u1ecf c\u00f3 s\u1eb5n b\u1ed5 sung v\u00e0 H\u1ec7 th\u1ed1ng s\u1ea1c t\u1eeb t\u00ednh th\u1ef1c d\u1ee5ng khi\u1ebfn NEO1R tr\u1edf th\u00e0nh \u0111\u00e8n pha ho\u00e0n h\u1ea3o cho b\u1ea5t k\u1ef3 ho\u1ea1t \u0111\u1ed9ng n\u00e0o m\u00e0 tr\u1ecdng l\u01b0\u1ee3ng t\u1ed1i thi\u1ec3u k\u1ebft h\u1ee3p v\u1edbi hi\u1ec7u su\u1ea5t tuy\u1ec7t v\u1eddi.<br \/>\n\u0110\u00e8n pha si\u00eau nh\u1eb9 (39 g) nh\u01b0ng m\u1ea1nh m\u1ebd (250 lm)<br \/>\nKi\u1ec3u \u00e1nh s\u00e1ng ho\u00e0n h\u1ea3o cho c\u00e1c ho\u1ea1t \u0111\u1ed9ng nh\u1ecbp \u0111\u1ed9 nhanh, cung c\u1ea5p kh\u1ea3 n\u0103ng chi\u1ebfu s\u00e1ng t\u1ea7m ng\u1eafn v\u00e0 t\u1ea7m xa \u0111\u01b0\u1ee3c k\u1ebft h\u1ee3p ch\u00ednh x\u00e1c<br \/>\n\u0110\u00e8n \u0111\u1ecf b\u1ed5 sung l\u00e0m \u0111\u00e8n t\u00edn hi\u1ec7u v\u00e0 \u0111\u1ec3 duy tr\u00ec kh\u1ea3 n\u0103ng nh\u00ecn ban \u0111\u00eam<br \/>\nB\u0103ng \u0111\u00f4 ph\u1ea3n chi\u1ebfu t\u1ed1i gi\u1ea3n mang l\u1ea1i s\u1ef1 tho\u1ea3i m\u00e1i cao v\u00e0 an to\u00e0n h\u01a1n<br \/>\nS\u1ea1c pin nhanh ch\u00f3ng v\u00e0 d\u1ec5 d\u00e0ng th\u00f4ng qua H\u1ec7 th\u1ed1ng s\u1ea1c t\u1eeb t\u00ednh v\u1edbi \u0111\u00e8n LED tr\u1ea1ng th\u00e1i.<\/p>\n<p>#den_pin_ledlenser#den_pin_doi_dau#den_pha_ledlenser#hibucenter<br \/>\n#den_pin_the_thao#Neo1R<\/p>\n","protected":false},"excerpt":{"rendered":"<p>\u0110\u00e8n Pin \u0110\u1ed9i \u0110\u1ea7u LEDLENSER Neo1R 250 Lumens<\/p>\n","protected":false},"featured_media":5353,"comment_status":"closed","ping_status":"closed","template":"","meta":[],"product_cat":[80],"product_tag":[146,228,229],"class_list":{"0":"post-5346","1":"product","2":"type-product","3":"status-publish","4":"has-post-thumbnail","6":"product_brand-ledlenser","7":"product_cat-den-pin-cao-cap","8":"product_tag-den-pin-doi-dau","9":"product_tag-den-pin-doi-dau-ledlenser-neo1r-250-lumens","10":"product_tag-ledlenser-neo1r","12":"first","13":"instock","14":"featured","15":"purchasable","16":"product-type-simple","17":"col-xs-6 col-sm-4","18":"col-md-3 col-lg-3","19":"un-4-cols"},"_links":{"self":[{"href":"https:\/\/hibucenter.com\/index.php\/wp-json\/wp\/v2\/product\/5346","targetHints":{"allow":["GET"]}}],"collection":[{"href":"https:\/\/hibucenter.com\/index.php\/wp-json\/wp\/v2\/product"}],"about":[{"href":"https:\/\/hibucenter.com\/index.php\/wp-json\/wp\/v2\/types\/product"}],"replies":[{"embeddable":true,"href":"https:\/\/hibucenter.com\/index.php\/wp-json\/wp\/v2\/comments?post=5346"}],"version-history":[{"count":2,"href":"https:\/\/hibucenter.com\/index.php\/wp-json\/wp\/v2\/product\/5346\/revisions"}],"predecessor-version":[{"id":9858,"href":"https:\/\/hibucenter.com\/index.php\/wp-json\/wp\/v2\/product\/5346\/revisions\/9858"}],"wp:featuredmedia":[{"embeddable":true,"href":"https:\/\/hibucenter.com\/index.php\/wp-json\/wp\/v2\/media\/5353"}],"wp:attachment":[{"href":"https:\/\/hibucenter.com\/index.php\/wp-json\/wp\/v2\/media?parent=5346"}],"wp:term":[{"taxonomy":"product_cat","embeddable":true,"href":"https:\/\/hibucenter.com\/index.php\/wp-json\/wp\/v2\/product_cat?post=5346"},{"taxonomy":"product_tag","embeddable":true,"href":"https:\/\/hibucenter.com\/index.php\/wp-json\/wp\/v2\/product_tag?post=5346"}],"curies":[{"name":"wp","href":"https:\/\/api.w.org\/{rel}","templated":true}]}}