{"id":5330,"date":"2025-04-28T10:14:38","date_gmt":"2025-04-28T03:14:38","guid":{"rendered":"https:\/\/hibucenter.com\/index.php\/product\/den-pin-bo-tui-ledlenser-p4r-work-170-lumens\/"},"modified":"2025-05-28T09:30:51","modified_gmt":"2025-05-28T02:30:51","slug":"den-pin-bo-tui-ledlenser-p4r-work-170-lumens","status":"publish","type":"product","link":"https:\/\/hibucenter.com\/index.php\/den-pin-bo-tui-ledlenser-p4r-work-170-lumens\/","title":{"rendered":"\u0110\u00e8n Pin B\u1ecf T\u00fai LEDLENSER P4R Work 170 Lumens"},"content":{"rendered":"<p><b>Th\u00f4ng tin s\u1ea3n ph\u1ea9m<\/b><\/p>\n<p>\u0110\u00e8n pin g\u1ecdn nh\u1eb9 v\u00e0 m\u1ea1nh m\u1ebd P4R Work l\u00e0 m\u1ed9t d\u1ee5ng c\u1ee5 \u0111\u00e1ng tin c\u1eady, ph\u1ea3i c\u00f3 trong b\u1ea5t c\u1ee9 h\u1ed9p d\u1ee5ng c\u1ee5 n\u00e0o. Chi\u1ebfc \u0111\u00e8n n\u00e0y c\u00f3 thi\u1ebft k\u1ebf thanh tho\u00e1t v\u00e0 g\u1ecdn nh\u1eb9, v\u1edbi c\u00f4ng t\u1eafc Endcap Switch v\u00e0 k\u1eb9p \u0111i k\u00e8m \u0111\u00e8n. H\u1ec7 th\u1ed1ng Advanced Focus System gi\u00fap b\u1ea1n \u0111i\u1ec1u ch\u1ec9nh ngu\u1ed3n s\u00e1ng gi\u1eefa hai ch\u1ebf \u0111\u1ed9 chi\u1ebfu qu\u1ea7ng r\u1ed9ng v\u00e0 chi\u1ebfu t\u1ee5 \u0111i\u1ec3m, tu\u1ef3 theo nhu c\u1ea7u c\u1ee7a b\u1ea1n. V\u1edbi h\u1ec7 th\u1ed1ng s\u1ea1c pin Magnetic Charge System, b\u1ea1n c\u00f3 th\u1ec3 s\u1ea1c \u0111\u00e8n m\u1ed9t c\u00e1ch d\u1ec5 d\u00e0ng \u1edf b\u1ea5t c\u1ee9 n\u01a1i \u0111\u00e2u.<\/p>\n<p><img decoding=\"async\" src=\"https:\/\/down-vn.img.susercontent.com\/file\/800977ecc3a104c62daa05887fed841b_tn.webp\" alt=\"p4r gi\u00e1 t\u1ed1t Th\u00e1ng 4, 2025 | Mua ngay | Shopee Vi\u1ec7t Nam\" \/><\/p>\n<p>1, Ch\u1ebf \u0111\u1ed9 s\u00e1ng: \u0110\u00e8n Pin B\u1ecf T\u00fai LEDLENSER P4R Work 170 Lumens<\/p>\n<ul>\n<li><b>M\u1ea1nh\u00a0<\/b>\u00a0\u2013 \u0111\u1ed9 s\u00e1ng cao, d\u00e0nh cho m\u1ecdi t\u00ecnh hu\u1ed1ng th\u01b0\u1eddng ng\u00e0y<\/li>\n<li><b>Ti\u1ebft Ki\u1ec7m Pin<\/b>\u00a0\u2013 ch\u1ebf \u0111\u1ed9 ti\u1ebft ki\u1ec7m n\u0103ng l\u01b0\u1ee3ng \u0111\u1ec3 duy tr\u00ec ngu\u1ed3n pin, ngu\u1ed3n s\u00e1ng kh\u00f4ng lo\u00e1 d\u00e0nh cho nh\u1eefng khi \u0111\u1ecdc s\u00e1ch ho\u1eb7c l\u00e0m vi\u1ec7c.<\/li>\n<li><b>Trung b\u00ecnh \u2013\u00a0\u0111\u1ed9 s\u00e1ng trung b\u00ecnh d\u00e0nh cho m\u1ecdi t\u00ecnh hu\u1ed1ng th\u01b0\u1eddng ng\u00e0y<\/b><\/li>\n<\/ul>\n<p>2, C\u00f4ng t\u1eafc: \u0110\u00e8n Pin B\u1ecf T\u00fai LEDLENSER P4R Work 170 Lumens<\/p>\n<ul>\n<li><b>C\u00f4ng t\u1eafc \u1edf \u0111\u00e1y \u0111\u00e8n<\/b>\u00a0\u2013 m\u1ed9t c\u00f4ng t\u1eafc n\u1eb1m \u1edf cu\u1ed1i chu\u00f4i \u0111\u00e8n (\u0111\u00e1y \u0111\u00e8n)<\/li>\n<\/ul>\n<p>3,Ch\u1ee9c n\u0103ng \u0111\u1eb7c bi\u1ec7t: \u0110\u00e8n Pin B\u1ecf T\u00fai LEDLENSER P4R Work 170 Lumens<\/p>\n<ul>\n<li><b>\u0110\u00e8n pin g\u1ecdn nh\u1eb9<\/b>, m\u1ea1nh m\u1ebd v\u00e0 b\u1ec1n b\u1ec9 v\u1edbi c\u00f4ng t\u1eafc Endcap Switch<\/li>\n<li><b>H\u1ec7 Th\u1ed1ng Advanced Focus<\/b>, cho ch\u1ebf \u0111\u1ed9 s\u00e1ng qu\u1ea7ng r\u1ed9ng v\u00e0 t\u1ee5 \u0111i\u1ec3m, d\u1ec5 d\u00e0ng \u0111i\u1ec1u ch\u1ec9nh v\u00e0 ch\u00ednh x\u00e1c.<\/li>\n<li><b>L\u1edbp v\u1ecf \u0111\u01b0\u1ee3c n\u00e2ng c\u1ea5p<\/b>\u00a0ch\u1ed1ng th\u1ea5m, ch\u1ed1ng \u0103n m\u00f2n ho\u00e1 h\u1ecdc<\/li>\n<li><b>K\u1eb9p \u0111i k\u00e8m<\/b>\u00a0\u0111\u1ec3 g\u1eafn t\u00fai \u00e1o ho\u1eb7c t\u00fai qu\u1ea7n<\/li>\n<li><b>H\u1ec7 th\u1ed1ng s\u1ea1c pin ti\u1ec7n l\u1ee3i<\/b>\u00a0Magnetic Charge System<\/li>\n<\/ul>\n<p>4,Ch\u1ec9 s\u1ed1 IP<\/p>\n<ul>\n<li><b>IP54\u00a0<\/b>\u2013 Ch\u1ed1ng th\u1ea5m n\u01b0\u1edbc t\u1eeb ngu\u1ed3n x\u1ecbt m\u1ea1nh.<\/li>\n<\/ul>\n<p>5, Pin s\u1ea1c<\/p>\n<ul>\n<li>B\u1eb1ng c\u00e1ch s\u1eed d\u1ee5ng pin c\u00f3 th\u1ec3 s\u1ea1c l\u1ea1i, b\u1ea1n v\u1eeba c\u00f3 th\u1ec3 ti\u1ebft ki\u1ec7m chi ph\u00ed, v\u1eeba c\u00f3 th\u1ec3 b\u1ea3o v\u1ec7 m\u00f4i tr\u01b0\u1eddng. Trong qu\u00e1 tr\u00ecnh s\u1ea3n xu\u1ea5t, pin th\u00f4ng th\u01b0\u1eddng ti\u00eau th\u1ee5 500 l\u1ea7n s\u1ed1 \u0111i\u1ec7n m\u00e0 n\u00f3 c\u00f3 th\u1ec3 s\u1ea3n xu\u1ea5t trong th\u1ef1c t\u1ebf. C\u1ed9ng th\u00eam l\u01b0\u1ee3ng n\u0103ng l\u01b0\u1ee3ng c\u1ea7n thi\u1ebft cho vi\u1ec7c v\u1eadn chuy\u1ec3n v\u00e0 l\u01b0u tr\u1eef, l\u01b0\u1ee3ng kh\u00ed CO2 m\u00e0 pin th\u01b0\u1eddng th\u1ea3i ra m\u00f4i tr\u01b0\u1eddng th\u1eadt s\u1ef1 \u0111\u00e1ng k\u1ec3.<\/li>\n<\/ul>\n<div class=\"specs-file\"><a href=\"https:\/\/www.ledlenser.vn\/wp-content\/uploads\/2021\/01\/P4R-Work_en.pdf\" download=\"P4R Work\" target=\"_blank\" rel=\"noopener\"><i class=\"fa fa-file-text-o\"><\/i>\u00a0T\u1ea3i t\u00e0i li\u1ec7u PDF<\/a><\/div>\n","protected":false},"excerpt":{"rendered":"<p>\u0110\u00e8n Pin B\u1ecf T\u00fai LEDLENSER P4R Work 170 Lumens<br \/>\n\u0110\u00e8n pin g\u1ecdn nh\u1eb9 v\u00e0 m\u1ea1nh m\u1ebd P4R Work l\u00e0 m\u1ed9t d\u1ee5ng c\u1ee5 \u0111\u00e1ng tin c\u1eady, ph\u1ea3i c\u00f3 trong b\u1ea5t c\u1ee9 h\u1ed9p d\u1ee5ng c\u1ee5 n\u00e0o. Chi\u1ebfc \u0111\u00e8n n\u00e0y c\u00f3 thi\u1ebft k\u1ebf thanh tho\u00e1t v\u00e0 g\u1ecdn nh\u1eb9, v\u1edbi c\u00f4ng t\u1eafc Endcap Switch v\u00e0 k\u1eb9p \u0111i k\u00e8m \u0111\u00e8n. H\u1ec7 th\u1ed1ng Advanced Focus System gi\u00fap b\u1ea1n \u0111i\u1ec1u ch\u1ec9nh ngu\u1ed3n s\u00e1ng gi\u1eefa hai ch\u1ebf \u0111\u1ed9 chi\u1ebfu qu\u1ea7ng r\u1ed9ng v\u00e0 chi\u1ebfu t\u1ee5 \u0111i\u1ec3m, tu\u1ef3 theo nhu c\u1ea7u c\u1ee7a b\u1ea1n. V\u1edbi h\u1ec7 th\u1ed1ng s\u1ea1c pin Magnetic Charge System, b\u1ea1n c\u00f3 th\u1ec3 s\u1ea1c \u0111\u00e8n m\u1ed9t c\u00e1ch d\u1ec5 d\u00e0ng \u1edf b\u1ea5t c\u1ee9 n\u01a1i \u0111\u00e2u.<\/p>\n","protected":false},"featured_media":5333,"comment_status":"closed","ping_status":"closed","template":"","meta":[],"product_cat":[80],"product_tag":[224,223,226,225,227],"class_list":{"0":"post-5330","1":"product","2":"type-product","3":"status-publish","4":"has-post-thumbnail","6":"product_brand-ledlenser","7":"product_cat-den-pin-cao-cap","8":"product_tag-den-pin-bo-tui","9":"product_tag-den-pin-bo-tui-ledlenser-p4r-work-170-lumens","10":"product_tag-ledlenser-p4r","11":"product_tag-ledlenser-p4r-work-170-lumens","12":"product_tag-p4r-work","14":"first","15":"instock","16":"featured","17":"purchasable","18":"product-type-simple","19":"col-xs-6 col-sm-4","20":"col-md-3 col-lg-3","21":"un-4-cols"},"_links":{"self":[{"href":"https:\/\/hibucenter.com\/index.php\/wp-json\/wp\/v2\/product\/5330","targetHints":{"allow":["GET"]}}],"collection":[{"href":"https:\/\/hibucenter.com\/index.php\/wp-json\/wp\/v2\/product"}],"about":[{"href":"https:\/\/hibucenter.com\/index.php\/wp-json\/wp\/v2\/types\/product"}],"replies":[{"embeddable":true,"href":"https:\/\/hibucenter.com\/index.php\/wp-json\/wp\/v2\/comments?post=5330"}],"version-history":[{"count":3,"href":"https:\/\/hibucenter.com\/index.php\/wp-json\/wp\/v2\/product\/5330\/revisions"}],"predecessor-version":[{"id":9856,"href":"https:\/\/hibucenter.com\/index.php\/wp-json\/wp\/v2\/product\/5330\/revisions\/9856"}],"wp:featuredmedia":[{"embeddable":true,"href":"https:\/\/hibucenter.com\/index.php\/wp-json\/wp\/v2\/media\/5333"}],"wp:attachment":[{"href":"https:\/\/hibucenter.com\/index.php\/wp-json\/wp\/v2\/media?parent=5330"}],"wp:term":[{"taxonomy":"product_cat","embeddable":true,"href":"https:\/\/hibucenter.com\/index.php\/wp-json\/wp\/v2\/product_cat?post=5330"},{"taxonomy":"product_tag","embeddable":true,"href":"https:\/\/hibucenter.com\/index.php\/wp-json\/wp\/v2\/product_tag?post=5330"}],"curies":[{"name":"wp","href":"https:\/\/api.w.org\/{rel}","templated":true}]}}