{"id":5310,"date":"2025-04-28T10:13:58","date_gmt":"2025-04-28T03:13:58","guid":{"rendered":"https:\/\/hibucenter.com\/index.php\/product\/den-pin-doi-dau-sieu-nhe-fenix-hl16-cong-suat-450-lumen-dung-pin-aaa-bao-hanh-5-nam-xuat-xu-trung-quoc\/"},"modified":"2025-07-17T14:24:43","modified_gmt":"2025-07-17T07:24:43","slug":"den-pin-doi-dau-sieu-nhe-fenix-hl16-cong-suat-450-lumen-dung-pin-aaa-bao-hanh-5-nam-xuat-xu-trung-quoc","status":"publish","type":"product","link":"https:\/\/hibucenter.com\/index.php\/den-pin-doi-dau-sieu-nhe-fenix-hl16-cong-suat-450-lumen-dung-pin-aaa-bao-hanh-5-nam-xuat-xu-trung-quoc\/","title":{"rendered":"\u0110\u00e8n Pin \u0110\u1ed9i \u0110\u1ea7u Si\u00eau Nh\u1eb9 FENIX HL16 C\u00f4ng su\u1ea5t 450 Lumen &#8211; D\u00f9ng Pin AAA &#8211; B\u1ea3o H\u00e0nh 5 N\u0103m &#8211; Xu\u1ea5t X\u1ee9 Trung Qu\u1ed1c"},"content":{"rendered":"<p>TH\u00d4NG S\u1ed0 K\u1ef8 THU\u1eacT<br \/>\n&#8211; C\u00f4ng su\u1ea5t Led tr\u1eafng: 450 lumens<br \/>\n&#8211; C\u00f4ng su\u1ea5t Led \u0110\u1ecf: 5 lumens<br \/>\n&#8211; T\u1ea7m chi\u1ebfu: 104 m\u00e9t.<br \/>\n&#8211; Chip LED: Luminus SST20 \u00e1ng s\u00e1ng tr\u1eafng v\u00e0 1 Led \u0111\u1ecf 2835 tu\u1ed5i th\u1ecd 50.000 gi\u1edd<br \/>\n&#8211; Pin: 3 vi\u00ean AAA d\u00f9ng 1 l\u1ea7n.<br \/>\n&#8211; T\u00ednh n\u0103ng: h\u1ed7 tr\u1ee3 l\u00e0m vi\u1ec7c, c\u1eafm tr\u1ea1i, ch\u1ea1y b\u1ed9, t\u1eadp luy\u1ec7n c\u01b0\u1eddng \u0111\u1ed9 cao.<br \/>\n&#8211; Th\u1eddi gian ho\u1ea1t \u0111\u1ed9ng: t\u1ed1i \u0111a 100 gi\u1edd (m\u1ee9c Low)<br \/>\n&#8211; K\u00edch th\u01b0\u1edbc: 64 x 48 x 27 mm<br \/>\n&#8211; Tr\u1ecdng l\u01b0\u1ee3ng: 97,2 gram (bao g\u1ed3m pin)<br \/>\n&#8211; Ch\u1ed1ng n\u01b0\u1edbc: IP 66<br \/>\n&#8211; Ch\u1ed1ng va \u0111\u1eadp: \u0111\u1ed9 cao t\u1ed1i \u0111a 1 m\u00e9t<br \/>\n&#8211; Ch\u1ea5t li\u1ec7u: nh\u1ef1a PC \u2013 Germany<br \/>\n&#8211; B\u1ea3o h\u00e0nh: \u0110\u00e8n 05 n\u0103m<br \/>\n&#8211; Xu\u1ea5t x\u1ee9: Trung Qu\u1ed1c<\/p>\n<p>https:\/\/cf.shopee.vn\/file\/vn-11134208-7r98o-lp0ehnisjxam23<br \/>\nhttps:\/\/cf.shopee.vn\/file\/vn-11134208-7r98o-lp0ehniso4zy56<br \/>\n B\u1ed9 s\u1ea3n ph\u1ea9m \u0111\u00e8n pin Fenix HL16 bao g\u1ed3m<br \/>\n1 x \u0110\u00e8n pin Fenix HL16 k\u00e8m d\u00e2y \u0111eo \u0111\u1ea7u<br \/>\n3 x Pin AAA d\u00f9ng 1 l\u1ea7n<br \/>\n1 x S\u00e1ch HDSD<br \/>\n1 x Th\u1ebb b\u1ea3o h\u00e0nh<\/p>\n<p>https:\/\/cf.shopee.vn\/file\/vn-11134208-7r98o-lp0ehnisbhvydb<\/p>\n<p>M\u00d4 T\u1ea2 S\u1ea2N PH\u1ea8M:<br \/>\n&#8211; \u0110\u00e8n pin \u0111\u1ed9i \u0111\u1ea7u Fenix HL16 l\u00e0 ng\u01b0\u1eddi \u0111\u1ed3ng h\u00e0nh ho\u00e0n h\u1ea3o trong \u0111\u00eam.<br \/>\n&#8211; Si\u00eau nh\u1eb9, th\u1ef1c d\u1ee5ng, d\u1ec5 thao t\u00e1c v\u00e0 tho\u1ea3i m\u00e1i\u2026 l\u00e0 nh\u1eefng \u0111i\u1ec1u m\u00e0 HL16 \u0111em l\u1ea1i cho b\u1ea1n khi tr\u1ea3i nghi\u1ec7m. \u0110\u00e8n pin \u0111\u1ed9i \u0111\u1ea7u Fenix HL16 s\u1eed d\u1ee5ng ch\u1ea5t li\u1ec7u nh\u1ef1a PC t\u1eeb \u0110\u1ee9c cho tr\u1ecdng l\u01b0\u1ee3ng si\u00eau nh\u1eb9<br \/>\n&#8211; D\u00e2y \u0111eo c\u1ee7a HL16 c\u0169ng \u0111\u01b0\u1ee3c ch\u00ednh FENIX ph\u00e1t tri\u1ec3n, s\u1eed d\u1ee5ng b\u1ea3n d\u00e2y l\u1edbn v\u00e0 m\u1ecfng \u0111i k\u00e8m nhi\u1ec1u l\u1ed7 tho\u00e1t kh\u00ed, c\u1ef1c k\u00ec tho\u1ea3i m\u00e1i v\u00e0 \u00f4m s\u00e1t, tr\u00e1nh t\u00ecnh tr\u1ea1ng rung l\u1eafc khi ho\u1ea1t \u0111\u1ed9ng m\u1ea1nh nh\u01b0ng kh\u00f4ng g\u00e2y kh\u00f3 ch\u1ecbu. D\u1ea3i ph\u1ea3n quang tr\u00ean d\u00e2y c\u00f3 th\u1ec3 nh\u1eadn di\u1ec7n \u1edf kho\u1ea3ng c\u00e1ch l\u00ean \u0111\u1ebfn 50 m\u00e9t.<br \/>\n&#8211; HL16 c\u00f3 kh\u1ea3 n\u0103ng thay \u0111\u1ed5i g\u00f3c chi\u1ebfu 60 \u0111\u1ed9, ch\u1ec9 c\u1ea7n \u0111i\u1ec1u ch\u1ec9nh \u00e1nh s\u00e1ng h\u01b0\u1edbng ra ho\u1eb7c h\u01b0\u1edbng xu\u1ed1ng sao cho thu\u1eadn ti\u1ec7n thao t\u00e1c.<br \/>\n&#8211; HL16 trang b\u1ecb 2 LED ri\u00eang bi\u1ec7t, bao g\u1ed3m LED \u00e1nh s\u00e1ng tr\u1eafng v\u00e0 LED \u00e1nh s\u00e1ng \u0111\u1ecf, t\u0103ng kh\u1ea3 n\u0103ng s\u1eed d\u1ee5ng v\u00e0 \u0111i\u1ec1u khi\u1ec3n b\u1eb1ng 2 c\u00f4ng t\u1eafc \u0111\u1ed9c l\u1eadp.<br \/>\nLED Tr\u1eafng c\u00f4ng su\u1ea5t 450 lumens, cho \u00e1nh s\u00e1ng t\u1ecfa m\u1ecbn v\u00e0 bao qu\u00e1t, v\u1edbi t\u1ea7m chi\u1ebfu t\u1ed1i \u0111a 104 m\u00e9t, v\u1edbi th\u1eddi l\u01b0\u1ee3ng 100 gi\u1edd li\u00ean t\u1ee5c (m\u1ee9c th\u1ea5p).<br \/>\nLED \u0110\u1ecf \u2013 m\u1ed9t Option h\u1eefu d\u1ee5ng cho c\u00e1c tr\u01b0\u1eddng h\u1ee3p kh\u1ea9n nh\u1edd ch\u1ebf \u0111\u1ed9 SOS, ho\u1eb7c ch\u00fang ta c\u00f3 th\u1ec3 d\u00f9ng \u0111\u1ec3 quan s\u00e1t ban \u0111\u00eam m\u00e0 kh\u00f4ng thu h\u00fat c\u00f4n tr\u00f9ng khi \u0111i d\u00e3 ngo\u1ea1i v\u00e0 \u0111i c\u00e2u.<\/p>\n<p>https:\/\/cf.shopee.vn\/file\/vn-11134208-7r98o-lp0elq3vvwwed1<\/p>\n<p> C\u00e1ch s\u1eed d\u1ee5ng \u0111\u00e8n pin Fenix \u200b\u200bHL16:<br \/>\nCh\u00fa \u00fd: L\u1eafp pin tr\u01b0\u1edbc khi s\u1eed d\u1ee5ng l\u1ea7n \u0111\u1ea7u ti\u00ean.<br \/>\n\u0110\u00e8n \u0111\u01b0\u1ee3c \u0111i\u1ec1u khi\u1ec3n b\u1eb1ng 2 n\u00fat \u0111i\u1ec1u khi\u1ec3n tr\u00ean th\u00e2n \u0111\u00e8n, d\u1ec5 d\u00e0ng thao t\u00e1c ti\u1ebfp c\u1eadn.<br \/>\nB\u1eadt\/ T\u1eaft:<br \/>\nLed tr\u1eafng:<br \/>\nNh\u1ea5n gi\u1eef 0.5 gi\u00e2y \u0111\u1ec3 b\u1eadt\/t\u1eaft, nh\u1ea5n 1 l\u1ea7n \u0111\u1ec3 chuy\u1ec3n ch\u1ebf \u0111\u1ed9: Turbo \u2013 high \u2013 Med \u2013 Low<br \/>\nLed \u0111\u1ecf:<br \/>\nNh\u1ea5n gi\u1eef 0.5 gi\u00e2y \u0111\u1ec3 b\u1eadt\/t\u1eaft, nh\u1ea5n 1 l\u1ea7n \u0111\u1ec3 chuy\u1ec3n ch\u1ebf \u0111\u1ed9: Red light \u2013 SOS<br \/>\nL\u01b0u \u00fd: \u0110\u00e8n kh\u00f4ng th\u1ec3 s\u00e1ng c\u00f9ng l\u00fac 2 LED, khi \u0111\u00e8n \u0111ang s\u00e1ng b\u1ea5t k\u00ec Led tr\u1eafng hay \u0111\u1ecf, nh\u1ea5n gi\u1eef c\u00f4ng t\u1eafc b\u1ea5t k\u00ec 0.5 gi\u00e2y \u0111\u1ec3 t\u1eaft \u0111\u00e8n.<br \/>\nKh\u00f3a m\u1edf kh\u00f3a:<br \/>\nKh\u00f3a: khi \u0111\u00e8n t\u1eaft, nh\u1ea5n v\u00e0 gi\u1eef m\u1ed9t trong hai c\u00f4ng t\u1eafc ho\u1eb7c nh\u1ea5n \u0111\u1ed3ng th\u1eddi hai c\u00f4ng t\u1eafc trong 3 gi\u00e2y, \u0111\u00e8n s\u1ebd nh\u1ea5p nh\u00e1y b\u1ed1n l\u1ea7n \u0111\u1ec3 cho bi\u1ebft tr\u1ea1ng th\u00e1i kh\u00f3a.<br \/>\n\u00a0M\u1edf kh\u00f3a: khi \u0111\u00e8n b\u1ecb kh\u00f3a, nh\u1ea5n \u0111\u1ed3ng th\u1eddi hai c\u00f4ng t\u1eafc trong 3 gi\u00e2y, \u0111\u00e8n s\u1ebd nh\u1ea5p nh\u00e1y 4 l\u1ea7n, \u0111\u00e8n s\u1ebd s\u00e1ng \u1edf ch\u1ebf \u0111\u1ed9 5 lumens c\u1ee7a LED \u0111\u1ecf.<br \/>\n\u1ede tr\u1ea1ng th\u00e1i kh\u00f3a, nh\u1ea5n 1 l\u1ea7n v\u00e0o c\u00f4ng t\u1eafc, \u0111\u00e8n s\u1ebd nh\u00e1y 4 l\u1ea7n cho bi\u1ebft t\u00ecnh tr\u1ea1ng \u0111\u00e8n \u0111ang b\u1ecb kh\u00f3a. C\u1ea7n thao t\u00e1c m\u1edf kh\u00f3a tr\u01b0\u1edbc khi s\u1eed d\u1ee5ng.<\/p>\n<p>#Den_doi_dau_fenix_hl16#den_deo_tran_hl16#den_pin_sieu_nhe<br \/>\n#fenix_hl16<\/p>\n","protected":false},"excerpt":{"rendered":"<p>TH\u00d4NG S\u1ed0 K\u1ef8 THU\u1eacT &#8211; C\u00f4ng su\u1ea5t Led tr\u1eafng: 450 lumens &#8211; C\u00f4ng su\u1ea5t Led \u0110\u1ecf: 5 lumens &#8211; T\u1ea7m chi\u1ebfu: 104 m\u00e9t. &#8211; Chip LED: Luminus SST20 \u00e1ng s\u00e1ng tr\u1eafng v\u00e0 1 Led \u0111\u1ecf 2835 tu\u1ed5i th\u1ecd 50.000 gi\u1edd &#8211; Pin: 3 vi\u00ean AAA d\u00f9ng 1 l\u1ea7n. &#8211; T\u00ednh n\u0103ng: h\u1ed7 tr\u1ee3 l\u00e0m vi\u1ec7c,&hellip;<\/p>\n","protected":false},"featured_media":5315,"comment_status":"closed","ping_status":"open","template":"","meta":[],"product_cat":[80],"product_tag":[102,87,116,105,115,106],"class_list":{"0":"post-5310","1":"product","2":"type-product","3":"status-publish","4":"has-post-thumbnail","6":"product_brand-fenix","7":"product_cat-den-pin-cao-cap","8":"product_tag-den-cong-trinh","9":"product_tag-den-da-ngoai","10":"product_tag-den-pin-fenix","11":"product_tag-den-pin-sang-toa","12":"product_tag-den-pin-sieu-sang","13":"product_tag-den-sang-rong","15":"first","16":"instock","17":"product-type-simple","18":"col-xs-6 col-sm-4","19":"col-md-3 col-lg-3","20":"un-4-cols"},"_links":{"self":[{"href":"https:\/\/hibucenter.com\/index.php\/wp-json\/wp\/v2\/product\/5310","targetHints":{"allow":["GET"]}}],"collection":[{"href":"https:\/\/hibucenter.com\/index.php\/wp-json\/wp\/v2\/product"}],"about":[{"href":"https:\/\/hibucenter.com\/index.php\/wp-json\/wp\/v2\/types\/product"}],"replies":[{"embeddable":true,"href":"https:\/\/hibucenter.com\/index.php\/wp-json\/wp\/v2\/comments?post=5310"}],"version-history":[{"count":0,"href":"https:\/\/hibucenter.com\/index.php\/wp-json\/wp\/v2\/product\/5310\/revisions"}],"wp:featuredmedia":[{"embeddable":true,"href":"https:\/\/hibucenter.com\/index.php\/wp-json\/wp\/v2\/media\/5315"}],"wp:attachment":[{"href":"https:\/\/hibucenter.com\/index.php\/wp-json\/wp\/v2\/media?parent=5310"}],"wp:term":[{"taxonomy":"product_cat","embeddable":true,"href":"https:\/\/hibucenter.com\/index.php\/wp-json\/wp\/v2\/product_cat?post=5310"},{"taxonomy":"product_tag","embeddable":true,"href":"https:\/\/hibucenter.com\/index.php\/wp-json\/wp\/v2\/product_tag?post=5310"}],"curies":[{"name":"wp","href":"https:\/\/api.w.org\/{rel}","templated":true}]}}