{"id":5206,"date":"2025-04-28T10:13:21","date_gmt":"2025-04-28T03:13:21","guid":{"rendered":"https:\/\/hibucenter.com\/index.php\/product\/den-pin-fenix-c7-luminus-3000-lumens-hoat-dong-trong-nhiet-do-khat-nghiet\/"},"modified":"2025-07-17T14:24:44","modified_gmt":"2025-07-17T07:24:44","slug":"den-pin-fenix-c7-luminus-3000-lumens-hoat-dong-trong-nhiet-do-khat-nghiet","status":"publish","type":"product","link":"https:\/\/hibucenter.com\/index.php\/den-pin-fenix-c7-luminus-3000-lumens-hoat-dong-trong-nhiet-do-khat-nghiet\/","title":{"rendered":"\u0110\u00e8n Pin Fenix C7 Luminus &#8211; 3000 Lumens &#8211; Ho\u1ea1t \u0110\u1ed9ng Trong Nhi\u1ec7t \u0110\u1ed9 Kh\u1eaft Nghi\u1ec7t"},"content":{"rendered":"<p>\u0110\u00e8n Pin Fenix C7 Luminus &#8211; 3000 Lumens &#8211; Ho\u1ea1t \u0110\u1ed9ng Trong Nhi\u1ec7t \u0110\u1ed9 Kh\u1eaft Nghi\u1ec7t<br \/>\nhttps:\/\/cf.shopee.vn\/file\/vn-11134208-7r98o-lsiajlg1032xfd<\/p>\n<p>  Th\u00f4ng s\u1ed1 k\u0129 thu\u1eadt:<br \/>\n&#8211; Trang b\u1ecb b\u00f3ng Led Luminus SST70<br \/>\n&#8211; \u0110\u1ed9 s\u00e1ng t\u1ed1i \u0111a 3000 Lumens nhi\u1ec7t m\u00e0u 6500k<br \/>\n&#8211; Chi\u1ebfu xa 470 m\u00e9t (Theo ti\u00eau chu\u1ea9n qu\u1ed1c t\u1ebf v\u1ec1 \u0111\u00e8n pin (ANSI PLATO FL1) c\u00e1ch 470 m \u00e1nh s\u00e1ng chi\u1ebfu \u0111\u1ebfn m\u1ea1nh nh\u01b0 \u00e1nh s\u00e1ng m\u1eb7t tr\u0103ng, \u0111\u00e8n c\u00f3 th\u1ec3 soi r\u00f5 v\u1eadt \u1edf 230m \u0111\u1ed5 l\u1ea1i)<br \/>\n&#8211; \u0110\u00e8n s\u1eed d\u1ee5ng pin 21700 dung l\u01b0\u1ee3ng cao 5000mAh<br \/>\n&#8211; C\u1ed5ng s\u1ea1c nhanh Type-C hi\u1ec7n \u0111\u1ea1i, s\u1ea1c ch\u1ec9 3 gi\u1edd l\u00e0 \u0111\u1ea7y pin<br \/>\n&#8211; \u0110\u00e8n c\u00f3 \u0111u\u00f4i nam ch\u00e2m t\u1eeb t\u00ednh, gi\u00fap r\u1ea3nh tay trong c\u00e1c c\u00f4ng vi\u1ec7c s\u1eeda ch\u1eefa m\u00e1y m\u00f3c<br \/>\n&#8211; Th\u00e2n \u0111\u00e8n b\u1eb1ng h\u1ee3p kim nh\u00f4m cao c\u1ea5p A6061-T6<br \/>\n&#8211; K\u00edch th\u01b0\u1edbc: 149mm (chi\u1ec1u d\u00e0i) x 40mm (\u0111\u01b0\u1eddng k\u00ednh \u0111\u1ea7u \u0111\u00e8n) x 27mm (\u0111\u01b0\u1eddng k\u00ednh \u1ed1ng th\u00e2n)<br \/>\n&#8211; Tr\u1ecdng l\u01b0\u1ee3ng: 172g (ch\u01b0a t\u00ednh pin)<br \/>\n&#8211; Ch\u1ed1ng n\u01b0\u1edbc: IP68<br \/>\n&#8211; Ch\u1ed1ng va \u0111\u1eadp: 1,5m<br \/>\n&#8211; Xu\u1ea5t x\u1ee9: Trung Qu\u1ed1c.<br \/>\n&#8211; B\u1ea3o h\u00e0nh: \u0110\u00e8n 05 n\u0103m, pin 01 n\u0103m<br \/>\n==============================<br \/>\nhttps:\/\/cf.shopee.vn\/file\/vn-11134208-7r98o-lsiajlg11hnda2<\/p>\n<p>  Nh\u1eefng t\u00ednh n\u0103ng :<br \/>\n&#8211; \u0110\u00e8n pin si\u00eau s\u00e1ng c\u00f3 c\u00f4ng su\u1ea5t l\u1edbn, \u0111\u1ebfn 3000 lumens v\u00e0 chi\u1ebfu xa 470m, s\u1ebd tr\u1edf th\u00e0nh m\u1ed9t c\u00f4ng c\u1ee5 h\u1eefu d\u1ee5ng cho b\u1ea1n trong c\u00f4ng vi\u1ec7c.<br \/>\n&#8211; \u0110\u00e8n pin Fenix C7 c\u00f3 chu\u00f4i \u0111\u00e1y b\u1eb1ng ph\u1eb3ng, t\u00edch h\u1ee3p nam ch\u00e2m c\u1ef1c kh\u1ecfe, d\u00ednh t\u1ed1t tr\u00ean c\u00e1c b\u1ec1 m\u1eb7t th\u00e9p, cho b\u1ea1n c\u00f3 th\u1ec3 r\u1ea3nh thay khi thao kh\u00e1c l\u00e0m vi\u1ec7c. \u0110i k\u00e8m clip g\u00e0i ch\u1eafc ch\u1eafn, c\u00f3 th\u1ec3 g\u00e0i v\u00e0o t\u00fai \u00e1o ho\u1eb7c balo.  D\u00e2y \u0111eo ch\u1ed1ng r\u1edbt khi s\u1eed d\u1ee5ng.<br \/>\n==============================<br \/>\nhttps:\/\/cf.shopee.vn\/file\/vn-11134208-7r98o-lsiajlg12w7t67<\/p>\n<p>   H\u01b0\u1edbng d\u1eabn s\u1eed d\u1ee5ng:<br \/>\n&#8211; \u0110\u00e8n \u0111\u01b0\u1ee3c \u0111i\u1ec1u khi\u1ec3n d\u1ec5 d\u00e0ng b\u1eb1ng m\u1ed9t n\u00fat \u0111i\u1ec1u khi\u1ec3n duy nh\u1ea5t, \u0111\u01b0\u1ee3c thi\u1ebft k\u1ebf l\u1ed3i tr\u00ean th\u00e2n \u0111\u00e8n.<br \/>\n&#8211; Khi \u0111\u00e8n t\u1eaft,  nh\u1ea5n v\u00e0 gi\u1eef c\u00f4ng t\u1eafc 0.5s \u0111\u1ec3 v\u00e0o ch\u1ebf \u0111\u1ed9 chung.<br \/>\n+ Nh\u1ea5n gi\u1eef 1.2 gi\u00e2y, \u0111\u00e8n s\u1ebd chuy\u1ec3n sang mode Strobe, nh\u1ea5n 1 l\u1ea7n \u0111\u1ec3 sang ch\u1ebf \u0111\u1ed9 SOS, nh\u1ea5n gi\u1eef 1.2 gi\u00e2y ti\u1ebfp \u0111\u1ec3 \u0111\u00e8n v\u1ec1 ch\u1ebf \u0111\u1ed9 chung.<br \/>\n+ Khi \u0111\u00e8n \u0111ang \u1edf ch\u1ebf \u0111\u1ed9 chung, nh\u1ea5n 1 l\u1ea7n \u0111\u1ec3 chuy\u1ec3n mode: Eco -> Low -> med -> high -> Turbo. Nh\u1ea5n gi\u1eef 0.5s \u0111\u1ec3 t\u1eaft \u0111\u00e8n.<br \/>\n&#8211; \u0110\u00e8n c\u00f3 b\u1ed9 nh\u1edb th\u00f4ng minh, s\u1ebd ghi nh\u1edb mode cu\u1ed1i c\u00f9ng (kh\u00f4ng bao g\u1ed3m mode Strobe). Khi b\u1eadt l\u1ea1i, \u0111\u00e8n s\u1ebd s\u00e1ng l\u1ea1i m\u1ee9c \u0111\u00e3 s\u1eed d\u1ee5ng tr\u01b0\u1edbc \u0111\u00f3.<br \/>\n&#8211; C\u00e1ch b\u1ea3o qu\u1ea3n \u0111\u00e8n pin Fenix C7<br \/>\n+ N\u00ean s\u1ea1c l\u1ea1i pin 4 th\u00e1ng 1 l\u1ea7n \u0111\u1ec3 \u0111\u1ea3m b\u1ea3o tu\u1ed5i th\u1ecd v\u00e0 hi\u1ec7u su\u1ea5t t\u1ed1i \u01b0u khi kh\u00f4ng s\u1eed d\u1ee5ng th\u01b0\u1eddng xuy\u00ean.<br \/>\n+ Sau khi s\u1ea1c xong, th\u00e1o c\u00e1p s\u1ea1c v\u00e0 \u0111\u1ea9y n\u1eafp ch\u1ed1ng b\u1ee5i ra sau \u0111\u1ec3 b\u1ea3o v\u1ec7 c\u1ed5ng s\u1ea1c kh\u1ecfi b\u1ee5i v\u00e0 c\u00e1c v\u1eadt th\u1ec3 l\u1ea1.<\/p>\n<p>#denpinxedapfenixC7#denpinC7#denpindoidau#C7#fenixC7#fenix#denpinkiemsacduphong#denpinbotui#denpincongnghiep#<\/p>\n","protected":false},"excerpt":{"rendered":"<p>\u0110\u00e8n Pin Fenix C7 Luminus &#8211; 3000 Lumens &#8211; Ho\u1ea1t \u0110\u1ed9ng Trong Nhi\u1ec7t \u0110\u1ed9 Kh\u1eaft Nghi\u1ec7t https:\/\/cf.shopee.vn\/file\/vn-11134208-7r98o-lsiajlg1032xfd Th\u00f4ng s\u1ed1 k\u0129 thu\u1eadt: &#8211; Trang b\u1ecb b\u00f3ng Led Luminus SST70 &#8211; \u0110\u1ed9 s\u00e1ng t\u1ed1i \u0111a 3000 Lumens nhi\u1ec7t m\u00e0u 6500k &#8211; Chi\u1ebfu xa 470 m\u00e9t (Theo ti\u00eau chu\u1ea9n qu\u1ed1c t\u1ebf v\u1ec1 \u0111\u00e8n pin (ANSI PLATO FL1) c\u00e1ch&hellip;<\/p>\n","protected":false},"featured_media":5210,"comment_status":"closed","ping_status":"open","template":"","meta":[],"product_cat":[80],"product_tag":[102,87,116,105,115,106],"class_list":{"0":"post-5206","1":"product","2":"type-product","3":"status-publish","4":"has-post-thumbnail","6":"product_brand-fenix","7":"product_cat-den-pin-cao-cap","8":"product_tag-den-cong-trinh","9":"product_tag-den-da-ngoai","10":"product_tag-den-pin-fenix","11":"product_tag-den-pin-sang-toa","12":"product_tag-den-pin-sieu-sang","13":"product_tag-den-sang-rong","15":"first","16":"instock","17":"product-type-simple","18":"col-xs-6 col-sm-4","19":"col-md-3 col-lg-3","20":"un-4-cols"},"_links":{"self":[{"href":"https:\/\/hibucenter.com\/index.php\/wp-json\/wp\/v2\/product\/5206","targetHints":{"allow":["GET"]}}],"collection":[{"href":"https:\/\/hibucenter.com\/index.php\/wp-json\/wp\/v2\/product"}],"about":[{"href":"https:\/\/hibucenter.com\/index.php\/wp-json\/wp\/v2\/types\/product"}],"replies":[{"embeddable":true,"href":"https:\/\/hibucenter.com\/index.php\/wp-json\/wp\/v2\/comments?post=5206"}],"version-history":[{"count":0,"href":"https:\/\/hibucenter.com\/index.php\/wp-json\/wp\/v2\/product\/5206\/revisions"}],"wp:featuredmedia":[{"embeddable":true,"href":"https:\/\/hibucenter.com\/index.php\/wp-json\/wp\/v2\/media\/5210"}],"wp:attachment":[{"href":"https:\/\/hibucenter.com\/index.php\/wp-json\/wp\/v2\/media?parent=5206"}],"wp:term":[{"taxonomy":"product_cat","embeddable":true,"href":"https:\/\/hibucenter.com\/index.php\/wp-json\/wp\/v2\/product_cat?post=5206"},{"taxonomy":"product_tag","embeddable":true,"href":"https:\/\/hibucenter.com\/index.php\/wp-json\/wp\/v2\/product_tag?post=5206"}],"curies":[{"name":"wp","href":"https:\/\/api.w.org\/{rel}","templated":true}]}}