{"id":5162,"date":"2025-04-28T10:12:49","date_gmt":"2025-04-28T03:12:49","guid":{"rendered":"https:\/\/hibucenter.com\/index.php\/product\/den-pin-fenix-lr60r-21000-lumens-cuc-sang-cam-bien-thong-minh\/"},"modified":"2025-07-17T14:24:44","modified_gmt":"2025-07-17T07:24:44","slug":"den-pin-fenix-lr60r-21000-lumens-cuc-sang-cam-bien-thong-minh","status":"publish","type":"product","link":"https:\/\/hibucenter.com\/index.php\/den-pin-fenix-lr60r-21000-lumens-cuc-sang-cam-bien-thong-minh\/","title":{"rendered":"\u0110\u00e8n Pin Fenix LR60R &#8211; 21000 Lumens &#8211; C\u1ef1c S\u00e1ng, C\u1ea3m Bi\u1ebfn Th\u00f4ng Minh"},"content":{"rendered":"<p>\u0110\u00e8n Pin Fenix LR60R &#8211; 21000 Lumens &#8211; C\u1ef1c S\u00e1ng, C\u1ea3m Bi\u1ebfn Th\u00f4ng Minh<br \/>\nhttps:\/\/cf.shopee.vn\/file\/vn-11134208-7r98o-lsi9vzn2nzd0c0<br \/>\n  Th\u00f4ng s\u1ed1 k\u0129 thu\u1eadt:<br \/>\n&#8211; \u0110\u1ed9 s\u00e1ng c\u1ef1c \u0111\u1ea1i: 21.000 lumens<br \/>\n&#8211; T\u1ea7m chi\u1ebfu t\u1ed1i \u0111a: 1085 m\u00e9t<br \/>\n&#8211; Chip led: 1 Led Luminus SFT70 v\u00e0 12 Led Luminus SST40.<br \/>\n&#8211; Th\u1eddi l\u01b0\u1ee3ng s\u00e1ng: 113 gi\u1edd<br \/>\n&#8211; S\u1ed1 m\u1ee9c s\u00e1ng: 10<br \/>\n&#8211; Ch\u1ebf \u0111\u1ed9 s\u00e1ng: 3 ch\u1ebf \u0111\u1ed9 XA \u2013 T\u1eceA \u2013 H\u1ed6N H\u1ee2P<br \/>\n&#8211; Ch\u1ea5t li\u1ec7u: h\u1ee3p kim nh\u00f4m A6061-T6, x\u1eed l\u00ed m\u1ea1 Anodized HA Type III<br \/>\n&#8211; Pin: Pack pin s\u1ea1c Li-ion 14.4Vol \u2013 4000mAh.<br \/>\n&#8211; C\u1ed5ng s\u1ea1c: USB 2.0, Type C ( s\u1ea1c t\u1ed1i \u0111a 45W)<br \/>\n&#8211; \u0110i\u1ec1u khi\u1ec3n: c\u00f4ng t\u1eafc XOAY.<br \/>\n&#8211; Hi\u1ec3n th\u1ecb: M\u00e0n h\u00ecnh LCD b\u00e1o th\u00f4ng s\u1ed1, m\u1ee9c s\u00e1ng, th\u1eddi l\u01b0\u1ee3ng.<br \/>\n&#8211; K\u00edch th\u01b0\u1edbc: 207 x 85 x 63.5 mm<br \/>\n&#8211; Tr\u1ecdng l\u01b0\u1ee3ng: 1500 gram<br \/>\n&#8211; Ch\u1ed1ng va \u0111\u1eadp: 1 m\u00e9t<br \/>\n&#8211; Ch\u1ed1ng b\u1ee5i, ch\u1ed1ng n\u01b0\u1edbc: IP68<br \/>\n&#8211; T\u00ednh n\u0103ng: Powerbank s\u1eed d\u1ee5ng nh\u01b0 pin d\u1ef1 ph\u00f2ng cho smartphone c\u00f4ng su\u1ea5t 20W.<br \/>\n&#8211; B\u1ea3o h\u00e0nh: \u0110\u00e8n 05 n\u0103m, pin 01 n\u0103m<br \/>\n&#8211; Made in China<br \/>\n============================<br \/>\nhttps:\/\/cf.shopee.vn\/file\/vn-11134208-7r98o-lsi9vzn2pdxg4a<br \/>\nhttps:\/\/cf.shopee.vn\/file\/vn-11134208-7r98o-lsi9vzn2qshw14<br \/>\n  Nh\u1eefng t\u00ednh n\u0103ng :<br \/>\n&#8211; LR60R c\u0169ng l\u00e0 m\u1eabu \u0111\u00e8n duy nh\u1ea5t c\u1ee7a Fenix s\u1edf h\u1eefu m\u00e0n h\u00ecnh OLED, \u0111\u00e2y l\u00e0 m\u1ed9t \u201cOption\u201d thi\u1ebft th\u1ef1c trong qu\u00e1 tr\u00ecnh s\u1eed d\u1ee5ng. N\u00f3 hi\u1ec3n th\u1ecb r\u00f5 c\u00e1c th\u00f4ng s\u1ed1 v\u1ec1: C\u00f4ng su\u1ea5t, th\u1eddi gian s\u00e1ng v\u00e0 m\u1ee9c pin c\u00f2n l\u1ea1i. Khi s\u1ea1c \u0111\u00e8n, m\u00e0n h\u00ecnh OLED c\u0169ng hi\u1ec7n r\u00f5 t\u1eebng ph\u1ea7n tr\u0103m \u0111\u1ec3 ch\u00fang ta n\u1eafm \u0111\u01b0\u1ee3c th\u00f4ng tin.<br \/>\n&#8211; Fenix LR60R c\u00f3 4 m\u1ee9c s\u00e1ng chi\u1ebfu xa, 3 m\u1ee9c chi\u1ebfu t\u1ecfa, 1 m\u1ee9c s\u00e1ng h\u1ed7n h\u1ee3p, v\u00e0 2 m\u1ee9c Strobe\/SOS. N\u00f3 \u0111\u00e1p \u1ee9ng to\u00e0n b\u1ed9 nhu c\u1ea7u chi\u1ebfu s\u00e1ng, b\u1ea1n ch\u1ec9 c\u1ea7n \u0111i\u1ec1u khi\u1ec3n \u0111\u1ebfn m\u1ee9c s\u00e1ng h\u1ee3p l\u00fd \u0111\u1ec3 s\u1eed d\u1ee5ng.<br \/>\n&#8211; \u0110\u00e8n \u0111\u01b0\u1ee3c gia c\u00f4ng b\u1eb1ng h\u1ee3p kim nh\u00f4m A6061-T6 v\u1edbi l\u1edbp m\u1ea1 Anodie HAIII, cho t\u1ed5ng th\u1ec3 \u0111\u00e8n nh\u1eb9 nh\u01b0ng v\u1eabn \u0111\u1ea3m b\u1ea3o b\u1ec1n b\u1ec9 v\u1edbi c\u00e1c t\u00e1c \u0111\u1ed9ng b\u00ean ngo\u00e0i.<br \/>\n&#8211; \u0110\u00e8n c\u00f3 th\u1ec3 ch\u1ecbu va \u0111\u1eadp \u1edf \u0111\u1ed9 cao 1m tr\u00ean c\u1ea3 6 g\u00f3c c\u1ea1nh, ngo\u00e0i ra LR60R c\u00f2n c\u00f3 kh\u1ea3 n\u0103ng ch\u1ed1ng b\u1ee5i, ch\u1ed1ng n\u01b0\u1edbc ti\u00eau chu\u1ea9n IP68.<br \/>\n============================<br \/>\nhttps:\/\/cf.shopee.vn\/file\/vn-11134208-7r98o-lsi9vzn2s72c97<br \/>\nhttps:\/\/cf.shopee.vn\/file\/vn-11134208-7r98o-lsi9vzn2tlms34<br \/>\nhttps:\/\/cf.shopee.vn\/file\/vn-11134208-7r98o-lsi9vzn2v0789c<br \/>\n   H\u01b0\u1edbng d\u1eabn s\u1eed d\u1ee5ng:<br \/>\nC\u00f4ng t\u1eafc c\u1ee7a \u0111\u00e8n pin Fenix LR60R l\u00e0 v\u00f2ng xoay \u1edf th\u00e2n. C\u00f3 th\u1ec3 truy c\u1eadp c\u00e1c ch\u1ebf \u0111\u1ed9: Off\/ S\u00e1ng T\u1ecfa\/ S\u00e1ng Xa\/ S\u00e1ng h\u1ed7n h\u1ee3p\/ Nh\u00e1y\/ SOS.<br \/>\n* L\u1ef1a ch\u1ecdn ch\u1ebf \u0111\u1ed9:<br \/>\n&#8211; Xoay sang ph\u1ea3i \u0111\u1ec3 truy c\u1eadp l\u1ea7n l\u01b0\u1ee3t: Xa_Eco \/ Xa_Low \/ Xa_Med \/ Xa_Hight \/ H\u1ed7n H\u1ee3p_Turbo.<br \/>\n&#8211; Xoay s\u00e1ng tr\u00e1i \u0111\u1ec3 truy c\u1eadp l\u1ea7n l\u01b0\u1ee3t: T\u1ecfa_Med \/ T\u1ecfa_High \/ T\u1ecfa_Turbo \/ SOS \/ Nh\u00e1y_Strobe.<br \/>\n&#8211; Xoay v\u1ec1 gi\u1eefa \u2013 bi\u1ec3u t\u01b0\u1ee3ng n\u00fat Ngu\u1ed3n \u0111\u1ec3 t\u1eaft \u0111\u00e8n.<br \/>\n* C\u1ea3m bi\u1ebfn gi\u1ea3m \u0111\u1ed9 s\u00e1ng th\u00f4ng minh<br \/>\n-\u0110\u00e8n pin \u0111\u01b0\u1ee3c t\u00edch h\u1ee3p m\u1ea1ch c\u1ea3m bi\u1ebfn ti\u1ec7m c\u1eadn th\u00f4ng minh.<br \/>\n&#8211; Khi b\u1ec1 m\u1eb7t \u00e1nh s\u00e1ng \u1edf g\u1ea7n \u0111\u1ed1i t\u01b0\u1ee3ng chi\u1ebfu s\u00e1ng (kho\u1ea3ng 60mm) trong h\u01a1n 1 gi\u00e2y, \u0111\u00e8n pin s\u1ebd t\u1ef1 \u0111\u1ed9ng gi\u1ea3m m\u1ee9c s\u00e1ng b\u1eb1ng m\u1ee9c Eco c\u1ee7a ch\u1ebf \u0111\u1ed9 chi\u1ebfu Xa \u0111\u1ec3 tr\u00e1nh nguy hi\u1ec3m do nhi\u1ec7t \u0111\u1ed9 cao g\u00e2y ra.<br \/>\n&#8211; Khi b\u1ec1 m\u1eb7t \u00e1nh s\u00e1ng c\u00e1ch \u0111\u1ed1i t\u01b0\u1ee3ng chi\u1ebfu s\u00e1ng h\u01a1n 1,2 gi\u00e2y, \u0111\u00e8n pin s\u1ebd t\u1ef1 \u0111\u1ed9ng nh\u1edb l\u1ea1i m\u1ee9c \u0111\u1ea7u ra \u0111\u00e3 s\u1eed d\u1ee5ng tr\u01b0\u1edbc \u0111\u00f3.<br \/>\n* B\u1eadt\/t\u1eaft c\u1ea3m bi\u1ebfn<br \/>\n&#8211; Khi \u0111\u00e8n t\u1eaft, h\u00e3y chuy\u1ec3n c\u00f4ng t\u1eafc xoay c\u01a1 h\u1ecdc theo th\u1ee9 t\u1ef1 T\u1eaft\u2192Eco\u2192T\u1eaft 3 l\u1ea7n trong v\u00f2ng 3 gi\u00e2y. M\u00e0n h\u00ecnh OLED s\u1ebd hi\u1ec3n th\u1ecb \u201cB\u1eacT\u201d v\u00e0 \u0111\u00e8n s\u1ebd nh\u1ea5p nh\u00e1y hai l\u1ea7n \u1edf ch\u1ebf \u0111\u1ed9 Eco, cho bi\u1ebft ch\u1ee9c n\u0103ng c\u1ea3m bi\u1ebfn \u0111\u00e3 \u0111\u01b0\u1ee3c b\u1eadt.<br \/>\n&#8211; Khi \u0111\u00e8n t\u1eaft, h\u00e3y chuy\u1ec3n c\u00f4ng t\u1eafc xoay c\u01a1 h\u1ecdc theo th\u1ee9 t\u1ef1 T\u1eaft\u2192Eco\u2192T\u1eaft 3 l\u1ea7n trong v\u00f2ng 3 gi\u00e2y. M\u00e0n h\u00ecnh OLED s\u1ebd hi\u1ec3n th\u1ecb \u201cT\u1eaeT\u201d v\u00e0 \u0111\u00e8n s\u1ebd nh\u1ea5p nh\u00e1y t\u00e1m l\u1ea7n \u1edf ch\u1ebf \u0111\u1ed9 Eco, cho bi\u1ebft ch\u1ee9c n\u0103ng c\u1ea3m bi\u1ebfn \u0111\u00e3 b\u1ecb t\u1eaft.<\/p>\n<p>#denpinfenixLR60R#LR60R#fenixLR60R#fenix#denpinkiemsacduphong#denpinbotui#denpincongnghiep#<\/p>\n","protected":false},"excerpt":{"rendered":"<p>\u0110\u00e8n Pin Fenix LR60R &#8211; 21000 Lumens &#8211; C\u1ef1c S\u00e1ng, C\u1ea3m Bi\u1ebfn Th\u00f4ng Minh https:\/\/cf.shopee.vn\/file\/vn-11134208-7r98o-lsi9vzn2nzd0c0 Th\u00f4ng s\u1ed1 k\u0129 thu\u1eadt: &#8211; \u0110\u1ed9 s\u00e1ng c\u1ef1c \u0111\u1ea1i: 21.000 lumens &#8211; T\u1ea7m chi\u1ebfu t\u1ed1i \u0111a: 1085 m\u00e9t &#8211; Chip led: 1 Led Luminus SFT70 v\u00e0 12 Led Luminus SST40. &#8211; Th\u1eddi l\u01b0\u1ee3ng s\u00e1ng: 113 gi\u1edd &#8211; S\u1ed1 m\u1ee9c s\u00e1ng:&hellip;<\/p>\n","protected":false},"featured_media":5172,"comment_status":"closed","ping_status":"open","template":"","meta":[],"product_cat":[80],"product_tag":[102,87,116,105,115,106],"class_list":{"0":"post-5162","1":"product","2":"type-product","3":"status-publish","4":"has-post-thumbnail","6":"product_brand-fenix","7":"product_cat-den-pin-cao-cap","8":"product_tag-den-cong-trinh","9":"product_tag-den-da-ngoai","10":"product_tag-den-pin-fenix","11":"product_tag-den-pin-sang-toa","12":"product_tag-den-pin-sieu-sang","13":"product_tag-den-sang-rong","15":"first","16":"instock","17":"product-type-simple","18":"col-xs-6 col-sm-4","19":"col-md-3 col-lg-3","20":"un-4-cols"},"_links":{"self":[{"href":"https:\/\/hibucenter.com\/index.php\/wp-json\/wp\/v2\/product\/5162","targetHints":{"allow":["GET"]}}],"collection":[{"href":"https:\/\/hibucenter.com\/index.php\/wp-json\/wp\/v2\/product"}],"about":[{"href":"https:\/\/hibucenter.com\/index.php\/wp-json\/wp\/v2\/types\/product"}],"replies":[{"embeddable":true,"href":"https:\/\/hibucenter.com\/index.php\/wp-json\/wp\/v2\/comments?post=5162"}],"version-history":[{"count":0,"href":"https:\/\/hibucenter.com\/index.php\/wp-json\/wp\/v2\/product\/5162\/revisions"}],"wp:featuredmedia":[{"embeddable":true,"href":"https:\/\/hibucenter.com\/index.php\/wp-json\/wp\/v2\/media\/5172"}],"wp:attachment":[{"href":"https:\/\/hibucenter.com\/index.php\/wp-json\/wp\/v2\/media?parent=5162"}],"wp:term":[{"taxonomy":"product_cat","embeddable":true,"href":"https:\/\/hibucenter.com\/index.php\/wp-json\/wp\/v2\/product_cat?post=5162"},{"taxonomy":"product_tag","embeddable":true,"href":"https:\/\/hibucenter.com\/index.php\/wp-json\/wp\/v2\/product_tag?post=5162"}],"curies":[{"name":"wp","href":"https:\/\/api.w.org\/{rel}","templated":true}]}}