{"id":4912,"date":"2025-04-28T10:09:58","date_gmt":"2025-04-28T03:09:58","guid":{"rendered":"https:\/\/hibucenter.com\/index.php\/product\/den-pin-cam-tay-fenix-ld12r-600-lumens-gom-clip-gai-nam-cham\/"},"modified":"2025-07-17T14:24:44","modified_gmt":"2025-07-17T07:24:44","slug":"den-pin-cam-tay-fenix-ld12r-600-lumens-gom-clip-gai-nam-cham","status":"publish","type":"product","link":"https:\/\/hibucenter.com\/index.php\/den-pin-cam-tay-fenix-ld12r-600-lumens-gom-clip-gai-nam-cham\/","title":{"rendered":"\u0110\u00e8n Pin C\u1ea7m Tay Fenix LD12R &#8211; 600 Lumens &#8211; G\u1ed3m Clip G\u00e0i Nam Ch\u00e2m"},"content":{"rendered":"<p>\u0110\u00e8n Pin C\u1ea7m Tay Fenix LD12R &#8211; 600 Lumens &#8211; G\u1ed3m Clip G\u00e0i Nam Ch\u00e2m<br \/>\n  Th\u00f4ng s\u1ed1 k\u0129 thu\u1eadt:<br \/>\n&#8211; C\u00f4ng su\u1ea5t: 600 lumens<br \/>\n&#8211; Chip Led: Luminus SST20 \u00e1nh s\u00e1ng tr\u1eafng v\u00e0 Led SC1818C tu\u1ed5i th\u1ecd 50.000 gi\u1edd.<br \/>\n&#8211; T\u1ea7m chi\u1ebfu: 186 m\u00e9t<br \/>\n&#8211; Th\u1eddi l\u01b0\u1ee3ng t\u1ed1i \u0111a: 16 gi\u1edd 20 ph\u00fat<br \/>\n&#8211; Pin: pin Li-ion 14500 dung l\u01b0\u1ee3ng 800 mAh.<br \/>\n&#8211; C\u1ed5ng s\u1ea1c: Type C<br \/>\n&#8211; K\u00edch th\u01b0\u1edbc: 142.1 x 22 x 19 mm<br \/>\n&#8211; Tr\u1ecdng l\u01b0\u1ee3ng: 74 gram (\u0111\u00e3 bao g\u1ed3m pin)<br \/>\n&#8211; Ch\u1ea5t li\u1ec7u: H\u1ee3p kim nh\u00f4m A6061-T6, m\u1ea1 b\u1ec1 m\u1eb7t Anode HAIII<br \/>\n&#8211; Ch\u1ed1ng va \u0111\u1eadp: \u0111\u1ed9 cao 2 m\u00e9t<br \/>\n&#8211; Ch\u1ed1ng n\u01b0\u1edbc ch\u1ed1ng b\u1ee5i: Ti\u00eau chu\u1ea9n IP68<br \/>\n&#8211; \u1ee8ng d\u1ee5ng: chi\u1ebfu s\u00e1ng EDC, s\u1eeda ch\u1eefa k\u1ef9 thu\u1eadt, c\u1eafm tr\u1ea1i d\u00e3 ngo\u1ea1i\u2026.<br \/>\n&#8211; B\u1ea3o h\u00e0nh: \u0110\u00e8n 05 n\u0103m, pin 01 n\u0103m<br \/>\n&#8211; Xu\u1ea5t x\u1ee9: China<br \/>\n============================<br \/>\nhttps:\/\/cf.shopee.vn\/file\/vn-11134208-7r98o-lqpp1rndmp87d9<br \/>\n  Nh\u1eefng \u0111\u1eb7c \u0111i\u1ec3m :<br \/>\n&#8211; Fenix LD12R c\u00f3 kh\u1ea3 n\u0103ng s\u1eed d\u1ee5ng \u0111\u01b0\u1ee3c t\u1edbi 2 ngu\u1ed3n n\u0103ng l\u01b0\u1ee3ng. Trong nhi\u1ec1u tr\u01b0\u1eddng h\u1ee3p kh\u00f4ng k\u1ecbp s\u1ea1c l\u1ea1i, \u0111\u00e8n c\u00f3 th\u1ec3 d\u00f9ng 1 vi\u00ean pin AA \u0111\u1ec3 d\u00f9ng kh\u1ea9n c\u1ea5p.<br \/>\n&#8211; LD12R s\u1edf h\u1eefu c\u00f4ng ngh\u1ec7 IOP \u2013 m\u1ed9t t\u00ednh n\u0103ng \u0111\u1ed9c quy\u1ec1n c\u1ee7a FENIX, n\u00f3 gi\u00fap cho \u0111\u00e8n khi s\u1eed d\u1ee5ng lu\u00f4n d\u01b0\u1edbi 60 \u0111\u1ed9, \u0111\u1ea3m b\u1ea3o an to\u00e0n cho thi\u1ebft b\u1ecb c\u0169ng nh\u01b0 kh\u00f4ng g\u00e2y ph\u1ecfng cho ng\u01b0\u1eddi s\u1eed d\u1ee5ng.<br \/>\n-Th\u00e2n \u0111\u00e8n pin Fenix LD12R \u0111\u01b0\u1ee3c l\u00e0m b\u1eb1ng h\u1ee3p kim nh\u00f4m A6061-T6 si\u00eau b\u1ec1n, cho \u0111\u00e8n c\u00f3 tr\u1ecdng l\u01b0\u1ee3ng nh\u1eb9 nh\u01b0ng v\u1eabn \u0111\u1ea3m b\u1ea3o c\u1ee9ng c\u00e1p v\u1edbi kh\u1ea3 n\u0103ng ch\u1ed1ng ch\u1ecbu va \u0111\u1eadp \u1edf \u0111\u1ed9 cao l\u00ean t\u1edbi 1.5 m\u00e9t. Fenix LD12R c\u00f2n c\u00f3 kh\u1ea3 n\u0103ng ch\u1ed1ng b\u1ee5i, ch\u1ed1ng n\u01b0\u1edbc theo ti\u00eau chu\u1ea9n IP68.<br \/>\n============================<br \/>\nhttps:\/\/cf.shopee.vn\/file\/vn-11134208-7r98o-lqpp1rndo3snc6<br \/>\n   H\u01b0\u1edbng d\u1eabn s\u1eed d\u1ee5ng:<br \/>\n* B\u1eadt\/t\u1eaft: Nh\u1ea5n c\u00f4ng t\u1eafc \u0111u\u00f4i \u0111\u1ec3 B\u1eadt\/t\u1eaft.<br \/>\n* Chuy\u1ec3n \u0111\u1ed5i ch\u1ebf \u0111\u1ed9: Xa \u2013 T\u1ecfa (th\u00e2n)<br \/>\n&#8211; Khi \u0111\u00e8n \u0111ang b\u1eadt, xoay l\u1ecfng \u00bc v\u00f2ng cho \u0111\u00e8n t\u1eaft, sau \u0111\u00f3 v\u1eb7n ch\u1eb7t l\u1ea1i \u0111\u1ec3 thay \u0111\u1ed5i ch\u1ebf \u0111\u1ed9.<br \/>\n* L\u1ef1a ch\u1ecdn \u0111\u1ea7u ra<br \/>\n&#8211; \u0110\u00e8n Xa: khi \u0111\u00e8n \u0111\u00e3 b\u1eadt, nh\u1ea5n nh\u1eb9 v\u00e0o c\u00f4ng t\u1eafc \u0111u\u00f4i \u0111\u1ec3 thay \u0111\u1ed5i c\u00e1c m\u1ee9c s\u00e1ng: Moonlight \u2013 Low \u2013 Med \u2013 High<br \/>\n&#8211; \u0110\u00e8n t\u1ecfa: Khi \u0111\u00e8n \u0111\u00e3 b\u1eadt, nh\u1ea5n nh\u1eb9 v\u00e0o c\u00f4ng t\u1eafc \u0111u\u00f4i \u0111\u1ec3 thay \u0111\u1ed5i c\u00e1c m\u1ee9c s\u00e1ng: Low \u2013 Med \u2013 High<br \/>\n* M\u1ea1ch b\u1ed9 nh\u1edb th\u00f4ng minh<br \/>\nL\u01b0u \u00fd: \u0110\u00e8n ch\u1ec9 ghi nh\u1edb m\u1ee9c s\u00e1ng \u1edf ch\u1ebf \u0111\u1ed9 chi\u1ebfu XA, \u0111\u00e8n kh\u00f4ng ghi nh\u1edb m\u1ee9c s\u00e1ng chi\u1ebfu T\u1eceA.<br \/>\n\u0110\u00e8n s\u1ebd ghi nh\u1edb m\u1ee9c s\u00e1ng \u1edf ch\u1ebf \u0111\u1ed9 chi\u1ebfu XA. Khi t\u1eaft \u0111\u00e8n l\u00e2u h\u01a1n 1 gi\u00e2y, \u0111\u00e8n s\u1ebd b\u1eadt l\u1ea1i m\u1ee9c s\u00e1ng \u1edf l\u1ea7n s\u1eed d\u1ee5ng tr\u01b0\u1edbc \u0111\u00f3.<br \/>\nKhi t\u1eaft \u0111\u00e8n v\u00e0 b\u1eadt l\u1ea1i ngay l\u1eadp t\u1ee9c, \u0111\u00e8n s\u1ebd s\u00e1ng \u1edf m\u1ee9c ti\u1ebfp theo c\u1ee7a ch\u1ebf \u0111\u1ed9 \u0111ang d\u00f9ng, k\u1ec3 c\u1ea3 \u0111\u00e8n \u0111ang d\u00f9ng \u1edf ch\u1ebf \u0111\u1ed9 chi\u1ebfu XA hay chi\u1ebfu T\u1eceA.<\/p>\n<p>#denpinfenixLD12R#LD12R#fenixLD12R#fenix#denpinkiemsacduphong#denpinbotui#denpincongnghiep#<\/p>\n","protected":false},"excerpt":{"rendered":"<p>\u0110\u00e8n Pin C\u1ea7m Tay Fenix LD12R &#8211; 600 Lumens &#8211; G\u1ed3m Clip G\u00e0i Nam Ch\u00e2m Th\u00f4ng s\u1ed1 k\u0129 thu\u1eadt: &#8211; C\u00f4ng su\u1ea5t: 600 lumens &#8211; Chip Led: Luminus SST20 \u00e1nh s\u00e1ng tr\u1eafng v\u00e0 Led SC1818C tu\u1ed5i th\u1ecd 50.000 gi\u1edd. &#8211; T\u1ea7m chi\u1ebfu: 186 m\u00e9t &#8211; Th\u1eddi l\u01b0\u1ee3ng t\u1ed1i \u0111a: 16 gi\u1edd 20 ph\u00fat &#8211; Pin:&hellip;<\/p>\n","protected":false},"featured_media":4918,"comment_status":"closed","ping_status":"open","template":"","meta":[],"product_cat":[80],"product_tag":[102,87,116,105,115,106],"class_list":{"0":"post-4912","1":"product","2":"type-product","3":"status-publish","4":"has-post-thumbnail","6":"product_brand-fenix","7":"product_cat-den-pin-cao-cap","8":"product_tag-den-cong-trinh","9":"product_tag-den-da-ngoai","10":"product_tag-den-pin-fenix","11":"product_tag-den-pin-sang-toa","12":"product_tag-den-pin-sieu-sang","13":"product_tag-den-sang-rong","15":"first","16":"instock","17":"product-type-simple","18":"col-xs-6 col-sm-4","19":"col-md-3 col-lg-3","20":"un-4-cols"},"_links":{"self":[{"href":"https:\/\/hibucenter.com\/index.php\/wp-json\/wp\/v2\/product\/4912","targetHints":{"allow":["GET"]}}],"collection":[{"href":"https:\/\/hibucenter.com\/index.php\/wp-json\/wp\/v2\/product"}],"about":[{"href":"https:\/\/hibucenter.com\/index.php\/wp-json\/wp\/v2\/types\/product"}],"replies":[{"embeddable":true,"href":"https:\/\/hibucenter.com\/index.php\/wp-json\/wp\/v2\/comments?post=4912"}],"version-history":[{"count":0,"href":"https:\/\/hibucenter.com\/index.php\/wp-json\/wp\/v2\/product\/4912\/revisions"}],"wp:featuredmedia":[{"embeddable":true,"href":"https:\/\/hibucenter.com\/index.php\/wp-json\/wp\/v2\/media\/4918"}],"wp:attachment":[{"href":"https:\/\/hibucenter.com\/index.php\/wp-json\/wp\/v2\/media?parent=4912"}],"wp:term":[{"taxonomy":"product_cat","embeddable":true,"href":"https:\/\/hibucenter.com\/index.php\/wp-json\/wp\/v2\/product_cat?post=4912"},{"taxonomy":"product_tag","embeddable":true,"href":"https:\/\/hibucenter.com\/index.php\/wp-json\/wp\/v2\/product_tag?post=4912"}],"curies":[{"name":"wp","href":"https:\/\/api.w.org\/{rel}","templated":true}]}}