{"id":4893,"date":"2025-04-28T10:09:58","date_gmt":"2025-04-28T03:09:58","guid":{"rendered":"https:\/\/hibucenter.com\/index.php\/product\/den-pin-doi-dau-fenix-hm50r-v2-0-700-lumens-ket-hop-den-cam-tay\/"},"modified":"2025-07-17T14:24:45","modified_gmt":"2025-07-17T07:24:45","slug":"den-pin-doi-dau-fenix-hm50r-v2-0-700-lumens-ket-hop-den-cam-tay","status":"publish","type":"product","link":"https:\/\/hibucenter.com\/index.php\/den-pin-doi-dau-fenix-hm50r-v2-0-700-lumens-ket-hop-den-cam-tay\/","title":{"rendered":"\u0110\u00e8n Pin \u0110\u1ed9i \u0110\u1ea7u Fenix HM50R V2.0 &#8211; 700 Lumens &#8211; K\u1ebft H\u1ee3p \u0110\u00e8n C\u1ea7m Tay"},"content":{"rendered":"<p>\u0110\u00e8n Pin \u0110\u1ed9i \u0110\u1ea7u Fenix HM50R V2.0 &#8211; 700 Lumens &#8211; K\u1ebft H\u1ee3p \u0110\u00e8n C\u1ea7m Tay<br \/>\n  Th\u00f4ng s\u1ed1 k\u0129 thu\u1eadt:<br \/>\n&#8211; HM50R \u0111\u01b0\u1ee3c trang b\u1ecb c\u1ed5ng s\u1ea1c nhanh Type-C, \u0111\u00e8n led \u00e1nh s\u00e1ng \u0111\u1ecf v\u00e0 \u0111\u00e8n b\u00e1o pin t\u00edch h\u1ee3p trong c\u00f4ng t\u1eafc.<br \/>\n&#8211; \u0110\u1ed9 s\u00e1ng t\u1ed1i \u0111a 700 Lumens, chi\u1ebfu xa 115 m\u00e9t<br \/>\n&#8211; S\u1eed d\u1ee5ng b\u00f3ng led Cree XP-G3 S4 \u00e1nh s\u00e1ng tr\u1eafng v\u00e0 led \u00e1nh s\u00e1ng \u0111\u1ecf<br \/>\n&#8211; T\u01b0\u01a1ng th\u00edch pin s\u1ea1c 16340<br \/>\n&#8211; Thi\u1ebft k\u1ebf th\u00e1o l\u1eafp th\u00f4ng minh<br \/>\n&#8211; C\u1ed5ng s\u1ea1c nhanh Type-C ti\u1ec7n l\u1ee3i<br \/>\n&#8211; Th\u00e2n \u0111\u00e8n b\u1eb1ng h\u1ee3p kim nh\u00f4m cao c\u1ea5p<br \/>\n&#8211; K\u00edch th\u01b0\u1edbc: 64 x 36 x 32mm<br \/>\n&#8211; Tr\u1ecdng l\u01b0\u1ee3ng: 78g<br \/>\n&#8211; Ch\u1ed1ng n\u01b0\u1edbc chu\u1ea9n IP68<br \/>\n&#8211; B\u1ea3o h\u00e0nh : 05 n\u0103m<br \/>\n&#8211; Xu\u1ea5t x\u1ee9: China<br \/>\n==============================<br \/>\nhttps:\/\/cf.shopee.vn\/file\/vn-11134208-7r98o-lsjnsq93nhs438<br \/>\n  Nh\u1eefng t\u00ednh n\u0103ng:<br \/>\n&#8211; \u0110\u00e8n pin Fenix HM50R v2.0 c\u00f3 ch\u1ebf \u0111\u1ed9 \u00e1nh s\u00e1ng \u0111\u1ecf, \u0110\u00e2y l\u00e0 t\u00ednh n\u0103ng v\u00f4 c\u00f9ng h\u1eefu d\u1ee5ng trong c\u00e1c tr\u01b0\u1eddng h\u1ee3p c\u1ea7n ph\u00e1t t\u00edn hi\u1ec7u nh\u1eadn di\u1ec7n, c\u1ee9u h\u1ed9 khi \u1edf trong r\u1eebng, n\u00fai, ngo\u00e0i bi\u1ec3n, ngo\u00e0i ra s\u1eed d\u1ee5ng cho c\u00e1c t\u00e1c v\u1ee5 nh\u00ecn v\u00e0 thao t\u00e1c g\u1ea7n, b\u1ea3o v\u1ec7 t\u1ea7m nh\u00ecn ban \u0111\u00eam.<br \/>\n&#8211; \u0110\u00e8n s\u1eed d\u1ee5ng pin 16340 \u0111i k\u00e8m, c\u00f3 s\u1ea1c Type C tr\u00ean th\u00e2n.<br \/>\n&#8211; Th\u00e2n \u0111\u00e8n pin Fenix HM50R v2.0  \u0111\u01b0\u1ee3c l\u00e0m b\u1eb1ng h\u1ee3p kim nh\u00f4m A6061-T6 si\u00eau b\u1ec1n, cho \u0111\u00e8n c\u00f3 tr\u1ecdng l\u01b0\u1ee3ng nh\u1eb9 nh\u01b0ng v\u1eabn \u0111\u1ea3m b\u1ea3o c\u1ee9ng c\u00e1p, \u0111\u00e8n c\u00f3 th\u1ec3 ch\u1ed1ng b\u1ee5i, ch\u1ed1ng n\u01b0\u1edbc v\u00e0 ch\u1ed1ng va \u0111\u1eadp \u1edf \u0111\u1ed9 cao \u0111\u1ebfn 2m.<br \/>\n&#8211; D\u1ea3i ho\u1ea1t \u0111\u1ed9ng s\u1eed d\u1ee5ng HM50R v2.0 d\u00e0i, t\u1eeb -35 \u0111\u1ed9 cho \u0111\u1ebfn 45 \u0111\u1ed9.<br \/>\n&#8211; Nh\u1ecf, nh\u1eb9, c\u00f4ng su\u1ea5t l\u1edbn l\u00e0 m\u1ed9t l\u1ee3i th\u1ebf kh\u00f4ng b\u00e0n c\u00e3i c\u1ee7a HM50R v2.0, ngo\u00e0i ra \u0111i k\u00e8m b\u1ed9 d\u00e2y \u0111eo \u0111\u1ea7u, c\u00f3 th\u1ec3 cho b\u1ea1n r\u1ea3nh tay m\u1ecdi l\u00fac, v\u1eabn \u0111\u1ea3m b\u1ea3o ngu\u1ed3n s\u00e1ng khi quay t\u1edbi, s\u1eed d\u1ee5ng li\u00ean t\u1ee5c m\u00e0 kh\u00f4ng g\u00e2y kh\u00f3 ch\u1ecbu, n\u1eb7ng n\u1ec1.<br \/>\n&#8211; S\u1eed d\u1ee5ng duy nh\u1ea5t 1 c\u00f4ng t\u1eafc silicon, tin c\u1eady, d\u1ec5 d\u00e0ng thao t\u00e1c s\u1eed d\u1ee5ng.<br \/>\n&#8211; \u0110\u00e8n t\u00edch h\u1ee3p ch\u00e2n s\u1ea1c Type C tr\u00ean th\u00e2n, \u0111a d\u1ee5ng.<br \/>\nhttps:\/\/cf.shopee.vn\/file\/vn-11134208-7r98o-lsjnsq93owck34<br \/>\n   H\u01b0\u1edbng d\u1eabn s\u1eed d\u1ee5ng:<br \/>\n* B\u1eadt\/ T\u1eaft<br \/>\nKhi \u0111\u00e8n t\u1eaft, nh\u1ea5n gi\u1eef c\u00f4ng t\u1eafc 0.5s \u0111\u1ec3 chuy\u1ec3n sang ch\u1ebf \u0111\u1ed9 \u00e1nh s\u00e1ng tr\u1eafng.<br \/>\nKhi \u0111\u00e8n t\u1eaft, nh\u1ea5n d\u00fap 2 l\u1ea7n c\u00f4ng t\u1eafc \u0111\u1ec3 chuy\u1ec3n sang ch\u1ebf \u0111\u1ed9 s\u00e1ng \u0111\u1ecf.<br \/>\nKhi \u0111\u00e8n \u0111\u00e3 b\u1eadt, nh\u1ea5n gi\u1eef 0.5s \u0111\u1ec3 t\u1eaft \u0111\u00e8n.<br \/>\n* Ch\u1ebf \u0111\u1ed9 s\u00e1ng tr\u1eafng:<br \/>\nNh\u1ea5n 1 l\u1ea7n \u0111\u1ec3 chuy\u1ec3n ch\u1ebf \u0111\u1ed9: Low \u2013 Med \u2013 High \u2013 Turbo<br \/>\n\u0110\u00e8n s\u1ebd nh\u1edb ch\u1ebf \u0111\u1ed9 cu\u1ed1i c\u00f9ng s\u1eed d\u1ee5ng.<br \/>\n* Ch\u1ebf \u0111\u1ed9 s\u00e1ng \u0111\u1ecf:<br \/>\n\u0110\u00e8n \u0111ang truy c\u1eadp ch\u1ebf \u0111\u1ed9 s\u00e1ng \u0111\u1ecf, nh\u1ea5n 1 l\u1ea7n \u0111\u1ec3 chuy\u1ec3n t\u1eeb ch\u1ebf \u0111\u1ed9 S\u00e1ng \u0111\u1ecf \u2013 nh\u00e1y \u0111\u1ecf.  \u0110\u00e8n kh\u00f4ng nh\u1edb ch\u1ebf \u0111\u1ed9 cu\u1ed1i c\u00f9ng \u1edf m\u1ee9c s\u00e1ng n\u00e0y. <\/p>\n<p>#denpindoidauHM50R#denpindoidau#denpinHM50R#HM50R#fenixHM50R#fenix#denpinkiemsacduphong#denpinbotui#denpincongnghiep#denpincamtay#<\/p>\n","protected":false},"excerpt":{"rendered":"<p>\u0110\u00e8n Pin \u0110\u1ed9i \u0110\u1ea7u Fenix HM50R V2.0 &#8211; 700 Lumens &#8211; K\u1ebft H\u1ee3p \u0110\u00e8n C\u1ea7m Tay Th\u00f4ng s\u1ed1 k\u0129 thu\u1eadt: &#8211; HM50R \u0111\u01b0\u1ee3c trang b\u1ecb c\u1ed5ng s\u1ea1c nhanh Type-C, \u0111\u00e8n led \u00e1nh s\u00e1ng \u0111\u1ecf v\u00e0 \u0111\u00e8n b\u00e1o pin t\u00edch h\u1ee3p trong c\u00f4ng t\u1eafc. &#8211; \u0110\u1ed9 s\u00e1ng t\u1ed1i \u0111a 700 Lumens, chi\u1ebfu xa 115 m\u00e9t &#8211;&hellip;<\/p>\n","protected":false},"featured_media":4899,"comment_status":"closed","ping_status":"open","template":"","meta":[],"product_cat":[80],"product_tag":[102,87,116,105,115,106],"class_list":{"0":"post-4893","1":"product","2":"type-product","3":"status-publish","4":"has-post-thumbnail","6":"product_brand-fenix","7":"product_cat-den-pin-cao-cap","8":"product_tag-den-cong-trinh","9":"product_tag-den-da-ngoai","10":"product_tag-den-pin-fenix","11":"product_tag-den-pin-sang-toa","12":"product_tag-den-pin-sieu-sang","13":"product_tag-den-sang-rong","15":"first","16":"instock","17":"product-type-simple","18":"col-xs-6 col-sm-4","19":"col-md-3 col-lg-3","20":"un-4-cols"},"_links":{"self":[{"href":"https:\/\/hibucenter.com\/index.php\/wp-json\/wp\/v2\/product\/4893","targetHints":{"allow":["GET"]}}],"collection":[{"href":"https:\/\/hibucenter.com\/index.php\/wp-json\/wp\/v2\/product"}],"about":[{"href":"https:\/\/hibucenter.com\/index.php\/wp-json\/wp\/v2\/types\/product"}],"replies":[{"embeddable":true,"href":"https:\/\/hibucenter.com\/index.php\/wp-json\/wp\/v2\/comments?post=4893"}],"version-history":[{"count":0,"href":"https:\/\/hibucenter.com\/index.php\/wp-json\/wp\/v2\/product\/4893\/revisions"}],"wp:featuredmedia":[{"embeddable":true,"href":"https:\/\/hibucenter.com\/index.php\/wp-json\/wp\/v2\/media\/4899"}],"wp:attachment":[{"href":"https:\/\/hibucenter.com\/index.php\/wp-json\/wp\/v2\/media?parent=4893"}],"wp:term":[{"taxonomy":"product_cat","embeddable":true,"href":"https:\/\/hibucenter.com\/index.php\/wp-json\/wp\/v2\/product_cat?post=4893"},{"taxonomy":"product_tag","embeddable":true,"href":"https:\/\/hibucenter.com\/index.php\/wp-json\/wp\/v2\/product_tag?post=4893"}],"curies":[{"name":"wp","href":"https:\/\/api.w.org\/{rel}","templated":true}]}}