{"id":4873,"date":"2025-04-28T10:09:58","date_gmt":"2025-04-28T03:09:58","guid":{"rendered":"https:\/\/hibucenter.com\/index.php\/product\/den-pin-xe-dap-fenix-bc30-v2-0-2200-lumens-tam-chieu-xa-den-187m\/"},"modified":"2025-07-17T14:24:45","modified_gmt":"2025-07-17T07:24:45","slug":"den-pin-xe-dap-fenix-bc30-v2-0-2200-lumens-tam-chieu-xa-den-187m","status":"publish","type":"product","link":"https:\/\/hibucenter.com\/index.php\/den-pin-xe-dap-fenix-bc30-v2-0-2200-lumens-tam-chieu-xa-den-187m\/","title":{"rendered":"\u0110\u00e8n Pin Xe \u0110\u1ea1p Fenix BC30 V2.0 &#8211; 2200 Lumens, T\u1ea7m Chi\u1ebfu Xa \u0110\u1ebfn 187m"},"content":{"rendered":"<p>\u0110\u00e8n Pin Xe \u0110\u1ea1p Fenix BC30 V2.0 &#8211; 2200 Lumens, T\u1ea7m Chi\u1ebfu Xa \u0110\u1ebfn 187m<br \/>\n  Th\u00f4ng s\u1ed1 k\u0129 thu\u1eadt:<br \/>\n&#8211; Trang b\u1ecb 2 b\u00f3ng led Luminus SST-40, tu\u1ed5i th\u1ecd h\u01a1n 50.000 gi\u1edd<br \/>\n&#8211; \u0110\u1ed9 s\u00e1ng c\u1ef1c \u0111\u1ea1i 2200 Lumens, chi\u1ebfu xa 187 m\u00e9t<br \/>\n&#8211; S\u1eed d\u1ee5ng 2 pin s\u1ea1c 18650 c\u00f3 th\u1ec3 th\u00e1o r\u1eddi<br \/>\n&#8211; C\u00f3 trang b\u1ecb ch\u1ee9c n\u0103ng \u0111i\u1ec1u khi\u1ec3n t\u1eeb xa<br \/>\n&#8211; Gi\u00e1 c\u00e0i xe \u0111\u1ea1p th\u00e1o l\u1eafp c\u1ef1c nhanh v\u00e0 ch\u1eafc ch\u1eafn<br \/>\n&#8211; C\u00f3 th\u1ec3 g\u1eafn l\u00ean m\u0169 b\u1ea3o h\u1ed9<br \/>\n&#8211; H\u1ec7 th\u1ed1ng \u00e1nh s\u00e1ng k\u00e9p ch\u1ed1ng ch\u00f3i m\u1eaft ng\u01b0\u1eddi \u0111i ng\u01b0\u1ee3c chi\u1ec1u<br \/>\n&#8211; K\u00edch th\u01b0\u1edbc: 120 x 50 x 31.8mm<br \/>\n&#8211; Tr\u1ecdng l\u01b0\u1ee3ng: 154g (ch\u01b0a t\u00ednh pin)<br \/>\n&#8211; B\u1ea3o h\u00e0nh:5 n\u0103m cho \u0111\u00e8n v\u00e0 1 n\u0103m cho pin.<br \/>\n&#8211; Xu\u1ea5t x\u1ee9: China<br \/>\n==============================<br \/>\nhttps:\/\/cf.shopee.vn\/file\/vn-11134208-7r98o-lqomm97la6uv85<br \/>\n  Nh\u1eefng \u0111\u1eb7c \u0111i\u1ec3m :<br \/>\n&#8211; \u0110\u00e8n pin Fenix BC30 V2.0 c\u00f3 th\u1ec3 ho\u1ea1t \u0111\u1ed9ng t\u1ed1t trong c\u00e1c \u0111i\u1ec1u ki\u1ec7n nhi\u1ec7t \u0111\u1ed9, th\u1eddi ti\u1ebft nh\u1edd kh\u1ea3 n\u0103ng t\u1ea3n nhi\u1ec7t t\u1ed1t v\u00e0 ch\u1ed1ng l\u1ea1nh cho pin.<br \/>\n&#8211; Th\u00e2n \u0111\u00e8n pin Fenix BC30 V2.0 \u0111\u01b0\u1ee3c l\u00e0m t\u1eeb h\u1ee3p kim nh\u00f4m nguy\u00ean kh\u1ed1i si\u00eau b\u1ec1n, ch\u1ed1ng va \u0111\u1eadp v\u00e0 t\u1ea3n nhi\u1ec7t t\u1ed1t, ngo\u00e0i ra \u0111\u00e8n c\u00f2n ch\u1ed1ng n\u01b0\u1edbc v\u00e0 b\u1ee5i theo ti\u00eau chu\u1ea9n IP67.<br \/>\n============================<br \/>\nhttps:\/\/cf.shopee.vn\/file\/vn-11134208-7r98o-lqomm97lblfb2b<br \/>\n   H\u01b0\u1edbng d\u1eabn s\u1eed d\u1ee5ng:<br \/>\n* B\u1eadt\/ T\u1eaft:<br \/>\n&#8211; Nh\u1ea5n v\u00e0 gi\u1eef c\u00f4ng t\u1eafc ch\u1ee9c n\u0103ng trong 0.5s \u0111\u1ec3 B\u1eadt\/ T\u1eaft \u0111\u00e8n.<br \/>\n* Thay \u0111\u1ed5i m\u1ee9c s\u00e1ng c\u1ee7a \u0111\u00e8n.<br \/>\n&#8211; Khi \u0111\u00e8n \u0111\u01b0\u1ee3c b\u1eadt, nh\u1ea5n m\u1ed9t l\u1ea7n v\u00e0o c\u00f4ng t\u1eafc \u0111\u1ec3 chuy\u1ec3n ch\u1ee9c n\u0103ng.<br \/>\nEDC\/Eco \u2013 Low \u2013 Med \u2013 High<br \/>\n* Ch\u1ebf \u0111\u1ed9 Flash: khi \u0111\u00e8n \u0111ang b\u1eadt, nh\u1ea5n \u0111\u00fap v\u00e0o c\u00f4ng t\u1eafc \u0111\u1ec3 truy c\u1eadp ch\u1ebf \u0111\u1ed9 Flash. Nh\u1ea5n m\u1ed9t l\u1ea7n n\u1eefa \u0111\u1ec3 v\u1ec1 ch\u1ebf \u0111\u1ed9 chung.<br \/>\n* C\u00f4ng t\u1eafc kh\u00f4ng d\u00e2y:<br \/>\n\u2013       K\u1ebft n\u1ed1i l\u1ea7n \u0111\u1ea7u ti\u00ean: Nh\u1ea5n v\u00e0 gi\u1eef c\u00f4ng t\u0103c ch\u1ee9c n\u0103ng trong 5s,  c\u00f4ng t\u1eafc s\u1ebd nh\u1ea5p nh\u00e1y m\u00e0u \u0111\u1ecf v\u00e0 xanh xen k\u1ebd, sau \u0111\u00f3 nh\u1ea5p 1 l\u1ea7n v\u00e0o n\u00fat b\u1ea5t k\u00ec tr\u00ean c\u00f4ng t\u1eafc kh\u00f4ng d\u00e2y, \u0111\u00e8n xe \u0111\u1ea1p s\u1ebd s\u00e1ng cho bi\u1ebft k\u1ebft n\u1ed1i \u0111\u00e3 ho\u00e0n t\u1ea5t.<br \/>\n* Ghi ch\u00fa:<br \/>\n\u2013       Sau l\u1ea7n k\u1ebft n\u1ed1i \u0111\u1ea7u ti\u00ean, c\u00f4ng t\u1eafc kh\u00f4ng d\u00e2y s\u1ebd ghi nh\u1edb tr\u1ea1ng th\u00e1i k\u1ebft n\u1ed1i tr\u01b0\u1edbc \u0111\u00f3.<br \/>\n\u2013       Kho\u1ea3ng c\u00e1ch k\u1ebft n\u1ed1i gi\u1eefa \u0111\u00e8n v\u00e0 c\u00f4ng t\u1eafc kh\u00f4ng d\u00e2y kh\u00f4ng \u0111\u01b0\u1ee3c qu\u00e1 1.5m trong qu\u00e1 tr\u00ecnh gh\u00e9p n\u1ed1i.<br \/>\n* L\u1ef1a ch\u1ecdn \u0111\u1ea7u ra:<br \/>\n&#8211; Khi \u0111\u00e8n \u0111\u01b0\u1ee3c b\u1eadt,  nh\u1ea5n v\u00e0 gi\u1eef c\u00f4ng t\u1eafc 0.5s \u0111\u1ec3 v\u00e0o\/tho\u00e1t tr\u1ea1ng th\u00e1i ch\u1edd, nh\u1ea5n m\u1ed9t l\u1ea7n \u0111\u1ec3 ch\u1ecdn ch\u1ebf \u0111\u1ed9: EDC\/Eco \u2013 Low \u2013 Med \u2013 High. \u0110\u00e8n s\u1ebd t\u1ef1 t\u1eaft sau 10p n\u1ebfu kh\u00f4ng c\u00f3 b\u1ea5t k\u00ec ho\u1ea1t \u0111\u1ed9ng n\u00e0o ti\u1ebfp theo.<br \/>\n* Ch\u1ebf \u0111\u1ed9 Burst:<br \/>\n&#8211; Khi \u0111\u00e8n \u0111ang b\u1eadt, nh\u1ea5n v\u00e0 gi\u1eef \u0111\u1ec3 \u0111\u00e8n truy c\u1eadp ch\u1ebf \u0111\u1ed9 Burst v\u00e0 k\u00e9o d\u00e0i trong v\u00f2ng 30s. Nh\u1ea5n m\u1ed9t l\u1ea7n c\u00f4ng t\u1eafc \u0111\u1ec3 tho\u00e1t ch\u1ebf \u0111\u1ed9 Burst.<br \/>\n* L\u01b0u \u00fd: N\u1ebfu pin \u0111ang y\u1ebfu, \u0111\u00e8n s\u1ebd s\u00e1ng \u1edf m\u1ee9c cao nh\u1ea5t m\u00e0 pin c\u00f3 th\u1ec3 h\u1ed7 tr\u1ee3.<br \/>\n* \u0110\u00e8n c\u00f3 m\u1ea1ch l\u01b0u ch\u1ebf \u0111\u1ed9 th\u00f4ng minh, \u0111\u00e8n s\u1ebd nh\u1edb m\u1ee9c s\u1eed d\u1ee5ng sau c\u00f9ng \u1edf l\u1ea7n d\u00f9ng sau.<\/p>\n<p>#denpinfenixBC30V2.0#BC30V2.0#fenixBC30V2.0#fenix#denpinkiemsacduphong#denpinbotui#denpincongnghiep#<\/p>\n","protected":false},"excerpt":{"rendered":"<p>\u0110\u00e8n Pin Xe \u0110\u1ea1p Fenix BC30 V2.0 &#8211; 2200 Lumens, T\u1ea7m Chi\u1ebfu Xa \u0110\u1ebfn 187m Th\u00f4ng s\u1ed1 k\u0129 thu\u1eadt: &#8211; Trang b\u1ecb 2 b\u00f3ng led Luminus SST-40, tu\u1ed5i th\u1ecd h\u01a1n 50.000 gi\u1edd &#8211; \u0110\u1ed9 s\u00e1ng c\u1ef1c \u0111\u1ea1i 2200 Lumens, chi\u1ebfu xa 187 m\u00e9t &#8211; S\u1eed d\u1ee5ng 2 pin s\u1ea1c 18650 c\u00f3 th\u1ec3 th\u00e1o r\u1eddi &#8211;&hellip;<\/p>\n","protected":false},"featured_media":4879,"comment_status":"closed","ping_status":"open","template":"","meta":[],"product_cat":[80],"product_tag":[102,87,116,105,115,106],"class_list":{"0":"post-4873","1":"product","2":"type-product","3":"status-publish","4":"has-post-thumbnail","6":"product_brand-fenix","7":"product_cat-den-pin-cao-cap","8":"product_tag-den-cong-trinh","9":"product_tag-den-da-ngoai","10":"product_tag-den-pin-fenix","11":"product_tag-den-pin-sang-toa","12":"product_tag-den-pin-sieu-sang","13":"product_tag-den-sang-rong","15":"first","16":"instock","17":"product-type-simple","18":"col-xs-6 col-sm-4","19":"col-md-3 col-lg-3","20":"un-4-cols"},"_links":{"self":[{"href":"https:\/\/hibucenter.com\/index.php\/wp-json\/wp\/v2\/product\/4873","targetHints":{"allow":["GET"]}}],"collection":[{"href":"https:\/\/hibucenter.com\/index.php\/wp-json\/wp\/v2\/product"}],"about":[{"href":"https:\/\/hibucenter.com\/index.php\/wp-json\/wp\/v2\/types\/product"}],"replies":[{"embeddable":true,"href":"https:\/\/hibucenter.com\/index.php\/wp-json\/wp\/v2\/comments?post=4873"}],"version-history":[{"count":0,"href":"https:\/\/hibucenter.com\/index.php\/wp-json\/wp\/v2\/product\/4873\/revisions"}],"wp:featuredmedia":[{"embeddable":true,"href":"https:\/\/hibucenter.com\/index.php\/wp-json\/wp\/v2\/media\/4879"}],"wp:attachment":[{"href":"https:\/\/hibucenter.com\/index.php\/wp-json\/wp\/v2\/media?parent=4873"}],"wp:term":[{"taxonomy":"product_cat","embeddable":true,"href":"https:\/\/hibucenter.com\/index.php\/wp-json\/wp\/v2\/product_cat?post=4873"},{"taxonomy":"product_tag","embeddable":true,"href":"https:\/\/hibucenter.com\/index.php\/wp-json\/wp\/v2\/product_tag?post=4873"}],"curies":[{"name":"wp","href":"https:\/\/api.w.org\/{rel}","templated":true}]}}