{"id":4754,"date":"2025-04-28T10:01:13","date_gmt":"2025-04-28T03:01:13","guid":{"rendered":"https:\/\/hibucenter.com\/index.php\/product\/den-pin-doi-dau-fenix-hm70r-1600-lumens-hoat-dong-voi-nhiet-do-nong-lanh\/"},"modified":"2025-07-17T14:24:45","modified_gmt":"2025-07-17T07:24:45","slug":"den-pin-doi-dau-fenix-hm70r-1600-lumens-hoat-dong-voi-nhiet-do-nong-lanh","status":"publish","type":"product","link":"https:\/\/hibucenter.com\/index.php\/den-pin-doi-dau-fenix-hm70r-1600-lumens-hoat-dong-voi-nhiet-do-nong-lanh\/","title":{"rendered":"\u0110\u00e8n Pin \u0110\u1ed9i \u0110\u1ea7u Fenix HM70R 1600 Lumens &#8211; Ho\u1ea1t \u0110\u1ed9ng V\u1edbi Nhi\u1ec7t \u0110\u1ed9 N\u00f3ng &#038; L\u1ea1nh"},"content":{"rendered":"<p>\u0110\u00e8n Pin \u0110\u1ed9i \u0110\u1ea7u Fenix HM70R 1600 Lumens &#8211; Ho\u1ea1t \u0110\u1ed9ng V\u1edbi Nhi\u1ec7t \u0110\u1ed9 N\u00f3ng &#038; L\u1ea1nh<br \/>\n  Th\u00f4ng s\u1ed1 k\u0129 thu\u1eadt:<br \/>\n&#8211; Chip LED: 1 x Luminus SST40, 1 x LED s\u00e1ng v\u00e0ng XP-G2 HE, 2 x LED ph\u1ee5 2835 \u00e1nh s\u00e1ng \u0111\u1ecf<br \/>\n&#8211; C\u00f4ng su\u1ea5t:  Chi\u1ebfu xa \u2013 1600 lumens, chi\u1ebfu t\u1ecfa \u2013 400 lumens.<br \/>\n&#8211; T\u1ea7m chi\u1ebfu: Chi\u1ebfu xa \u2013 186 m\u00e9t, chi\u1ebfu t\u1ecfa \u2013 38 m\u00e9t.<br \/>\n&#8211; Pin: pin s\u1ea1c Fenix ARB-L21-5000 dung l\u01b0\u1ee3ng 5000mAh.<br \/>\n&#8211; Th\u1eddi l\u01b0\u1ee3ng s\u00e1ng t\u1ed1i \u0111a: 100 gi\u1edd<br \/>\n&#8211; C\u1ed5ng s\u1ea1c: T\u00edch h\u1ee3p c\u1ed5ng Type C tr\u00ean \u0111\u00e8n, d\u00f2ng s\u1ea1c nhanh 2A.<br \/>\n&#8211; M\u1ee9c s\u00e1ng: 4 m\u1ee9c s\u00e1ng chi\u1ebfu xa, 2 m\u1ee9c s\u00e1ng chi\u1ebfu t\u1ecfa, 2 m\u1ee9c s\u00e1ng \u0111\u1ecf v\u00e0 SOS<br \/>\n&#8211; K\u00edch th\u01b0\u1edbc: 94 x 51 x 46 mm<br \/>\n&#8211; Tr\u1ecdng l\u01b0\u1ee3ng: 206 gram (\u0111\u00e3 bao g\u1ed3m pin v\u00e0 d\u00e2y \u0111eo)<br \/>\n&#8211; Th\u00e2n v\u1ecf: H\u1ee3p kim nh\u00f4m h\u00e0ng kh\u00f4ng A6061-T6, l\u1edbp m\u1ea1 anodized HAIII cao c\u1ea5p.<br \/>\n&#8211; \u1ee8ng d\u1ee5ng: l\u00e0m vi\u1ec7c r\u1ea3nh tay, v\u01b0\u1eddn r\u1eaby, c\u1eafm tr\u1ea1i, \u0111i r\u1eebng, h\u1ea7m m\u1ecf, c\u1ee9u n\u1ea1n c\u1ee9u h\u1ed9.<br \/>\n&#8211; B\u1ea3o h\u00e0nh : \u0110\u00e8n 05 n\u0103m, pin 01 n\u0103m<br \/>\n&#8211; Xu\u1ea5t x\u1ee9: China<br \/>\n==============================<br \/>\nhttps:\/\/cf.shopee.vn\/file\/vn-11134208-7r98o-lsjp6bbtbzd012<br \/>\n  Nh\u1eefng \u0111\u1eb7c \u0111i\u1ec3m \u0111\u1eb7c bi\u1ec7t:<br \/>\n&#8211; \u0110\u00e8n pin Fenix HM70R \u0111\u01b0\u1ee3c trang b\u1ecb vi\u00ean pin s\u1ea1c ARB-L21-5000 dung l\u01b0\u1ee3ng 5000mAh cho th\u1eddi l\u01b0\u1ee3ng s\u00e1ng li\u00ean t\u1ee5c l\u00ean \u0111\u1ebfn 100 gi\u1edd.<br \/>\n&#8211; \u0110\u00e8n t\u00edch h\u1ee3p c\u1ed5ng s\u1ea1c Type C tr\u1ef1c ti\u1ebfp tr\u00ean th\u00e2n, v\u1edbi c\u1ed5ng che xoay c\u1ef1c k\u00ec \u0111\u1ed9c \u0111\u00e1o. V\u1edbi thi\u1ebft k\u1ebf n\u00e0y anh em an t\u00e2m v\u1ec1 kh\u1ea3 n\u0103ng ch\u1ed1ng n\u01b0\u1edbc, \u0111\u1ea3m b\u1ea3o k\u00edn kh\u00edt v\u00e0 kh\u00f4ng lo r\u1ee7i ro qu\u00ean \u0111\u1eady nh\u01b0 n\u1eafp cao su che.<br \/>\n&#8211; \u00c1nh s\u00e1ng \u0111\u1ecf tr\u00ean HM70R r\u1ea5t h\u1eefu d\u1ee5ng trong ban \u0111\u00eam,  gi\u00fap b\u1ea3o v\u1ec7 th\u1ecb l\u1ef1c kh\u00f4ng g\u00e2y ch\u00f3i v\u00e0 \u1ea3nh h\u01b0\u1edfng ng\u01b0\u1eddi kh\u00e1c, kh\u00f4ng thu h\u00fat c\u00f4n tr\u00f9ng, v\u00e0 b\u00e1o hi\u1ec7u v\u1ecb tr\u00ed trong \u0111\u00eam.<br \/>\n&#8211; B\u1ed9 d\u00e2y \u0111eo \u0111\u1ea7u c\u1ee7a Fenix HM70R \u0111\u01b0\u1ee3c h\u00e3ng c\u1ea3i ti\u1ebfn, b\u1ea3n l\u1edbn h\u01a1n v\u00e0 \u0111\u1ed9 co gi\u00e3n t\u1ed1t, kh\u00f4ng g\u00e2y kh\u00f3 ch\u1ecbu, \u00f4m s\u00e1t ch\u1eafc ch\u1eafn v\u00e0o \u0111\u1ea7u b\u1ea1n. Ngo\u00e0i ra c\u00f3 d\u1ea3i ph\u1ea3n quang tr\u00ean d\u00e2y, cho t\u1ea7m nh\u00ecn l\u00ean \u0111\u1ebfn 50m v\u1eabn quan s\u00e1t th\u1ea5y \u0111\u01b0\u1ee3c.<br \/>\n&#8211; \u0110\u00e8n pin Fenix HM70R S\u1eed d\u1ee5ng duy nh\u1ea5t 1 c\u00f4ng t\u1eafc silicon, tin c\u1eady, d\u1ec5 d\u00e0ng thao t\u00e1c s\u1eed d\u1ee5ng.<br \/>\n==============================<br \/>\nhttps:\/\/cf.shopee.vn\/file\/vn-11134208-7r98o-lsjp6bbtddxg53<br \/>\n   H\u01b0\u1edbng d\u1eabn s\u1eed d\u1ee5ng:<br \/>\n* B\u1eadt:<br \/>\nNh\u1ea5n v\u00e0 gi\u1eef c\u00f4ng t\u1eafc trong 0,5 gi\u00e2y \u0111\u1ec3 v\u00e0o ch\u1ebf \u0111\u1ed9 chi\u1ebfu xa , nh\u1ea5p \u0111\u00fap v\u00e0o c\u00f4ng t\u1eafc \u0111\u1ec3 v\u00e0o ch\u1ebf \u0111\u1ed9 chi\u1ebfu t\u1ecfa<br \/>\n* T\u1eaft<br \/>\nNh\u1ea5n v\u00e0 gi\u1eef c\u00f4ng t\u1eafc trong 0,5 gi\u00e2y \u0111\u1ec3 t\u1eaft \u0111\u00e8n.<br \/>\n* Chuy\u1ec3n gi\u1eefa 2 ch\u1ebf \u0111\u1ed9:<br \/>\nKhi \u0111\u00e8n \u0111\u01b0\u1ee3c b\u1eadt, nh\u1ea5n v\u00e0 gi\u1eef c\u00f4ng t\u1eafc trong 1,2 gi\u00e2y \u0111\u1ec3 chuy\u1ec3n gi\u1eefa 2 ch\u1ebf \u0111\u1ed9 Chi\u1ebfu Xa \u2013 Chi\u1ebfu T\u1ecfa<br \/>\n* L\u1ef1a ch\u1ecdn \u0111\u1ea7u ra:<br \/>\n\u1ede ch\u1ebf \u0111\u1ed9 Chi\u1ebfu xa, khi \u0111\u00e8n \u0111\u01b0\u1ee3c b\u1eadt, nh\u1ea5p m\u1ed9t l\u1ea7n v\u00e0o c\u00f4ng t\u1eafc \u0111\u1ec3 chuy\u1ec3n qua Low- Med \u2013 High \u2013 Turbo.<br \/>\n\u1ede ch\u1ebf \u0111\u1ed9  chi\u1ebfu t\u1ecfa, khi \u0111\u00e8n \u0111\u01b0\u1ee3c b\u1eadt, nh\u1ea5p m\u1ed9t l\u1ea7n v\u00e0o c\u00f4ng t\u1eafc \u0111\u1ec3 chuy\u1ec3n qua Red \u2013 Low \u2013 Med \u2013 SOS<br \/>\n* Kh\u00f3a m\u1edf kh\u00f3a<br \/>\n Kh\u00f3a: khi \u0111\u00e8n t\u1eaft, nh\u1ea5n v\u00e0 gi\u1eef c\u00f4ng t\u1eafc trong 3 gi\u00e2y, \u0111\u00e8n s\u1ebd nh\u1ea5p nh\u00e1y m\u00e0u \u0111\u1ecf ba l\u1ea7n \u0111\u1ec3 b\u00e1o tr\u1ea1ng th\u00e1i kh\u00f3a. \u1ede tr\u1ea1ng th\u00e1i b\u1ecb kh\u00f3a, nh\u1ea5p v\u00e0o c\u00f4ng t\u1eafc s\u1ebd k\u00edch ho\u1ea1t 3 l\u1ea7n nh\u1ea5p nh\u00e1y m\u00e0u \u0111\u1ecf m\u1ed9t gi\u00e2y \u0111\u1ec3 bi\u1ec3u th\u1ecb tr\u1ea1ng th\u00e1i b\u1ecb kh\u00f3a.<br \/>\nM\u1edf kh\u00f3a: khi \u0111\u00e8n b\u1ecb kh\u00f3a, nh\u1ea5n v\u00e0 gi\u1eef c\u00f4ng t\u1eafc trong 3 gi\u00e2y, \u0111\u00e8n s\u1ebd \u0111\u01b0\u1ee3c k\u00edch ho\u1ea1t v\u1edbi 3 l\u1ea7n nh\u1ea5p nh\u00e1y \u0111\u1ecf 1 gi\u00e2y v\u00e0 k\u00edch ho\u1ea1t \u1edf ch\u1ebf \u0111\u1ed9 \u0110\u00e8n \u0111\u1ecf.<br \/>\nhttps:\/\/cf.shopee.vn\/file\/vn-11134208-7r98o-lsjp6bbteshwaa<br \/>\n#denpindoidauHM70R#denpindoidau#denpinHM70R#HM70R#fenixHM70R#fenix#denpinkiemsacduphong#denpinbotui#denpincongnghiep#denpincamtay#<\/p>\n","protected":false},"excerpt":{"rendered":"<p>\u0110\u00e8n Pin \u0110\u1ed9i \u0110\u1ea7u Fenix HM70R 1600 Lumens &#8211; Ho\u1ea1t \u0110\u1ed9ng V\u1edbi Nhi\u1ec7t \u0110\u1ed9 N\u00f3ng &#038; L\u1ea1nh Th\u00f4ng s\u1ed1 k\u0129 thu\u1eadt: &#8211; Chip LED: 1 x Luminus SST40, 1 x LED s\u00e1ng v\u00e0ng XP-G2 HE, 2 x LED ph\u1ee5 2835 \u00e1nh s\u00e1ng \u0111\u1ecf &#8211; C\u00f4ng su\u1ea5t: Chi\u1ebfu xa \u2013 1600 lumens, chi\u1ebfu t\u1ecfa \u2013 400&hellip;<\/p>\n","protected":false},"featured_media":4758,"comment_status":"closed","ping_status":"open","template":"","meta":[],"product_cat":[80],"product_tag":[102,87,116,105,115,106],"class_list":{"0":"post-4754","1":"product","2":"type-product","3":"status-publish","4":"has-post-thumbnail","6":"product_brand-fenix","7":"product_cat-den-pin-cao-cap","8":"product_tag-den-cong-trinh","9":"product_tag-den-da-ngoai","10":"product_tag-den-pin-fenix","11":"product_tag-den-pin-sang-toa","12":"product_tag-den-pin-sieu-sang","13":"product_tag-den-sang-rong","15":"first","16":"instock","17":"product-type-simple","18":"col-xs-6 col-sm-4","19":"col-md-3 col-lg-3","20":"un-4-cols"},"_links":{"self":[{"href":"https:\/\/hibucenter.com\/index.php\/wp-json\/wp\/v2\/product\/4754","targetHints":{"allow":["GET"]}}],"collection":[{"href":"https:\/\/hibucenter.com\/index.php\/wp-json\/wp\/v2\/product"}],"about":[{"href":"https:\/\/hibucenter.com\/index.php\/wp-json\/wp\/v2\/types\/product"}],"replies":[{"embeddable":true,"href":"https:\/\/hibucenter.com\/index.php\/wp-json\/wp\/v2\/comments?post=4754"}],"version-history":[{"count":0,"href":"https:\/\/hibucenter.com\/index.php\/wp-json\/wp\/v2\/product\/4754\/revisions"}],"wp:featuredmedia":[{"embeddable":true,"href":"https:\/\/hibucenter.com\/index.php\/wp-json\/wp\/v2\/media\/4758"}],"wp:attachment":[{"href":"https:\/\/hibucenter.com\/index.php\/wp-json\/wp\/v2\/media?parent=4754"}],"wp:term":[{"taxonomy":"product_cat","embeddable":true,"href":"https:\/\/hibucenter.com\/index.php\/wp-json\/wp\/v2\/product_cat?post=4754"},{"taxonomy":"product_tag","embeddable":true,"href":"https:\/\/hibucenter.com\/index.php\/wp-json\/wp\/v2\/product_tag?post=4754"}],"curies":[{"name":"wp","href":"https:\/\/api.w.org\/{rel}","templated":true}]}}