{"id":4712,"date":"2025-04-28T10:01:13","date_gmt":"2025-04-28T03:01:13","guid":{"rendered":"https:\/\/hibucenter.com\/index.php\/product\/den-pin-fenix-tk11r-1600-lumens-cong-nghe-apf\/"},"modified":"2025-07-17T14:24:45","modified_gmt":"2025-07-17T07:24:45","slug":"den-pin-fenix-tk11r-1600-lumens-cong-nghe-apf","status":"publish","type":"product","link":"https:\/\/hibucenter.com\/index.php\/den-pin-fenix-tk11r-1600-lumens-cong-nghe-apf\/","title":{"rendered":"\u0110\u00e8n Pin Fenix TK11R &#8211; 1600 Lumens &#8211; C\u00f4ng Ngh\u1ec7 APF"},"content":{"rendered":"<p>\u0110\u00e8n Pin Fenix TK11R &#8211; 1600 Lumens &#8211; C\u00f4ng Ngh\u1ec7 APF<br \/>\n  Th\u00f4ng s\u1ed1 k\u0129 thu\u1eadt:<br \/>\n&#8211; \u00c1nh s\u00e1ng: \u00e1nh s\u00e1ng tr\u1eafng<br \/>\n&#8211; Chip Led: Luminus SFT40 tu\u1ed5i th\u1ecd 50.000 gi\u1edd<br \/>\n&#8211; C\u00f4ng su\u1ea5t t\u1ed1i \u0111a: 1600 lumens<br \/>\n&#8211; T\u1ea7m chi\u1ebfu xa t\u1ed1i \u0111a: 420 m\u00e9t<br \/>\n&#8211; Th\u1eddi l\u01b0\u1ee3ng t\u1ed1i \u0111a: 25.5 gi\u1edd (m\u1ee9c th\u1ea5p)<br \/>\n&#8211; Pin: pin li-ion 18650 Fenix ARB-L18-3400 dung l\u01b0\u1ee3ng 3400mAh<br \/>\n&#8211; Ki\u1ec3u s\u1ea1c: Type C<br \/>\n&#8211; Ch\u1ea5t li\u1ec7u: H\u1ee3p kim nh\u00f4m A6061-T6, m\u1ea1 b\u1ec1 m\u1eb7t Anidize HAIII<br \/>\n&#8211; K\u00edch th\u01b0\u1edbc: 145.5 x 34 x 23.5 mm<br \/>\n&#8211; Tr\u1ecdng l\u01b0\u1ee3ng: 117 gram<br \/>\n&#8211; Ti\u00eau chu\u1ea9n ch\u1ed1ng n\u01b0\u1edbc: IP68<br \/>\n&#8211; Ch\u1ed1ng ch\u1ecbu va \u0111\u1eadp: t\u1ed1i \u0111a 1 m\u00e9t<br \/>\n&#8211; B\u1ea3o h\u00e0nh: \u0111\u00e8n 05 n\u0103m, pin 01 n\u0103m<br \/>\n&#8211; Xu\u1ea5t x\u1ee9: China<br \/>\n============================<br \/>\nhttps:\/\/cf.shopee.vn\/file\/vn-11134208-7r98o-lqpp1rndsbhzd7<br \/>\n  Nh\u1eefng \u0111\u1eb7c \u0111i\u1ec3m :<br \/>\n&#8211; \u0110\u00e8n pin Fenix TK11R th\u1ef1c s\u1ef1 l\u00e0 l\u1ef1a ch\u1ecdn l\u00fd t\u01b0\u1edfng cho c\u00e1c ho\u1ea1t \u0111\u1ed9ng chi\u1ebfu s\u00e1ng ngo\u00e0i tr\u1eddi v\u00e0 t\u00e1c chi\u1ebfn, tu\u1ea7n tra, b\u1ea3o v\u1ec7.<br \/>\n&#8211; TK11R \u0111\u01b0\u1ee3c Fenix trang b\u1ecb c\u00f4ng ngh\u1ec7 truy\u1ec1n d\u1eabn APF gi\u00fap \u0111\u00e8n \u0111\u1ea1t hi\u1ec7u n\u0103ng t\u1ed1i \u0111a, v\u00e0 t\u0103ng tu\u1ed5i th\u1ecd pin l\u00ean m\u1ee9c cao nh\u1ea5t.<br \/>\n&#8211; Hai c\u1ef1c ti\u1ebfp x\u00fac pin \u0111\u1ec1u s\u1eed d\u1ee5ng l\u00f2 xo, t\u0103ng t\u1ed1i \u01b0u s\u1eed d\u1ee5ng nhi\u1ec1u lo\u1ea1i pin c\u00f3 k\u00edch th\u01b0\u1edbc \u0111\u1ea7u c\u1ef1c kh\u00e1c nhau, \u0111\u1ed3ng th\u1eddi ch\u1ed1ng shock t\u1ed1t, \u0111\u00e8n kh\u00f4ng h\u1edf m\u1ea1ch khi c\u00f3 t\u00e1c \u0111\u1ed9ng ho\u1eb7c ho\u1ea1t \u0111\u1ed9ng rung l\u1eafc m\u1ea1nh.<br \/>\n&#8211; \u0110\u00e8n c\u0169ng c\u00f3 t\u00edch h\u1ee3p c\u00f4ng ngh\u1ec7 IOP \u0111\u1ed9c quy\u1ec1n \u2013 \u0111i\u1ec1u ch\u1ec9nh t\u1ef1 \u0111\u1ed9ng m\u1ee9c s\u00e1ng khi \u0111\u00e8n qu\u00e1 nhi\u1ec7t v\u00e0 lu\u00f4n gi\u00fap \u1ed5n \u0111\u1ecbnh \u0111\u00e8n kh\u00f4ng v\u01b0\u1ee3t qu\u00e1 60 \u0111\u1ed9.<br \/>\n============================<br \/>\nhttps:\/\/cf.shopee.vn\/file\/vn-11134208-7r98o-lqpp1rndtq2fc7<br \/>\n   H\u01b0\u1edbng d\u1eabn s\u1eed d\u1ee5ng:<br \/>\n* C\u00f4ng t\u1eafc h\u00ecnh tr\u00f2n l\u1edbn: On\/Off v\u00e0 k\u00edch ho\u1ea1t t\u1ea1m th\u1eddi<br \/>\n* C\u00f4ng t\u1eafc h\u00ecnh thoi nh\u1ecf: thay \u0111\u1ed5i ch\u1ebf \u0111\u1ed9, truy c\u1eadp Strobe.<br \/>\n* B\u1eadt \/ t\u1eaft.<br \/>\n&#8211; Nh\u1ea5n h\u1ebft l\u1ef1c 1 l\u1ea7n v\u00e0o c\u00f4ng t\u1eafc tr\u00f2n (ph\u00e1t ra ti\u1ebfng Click) \u0111\u1ec3 B\u1eadt, nh\u1ea5n 1 l\u1ea7n \u0111\u1ec3 t\u1eaft.<br \/>\n&#8211; Nh\u1ea5n n\u1eeda c\u00f2 (nh\u1ea5n nh\u1eb9) \u0111\u1ec3 truy c\u1eadp m\u1ee9c s\u00e1ng (\u0111\u00e3 d\u00f9ng tr\u01b0\u1edbc \u0111\u00f3) t\u1ea1m th\u1eddi.<br \/>\n* Chuy\u1ec3n \u0111\u1ed5i m\u1ee9c s\u00e1ng:<br \/>\n&#8211; Khi \u0111\u00e8n \u0111ang b\u1eadt, nh\u1ea5n c\u00f4ng t\u1eafc h\u00ecnh thoi 1 l\u1ea7n \u0111\u1ec3 thay \u0111\u1ed5i m\u1ee9c s\u00e1ng: Th\u1ea5p \u2013 Trung b\u00ecnh \u2013 Cao.<br \/>\n* Strobe\/ Nh\u00e1y:<br \/>\n&#8211; Khi \u0111\u00e8n \u0111ang t\u1eaft, nh\u1ea5n gi\u1eef c\u00f4ng t\u1eafc h\u00ecnh thoi \u0111\u1ec3 truy c\u1eadp Strobe t\u1ea1m th\u1eddi \u2013 th\u1ea3 tay ra \u0111\u00e8n t\u1eaft.<br \/>\n&#8211; Khi \u0111\u00e8n b\u1eadt, nh\u1ea5n gi\u1eef c\u00f4ng t\u1eafc h\u00ecnh thoi \u0111\u1ec3 truy c\u1eadp Strobe \u2013 nh\u1ea5n 1 l\u1ea7n \u0111\u1ec3 quay v\u1ec1 m\u1ee9c s\u00e1ng tr\u01b0\u1edbc \u0111\u00f3.<br \/>\n* B\u1ea3o v\u1ec7 qu\u00e1 nhi\u1ec7t th\u00f4ng minh<br \/>\n&#8211; \u0110\u00e8n s\u1ebd t\u00edch t\u1ee5 nhi\u1ec1u nhi\u1ec7t khi s\u1eed d\u1ee5ng \u1edf m\u1ee9c c\u00f4ng su\u1ea5t High trong th\u1eddi gian d\u00e0i. Khi \u0111\u00e8n \u0111\u1ea1t \u0111\u1ebfn nhi\u1ec7t \u0111\u1ed9 t\u1eeb 60 \u00b0 C tr\u1edf l\u00ean, \u0111\u00e8n s\u1ebd t\u1ef1 \u0111\u1ed9ng gi\u1ea3m m\u1ed9t v\u00e0i lumen \u0111\u1ec3 gi\u1ea3m nhi\u1ec7t \u0111\u1ed9. Khi nhi\u1ec7t \u0111\u1ed9 gi\u1ea3m xu\u1ed1ng d\u01b0\u1edbi 60 \u00b0 C, n\u00f3 s\u1ebd cho ph\u00e9p ng\u01b0\u1eddi d\u00f9ng l\u1ef1a ch\u1ecdn l\u1ea1i ch\u1ebf \u0111\u1ed9 High<br \/>\n* C\u1ea3nh b\u00e1o \u0111i\u1ec7n \u00e1p th\u1ea5p<br \/>\n&#8211; Khi m\u1ee9c \u0111i\u1ec7n \u00e1p gi\u1ea3m xu\u1ed1ng d\u01b0\u1edbi m\u1ee9c c\u00e0i \u0111\u1eb7t tr\u01b0\u1edbc, \u0111\u00e8n pin \u0111\u01b0\u1ee3c l\u1eadp tr\u00ecnh \u0111\u1ec3 chuy\u1ec3n xu\u1ed1ng m\u1ee9c \u0111\u1ed9 s\u00e1ng th\u1ea5p h\u01a1n cho \u0111\u1ebfn khi \u0111\u1ea1t \u0111\u1ebfn c\u00f4ng su\u1ea5t Eco. Khi \u0111i\u1ec1u n\u00e0y x\u1ea3y ra \u1edf ch\u1ebf \u0111\u1ed9 \u0111\u1ea7u ra Eco, \u0111\u00e8n s\u1ebd nh\u1ea5p nh\u00e1y 3 l\u1ea7n sau m\u1ed7i 5 ph\u00fat \u0111\u1ec3 nh\u1eafc nh\u1edf b\u1ea1n s\u1ea1c l\u1ea1i ho\u1eb7c thay pin k\u1ecbp th\u1eddi.<br \/>\n* S\u1ea1c<br \/>\n&#8211; Xoay n\u1eafp che \u0111\u1ec3 s\u1ea1c \u0111\u00e8n. K\u1ebft n\u1ed1i c\u00e1p \u0111i k\u00e8m, \u0111\u1ea7u Type C v\u00e0o c\u1ed5ng s\u1ea1c tr\u00ean \u0111\u00e8n, \u0111\u1ea7u USB 2.0 v\u00e0o c\u1ee7 s\u1ea1c Smartphone s\u1eb5n c\u00f3 c\u1ee7a b\u1ea1n v\u00e0 ti\u1ebfn h\u00e0nh s\u1ea1c (\u01b0u ti\u00ean s\u1eed d\u1ee5ng ngu\u1ed3n 5V-2A ho\u1eb7c 5V-3A).<br \/>\n&#8211; Th\u1eddi gian s\u1ea1c d\u1ef1 ki\u1ebfn \u0111\u1ea7y pin kho\u1ea3ng 3 ti\u1ebfng.<br \/>\n&#8211; Khi s\u1ea1c Led tr\u00ean th\u00e2n \u0111\u00e8n (g\u1ea7n c\u1ed5ng s\u1ea1c) s\u1ebd b\u00e1o \u0111\u1ecf, khi \u0111\u1ea7y Led chuy\u1ec3n xanh.<\/p>\n<p>#denpinfenixTK11R#TK11R#fenixTK11R#fenix#denpinkiemsacduphong#denpinbotui#denpincongnghiep#<\/p>\n","protected":false},"excerpt":{"rendered":"<p>\u0110\u00e8n Pin Fenix TK11R &#8211; 1600 Lumens &#8211; C\u00f4ng Ngh\u1ec7 APF Th\u00f4ng s\u1ed1 k\u0129 thu\u1eadt: &#8211; \u00c1nh s\u00e1ng: \u00e1nh s\u00e1ng tr\u1eafng &#8211; Chip Led: Luminus SFT40 tu\u1ed5i th\u1ecd 50.000 gi\u1edd &#8211; C\u00f4ng su\u1ea5t t\u1ed1i \u0111a: 1600 lumens &#8211; T\u1ea7m chi\u1ebfu xa t\u1ed1i \u0111a: 420 m\u00e9t &#8211; Th\u1eddi l\u01b0\u1ee3ng t\u1ed1i \u0111a: 25.5 gi\u1edd (m\u1ee9c th\u1ea5p) &#8211;&hellip;<\/p>\n","protected":false},"featured_media":4715,"comment_status":"closed","ping_status":"open","template":"","meta":[],"product_cat":[80],"product_tag":[102,87,116,105,115,106],"class_list":{"0":"post-4712","1":"product","2":"type-product","3":"status-publish","4":"has-post-thumbnail","6":"product_brand-fenix","7":"product_cat-den-pin-cao-cap","8":"product_tag-den-cong-trinh","9":"product_tag-den-da-ngoai","10":"product_tag-den-pin-fenix","11":"product_tag-den-pin-sang-toa","12":"product_tag-den-pin-sieu-sang","13":"product_tag-den-sang-rong","15":"first","16":"instock","17":"product-type-simple","18":"col-xs-6 col-sm-4","19":"col-md-3 col-lg-3","20":"un-4-cols"},"_links":{"self":[{"href":"https:\/\/hibucenter.com\/index.php\/wp-json\/wp\/v2\/product\/4712","targetHints":{"allow":["GET"]}}],"collection":[{"href":"https:\/\/hibucenter.com\/index.php\/wp-json\/wp\/v2\/product"}],"about":[{"href":"https:\/\/hibucenter.com\/index.php\/wp-json\/wp\/v2\/types\/product"}],"replies":[{"embeddable":true,"href":"https:\/\/hibucenter.com\/index.php\/wp-json\/wp\/v2\/comments?post=4712"}],"version-history":[{"count":0,"href":"https:\/\/hibucenter.com\/index.php\/wp-json\/wp\/v2\/product\/4712\/revisions"}],"wp:featuredmedia":[{"embeddable":true,"href":"https:\/\/hibucenter.com\/index.php\/wp-json\/wp\/v2\/media\/4715"}],"wp:attachment":[{"href":"https:\/\/hibucenter.com\/index.php\/wp-json\/wp\/v2\/media?parent=4712"}],"wp:term":[{"taxonomy":"product_cat","embeddable":true,"href":"https:\/\/hibucenter.com\/index.php\/wp-json\/wp\/v2\/product_cat?post=4712"},{"taxonomy":"product_tag","embeddable":true,"href":"https:\/\/hibucenter.com\/index.php\/wp-json\/wp\/v2\/product_tag?post=4712"}],"curies":[{"name":"wp","href":"https:\/\/api.w.org\/{rel}","templated":true}]}}