{"id":4695,"date":"2025-04-28T10:01:13","date_gmt":"2025-04-28T03:01:13","guid":{"rendered":"https:\/\/hibucenter.com\/index.php\/product\/den-pin-cam-trai-fenix-cl30r-650-lumens-nhanh-chong-tan-nhiet\/"},"modified":"2025-07-17T14:24:45","modified_gmt":"2025-07-17T07:24:45","slug":"den-pin-cam-trai-fenix-cl30r-650-lumens-nhanh-chong-tan-nhiet","status":"publish","type":"product","link":"https:\/\/hibucenter.com\/index.php\/den-pin-cam-trai-fenix-cl30r-650-lumens-nhanh-chong-tan-nhiet\/","title":{"rendered":"\u0110\u00e8n Pin C\u1eafm Tr\u1ea1i Fenix CL30R &#8211; 650 Lumens &#8211; Nhanh Ch\u00f3ng T\u1ea3n Nhi\u1ec7t"},"content":{"rendered":"<p>\u0110\u00e8n Pin C\u1eafm Tr\u1ea1i Fenix CL30R &#8211; 650 Lumens &#8211; Nhanh Ch\u00f3ng T\u1ea3n Nhi\u1ec7t<br \/>\n  Th\u00f4ng s\u1ed1 k\u0129 thu\u1eadt:<br \/>\n&#8211; \u00c1nh S\u00e1ng: S\u00e1ng tr\u1eafng<br \/>\n&#8211; C\u00f4ng Su\u1ea5t T\u1ed1i \u0110a: 650 Lumens<br \/>\n&#8211; T\u1ea7m Chi\u1ebfu Xa: 35 m<br \/>\n&#8211; K\u00edch Th\u01b0\u1edbc: 93 x 136 mm<br \/>\n&#8211; Tr\u1ecdng L\u01b0\u1ee3ng: 412 g<br \/>\n&#8211; Ch\u1ea5t Li\u1ec7u: Nh\u1ef1a cao c\u1ea5p<br \/>\n&#8211; Lo\u1ea1i Pin: one, two or three 18650 rechargeable Li-ion batteries<br \/>\n&#8211; Ki\u1ec3u S\u1ea1c: Micro USB<br \/>\n&#8211; Ti\u00eau Chu\u1ea9n Ch\u1ed1ng N\u01b0\u1edbc: IPX-7<br \/>\n&#8211; Xu\u1ea5t X\u1ee9: Made in China<br \/>\n&#8211; B\u1ea3o h\u00e0nh: Th\u00e2n \u0111\u00e8n b\u1ea3o h\u00e0nh 5 n\u0103m, pin s\u1ea1c b\u1ea3o h\u00e0nh 1 n\u0103m. C\u00e1c ph\u1ee5 ki\u1ec7n kh\u00e1c: 1 th\u00e1ng.<br \/>\n==============================<br \/>\nhttps:\/\/cf.shopee.vn\/file\/vn-11134208-7r98o-lqomm97l5z5j93<br \/>\n  Nh\u1eefng \u0111\u1eb7c \u0111i\u1ec3m :<br \/>\n&#8211; \u0110\u00e8n pin Fenix CL30R c\u00f3 th\u1ec3 treo, x\u00e1ch ti\u1ec7n l\u1ee3i, c\u0169ng c\u00f3 th\u1ec3 g\u1eafn l\u00ean tripod qua l\u1ed7 \u1ed1c \u00bc inch. \u0110\u00e2y l\u00e0 chu\u1ea9n k\u1ebft n\u1ed1i chung c\u1ee7a c\u00e1c thi\u1ebft b\u1ecb ng\u00e0nh quay phim, nhi\u1ebfp \u1ea3nh.<br \/>\n&#8211; Fenix CL30R c\u00f3 th\u1ec3 ho\u1ea1t \u0111\u1ed9ng t\u1ed1t d\u01b0\u1edbi m\u01b0a ho\u1eb7c trong \u0111i\u1ec1u ki\u1ec7n s\u01b0\u01a1ng m\u00f9, \u1ea9m \u01b0\u1edbt. N\u1ebfu ch\u1eb3ng may b\u1ecb r\u01a1i xu\u1ed1ng n\u01b0\u1edbc, \u0111\u00e8n c\u0169ng kh\u00f4ng b\u1ecb ch\u00ecm.<br \/>\n&#8211; \u0110\u00e8n c\u00f3 th\u1ec3 s\u1eed d\u1ee5ng \u0111\u1ec3 l\u00e0m tr\u1ea1m s\u1ea1c cho c\u00e1c thi\u1ebft b\u1ecb \u0111i\u1ec7n t\u1eed kh\u00e1c, ho\u1ea1t \u0111\u1ed9ng nh\u01b0 m\u1ed9t chi\u1ebfc s\u1ea1c d\u1ef1 ph\u00f2ng v\u1edbi 1 \u0111\u1ea7u ra USB.<br \/>\n============================<\/p>\n<p>https:\/\/cf.shopee.vn\/file\/vn-11134208-7r98o-lqomm97l8safe0<br \/>\n   H\u01b0\u1edbng d\u1eabn s\u1eed d\u1ee5ng:<br \/>\n&#8211; \u0110\u00e8n \u0111\u01b0\u1ee3c \u0111i\u1ec1u khi\u1ec3n d\u1ec5 d\u00e0ng b\u1eb1ng m\u1ed9t n\u00fat \u0111i\u1ec1u khi\u1ec3n duy nh\u1ea5t, \u0111\u01b0\u1ee3c thi\u1ebft k\u1ebf l\u1ed3i tr\u00ean th\u00e2n \u0111\u00e8n.<br \/>\n&#8211; B\u1ea5m gi\u1eef 0.8 gi\u00e2y \u0111\u1ec3 B\u1eadt\/T\u1eaft \u0111\u00e8n. \u0110\u00e8n c\u00f3 t\u00ednh n\u0103ng nh\u1edb m\u1ee9c s\u00e1ng cu\u1ed1i.<br \/>\n&#8211; Khi \u0111\u00e8n \u0111ang b\u1eadt, b\u1ea5m 1 l\u1ea7n \u0111\u1ec3 chuy\u1ec3n \u0111\u1ed5i c\u00e1c m\u1ee9c s\u00e1ng.<br \/>\n&#8211; B\u1ea5m \u0111\u00fap 2 l\u1ea7n \u0111\u1ec3 chuy\u1ec3n sang ch\u1ebf \u0111\u1ed9 Flash, b\u1ea5m 1 l\u1ea7n \u0111\u1ec3 chuy\u1ec3n v\u1ec1 ch\u1ebf \u0111\u1ed9 s\u00e1ng tr\u01b0\u1edbc \u0111\u00f3.<br \/>\n * C\u00e1ch b\u1ea3o qu\u1ea3n \u0111\u00e8n pin Fenix CL30R<br \/>\n&#8211; N\u00ean s\u1ea1c l\u1ea1i pin 4 th\u00e1ng 1 l\u1ea7n \u0111\u1ec3 \u0111\u1ea3m b\u1ea3o tu\u1ed5i th\u1ecd v\u00e0 hi\u1ec7u su\u1ea5t t\u1ed1i \u01b0u khi kh\u00f4ng s\u1eed d\u1ee5ng th\u01b0\u1eddng xuy\u00ean.<br \/>\n&#8211; Sau khi s\u1ea1c xong, th\u00e1o c\u00e1p s\u1ea1c v\u00e0 \u0111\u1ea9y n\u1eafp ch\u1ed1ng b\u1ee5i ra sau \u0111\u1ec3 b\u1ea3o v\u1ec7 c\u1ed5ng s\u1ea1c kh\u1ecfi b\u1ee5i v\u00e0 c\u00e1c v\u1eadt th\u1ec3 l\u1ea1.<\/p>\n<p>#denpinfenixCL30R#CL30R#fenixCL30R#fenix#denpinkiemsacduphong#denpinbotui#denpincongnghiep#<\/p>\n","protected":false},"excerpt":{"rendered":"<p>\u0110\u00e8n Pin C\u1eafm Tr\u1ea1i Fenix CL30R &#8211; 650 Lumens &#8211; Nhanh Ch\u00f3ng T\u1ea3n Nhi\u1ec7t Th\u00f4ng s\u1ed1 k\u0129 thu\u1eadt: &#8211; \u00c1nh S\u00e1ng: S\u00e1ng tr\u1eafng &#8211; C\u00f4ng Su\u1ea5t T\u1ed1i \u0110a: 650 Lumens &#8211; T\u1ea7m Chi\u1ebfu Xa: 35 m &#8211; K\u00edch Th\u01b0\u1edbc: 93 x 136 mm &#8211; Tr\u1ecdng L\u01b0\u1ee3ng: 412 g &#8211; Ch\u1ea5t Li\u1ec7u: Nh\u1ef1a cao c\u1ea5p &#8211;&hellip;<\/p>\n","protected":false},"featured_media":4698,"comment_status":"closed","ping_status":"open","template":"","meta":[],"product_cat":[80],"product_tag":[102,87,116,105,115,106],"class_list":{"0":"post-4695","1":"product","2":"type-product","3":"status-publish","4":"has-post-thumbnail","6":"product_brand-fenix","7":"product_cat-den-pin-cao-cap","8":"product_tag-den-cong-trinh","9":"product_tag-den-da-ngoai","10":"product_tag-den-pin-fenix","11":"product_tag-den-pin-sang-toa","12":"product_tag-den-pin-sieu-sang","13":"product_tag-den-sang-rong","15":"first","16":"instock","17":"product-type-simple","18":"col-xs-6 col-sm-4","19":"col-md-3 col-lg-3","20":"un-4-cols"},"_links":{"self":[{"href":"https:\/\/hibucenter.com\/index.php\/wp-json\/wp\/v2\/product\/4695","targetHints":{"allow":["GET"]}}],"collection":[{"href":"https:\/\/hibucenter.com\/index.php\/wp-json\/wp\/v2\/product"}],"about":[{"href":"https:\/\/hibucenter.com\/index.php\/wp-json\/wp\/v2\/types\/product"}],"replies":[{"embeddable":true,"href":"https:\/\/hibucenter.com\/index.php\/wp-json\/wp\/v2\/comments?post=4695"}],"version-history":[{"count":0,"href":"https:\/\/hibucenter.com\/index.php\/wp-json\/wp\/v2\/product\/4695\/revisions"}],"wp:featuredmedia":[{"embeddable":true,"href":"https:\/\/hibucenter.com\/index.php\/wp-json\/wp\/v2\/media\/4698"}],"wp:attachment":[{"href":"https:\/\/hibucenter.com\/index.php\/wp-json\/wp\/v2\/media?parent=4695"}],"wp:term":[{"taxonomy":"product_cat","embeddable":true,"href":"https:\/\/hibucenter.com\/index.php\/wp-json\/wp\/v2\/product_cat?post=4695"},{"taxonomy":"product_tag","embeddable":true,"href":"https:\/\/hibucenter.com\/index.php\/wp-json\/wp\/v2\/product_tag?post=4695"}],"curies":[{"name":"wp","href":"https:\/\/api.w.org\/{rel}","templated":true}]}}