{"id":4670,"date":"2025-04-28T10:01:02","date_gmt":"2025-04-28T03:01:02","guid":{"rendered":"https:\/\/hibucenter.com\/index.php\/product\/den-pin-doi-dau-the-thao-fenix-hl18r-t-500-lumens\/"},"modified":"2025-07-17T14:24:46","modified_gmt":"2025-07-17T07:24:46","slug":"den-pin-doi-dau-the-thao-fenix-hl18r-t-500-lumens","status":"publish","type":"product","link":"https:\/\/hibucenter.com\/index.php\/den-pin-doi-dau-the-thao-fenix-hl18r-t-500-lumens\/","title":{"rendered":"\u0110\u00e8n Pin \u0110\u1ed9i \u0110\u1ea7u Th\u1ec3 Thao Fenix HL18R-T &#8211; 500 Lumens"},"content":{"rendered":"<p>\u0110\u00e8n Pin \u0110\u1ed9i \u0110\u1ea7u Th\u1ec3 Thao Fenix HL18R-T &#8211; 500 Lumens<br \/>\n  Th\u00f4ng s\u1ed1 k\u0129 thu\u1eadt:<br \/>\n&#8211; Trang b\u1ecb b\u00f3ng led Cree XP-G3 S3 \u00e1nh s\u00e1ng v\u00e0ng v\u00e0 led 2835.<br \/>\n&#8211; \u0110i k\u00e8m pin s\u1ea1c Li-polymer dung l\u01b0\u1ee3ng 1300; \u0111\u00e8n c\u0169ng t\u01b0\u01a1ng th\u00edch v\u1edbi 3 pin AAA Ni-Mh\/Alkaline (kh\u00f4ng \u0111\u01b0\u1ee3c c\u1eafm s\u1ea1c khi d\u00f9ng pin AAA)<br \/>\n&#8211; Ch\u1ee9c n\u0103ng kh\u00f3a an to\u00e0n ch\u1ed1ng k\u00edch ho\u1ea1t v\u00f4 \u00fd<br \/>\n&#8211; C\u00f4ng t\u1eafc k\u00e9p d\u1ec5 d\u00e0ng thao t\u00e1c b\u1eb1ng 1 tay<br \/>\n&#8211; 3 ch\u1ebf \u0111\u1ed9 s\u00e1ng chi\u1ebfu xa, 2 ch\u1ebf \u0111\u1ed9 s\u00e1ng chi\u1ebfu r\u1ed9ng<br \/>\n&#8211; C\u1ed5ng s\u1ea1c Micro USB 5V\/1A ti\u1ec7n l\u1ee3i<br \/>\n&#8211; \u0110\u00e8n b\u00e1o pin ch\u00ednh x\u00e1c, tr\u1ef1c quan<br \/>\n&#8211; D\u00e2y \u0111eo tr\u00e1n b\u1ea3n r\u1ed9ng, thi\u1ebft k\u1ebf \u0111i\u1ec1u ch\u1ec9nh nhanh b\u1eb1ng 1 tay<br \/>\n&#8211; Th\u00e2n \u0111\u00e8n b\u1eb1ng ch\u1ea5t li\u1ec7u nh\u1ef1a cao c\u1ea5p ch\u1ed1ng va \u0111\u1eadp<br \/>\n&#8211; K\u00edch th\u01b0\u1edbc: 68.5 x 45 x 39.5mm<br \/>\n&#8211; Tr\u1ecdng l\u01b0\u1ee3ng: 91g (\u0111\u00e3 t\u00ednh pin)<br \/>\n&#8211; B\u1ea3o h\u00e0nh : 05 n\u0103m<br \/>\n&#8211; Xu\u1ea5t x\u1ee9: China<br \/>\n==============================<\/p>\n<p>  Nh\u1eefng t\u00ednh n\u0103ng:<br \/>\n&#8211; Ch\u1ea5t l\u01b0\u1ee3ng gia c\u00f4ng tuy\u1ec7t v\u1eddi, hi\u1ec7u n\u0103ng cao, c\u00e1c m\u1ee9c s\u00e1ng ph\u00e2n b\u1ed5 h\u1ee3p l\u00fd v\u1eabn l\u00e0 \u0111i\u1ec1u Fenix lu\u00f4n cam k\u1ebft \u0111em t\u1edbi cho kh\u00e1ch h\u00e0ng.<br \/>\n&#8211; \u0110\u00e8n pin Fenix HL18R-T c\u00f3 2 n\u00fat nh\u1ea5n \u0111\u1ed9c l\u1eadp, nhanh ch\u00f3ng truy c\u1eadp ch\u1ebf \u0111\u1ed9 s\u00e1ng nhanh m\u00e0 kh\u00f4ng c\u1ea7n qu\u00e1 nhi\u1ec1u thao t\u00e1c. Ngo\u00e0i ra nh\u1ea5n \u0111\u1ed3ng th\u1eddi 2 n\u00fat 1 l\u1ea7n \u0111\u1ec3 kh\u00f3a \u0111\u00e8n, tr\u00e1nh t\u00ecnh tr\u1ea1ng v\u00f4 t\u00ecnh \u0111\u00e8n b\u1eadt s\u00e1ng.<br \/>\n&#8211; T\u1ea7m chi\u1ebfu r\u1ed9ng, beam s\u00e1ng \u0111\u1ebfn  106 \u0111\u1ed9, chi\u1ebfu t\u1eadp trung 17 \u0111\u1ed9, ngo\u00e0i ra c\u00f3 th\u1ec3 \u0111i\u1ec1u ch\u1ec9 h\u01b0\u1edbng chi\u1ebfu l\u00ean xu\u1ed1ng nh\u1edd kh\u1edbp xoay tr\u00ean adaptor.<br \/>\n&#8211; D\u00e2y \u0111eo \u0111\u1ea7u c\u00f3 ph\u00e1t quang d\u1ec5 th\u1ea5y, d\u00e2y \u0111eo \u00eam m\u1ec1n, tho\u00e1ng kh\u00f4ng g\u00e2y kh\u00f3 ch\u1ecbu.<br \/>\n&#8211; C\u00f4ng su\u1ea5t l\u00ean \u0111\u1ebfn 500 lumens, c\u00f3 th\u1ec3 s\u00e1ng li\u00ean t\u1ee5c \u0111\u1ebfn 20h.<br \/>\n&#8211; \u0110\u00e8n t\u00edch h\u1ee3p c\u1ed5ng s\u1ea1c Micro USB d\u01b0\u1edbi th\u00e2n \u0111\u00e8n, ch\u1ec9 c\u1ea7n m\u1ea5t 2h \u0111\u1ec3 s\u1ea1c \u0111\u1ea7y pin.<br \/>\n==============================<\/p>\n<p>   H\u01b0\u1edbng d\u1eabn s\u1eed d\u1ee5ng:<br \/>\n* C\u00f4ng t\u1eafc:<br \/>\n\u0110\u00e8n pin HL18R-T c\u00f3 2 c\u00f4ng t\u1eafc \u0111i\u1ec1u khi\u1ec3n \u0111\u1ed9c l\u1eadp ri\u00eang bi\u1ec7t.<br \/>\nC\u00f4ng t\u1eafc \u0111\u00e8n chi\u1ebfu: On\/Off, chuy\u1ec3n \u0111\u1ed5i ch\u1ebf \u0111\u1ed9, kh\u00f3a, l\u1ef1a ch\u1ecdn \u0111\u1ea7u ra tr\u00ean ch\u1ebf \u0111\u1ed9 \u0111\u00e8n chi\u1ebfu<br \/>\nC\u00f4ng t\u1eafc \u0111\u00e8n pha: On\/Off, chuy\u1ec3n \u0111\u1ed5i ch\u1ebf \u0111\u1ed9, kh\u00f3a, l\u1ef1a ch\u1ecdn \u0111\u1ea7u ra tr\u00ean ch\u1ebf \u0111\u1ed9 \u0111\u00e8n pha.<br \/>\n* B\u1eadt\/ T\u1eaft:<br \/>\nNh\u1ea5n v\u00e0 gi\u1eef n\u00fat \u0111\u00e8n chi\u1ebfu, \u0111\u00e8n s\u1ebd b\u1eadt \u0111\u00e8n gi\u1eefa m\u1eb7c \u0111\u1ecbnh.<br \/>\nNh\u1ea5n v\u00e0 gi\u1eef n\u00fat \u0111\u00e8n pha, \u0111\u00e8n s\u1ebd b\u1eadt \u1edf ch\u1ebf \u0111\u1ed9 th\u1ea5p c\u1ee7a \u0111\u00e8n pha theo m\u1eb7c \u0111\u1ecbnh.<br \/>\nNh\u1ea5n v\u00e0 gi\u1eef m\u1ed9t trong hai n\u00fat trong 0.5s \u0111\u1ec3 t\u1eaft.<br \/>\nChuy\u1ec3n ch\u1ebf \u0111\u1ed9 ti\u00eau \u0111i\u1ec3m: nh\u1ea5n m\u1ed9t trong hai \u0111\u1ec3 \u0111\u1ebfn ch\u1ebf \u0111\u1ed9 t\u01b0\u01a1ng \u1ee9ng.<br \/>\n* L\u1ef1a ch\u1ecdn \u0111\u1ea7u ra:<br \/>\nKhi \u0111\u00e8n \u0111ang \u0111\u01b0\u1ee3c b\u1eadt<br \/>\nCh\u1ebf \u0111\u1ed9 ti\u00eau \u0111i\u1ec3m: nh\u1ea5n m\u1ed9t l\u1ea7n v\u00e0o c\u00f4ng t\u1eafc \u0111\u1ec3 chuy\u1ec3n ch\u1ebf \u0111\u1ed9: Med -> High -> Low<br \/>\nCh\u1ebf \u0111\u1ed9 pha: nh\u1ea5n m\u1ed9t l\u1ea7n v\u00e0o c\u00f4ng t\u1eafc \u0111\u00e8n pha \u0111\u1ec3 chuy\u1ec3n ch\u1ebf \u0111\u1ed9: Th\u1ea5p -> SOS.<br \/>\n* Kh\u00f3a \u0111\u00e8n:<br \/>\nKhi \u0111\u00e8n t\u1eaft, nh\u1ea5n gi\u1eef \u0111\u1ed3ng th\u1eddi 2 n\u00fat trong 3s, \u0111\u1ebfn khi \u0111\u00e8n nh\u00e1y 4 l\u1ea7n.<br \/>\nM\u1edf kh\u00f3a \u0111\u00e8n s\u1ebd t\u01b0\u01a1ng t\u1ef1 thao t\u00e1c tr\u00ean.<\/p>\n<p>#denpindoidauHL18R-T#denpindoidau#denpinHL18R-T#HL18R-T#fenixHL18R-T#fenix#denpinkiemsacduphong#denpinbotui#denpincongnghiep#denpincamtay#<\/p>\n","protected":false},"excerpt":{"rendered":"<p>\u0110\u00e8n Pin \u0110\u1ed9i \u0110\u1ea7u Th\u1ec3 Thao Fenix HL18R-T &#8211; 500 Lumens Th\u00f4ng s\u1ed1 k\u0129 thu\u1eadt: &#8211; Trang b\u1ecb b\u00f3ng led Cree XP-G3 S3 \u00e1nh s\u00e1ng v\u00e0ng v\u00e0 led 2835. &#8211; \u0110i k\u00e8m pin s\u1ea1c Li-polymer dung l\u01b0\u1ee3ng 1300; \u0111\u00e8n c\u0169ng t\u01b0\u01a1ng th\u00edch v\u1edbi 3 pin AAA Ni-Mh\/Alkaline (kh\u00f4ng \u0111\u01b0\u1ee3c c\u1eafm s\u1ea1c khi d\u00f9ng pin AAA)&hellip;<\/p>\n","protected":false},"featured_media":4671,"comment_status":"closed","ping_status":"open","template":"","meta":[],"product_cat":[80],"product_tag":[102,87,116,105,115,106],"class_list":{"0":"post-4670","1":"product","2":"type-product","3":"status-publish","4":"has-post-thumbnail","6":"product_brand-fenix","7":"product_cat-den-pin-cao-cap","8":"product_tag-den-cong-trinh","9":"product_tag-den-da-ngoai","10":"product_tag-den-pin-fenix","11":"product_tag-den-pin-sang-toa","12":"product_tag-den-pin-sieu-sang","13":"product_tag-den-sang-rong","15":"first","16":"instock","17":"product-type-simple","18":"col-xs-6 col-sm-4","19":"col-md-3 col-lg-3","20":"un-4-cols"},"_links":{"self":[{"href":"https:\/\/hibucenter.com\/index.php\/wp-json\/wp\/v2\/product\/4670","targetHints":{"allow":["GET"]}}],"collection":[{"href":"https:\/\/hibucenter.com\/index.php\/wp-json\/wp\/v2\/product"}],"about":[{"href":"https:\/\/hibucenter.com\/index.php\/wp-json\/wp\/v2\/types\/product"}],"replies":[{"embeddable":true,"href":"https:\/\/hibucenter.com\/index.php\/wp-json\/wp\/v2\/comments?post=4670"}],"version-history":[{"count":0,"href":"https:\/\/hibucenter.com\/index.php\/wp-json\/wp\/v2\/product\/4670\/revisions"}],"wp:featuredmedia":[{"embeddable":true,"href":"https:\/\/hibucenter.com\/index.php\/wp-json\/wp\/v2\/media\/4671"}],"wp:attachment":[{"href":"https:\/\/hibucenter.com\/index.php\/wp-json\/wp\/v2\/media?parent=4670"}],"wp:term":[{"taxonomy":"product_cat","embeddable":true,"href":"https:\/\/hibucenter.com\/index.php\/wp-json\/wp\/v2\/product_cat?post=4670"},{"taxonomy":"product_tag","embeddable":true,"href":"https:\/\/hibucenter.com\/index.php\/wp-json\/wp\/v2\/product_tag?post=4670"}],"curies":[{"name":"wp","href":"https:\/\/api.w.org\/{rel}","templated":true}]}}