{"id":4660,"date":"2025-04-28T10:01:02","date_gmt":"2025-04-28T03:01:02","guid":{"rendered":"https:\/\/hibucenter.com\/index.php\/product\/den-pin-doi-dau-fenix-hl32r-t-800-lumens-sieu-nhe-sieu-ben\/"},"modified":"2025-07-17T14:24:46","modified_gmt":"2025-07-17T07:24:46","slug":"den-pin-doi-dau-fenix-hl32r-t-800-lumens-sieu-nhe-sieu-ben","status":"publish","type":"product","link":"https:\/\/hibucenter.com\/index.php\/den-pin-doi-dau-fenix-hl32r-t-800-lumens-sieu-nhe-sieu-ben\/","title":{"rendered":"\u0110\u00e8n Pin \u0110\u1ed9i \u0110\u1ea7u Fenix HL32R-T &#8211; 800 Lumens &#8211; Si\u00eau Nh\u1eb9 Si\u00eau B\u1ec1n"},"content":{"rendered":"<p>\u0110\u00e8n Pin \u0110\u1ed9i \u0110\u1ea7u Fenix HL32R-T &#8211; 800 Lumens &#8211; Si\u00eau Nh\u1eb9 Si\u00eau B\u1ec1n<br \/>\n  Th\u00f4ng s\u1ed1 k\u0129 thu\u1eadt:<br \/>\n&#8211; \u0110\u1ed9 s\u00e1ng c\u1ef1c \u0111\u1ea1i 800 Lumens, chi\u1ebfu xa 132 m\u00e9t<br \/>\n&#8211; Trang b\u1ecb 2 b\u00f3ng led Luminus SST20, tu\u1ed5i th\u1ecd h\u01a1n 50.000h, cho 2 m\u00e0u Neutral white v\u00e0 Cool White<br \/>\n&#8211; \u0110i k\u00e8m pin s\u1ea1c Fenix ARB-LP1900 dung l\u01b0\u1ee3ng 1900mAh, ho\u1eb7c s\u1eed d\u1ee5ng 3 vi\u00ean AAA<br \/>\n&#8211; H\u1ec7 th\u1ed1ng quang h\u1ecdc s\u1eed d\u1ee5ng th\u1ea5u k\u00ednh TIR cao c\u1ea5p cho hi\u1ec7u su\u1ea5t truy\u1ec1n d\u1eabn \u00e1nh s\u00e1ng c\u1ef1c cao<br \/>\n&#8211; B\u1ea3o v\u1ec7 ch\u1ed1ng l\u1eafp ng\u01b0\u1ee3c c\u1ef1c pin<br \/>\n&#8211; \u0110\u00e8n b\u00e1o pin ch\u00ednh x\u00e1c, tr\u1ef1c quan<br \/>\n&#8211; K\u00edch th\u01b0\u1edbc: 66 x 45 x 30 mm<br \/>\n&#8211; Tr\u1ecdng l\u01b0\u1ee3ng: 107 gram (\u0111\u00e3 g\u1ed3m pin)<br \/>\n&#8211; C\u1ed5ng s\u1ea1c: S\u1ea1c Type C t\u00edch h\u1ee3p tr\u00ean th\u00e2n \u0111\u00e8n.<br \/>\n&#8211; V\u1eadt li\u1ec7u: H\u1ee3p kim Magi\u00ea si\u00eau nh\u1eb9, l\u1edbp m\u1ea1 Anodie HAIII.<br \/>\n&#8211; Xu\u1ea5t x\u1ee9: Trung Qu\u1ed1c.<br \/>\n&#8211; B\u1ea3o h\u00e0nh: \u0110\u00e8n 05 n\u0103m, pin 01 n\u0103m<br \/>\n============================<br \/>\nhttps:\/\/cf.shopee.vn\/file\/vn-11134208-7r98o-lqomm97lim9je0<br \/>\nhttps:\/\/cf.shopee.vn\/file\/vn-11134208-7r98o-lqomm97lk0tza4<\/p>\n<p>  Nh\u1eefng \u0111\u1eb7c \u0111i\u1ec3m :<br \/>\n&#8211; HL32R-T c\u00f2n \u0111\u01b0\u1ee3c Fenix t\u00edch h\u1ee3p c\u1ea3m bi\u1ebfn chuy\u1ec3n \u0111\u1ed9ng, t\u1ee9c l\u00e0 di chuy\u1ec3n c\u00e0ng nhanh \u2013 \u0111\u00e8n s\u1ebd t\u1ef1 \u0111i\u1ec1u ch\u1ec9nh t\u0103ng \u0111\u1ed9 s\u00e1ng l\u00ean cao h\u01a1n, cho ph\u00f9 h\u1ee3p t\u1ea7m m\u1eaft ch\u00fang ta  \u0111\u1ec3 quan s\u00e1t.<br \/>\n&#8211; S\u1eed d\u1ee5ng h\u1ee3p kim Magi\u00ea \u0111\u1ec3 c\u1ea5u th\u00e0nh th\u00e2n v\u1ecf, \u0111i\u1ec1u n\u00e0y gi\u00fap cho t\u1ed5ng th\u1ec3 HL32R-T nh\u1eb9 h\u01a1n 30% khi s\u1eed d\u1ee5ng h\u1ee3p kim nh\u00f4m truy\u1ec1n th\u1ed1ng. T\u1ed5ng th\u1ec3 HL32R-T ch\u1ec9 n\u1eb7ng v\u1ecfn v\u1eb9n 107 gram.<br \/>\n&#8211; D\u00e2y \u0111eo c\u1ee7a HL32R-T c\u0169ng ch\u00ednh \u0111\u01b0\u1ee3c FENIX ph\u00e1t tri\u1ec3n, s\u1eed d\u1ee5ng b\u1ea3n d\u00e2y l\u1edbn v\u00e0 m\u1ecfng \u0111i k\u00e8m nhi\u1ec1u l\u1ed7 tho\u00e1t kh\u00ed, c\u1ef1c k\u00ec tho\u1ea3i m\u00e1i v\u00e0 \u00f4m s\u00e1t, tr\u00e1nh t\u00ecnh tr\u1ea1ng rung l\u1eafc khi ho\u1ea1t \u0111\u1ed9ng m\u1ea1nh nh\u01b0ng kh\u00f4ng g\u00e2y kh\u00f3 ch\u1ecbu. H\u1ec7 th\u1ed1ng BOA tr\u1ee9 danh \u0111\u1ec3 t\u0103ng ch\u1ec9nh d\u00e2y c\u0169ng dc FENIX \u00e1p d\u1ee5ng.<br \/>\n============================<br \/>\nhttps:\/\/cf.shopee.vn\/file\/vn-11134208-7r98o-lqonhgt6wvde97<br \/>\nhttps:\/\/cf.shopee.vn\/file\/vn-11134208-7r98o-lqonhgt6wvnbd2<br \/>\n  H\u01b0\u1edbng d\u1eabn s\u1eed d\u1ee5ng:<br \/>\n* B\u1eadt\/ T\u1eaft:<br \/>\n+ Led chi\u1ebfu xa:<br \/>\nNh\u1ea5n gi\u1eef 0.5 gi\u00e2y \u0111\u1ec3 b\u1eadt\/t\u1eaft, nh\u1ea5n 1 l\u1ea7n \u0111\u1ec3 chuy\u1ec3n ch\u1ebf \u0111\u1ed9: Low \u2013 Med \u2013 High<br \/>\n+ Led chi\u1ebfu t\u1ecfa:<br \/>\nNh\u1ea5n gi\u1eef 0.5 gi\u00e2y \u0111\u1ec3 b\u1eadt\/t\u1eaft, nh\u1ea5n 1 l\u1ea7n \u0111\u1ec3 chuy\u1ec3n ch\u1ebf \u0111\u1ed9: Low \u2013 Med \u2013 High \u2013 SOS.<br \/>\n* L\u01b0u \u00fd: \u0110\u00e8n kh\u00f4ng th\u1ec3 s\u00e1ng c\u00f9ng l\u00fac 2 LED, khi \u0111\u00e8n \u0111ang s\u00e1ng b\u1ea5t k\u00ec Led chi\u1ebfu xa hay chi\u1ebfu t\u1ecfa, nh\u1ea5n gi\u1eef c\u00f4ng t\u1eafc b\u1ea5t k\u00ec 0.5 gi\u00e2y \u0111\u1ec3 t\u1eaft \u0111\u00e8n.<br \/>\n+ Kh\u00f3a m\u1edf kh\u00f3a:<br \/>\n\u2013 Kh\u00f3a: khi \u0111\u00e8n t\u1eaft, nh\u1ea5n v\u00e0 gi\u1eef m\u1ed9t trong hai c\u00f4ng t\u1eafc ho\u1eb7c nh\u1ea5n \u0111\u1ed3ng th\u1eddi hai c\u00f4ng t\u1eafc trong 3 gi\u00e2y, \u0111\u00e8n s\u1ebd nh\u1ea5p nh\u00e1y b\u1ed1n l\u1ea7n \u1edf ch\u1ebf \u0111\u1ed9 Th\u1ea5p c\u1ee7a \u0111\u00e8n r\u1ecdi \u0111\u1ec3 cho bi\u1ebft tr\u1ea1ng th\u00e1i kh\u00f3a.<br \/>\n\u2013 M\u1edf kh\u00f3a: khi \u0111\u00e8n b\u1ecb kh\u00f3a, nh\u1ea5n \u0111\u1ed3ng th\u1eddi hai c\u00f4ng t\u1eafc trong 3 gi\u00e2y, \u0111\u00e8n s\u1ebd \u0111\u01b0\u1ee3c k\u00edch ho\u1ea1t v\u1edbi 4 l\u1ea7n nh\u1ea5p nh\u00e1y trong m\u1ed9t gi\u00e2y v\u00e0 \u0111\u01b0\u1ee3c k\u00edch ho\u1ea1t \u1edf ch\u1ebf \u0111\u1ed9 Th\u1ea5p c\u1ee7a \u0111\u00e8n pha.<br \/>\n+ \u1ede tr\u1ea1ng th\u00e1i kh\u00f3a, nh\u1ea5p ho\u1eb7c nh\u1ea5n c\u00e1c c\u00f4ng t\u1eafc s\u1ebd k\u00edch ho\u1ea1t 4 l\u1ea7n nh\u1ea5p nh\u00e1y m\u1ed9t gi\u00e2y \u1edf ch\u1ebf \u0111\u1ed9 Th\u1ea5p c\u1ee7a \u0111\u00e8n r\u1ecdi \u0111\u1ec3 bi\u1ec3u th\u1ecb tr\u1ea1ng th\u00e1i kh\u00f3a.<br \/>\n* M\u1ea1ch nh\u1edb th\u00f4ng minh<br \/>\n+ \u0110\u00e8n ch\u1ec9 ghi nh\u1edb m\u1ee9c s\u00e1ng cu\u1ed1i c\u00f9ng c\u1ee7a Led chi\u1ebfu Xa, khi b\u1eadt, \u0111\u00e8n s\u1ebd g\u1ecdi l\u1ea1i m\u1ee9c s\u00e1ng \u0111\u00e3 d\u00f9ng tr\u01b0\u1edbc \u0111\u00f3.<br \/>\n+ \u0110\u00e8n kh\u00f4ng ghi nh\u1edb m\u1ee9c s\u00e1ng c\u1ee7a Led chi\u1ebfu T\u1ecfa, khi b\u1eadt, \u0111\u00e8n s\u1ebd g\u1ecdi l\u1ea1i m\u1ee9c s\u00e1ng LOW. <\/p>\n<p>#denpinfenixHL32R-T#HL32R-T#fenixHL32R-T#fenix#denpinkiemsacduphong#denpinbotui#denpincongnghiep#<\/p>\n","protected":false},"excerpt":{"rendered":"<p>\u0110\u00e8n Pin \u0110\u1ed9i \u0110\u1ea7u Fenix HL32R-T &#8211; 800 Lumens &#8211; Si\u00eau Nh\u1eb9 Si\u00eau B\u1ec1n Th\u00f4ng s\u1ed1 k\u0129 thu\u1eadt: &#8211; \u0110\u1ed9 s\u00e1ng c\u1ef1c \u0111\u1ea1i 800 Lumens, chi\u1ebfu xa 132 m\u00e9t &#8211; Trang b\u1ecb 2 b\u00f3ng led Luminus SST20, tu\u1ed5i th\u1ecd h\u01a1n 50.000h, cho 2 m\u00e0u Neutral white v\u00e0 Cool White &#8211; \u0110i k\u00e8m pin s\u1ea1c Fenix&hellip;<\/p>\n","protected":false},"featured_media":4661,"comment_status":"closed","ping_status":"open","template":"","meta":[],"product_cat":[80],"product_tag":[102,87,116,105,115,106],"class_list":{"0":"post-4660","1":"product","2":"type-product","3":"status-publish","4":"has-post-thumbnail","6":"product_brand-fenix","7":"product_cat-den-pin-cao-cap","8":"product_tag-den-cong-trinh","9":"product_tag-den-da-ngoai","10":"product_tag-den-pin-fenix","11":"product_tag-den-pin-sang-toa","12":"product_tag-den-pin-sieu-sang","13":"product_tag-den-sang-rong","15":"first","16":"instock","17":"product-type-simple","18":"col-xs-6 col-sm-4","19":"col-md-3 col-lg-3","20":"un-4-cols"},"_links":{"self":[{"href":"https:\/\/hibucenter.com\/index.php\/wp-json\/wp\/v2\/product\/4660","targetHints":{"allow":["GET"]}}],"collection":[{"href":"https:\/\/hibucenter.com\/index.php\/wp-json\/wp\/v2\/product"}],"about":[{"href":"https:\/\/hibucenter.com\/index.php\/wp-json\/wp\/v2\/types\/product"}],"replies":[{"embeddable":true,"href":"https:\/\/hibucenter.com\/index.php\/wp-json\/wp\/v2\/comments?post=4660"}],"version-history":[{"count":0,"href":"https:\/\/hibucenter.com\/index.php\/wp-json\/wp\/v2\/product\/4660\/revisions"}],"wp:featuredmedia":[{"embeddable":true,"href":"https:\/\/hibucenter.com\/index.php\/wp-json\/wp\/v2\/media\/4661"}],"wp:attachment":[{"href":"https:\/\/hibucenter.com\/index.php\/wp-json\/wp\/v2\/media?parent=4660"}],"wp:term":[{"taxonomy":"product_cat","embeddable":true,"href":"https:\/\/hibucenter.com\/index.php\/wp-json\/wp\/v2\/product_cat?post=4660"},{"taxonomy":"product_tag","embeddable":true,"href":"https:\/\/hibucenter.com\/index.php\/wp-json\/wp\/v2\/product_tag?post=4660"}],"curies":[{"name":"wp","href":"https:\/\/api.w.org\/{rel}","templated":true}]}}