{"id":4659,"date":"2025-04-28T10:00:29","date_gmt":"2025-04-28T03:00:29","guid":{"rendered":"https:\/\/hibucenter.com\/index.php\/product\/den-pin-moc-khoa-fenix-e03r-v2-0-500-lumens-cong-nghe-iop-chong-qua-nhiet\/"},"modified":"2025-07-17T14:24:46","modified_gmt":"2025-07-17T07:24:46","slug":"den-pin-moc-khoa-fenix-e03r-v2-0-500-lumens-cong-nghe-iop-chong-qua-nhiet","status":"publish","type":"product","link":"https:\/\/hibucenter.com\/index.php\/den-pin-moc-khoa-fenix-e03r-v2-0-500-lumens-cong-nghe-iop-chong-qua-nhiet\/","title":{"rendered":"\u0110\u00e8n Pin M\u00f3c Kh\u00f3a Fenix E03R V2.0 &#8211; 500 Lumens &#8211; C\u00f4ng Ngh\u1ec7 IOP Ch\u1ed1ng Q\u00faa Nhi\u1ec7t"},"content":{"rendered":"<p>\u0110\u00e8n Pin M\u00f3c Kh\u00f3a Fenix E03R V2.0 &#8211; 500 Lumens &#8211; C\u00f4ng Ngh\u1ec7 IOP Ch\u1ed1ng Q\u00faa Nhi\u1ec7t<br \/>\n  Th\u00f4ng s\u1ed1 k\u0129 thu\u1eadt:<br \/>\n&#8211; Hai \u0111\u00e8n LED \u00e1nh s\u00e1ng tr\u1eafng v\u00e0 m\u1ed9t \u0111\u00e8n LED \u00e1nh s\u00e1ng \u0111\u1ecf, tu\u1ed5i th\u1ecd 50.000 gi\u1edd.<br \/>\n&#8211; T\u00edch h\u1ee3p pin 400mAh.<br \/>\n&#8211; C\u00f4ng Su\u1ea5t T\u1ed1i \u0110a: 500 Lumens<br \/>\n&#8211; T\u1ea7m Chi\u1ebfu Xa: 90 m\u00e9t<br \/>\n&#8211; K\u00edch Th\u01b0\u1edbc: 52.5 x 26 x 13 mm<br \/>\n&#8211; Tr\u1ecdng L\u01b0\u1ee3ng:  30g<br \/>\n&#8211; Ch\u1ea5t Li\u1ec7u: Nh\u00f4m h\u00e0ng kh\u00f4ng A6061-T6<br \/>\n&#8211; \u0110\u00e8n xung xanh\/\u0111\u1ecf t\u00edch h\u1ee3p.<br \/>\n&#8211; Ngu\u1ed3n \u00e1nh s\u00e1ng tr\u1eafng\/\u0111\u1ecf.<br \/>\n&#8211; C\u1ed5ng s\u1ea1c USB Type-C.<br \/>\n&#8211; C\u00f4ng t\u1eafc l\u00f5m v\u00e0 ch\u1ee9c n\u0103ng kh\u00f3a.<br \/>\n&#8211; Ch\u1ec9 b\u00e1o m\u1ee9c pin v\u00e0 c\u1ea3nh b\u00e1o \u0111i\u1ec7n \u00e1p th\u1ea5p.<br \/>\n&#8211; B\u1ea3o v\u1ec7 qu\u00e1 nhi\u1ec7t th\u00f4ng minh ch\u1ed1ng l\u1ea1i nhi\u1ec7t \u0111\u1ed9 b\u1ec1 m\u1eb7t cao.<br \/>\n&#8211; Th\u00e2n m\u00e1y gia c\u00f4ng CNC ho\u00e0n to\u00e0n b\u1eb1ng kim lo\u1ea1i.<br \/>\n&#8211; L\u1edbp ho\u00e0n thi\u1ec7n ch\u1ed1ng m\u00e0i m\u00f2n an\u1ed1t h\u00f3a c\u1ee9ng HAIII lo\u1ea1i cao c\u1ea5p.<br \/>\n&#8211; B\u1ea3o h\u00e0nh: 05 n\u0103m<br \/>\n&#8211; Made in China<br \/>\n============================<br \/>\nhttps:\/\/cf.shopee.vn\/file\/vn-11134208-7r98o-lqppz80j85hu31<br \/>\nhttps:\/\/cf.shopee.vn\/file\/vn-11134208-7r98o-lqppz80j9k2a59<br \/>\n  Nh\u1eefng t\u00ednh n\u0103ng :<br \/>\n&#8211; Fenix E03R V2.0 c\u00f3 ch\u1ebf \u0111\u1ed9 kh\u00f3a an to\u00e0n, ch\u1ed1ng v\u00f4 t\u00ecnh k\u00edch ho\u1ea1t. B\u1ea1n c\u00f3 th\u1ec3 d\u1ec5 d\u00e0ng mang theo chi\u1ebfc \u0111\u00e8n n\u00e0y m\u1ecdi l\u00fac m\u1ecdi n\u01a1i.<br \/>\n&#8211; E03R V2.0 trang b\u1ecb ch\u1ebf \u0111\u1ed9 Moonlight d\u1ecbu m\u1eaft, ch\u1ec9 v\u1edbi 05 lumens \u2013 v\u1eeba \u0111\u1ee7 cho b\u1ea1n quan s\u00e1t t\u1ea7m g\u1ea7n, \u0111\u1ecdc s\u00e1ch. \u0110\u00e2y c\u0169ng l\u00e0 ch\u1ebf \u0111\u1ed9 \u0111\u1ea3m b\u1ea3o cho E03R V2.0 c\u00f3 th\u1eddi l\u01b0\u1ee3ng s\u00e1ng l\u00e2u nh\u1ea5t, l\u00ean \u0111\u1ebfn 30 gi\u1edd. D\u00f9ng trong c\u00e1c tr\u01b0\u1eddng h\u1ee3p kh\u1ea9n c\u1ea5p, t\u00ecnh hu\u1ed1ng m\u00e0 kh\u00f4ng th\u1ec3 s\u1ea1c l\u1ea1i \u0111\u00e8n.<br \/>\n&#8211; Vi\u00ean pin Lithium ion \u0111\u01b0\u1ee3c t\u00edch h\u1ee3p b\u00ean trong \u0111\u00e8n c\u00f3 dung l\u01b0\u1ee3ng \u0111\u1ebfn 400mAh. G\u1ea5p \u0111\u00f4i so v\u1edbi phi\u00ean b\u1ea3n c\u0169 E03R, ch\u1ec9 v\u1ecfn v\u1eb9n 200mAh.<br \/>\n============================<br \/>\nhttps:\/\/cf.shopee.vn\/file\/vn-11134208-7r98o-lqppz80jaymq2e<br \/>\nhttps:\/\/cf.shopee.vn\/file\/vn-11134208-7r98o-lqppz80jcd76d4<br \/>\n   H\u01b0\u1edbng d\u1eabn s\u1eed d\u1ee5ng:<br \/>\n* B\u1eadt\/ t\u1eaft<br \/>\n&#8211; Nh\u1ea5n v\u00e0 gi\u1eef c\u00f4ng t\u1eafc trong 0,5 gi\u00e2y \u0111\u1ec3 b\u1eadt \/ t\u1eaft \u0111\u00e8n.<br \/>\n&#8211; Nh\u1ea5n v\u00e0 gi\u1eef c\u00f4ng t\u1eafc trong 1,5 gi\u00e2y \u0111\u1ec3 b\u1eadt \u0111\u00e8n \u0111\u1ecf.<br \/>\n* L\u1ef1a ch\u1ecdn \u0111\u1ea7u ra<br \/>\n&#8211; \u0110\u00e8n tr\u1eafng: nh\u1ea5p m\u1ed9t l\u1ea7n v\u00e0o c\u00f4ng t\u1eafc \u0111\u1ec3 chuy\u1ec3n qua Eco \u2192 Low \u2192 Med \u2192 High.<br \/>\n&#8211; \u0110\u00e8n \u0111\u1ecf: nh\u1ea5p m\u1ed9t l\u1ea7n v\u00e0o c\u00f4ng t\u1eafc \u0111\u1ec3 chuy\u1ec3n qua Red \u2192 Red Flash.<br \/>\n* Kh\u00f3a\/ m\u1edf kh\u00f3a<br \/>\n&#8211; Kh\u00f3a: khi \u0111\u00e8n \u0111\u00e3 t\u1eaft, nh\u1ea5p gi\u1eef 3 gi\u00e2y v\u00e0o c\u00f4ng t\u1eafc \u0111\u1ec3 kh\u00f3a \u0111\u00e8n, \u0111\u00e8n s\u1ebd nh\u1ea5p nh\u00e1y hai l\u1ea7n \u1edf ch\u1ebf \u0111\u1ed9 Th\u1ea5p \u0111\u1ec3 cho bi\u1ebft tr\u1ea1ng th\u00e1i b\u1ecb kh\u00f3a.<br \/>\n&#8211; M\u1edf kh\u00f3a: khi \u0111\u00e8n b\u1ecb kh\u00f3a, nh\u1ea5p gi\u1eef 3 gi\u00e2y v\u00e0o c\u00f4ng t\u1eafc, \u0111\u00e8n s\u1ebd \u0111\u01b0\u1ee3c m\u1edf kh\u00f3a v\u00e0 k\u00edch ho\u1ea1t \u1edf ch\u1ebf \u0111\u1ed9 Th\u1ea5p.<br \/>\n* Ch\u1ebf \u0111\u1ed9 LED \u0111\u1ecbnh v\u1ecb trong \u0111\u00eam.<br \/>\n&#8211; Khi \u0111\u00e8n \u0111ang t\u1eaft,  nh\u1ea5n nhanh 2 l\u1ea7n v\u00e0o c\u00f4ng t\u1eafc, LED vi\u1ec1n c\u00f4ng t\u1eafc s\u1ebd s\u00e1ng t\u1eaft theo nh\u1ecbp ch\u1eadm. Nh\u1ea5n nhanh 3 l\u1ea7n \u0111\u1ec3 thay \u0111\u1ed5i l\u1ea7n l\u01b0\u1ee3t: \u0110\u1ecf \u2013 Xanh l\u00e1 \u2013 \u0110\u1ecf\/Xanh h\u1ed7n h\u1ee3p.<br \/>\n&#8211; Nh\u1ea5n gi\u1eef 0.5 gi\u00e2y \u0111\u1ec3 t\u1eaft ch\u1ebf \u0111\u1ed9 LED \u0111\u1ecbnh v\u1ecb trong \u0111\u00eam.<br \/>\n* S\u1ea1c \u0111\u00e8n pin<br \/>\n&#8211; Tr\u01b0\u1edbc ti\u00ean, h\u00e3y t\u1eaft \u0111\u00e8n v\u00e0 c\u1eafm c\u1ed5ng USB 2.0 c\u1ee7a c\u00e1p s\u1ea1c v\u00e0o \u1ed5 c\u1eafm \u0111i\u1ec7n, sau \u0111\u00f3 k\u1ebft n\u1ed1i \u0111\u1ea7u Type C c\u1ee7a c\u00e1p s\u1ea1c v\u1edbi \u0111\u00e8n.<br \/>\n&#8211; Ch\u1ec9 b\u00e1o s\u1ebd hi\u1ec3n th\u1ecb m\u00e0u \u0111\u1ecf khi \u0111ang s\u1ea1c v\u00e0 s\u1ebd chuy\u1ec3n sang m\u00e0u xanh l\u1ee5c khi \u0111\u01b0\u1ee3c s\u1ea1c \u0111\u1ea7y.<br \/>\n&#8211; Sau khi s\u1ea1c xong, h\u00e3y \u0111\u1ea3m b\u1ea3o \u0111\u00f3ng n\u1eafp ch\u1ed1ng b\u1ee5i.<br \/>\n** Ghi ch\u00fa: Th\u1eddi gian s\u1ea1c b\u00ecnh th\u01b0\u1eddng kho\u1ea3ng 1 gi\u1edd 20 ph\u00fat t\u1eeb khi c\u1ea1n \u0111\u1ebfn khi s\u1ea1c \u0111\u1ea7y.<\/p>\n<p>#denpinmockhoaE03RV2.0#denpinfenixE03RV2.0#E03RV2.0#fenixE03RV2.0#fenix#denpinkiemsacduphong#denpinbotui#denpincongnghiep#<\/p>\n","protected":false},"excerpt":{"rendered":"<p>\u0110\u00e8n Pin M\u00f3c Kh\u00f3a Fenix E03R V2.0 &#8211; 500 Lumens &#8211; C\u00f4ng Ngh\u1ec7 IOP Ch\u1ed1ng Q\u00faa Nhi\u1ec7t Th\u00f4ng s\u1ed1 k\u0129 thu\u1eadt: &#8211; Hai \u0111\u00e8n LED \u00e1nh s\u00e1ng tr\u1eafng v\u00e0 m\u1ed9t \u0111\u00e8n LED \u00e1nh s\u00e1ng \u0111\u1ecf, tu\u1ed5i th\u1ecd 50.000 gi\u1edd. &#8211; T\u00edch h\u1ee3p pin 400mAh. &#8211; C\u00f4ng Su\u1ea5t T\u1ed1i \u0110a: 500 Lumens &#8211; T\u1ea7m Chi\u1ebfu Xa:&hellip;<\/p>\n","protected":false},"featured_media":4629,"comment_status":"closed","ping_status":"open","template":"","meta":[],"product_cat":[80],"product_tag":[102,87,116,105,115,106],"class_list":{"0":"post-4659","1":"product","2":"type-product","3":"status-publish","4":"has-post-thumbnail","6":"product_brand-fenix","7":"product_cat-den-pin-cao-cap","8":"product_tag-den-cong-trinh","9":"product_tag-den-da-ngoai","10":"product_tag-den-pin-fenix","11":"product_tag-den-pin-sang-toa","12":"product_tag-den-pin-sieu-sang","13":"product_tag-den-sang-rong","15":"first","16":"instock","17":"product-type-simple","18":"col-xs-6 col-sm-4","19":"col-md-3 col-lg-3","20":"un-4-cols"},"_links":{"self":[{"href":"https:\/\/hibucenter.com\/index.php\/wp-json\/wp\/v2\/product\/4659","targetHints":{"allow":["GET"]}}],"collection":[{"href":"https:\/\/hibucenter.com\/index.php\/wp-json\/wp\/v2\/product"}],"about":[{"href":"https:\/\/hibucenter.com\/index.php\/wp-json\/wp\/v2\/types\/product"}],"replies":[{"embeddable":true,"href":"https:\/\/hibucenter.com\/index.php\/wp-json\/wp\/v2\/comments?post=4659"}],"version-history":[{"count":0,"href":"https:\/\/hibucenter.com\/index.php\/wp-json\/wp\/v2\/product\/4659\/revisions"}],"wp:featuredmedia":[{"embeddable":true,"href":"https:\/\/hibucenter.com\/index.php\/wp-json\/wp\/v2\/media\/4629"}],"wp:attachment":[{"href":"https:\/\/hibucenter.com\/index.php\/wp-json\/wp\/v2\/media?parent=4659"}],"wp:term":[{"taxonomy":"product_cat","embeddable":true,"href":"https:\/\/hibucenter.com\/index.php\/wp-json\/wp\/v2\/product_cat?post=4659"},{"taxonomy":"product_tag","embeddable":true,"href":"https:\/\/hibucenter.com\/index.php\/wp-json\/wp\/v2\/product_tag?post=4659"}],"curies":[{"name":"wp","href":"https:\/\/api.w.org\/{rel}","templated":true}]}}