{"id":4657,"date":"2025-04-28T10:00:29","date_gmt":"2025-04-28T03:00:29","guid":{"rendered":"https:\/\/hibucenter.com\/index.php\/product\/den-pin-fenix-e18r-v2-0-1200-lumen-ben-bi-va-chac-chan\/"},"modified":"2025-07-17T14:24:46","modified_gmt":"2025-07-17T07:24:46","slug":"den-pin-fenix-e18r-v2-0-1200-lumen-ben-bi-va-chac-chan","status":"publish","type":"product","link":"https:\/\/hibucenter.com\/index.php\/den-pin-fenix-e18r-v2-0-1200-lumen-ben-bi-va-chac-chan\/","title":{"rendered":"\u0110\u00e8n Pin Fenix E18R V2.0 1200 Lumen B\u1ec1n B\u1ec9 v\u00e0 Ch\u1eafc Ch\u1eafn"},"content":{"rendered":"<p>\u0110\u00e8n Pin Fenix E18R V2.0 1200 Lumen B\u1ec1n B\u1ec9 v\u00e0 Ch\u1eafc Ch\u1eafn<br \/>\n  B\u1ed9 s\u1ea3n ph\u1ea9m bao g\u1ed3m:<br \/>\n1 \u0111\u00e8n Fenix E18R V2.0.<br \/>\n1 pin Fenix 18340 700mAh.<br \/>\n1 c\u00e1p s\u1ea1c USB-C.<br \/>\n1 d\u00e2y \u0111eo.<br \/>\n1 gio\u0103ng d\u1ef1 ph\u00f2ng.<br \/>\n1 H\u01b0\u1edbng d\u1eabn s\u1eed d\u1ee5ng.<br \/>\n==============================<br \/>\nhttps:\/\/cf.shopee.vn\/file\/vn-11134208-7r98o-lskv5llg8blwd8<br \/>\n  Th\u00f4ng s\u1ed1 k\u0129 thu\u1eadt:<br \/>\n&#8211; \u00c1nh S\u00e1ng: S\u00e1ng tr\u1eafng<br \/>\n&#8211; Chip Led: LED Luminus SST40<br \/>\n&#8211; C\u00f4ng Su\u1ea5t T\u1ed1i \u0110a: 1200 Lumens<br \/>\n&#8211; T\u1ea7m Chi\u1ebfu Xa: 146m<br \/>\n&#8211; K\u00edch Th\u01b0\u1edbc:67 x 22 mm<br \/>\n-Tr\u1ecdng L\u01b0\u1ee3ng: 56 Gram ( bao g\u1ed3m pin )<br \/>\n&#8211; Ch\u1ea5t Li\u1ec7u: H\u1ee3p kim nh\u00f4m cao c\u1ea5p<br \/>\n&#8211; Lo\u1ea1i Pin: Li-ion Fenix 16340 dung l\u01b0\u1ee3ng 700mAh<br \/>\n&#8211; Ki\u1ec3u S\u1ea1c:USB Type C<br \/>\n-Ti\u00eau Chu\u1ea9n Ch\u1ed1ng N\u01b0\u1edbc: IP68<br \/>\n&#8211; Made in China<br \/>\n&#8211; B\u1ea3o H\u00e0nh: 5 N\u0103m<br \/>\n==============================<\/p>\n<p>  Nh\u1eefng \u0111\u1eb7c \u0111i\u1ec3m \u0111\u1eb7c bi\u1ec7t:<br \/>\n&#8211; Fenix E18RV2.0 \u0111\u01b0\u1ee3c trang b\u1ecb 1 LED Luminus SST40 c\u00f3 t\u1ed5ng \u0111\u1ed9 s\u00e1ng t\u1ed1i \u0111a 1200 lumen gi\u00fap t\u1ea7m chi\u1ebfu xa l\u00ean t\u1edbi 146m (theo ti\u00eau chu\u1ea9n qu\u1ed1c t\u1ebf ANSI\/NEMA FL1)<br \/>\n&#8211; \u0110\u00e8n c\u00f3 t\u1edbi 6 ch\u1ebf \u0111\u1ed9 s\u00e1ng kh\u00e1c nhau, ph\u1ee5c v\u1ee5 m\u1ecdi m\u1ee5c \u0111\u00edch c\u1ee7a ng\u01b0\u1eddi d\u00f9ng.<br \/>\n&#8211; \u0110\u00e8n c\u00f3 t\u00ednh n\u0103ng th\u00f4ng minh: 2 ch\u1ebf \u0111\u1ed9 kh\u00f3a \u0111\u00e8n \u0111i\u1ec7n t\u1eed\/c\u01a1 h\u1ecdc<br \/>\n&#8211; \u0110\u00e8n s\u1eed d\u1ee5ng 2 c\u00e1ch kh\u00f3a \u0111\u00e8n v\u00f4 c\u00f9ng ti\u1ec7n l\u1ee3i gi\u00fap ng\u01b0\u1eddi d\u00f9ng tr\u00e1nh b\u1eadt\/t\u1eaft khi kh\u00f4ng c\u1ea7n thi\u1ebft<br \/>\n&#8211; \u0110\u00e8n \u0111\u01b0\u1ee3c gia c\u00f4ng t\u1eeb h\u1ee3p kim nh\u00f4m h\u00e0ng kh\u00f4ng 6061-T6, c\u00f3 l\u1edbp ho\u00e0n thi\u1ec7n ch\u1ed1ng m\u00e0i m\u00f2n c\u1ee9ng-anodized HAIII lo\u1ea1i cao c\u1ea5p.<br \/>\n&#8211; Fenix E18RV2.0 \u0111\u01b0\u1ee3c trang b\u1ecb nhi\u1ec1u t\u00ednh n\u0103ng th\u00f4ng minh nh\u01b0: ki\u1ec3m so\u00e1t nhi\u1ec7t t\u1ef1 \u0111\u1ed9ng, c\u1ea3nh b\u00e1o \u0111i\u1ec7n \u00e1p th\u1ea5p v\u00e0 ch\u1ee9c n\u0103ng l\u01b0u n\u1ea5c s\u00e1ng l\u1ea7n cu\u1ed1i.<br \/>\n&#8211; \u0110\u1eb7c \u0111i\u1ec3m t\u00ednh n\u0103ng c\u1ea3m bi\u1ebfn nhi\u1ec7t r\u1ea5t th\u00f4ng minh, gi\u00fap v\u1ecf \u0111\u00e8n kh\u00f4ng bao gi\u1edd v\u01b0\u1ee3t qua 60 \u0111\u1ed9 C<br \/>\n&#8211; LED b\u00e1o pin \u0111\u01b0\u1ee3c t\u00edch h\u1ee3p c\u00f9ng c\u00f4ng t\u1eafc kim lo\u1ea1i, h\u1ed7 tr\u1ee3 ng\u01b0\u1eddi d\u00f9ng \u0111\u1ec3 \u00fd dung l\u01b0\u1ee3ng pin.<br \/>\n&#8211; \u0110\u00e8n c\u00f3 kh\u1ea3 n\u0103ng ch\u1ed1ng n\u01b0\u1edbc ch\u1ed1ng b\u1ee5i IP68, ch\u1ecbu s\u00e2u t\u1edbi 2m<br \/>\n&#8211; Ch\u1ecbu va \u0111\u1eadp \u1edf \u0111\u1ed9 cao 1,5m.<br \/>\n&#8211; C\u1ed5ng s\u1ea1c USB-C, t\u1ed1c \u0111\u1ed9 s\u1ea1c nhanh trong v\u00f2ng 3 gi\u1edd, \u0111\u00e8n c\u00f3 th\u1ec3 s\u00e1ng li\u00ean t\u1ee5c 200 ti\u1ebfng \u1edf n\u1ea5c s\u00e1ng th\u1ea5p nh\u1ea5t.<br \/>\n==============================<br \/>\nhttps:\/\/cf.shopee.vn\/file\/vn-11134208-7r98o-lskv5llg9q6c4e<br \/>\n   H\u01b0\u1edbng d\u1eabn s\u1eed d\u1ee5ng:<br \/>\n* B\u1eacT \/ T\u1eaeT<br \/>\n&#8211; Khi \u0111\u00e8n \u0111\u00e3 m\u1edf kh\u00f3a, nh\u1ea5n v\u00e0 gi\u1eef c\u00f4ng t\u1eafc b\u00ean trong 0,5 gi\u00e2y \u0111\u1ec3 B\u1eacT \/ T\u1eaeT \u0111\u00e8n.<br \/>\nNh\u1ea5p nh\u00e1y<br \/>\n&#8211; Khi \u0111\u00e8n \u0111\u01b0\u1ee3c b\u1eadt \/ t\u1eaft, nh\u1ea5n v\u00e0 gi\u1eef c\u00f4ng t\u1eafc b\u00ean trong 1,2 gi\u00e2y \u0111\u1ec3 v\u00e0o Strobe, nh\u1ea5p m\u1ed9t l\u1ea7n n\u1eefa v\u00e0o c\u00f4ng t\u1eafc b\u00ean \u0111\u1ec3 quay tr\u1edf l\u1ea1i m\u1ee9c \u0111\u1ea7u ra \u0111\u00e3 s\u1eed d\u1ee5ng tr\u01b0\u1edbc \u0111\u00f3.<br \/>\n&#8211; Chuy\u1ec3n n\u1ea5c s\u00e1ng<br \/>\nKhi \u0111\u00e8n B\u1eacT, b\u1ea5m m\u1ed9t l\u1ea7n v\u00e0o c\u00f4ng t\u1eafc b\u00ean \u0111\u1ec3 chuy\u1ec3n n\u1ea5c s\u00e1ng l\u1ea7n l\u01b0\u1ee3t Turbo \u2192 Eco \u2192 Low \u2192 Med \u2192 High.<br \/>\n* Ch\u1ee9c n\u0103ng kh\u00f3a:<br \/>\n&#8211; Kh\u00f3a \u0111i\u1ec7n t\u1eed:<br \/>\nKh\u00f3a: khi \u0111\u00e8n t\u1eaft, nh\u1ea5p \u0111\u00fap v\u00e0o c\u00f4ng t\u1eafc trong v\u00f2ng 0,5 gi\u00e2y \u0111\u1ec3 kh\u00f3a \u0111\u00e8n, \u0111\u00e8n s\u1ebd nh\u1ea5p nh\u00e1y hai l\u1ea7n tr\u00ean Eco \u0111\u1ec3 b\u00e1o tr\u1ea1ng th\u00e1i kh\u00f3a.<br \/>\nM\u1edf kh\u00f3a: khi \u0111\u00e8n b\u1ecb kh\u00f3a, nh\u1ea5p \u0111\u00fap v\u00e0o c\u00f4ng t\u1eafc trong v\u00f2ng 0,5 gi\u00e2y, \u0111\u00e8n s\u1ebd \u0111\u01b0\u1ee3c m\u1edf kh\u00f3a v\u00e0 k\u00edch ho\u1ea1t tr\u00ean Eco.<br \/>\n\u1ede tr\u1ea1ng th\u00e1i kh\u00f3a, nh\u1ea5p ho\u1eb7c nh\u1ea5n c\u00f4ng t\u1eafc s\u1ebd k\u00edch ho\u1ea1t 2 l\u1ea7n nh\u1ea5p nh\u00e1y m\u1ed9t gi\u00e2y tr\u00ean Eco \u0111\u1ec3 cho bi\u1ebft tr\u1ea1ng th\u00e1i b\u1ecb kh\u00f3a.<br \/>\n&#8211; Kh\u00f3a v\u1eadt l\u00fd:<br \/>\nK\u00e9o ghim c\u00e0i v\u00e0o ph\u1ea7n c\u00f4ng t\u1eafc \u0111\u00e8n \u0111\u1ec3 m\u1edf\/kh\u00f3a \u0111\u00e8n<br \/>\nThay th\u1ebf pin:<br \/>\nTh\u00e1o n\u1eafp pin \u0111\u1ec3 l\u1eafp pin v\u1edbi m\u1eb7t c\u1ef1c d\u01b0\u01a1ng (+) v\u1ec1 ph\u00eda b\u00ean trong, sau \u0111\u00f3 v\u1eb7n n\u1eafp pin l\u1ea1i.<br \/>\nS\u1ea1c l\u1ea1i \u0111\u00e8n b\u1ed1n th\u00e1ng m\u1ed9t l\u1ea7n (trong tr\u01b0\u1eddng h\u1ee3p kh\u00f4ng s\u1eed d\u1ee5ng) \u0111\u1ec3 duy tr\u00ec hi\u1ec7u su\u1ea5t t\u1ed1i \u01b0u c\u1ee7a pin.<\/p>\n<p>#denpinE18RV2.0#E18RV2.0#denpinkiemsacduphong#denpinbotui#denpincongnghiep#denpincamtay#denpinbotui#denpindanang#<\/p>\n","protected":false},"excerpt":{"rendered":"<p>\u0110\u00e8n Pin Fenix E18R V2.0 1200 Lumen B\u1ec1n B\u1ec9 v\u00e0 Ch\u1eafc Ch\u1eafn B\u1ed9 s\u1ea3n ph\u1ea9m bao g\u1ed3m: 1 \u0111\u00e8n Fenix E18R V2.0. 1 pin Fenix 18340 700mAh. 1 c\u00e1p s\u1ea1c USB-C. 1 d\u00e2y \u0111eo. 1 gio\u0103ng d\u1ef1 ph\u00f2ng. 1 H\u01b0\u1edbng d\u1eabn s\u1eed d\u1ee5ng. ============================== https:\/\/cf.shopee.vn\/file\/vn-11134208-7r98o-lskv5llg8blwd8 Th\u00f4ng s\u1ed1 k\u0129 thu\u1eadt: &#8211; \u00c1nh S\u00e1ng: S\u00e1ng tr\u1eafng &#8211;&hellip;<\/p>\n","protected":false},"featured_media":4609,"comment_status":"closed","ping_status":"open","template":"","meta":[],"product_cat":[80],"product_tag":[102,87,116,105,115,106],"class_list":{"0":"post-4657","1":"product","2":"type-product","3":"status-publish","4":"has-post-thumbnail","6":"product_brand-fenix","7":"product_cat-den-pin-cao-cap","8":"product_tag-den-cong-trinh","9":"product_tag-den-da-ngoai","10":"product_tag-den-pin-fenix","11":"product_tag-den-pin-sang-toa","12":"product_tag-den-pin-sieu-sang","13":"product_tag-den-sang-rong","15":"first","16":"instock","17":"product-type-simple","18":"col-xs-6 col-sm-4","19":"col-md-3 col-lg-3","20":"un-4-cols"},"_links":{"self":[{"href":"https:\/\/hibucenter.com\/index.php\/wp-json\/wp\/v2\/product\/4657","targetHints":{"allow":["GET"]}}],"collection":[{"href":"https:\/\/hibucenter.com\/index.php\/wp-json\/wp\/v2\/product"}],"about":[{"href":"https:\/\/hibucenter.com\/index.php\/wp-json\/wp\/v2\/types\/product"}],"replies":[{"embeddable":true,"href":"https:\/\/hibucenter.com\/index.php\/wp-json\/wp\/v2\/comments?post=4657"}],"version-history":[{"count":0,"href":"https:\/\/hibucenter.com\/index.php\/wp-json\/wp\/v2\/product\/4657\/revisions"}],"wp:featuredmedia":[{"embeddable":true,"href":"https:\/\/hibucenter.com\/index.php\/wp-json\/wp\/v2\/media\/4609"}],"wp:attachment":[{"href":"https:\/\/hibucenter.com\/index.php\/wp-json\/wp\/v2\/media?parent=4657"}],"wp:term":[{"taxonomy":"product_cat","embeddable":true,"href":"https:\/\/hibucenter.com\/index.php\/wp-json\/wp\/v2\/product_cat?post=4657"},{"taxonomy":"product_tag","embeddable":true,"href":"https:\/\/hibucenter.com\/index.php\/wp-json\/wp\/v2\/product_tag?post=4657"}],"curies":[{"name":"wp","href":"https:\/\/api.w.org\/{rel}","templated":true}]}}