{"id":4655,"date":"2025-04-28T10:00:29","date_gmt":"2025-04-28T03:00:29","guid":{"rendered":"https:\/\/hibucenter.com\/index.php\/product\/den-pin-cong-nghiep-fenix-wf30re-280-lumens-chung-chi-quoc-te\/"},"modified":"2025-07-17T14:24:46","modified_gmt":"2025-07-17T07:24:46","slug":"den-pin-cong-nghiep-fenix-wf30re-280-lumens-chung-chi-quoc-te","status":"publish","type":"product","link":"https:\/\/hibucenter.com\/index.php\/den-pin-cong-nghiep-fenix-wf30re-280-lumens-chung-chi-quoc-te\/","title":{"rendered":"\u0110\u00e8n Pin C\u00f4ng Nghi\u1ec7p Fenix WF30RE 280 Lumens Ch\u1ee9ng Ch\u1ec9 Qu\u1ed1c T\u1ebf"},"content":{"rendered":"<p>\u0110\u00e8n Pin C\u00f4ng Nghi\u1ec7p Fenix WF30RE 280 Lumens Ch\u1ee9ng Ch\u1ec9 Qu\u1ed1c T\u1ebf<br \/>\n  B\u1ed9 s\u1ea3n ph\u1ea9m bao g\u1ed3m:<br \/>\n1 x  \u0111\u00e8n pin Fenix WF30RE<br \/>\n1 x  pin s\u1ea1c 2600mAh<br \/>\n1 x  c\u1ee7 s\u1ea1c<br \/>\n1 x  d\u00e2y m\u1ea1ch b\u1ea3o v\u1ec7 s\u1ea1c<br \/>\n1 x  O-ring d\u1ef1 ph\u00f2ng<br \/>\n1 x  d\u00e2y \u0111eo<br \/>\n1 x H\u01b0\u1edbng d\u1eabn s\u1eed d\u1ee5ng<br \/>\nhttps:\/\/cf.shopee.vn\/file\/vn-11134208-7r98o-lskv5llgb4qs60<br \/>\n  Th\u00f4ng s\u1ed1 k\u0129 thu\u1eadt:<br \/>\n&#8211; \u0110\u01b0\u1ee3c thi\u1ebft k\u1ebf \u0111\u1eb7c bi\u1ec7t \u0111\u1ec3 s\u1eed d\u1ee5ng an to\u00e0n trong m\u00f4i tr\u01b0\u1eddng \u0111\u1eb7c bi\u1ec7t d\u1ec5 ch\u00e1y n\u1ed5<br \/>\n&#8211; Trang b\u1ecb b\u00f3ng led Cree XP-G2, tu\u1ed5i th\u1ecd 50.000 gi\u1edd<br \/>\n&#8211; S\u1eed d\u1ee5ng 1 pin s\u1ea1c Fenix ARB-L21-2600Ex \u0111\u01b0\u1ee3c thi\u1ebft k\u1ebf \u0111\u1eb7c bi\u1ec7t<br \/>\n&#8211; \u0110\u1ed9 s\u00e1ng c\u1ef1c \u0111\u1ea1i 280 Lumens, 3 m\u1ee9c s\u00e1ng<br \/>\n&#8211; \u0110\u1ea1t c\u00e1c ti\u00eau chu\u1ea9n ch\u1ed1ng ch\u00e1y n\u1ed5 c\u1ee7a: IECEx, ATEX, CSA<br \/>\n&#8211; Th\u00e2n \u0111\u00e8n b\u1eb1ng h\u1ee3p kim nh\u00f4m cao c\u1ea5p \u0111\u01b0\u1ee3c s\u1eed l\u00fd m\u1ea1 b\u1ec1 m\u1eb7t Anodized HAIII si\u00eau c\u1ee9ng<br \/>\n&#8211; K\u00edch th\u01b0\u1edbc: 150.5 x 34 x 28mm<br \/>\n&#8211; Tr\u1ecdng l\u01b0\u1ee3ng: 215g (c\u1ea3 pin)<br \/>\n&#8211; B\u1ea3o h\u00e0nh 05 n\u0103m<br \/>\n&#8211; Made in China<br \/>\nhttps:\/\/cf.shopee.vn\/file\/vn-11134208-7r98o-lskv5llgcjb8ce<br \/>\n  Nh\u1eefng \u0111\u1eb7c \u0111i\u1ec3m \u0111\u1eb7c bi\u1ec7t:<br \/>\n&#8211; Ch\u1ea5t l\u01b0\u1ee3ng gia c\u00f4ng tuy\u1ec7t v\u1eddi, hi\u1ec7u n\u0103ng cao, c\u00e1c m\u1ee9c s\u00e1ng ph\u00e2n b\u1ed5 h\u1ee3p l\u00fd v\u1eabn l\u00e0 \u0111i\u1ec1u Fenix lu\u00f4n cam k\u1ebft \u0111em t\u1edbi cho kh\u00e1ch h\u00e0ng.<br \/>\n&#8211; \u0110\u00e8n pin Fenix \u200b\u200bWF30RE c\u00f3 c\u00f4ng su\u1ea5t \u0111\u1ebfn 280 lumen, c\u00f3 3 m\u1ee9c s\u00e1ng v\u00e0 m\u1ed9t ch\u1ebf \u0111\u1ed9 strobe.<br \/>\n&#8211; \u0110\u00e8n s\u1eed d\u1ee5ng 1 vi\u00ean pin Li-ion Fenix \u200b\u200bARB-L21-2600Ex \u0111\u01b0\u1ee3c thi\u1ebft k\u1ebf ri\u00eang, \u0111\u1eb7c bi\u1ec7t \u0111\u1ec3 ch\u1ed1ng ch\u00e1y n\u1ed5, \u0111\u1ed3ng th\u1eddi cho th\u1eddi gian chi\u1ebfu s\u00e1ng li\u00ean t\u1ee5c \u0111\u1ebfn 120 gi\u1edd. Ngo\u00e0i ra \u0111\u00e8n c\u00f2n \u0111i k\u00e8m 1 b\u1ed9 s\u1ea1c DC, c\u1ed5ng s\u1ea1c t\u00edch h\u1ee3p tr\u00ean th\u00e2n, ti\u1ec7n d\u1ee5ng v\u00e0 an to\u00e0n.<br \/>\n&#8211; \u0110\u00e8n pin Fenix \u200b\u200bWF30RE ch\u1ec9 c\u00f3 m\u1ed9t n\u00fat nh\u1ea5n \u1edf th\u00e2n \u0111\u00e8n, d\u1ec5 d\u00e0ng v\u00e0 nhanh ch\u00f3ng truy c\u1eadp ch\u1ebf \u0111\u1ed9 s\u00e1ng m\u00e0 kh\u00f4ng c\u1ea7n qu\u00e1 nhi\u1ec1u thao t\u00e1c, tr\u00ean th\u00e2n n\u00fat c\u00f3 Led \u0111\u1ec3 b\u00e1o t\u00ecnh tr\u1ea1ng pin c\u1ef1c k\u00ec ti\u1ec7n d\u1ee5ng.<br \/>\n&#8211; \u0110\u00e8n \u0111\u01b0\u1ee3c gia c\u00f4ng b\u1eb1ng h\u1ee3p kim nh\u00f4m, cho tr\u1ecdng l\u01b0\u1ee3ng nh\u1eb9 nh\u01b0ng v\u1eabn \u0111\u1ea3m b\u1ea3o \u0111\u1ed9 ch\u1eafc ch\u1eafn, ngo\u00e0i ra \u0111\u00e8n c\u00f3 kh\u1ea3 n\u0103ng ch\u1ed1ng n\u01b0\u1edbc, ch\u1ed1ng b\u1ee5i \u0111\u1ea1t chu\u1ea9n IP68.<br \/>\nhttps:\/\/cf.shopee.vn\/file\/vn-11134208-7r98o-lskv5llgdxvod0<br \/>\n   H\u01b0\u1edbng d\u1eabn s\u1eed d\u1ee5ng:<br \/>\n* Ch\u00fa \u00fd: Th\u00e1o seal c\u00e1ch \u0111i\u1ec7n pin tr\u01b0\u1edbc khi s\u1eed d\u1ee5ng l\u1ea7n \u0111\u1ea7u ti\u00ean.<br \/>\n\u0110\u00e8n \u0111\u01b0\u1ee3c \u0111i\u1ec1u khi\u1ec3n d\u1ec5 d\u00e0ng b\u1eb1ng 1 n\u00fat \u1edf th\u00e2n \u0111\u00e8n, \u0111\u01b0\u1ee3c thi\u1ebft k\u1ebf d\u1ec5 ti\u1ebfp c\u1eadn.<br \/>\n&#8211; B\u1eadt\/ T\u1eaft:<br \/>\nNh\u1ea5n v\u00e0 gi\u1eefn c\u00f4ng t\u1eafc trong 0.5s \u0111\u1ec3 B\u1eadt\/ T\u1eaft \u0111\u00e8n.<br \/>\n&#8211; L\u1ef1a ch\u1ecdn ch\u1ebf \u0111\u1ed9:<br \/>\nKhi \u0111\u00e8n \u0111ang b\u1eadt, nh\u1ea5n m\u1ed9t l\u1ea7n v\u00e0o c\u00f4ng t\u1eafc \u0111\u1ec3 chuy\u1ec3n ch\u1ebf \u0111\u1ed9: Low \u2013 Med \u2013 High<br \/>\n&#8211; STROBE<br \/>\nKhi \u0111\u00e8n \u0111\u01b0\u1ee3c b\u1eadt, nh\u1ea5n v\u00e0 gi\u1eef n\u00fat ch\u1ee9c n\u0103ng trong 1-2s \u0111\u1ec3 truy c\u1eadp v\u00e0o mode Strobe, nh\u1ea5n l\u1ea1i m\u1ed9t l\u1ea7n n\u1eefa v\u00e0o n\u00fat ch\u1ee9c n\u0103ng \u0111\u1ec3 quay v\u1ec1 mode chung.<br \/>\n\u0110\u00e8n c\u00f3 b\u1ed9 nh\u1edb th\u00f4ng minh, s\u1ebd ghi nh\u1edb mode cu\u1ed1i c\u00f9ng (kh\u00f4ng bao g\u1ed3m mode Strobe). Khi b\u1eadt l\u1ea1i, \u0111\u00e8n s\u1ebd s\u00e1ng l\u1ea1i m\u1ee9c \u0111\u00e3 s\u1eed d\u1ee5ng tr\u01b0\u1edbc \u0111\u00f3.<br \/>\n&#8211; C\u00e1ch b\u1ea3o qu\u1ea3n \u0111\u00e8n pin Fenix WF30RE<br \/>\nN\u00ean s\u1ea1c l\u1ea1i pin 4 th\u00e1ng 1 l\u1ea7n \u0111\u1ec3 \u0111\u1ea3m b\u1ea3o tu\u1ed5i th\u1ecd v\u00e0 hi\u1ec7u su\u1ea5t t\u1ed1i \u01b0u khi kh\u00f4ng s\u1eed d\u1ee5ng th\u01b0\u1eddng xuy\u00ean.<br \/>\nSau khi s\u1ea1c xong, v\u1eb7n l\u1ea1i ren \u0111\u1ec3 che c\u1ed5ng s\u1ea1c l\u1ea1i.<\/p>\n<p>#denpincongnghiep#denpincongnghiepWF30RE#fenixWF30RE#denpinWF30RE#denpin#denpinbotui#WF30RE#denpincamtay#<\/p>\n","protected":false},"excerpt":{"rendered":"<p>\u0110\u00e8n Pin C\u00f4ng Nghi\u1ec7p Fenix WF30RE 280 Lumens Ch\u1ee9ng Ch\u1ec9 Qu\u1ed1c T\u1ebf B\u1ed9 s\u1ea3n ph\u1ea9m bao g\u1ed3m: 1 x \u0111\u00e8n pin Fenix WF30RE 1 x pin s\u1ea1c 2600mAh 1 x c\u1ee7 s\u1ea1c 1 x d\u00e2y m\u1ea1ch b\u1ea3o v\u1ec7 s\u1ea1c 1 x O-ring d\u1ef1 ph\u00f2ng 1 x d\u00e2y \u0111eo 1 x H\u01b0\u1edbng d\u1eabn s\u1eed d\u1ee5ng https:\/\/cf.shopee.vn\/file\/vn-11134208-7r98o-lskv5llgb4qs60&hellip;<\/p>\n","protected":false},"featured_media":4591,"comment_status":"closed","ping_status":"open","template":"","meta":[],"product_cat":[80],"product_tag":[102,87,116,105,115,106],"class_list":{"0":"post-4655","1":"product","2":"type-product","3":"status-publish","4":"has-post-thumbnail","6":"product_brand-fenix","7":"product_cat-den-pin-cao-cap","8":"product_tag-den-cong-trinh","9":"product_tag-den-da-ngoai","10":"product_tag-den-pin-fenix","11":"product_tag-den-pin-sang-toa","12":"product_tag-den-pin-sieu-sang","13":"product_tag-den-sang-rong","15":"first","16":"instock","17":"product-type-simple","18":"col-xs-6 col-sm-4","19":"col-md-3 col-lg-3","20":"un-4-cols"},"_links":{"self":[{"href":"https:\/\/hibucenter.com\/index.php\/wp-json\/wp\/v2\/product\/4655","targetHints":{"allow":["GET"]}}],"collection":[{"href":"https:\/\/hibucenter.com\/index.php\/wp-json\/wp\/v2\/product"}],"about":[{"href":"https:\/\/hibucenter.com\/index.php\/wp-json\/wp\/v2\/types\/product"}],"replies":[{"embeddable":true,"href":"https:\/\/hibucenter.com\/index.php\/wp-json\/wp\/v2\/comments?post=4655"}],"version-history":[{"count":0,"href":"https:\/\/hibucenter.com\/index.php\/wp-json\/wp\/v2\/product\/4655\/revisions"}],"wp:featuredmedia":[{"embeddable":true,"href":"https:\/\/hibucenter.com\/index.php\/wp-json\/wp\/v2\/media\/4591"}],"wp:attachment":[{"href":"https:\/\/hibucenter.com\/index.php\/wp-json\/wp\/v2\/media?parent=4655"}],"wp:term":[{"taxonomy":"product_cat","embeddable":true,"href":"https:\/\/hibucenter.com\/index.php\/wp-json\/wp\/v2\/product_cat?post=4655"},{"taxonomy":"product_tag","embeddable":true,"href":"https:\/\/hibucenter.com\/index.php\/wp-json\/wp\/v2\/product_tag?post=4655"}],"curies":[{"name":"wp","href":"https:\/\/api.w.org\/{rel}","templated":true}]}}