{"id":4654,"date":"2025-04-28T10:00:29","date_gmt":"2025-04-28T03:00:29","guid":{"rendered":"https:\/\/hibucenter.com\/index.php\/product\/den-pin-doi-dau-fenix-hm61r-v2-0-1600-lumens-anh-sang-chieu-toa-rong\/"},"modified":"2025-07-17T14:24:46","modified_gmt":"2025-07-17T07:24:46","slug":"den-pin-doi-dau-fenix-hm61r-v2-0-1600-lumens-anh-sang-chieu-toa-rong","status":"publish","type":"product","link":"https:\/\/hibucenter.com\/index.php\/den-pin-doi-dau-fenix-hm61r-v2-0-1600-lumens-anh-sang-chieu-toa-rong\/","title":{"rendered":"\u0110\u00e8n Pin \u0110\u1ed9i \u0110\u1ea7u FENIX  HM61R V2.0 &#8211; 1600 Lumens &#8211; \u00c1nh S\u00e1ng Chi\u1ebfu T\u1ecfa R\u1ed9ng"},"content":{"rendered":"<p>\u0110\u00e8n Pin \u0110\u1ed9i \u0110\u1ea7u FENIX\u00a0 HM61R V2.0 &#8211; 1600 Lumens &#8211; \u00c1nh S\u00e1ng Chi\u1ebfu T\u1ecfa R\u1ed9ng<br \/>\n  B\u1ed9 s\u1ea3n ph\u1ea9m bao g\u1ed3m:<br \/>\n1 x \u0111\u00e8n \u0111eo \u0111\u1ea7u Fenix HM61R V2.0<br \/>\n1 x pin Fenix 18650 dung l\u01b0\u1ee3ng 3400mAh<br \/>\n1 x d\u00e2y s\u1ea1c USB nam ch\u00e2m t\u1eeb t\u00ednh<br \/>\n1 x b\u1ed9 d\u00e2y \u0111eo \u0111\u1ea7u<br \/>\n1 x O-ring d\u1ef1 ph\u00f2ng<br \/>\n1 x HDSD<br \/>\n==============================<br \/>\n  Th\u00f4ng s\u1ed1 k\u0129 thu\u1eadt:<br \/>\n&#8211; C\u00f4ng su\u1ea5t: 1600 lumens<br \/>\n&#8211; T\u1ea7m chi\u1ebfu: 146 m\u00e9t<br \/>\n&#8211; Pin: Pin Li-ion Fenix ARB-L18-3400 dung l\u01b0\u1ee3ng 3400mAh<br \/>\n&#8211; Th\u1eddi l\u01b0\u1ee3ng s\u00e1ng: t\u1ed1i \u0111a 300 gi\u1edd (m\u1ee9c th\u1ea5p).<br \/>\n&#8211; C\u1ed5ng s\u1ea1c: S\u1ea1c nam ch\u00e2m<br \/>\n&#8211; K\u00edch th\u01b0\u1edbc: 101 x 45 x 36 mm .<br \/>\n&#8211; Tr\u1ecdng l\u01b0\u1ee3ng: 152 gram (bao g\u1ed3m pin).<br \/>\n&#8211; Ch\u1ea5t li\u1ec7u: H\u1ee3p kim nh\u00f4m A6061-T6, m\u1ea1 b\u1ec1 m\u1eb7t Anode HAIII<br \/>\n&#8211; Ch\u1ed1ng va \u0111\u1eadp: 2 m\u00e9t<br \/>\n&#8211; Ch\u1ed1ng n\u01b0\u1edbc ch\u1ed1ng b\u1ee5i: Ti\u00eau chu\u1ea9n IP68<br \/>\n&#8211; \u1ee8ng d\u1ee5ng: C\u1eafm tr\u1ea1i, d\u00e3 ngo\u1ea1i, treking, l\u00e0m vi\u1ec7c, d\u00f9ng EDC, s\u1eeda ch\u1eefa k\u0129 thu\u1eadt.<br \/>\n&#8211; B\u1ea3o h\u00e0nh: \u0110\u00e8n 05 n\u0103m, pin 01 n\u0103m<br \/>\n&#8211; Xu\u1ea5t x\u1ee9: China<br \/>\n==============================<br \/>\n  Nh\u1eefng t\u00ednh n\u0103ng :<br \/>\n&#8211; HM61R V2.0 t\u00edch h\u1ee3p \u00e1nh s\u00e1ng tr\u1eafng v\u00e0 \u00e1nh s\u00e1ng \u0111\u1ecf, c\u00f3 t\u1ed5ng c\u1ed9ng \u0111\u1ebfn 8 ch\u1ebf \u0111\u1ed9 s\u00e1ng, d\u1ec5 d\u00e0ng truy c\u1eadp v\u00e0 \u0111i\u1ec1u khi\u1ec3n b\u1eb1ng duy nh\u1ea5t 1 c\u00f4ng t\u1eafc.<br \/>\n&#8211; G\u1ecdn, nh\u1eb9 v\u00e0 c\u00f4ng su\u1ea5t l\u1edbn l\u00e0 m\u1ed9t l\u1ee3i th\u1ebf kh\u00f4ng b\u00e0n c\u00e3i c\u1ee7a Fenix HM61R V2.0, ngo\u00e0i ra \u0111i k\u00e8m b\u1ed9 d\u00e2y \u0111eo \u0111\u1ea7u, c\u00f3 th\u1ec3 cho b\u1ea1n r\u1ea3nh tay m\u1ecdi l\u00fac, v\u1eabn \u0111\u1ea3m b\u1ea3o ngu\u1ed3n s\u00e1ng khi quay t\u1edbi, s\u1eed d\u1ee5ng li\u00ean t\u1ee5c m\u00e0 kh\u00f4ng g\u00e2y kh\u00f3 ch\u1ecbu, n\u1eb7ng n\u1ec1.<br \/>\n&#8211; B\u1ed9 d\u00e2y \u0111eo \u0111\u1ea7u c\u1ee7a Fenix HM61R V2.0 \u0111\u01b0\u1ee3c h\u00e3ng c\u1ea3i ti\u1ebfn, b\u1ea3n l\u1edbn h\u01a1n v\u00e0 \u0111\u1ed9 co gi\u00e3n t\u1ed1t, kh\u00f4ng g\u00e2y kh\u00f3 ch\u1ecbu, \u00f4m s\u00e1t ch\u1eafc ch\u1eafn v\u00e0o \u0111\u1ea7u b\u1ea1n. Ngo\u00e0i ra c\u00f3 d\u1ea3i ph\u1ea3n quang tr\u00ean d\u00e2y, cho t\u1ea7m nh\u00ecn l\u00ean \u0111\u1ebfn 50m v\u1eabn quan s\u00e1t th\u1ea5y \u0111\u01b0\u1ee3c.<br \/>\n==============================<br \/>\n   H\u01b0\u1edbng d\u1eabn s\u1eed d\u1ee5ng:<br \/>\n* b\u1eadt\/t\u1eaft:<br \/>\n&#8211; B\u1eadt: Khi \u0111\u00e8n t\u1eaft, nh\u1ea5n v\u00e0 gi\u1eef c\u00f4ng t\u1eafc b\u00ean trong 0,5 gi\u00e2y \u0111\u1ec3 v\u00e0o ch\u1ebf \u0111\u1ed9 \u00e1nh s\u00e1ng tr\u1eafng; nh\u1ea5p \u0111\u00fap v\u00e0o c\u00f4ng t\u1eafc b\u00ean \u0111\u1ec3 v\u00e0o ch\u1ebf \u0111\u1ed9 \u0111\u00e8n \u0111\u1ecf.<br \/>\n&#8211; T\u1eaft: Khi \u0111\u00e8n \u0111ang b\u1eadt, nh\u1ea5n v\u00e0 gi\u1eef c\u00f4ng t\u1eafc b\u00ean trong 0,5 gi\u00e2y \u0111\u1ec3 t\u1eaft \u0111\u00e8n<br \/>\n* L\u1ef1a ch\u1ecdn \u0111\u1ea7u ra:<br \/>\n&#8211; \u1ede ch\u1ebf \u0111\u1ed9 \u00e1nh s\u00e1ng tr\u1eafng, nh\u1ea5p m\u1ed9t l\u1ea7n v\u00e0o c\u00f4ng t\u1eafc \u0111\u1ec3 chuy\u1ec3n qua Eco \u2192 Low \u2192 Med \u2192 High \u2192 Turbo.<br \/>\n&#8211; \u1ede ch\u1ebf \u0111\u1ed9 \u0111\u00e8n \u0111\u1ecf, nh\u1ea5p m\u1ed9t l\u1ea7n v\u00e0o c\u00f4ng t\u1eafc \u0111\u1ec3 chuy\u1ec3n qua Red Low \u2192 Red Med \u2192 Red Flash.<br \/>\n* Chuy\u1ec3n \u0111\u1ed5i ch\u1ebf \u0111\u1ed9<br \/>\n&#8211; Khi \u0111\u00e8n \u0111\u00e3 b\u1eadt, nh\u1ea5n v\u00e0 gi\u1eef c\u00f4ng t\u1eafc b\u00ean trong 1,2 gi\u00e2y \u0111\u1ec3 ch\u1ecdn ch\u1ebf \u0111\u1ed9 tr\u1eafng ho\u1eb7c \u0111\u1ecf.<br \/>\n* Kh\u00f3a m\u1edf kh\u00f3a<br \/>\n&#8211; Kh\u00f3a: khi t\u1eaft \u0111\u00e8n, nh\u1ea5n v\u00e0 gi\u1eef c\u00f4ng t\u1eafc trong 3 gi\u00e2y, \u0111\u00e8n s\u1ebd nh\u1ea5p nh\u00e1y \u0111\u1ecf 4 l\u1ea7n \u0111\u1ec3 b\u00e1o tr\u1ea1ng th\u00e1i kh\u00f3a.<br \/>\n&#8211; M\u1edf kh\u00f3a: khi \u0111\u00e8n b\u1ecb kh\u00f3a, nh\u1ea5n v\u00e0 gi\u1eef c\u00f4ng t\u1eafc trong 3 gi\u00e2y, \u0111\u00e8n s\u1ebd \u0111\u01b0\u1ee3c k\u00edch ho\u1ea1t v\u1edbi 4 l\u1ea7n nh\u1ea5p nh\u00e1y m\u00e0u \u0111\u1ecf m\u1ed9t gi\u00e2y v\u00e0 \u0111\u01b0\u1ee3c k\u00edch ho\u1ea1t \u1edf tr\u1ea1ng th\u00e1i \u0110\u1ecf Th\u1ea5p<br \/>\n&#8211; \u1ede tr\u1ea1ng th\u00e1i b\u1ecb kh\u00f3a, nh\u1ea5p ho\u1eb7c nh\u1ea5n v\u00e0o c\u00e1c c\u00f4ng t\u1eafc s\u1ebd k\u00edch ho\u1ea1t 4 l\u1ea7n nh\u1ea5p nh\u00e1y m\u00e0u \u0111\u1ecf k\u00e9o d\u00e0i m\u1ed9t gi\u00e2y \u0111\u1ec3 cho bi\u1ebft tr\u1ea1ng th\u00e1i b\u1ecb kh\u00f3a.<br \/>\n* M\u1ea1ch nh\u1edb th\u00f4ng minh<br \/>\n&#8211; \u0110\u00e8n pha ghi nh\u1edb \u0111\u1ea7u ra \u0111\u01b0\u1ee3c ch\u1ecdn cu\u1ed1i c\u00f9ng \u1edf ch\u1ebf \u0111\u1ed9 \u00e1nh s\u00e1ng tr\u1eafng. Khi b\u1eadt l\u1ea1i, \u0111\u1ea7u ra \u0111\u00e3 s\u1eed d\u1ee5ng tr\u01b0\u1edbc \u0111\u00f3 s\u1ebd \u0111\u01b0\u1ee3c g\u1ecdi l\u1ea1i.<br \/>\n* L\u01b0u \u00fd:  \u0110\u00e8n \u0111\u01b0\u1ee3c \u0111\u01b0a tr\u1edf l\u1ea1i v\u1edbi ch\u1ebf \u0111\u1ed9 High \u00e1nh s\u00e1ng tr\u1eafng n\u1ebfu n\u00f3 \u0111\u00e3 t\u1eaft tr\u01b0\u1edbc \u0111\u00f3 \u1edf ch\u1ebf \u0111\u1ed9 Turbo. \u0110\u00e8n kh\u00f4ng ghi nh\u1edb ch\u1ebf \u0111\u1ed9 \u00e1nh s\u00e1ng \u0111\u1ecf.<\/p>\n<p>#denpinfenixHM61RV2.0#HM61RV2.0#fenixHM61RV2.0#fenix#denpinkiemsacduphong#denpinbotui#denpincongnghiep#<\/p>\n","protected":false},"excerpt":{"rendered":"<p>\u0110\u00e8n Pin \u0110\u1ed9i \u0110\u1ea7u FENIX\u00a0 HM61R V2.0 &#8211; 1600 Lumens &#8211; \u00c1nh S\u00e1ng Chi\u1ebfu T\u1ecfa R\u1ed9ng B\u1ed9 s\u1ea3n ph\u1ea9m bao g\u1ed3m: 1 x \u0111\u00e8n \u0111eo \u0111\u1ea7u Fenix HM61R V2.0 1 x pin Fenix 18650 dung l\u01b0\u1ee3ng 3400mAh 1 x d\u00e2y s\u1ea1c USB nam ch\u00e2m t\u1eeb t\u00ednh 1 x b\u1ed9 d\u00e2y \u0111eo \u0111\u1ea7u 1 x O-ring&hellip;<\/p>\n","protected":false},"featured_media":4580,"comment_status":"closed","ping_status":"open","template":"","meta":[],"product_cat":[80],"product_tag":[102,87,116,105,115,106],"class_list":{"0":"post-4654","1":"product","2":"type-product","3":"status-publish","4":"has-post-thumbnail","6":"product_brand-fenix","7":"product_cat-den-pin-cao-cap","8":"product_tag-den-cong-trinh","9":"product_tag-den-da-ngoai","10":"product_tag-den-pin-fenix","11":"product_tag-den-pin-sang-toa","12":"product_tag-den-pin-sieu-sang","13":"product_tag-den-sang-rong","15":"first","16":"instock","17":"product-type-simple","18":"col-xs-6 col-sm-4","19":"col-md-3 col-lg-3","20":"un-4-cols"},"_links":{"self":[{"href":"https:\/\/hibucenter.com\/index.php\/wp-json\/wp\/v2\/product\/4654","targetHints":{"allow":["GET"]}}],"collection":[{"href":"https:\/\/hibucenter.com\/index.php\/wp-json\/wp\/v2\/product"}],"about":[{"href":"https:\/\/hibucenter.com\/index.php\/wp-json\/wp\/v2\/types\/product"}],"replies":[{"embeddable":true,"href":"https:\/\/hibucenter.com\/index.php\/wp-json\/wp\/v2\/comments?post=4654"}],"version-history":[{"count":0,"href":"https:\/\/hibucenter.com\/index.php\/wp-json\/wp\/v2\/product\/4654\/revisions"}],"wp:featuredmedia":[{"embeddable":true,"href":"https:\/\/hibucenter.com\/index.php\/wp-json\/wp\/v2\/media\/4580"}],"wp:attachment":[{"href":"https:\/\/hibucenter.com\/index.php\/wp-json\/wp\/v2\/media?parent=4654"}],"wp:term":[{"taxonomy":"product_cat","embeddable":true,"href":"https:\/\/hibucenter.com\/index.php\/wp-json\/wp\/v2\/product_cat?post=4654"},{"taxonomy":"product_tag","embeddable":true,"href":"https:\/\/hibucenter.com\/index.php\/wp-json\/wp\/v2\/product_tag?post=4654"}],"curies":[{"name":"wp","href":"https:\/\/api.w.org\/{rel}","templated":true}]}}