{"id":4651,"date":"2025-04-28T10:00:29","date_gmt":"2025-04-28T03:00:29","guid":{"rendered":"https:\/\/hibucenter.com\/index.php\/product\/den-pin-doi-dau-fenix-hm23-240-lumens-nho-gon-sieu-nhe\/"},"modified":"2025-07-17T14:24:46","modified_gmt":"2025-07-17T07:24:46","slug":"den-pin-doi-dau-fenix-hm23-240-lumens-nho-gon-sieu-nhe","status":"publish","type":"product","link":"https:\/\/hibucenter.com\/index.php\/den-pin-doi-dau-fenix-hm23-240-lumens-nho-gon-sieu-nhe\/","title":{"rendered":"\u0110\u00e8n Pin \u0110\u1ed9i \u0110\u1ea7u Fenix HM23 &#8211; 240 Lumens &#8211; Nh\u1ecf G\u1ecdn, Si\u00eau Nh\u1eb9"},"content":{"rendered":"<p>\u0110\u00e8n Pin \u0110\u1ed9i \u0110\u1ea7u Fenix HM23 &#8211; 240 Lumens &#8211; Nh\u1ecf G\u1ecdn, Si\u00eau Nh\u1eb9<br \/>\n  Th\u00f4ng s\u1ed1 k\u0129 thu\u1eadt:<br \/>\n&#8211; \u0110\u00e8n LED CREE tr\u1eafng trung t\u00ednh c\u00f3 tu\u1ed5i th\u1ecd 50.000 gi\u1edd.<br \/>\n&#8211; S\u1eed d\u1ee5ng m\u1ed9t pin AA (ki\u1ec1m \/ Ni-MH).<br \/>\n&#8211; K\u00edch th\u01b0\u1edbc: 69,5 x 40 x 32 mm<br \/>\n&#8211; Tr\u1ecdng l\u01b0\u1ee3ng: 61 g (kh\u00f4ng bao g\u1ed3m pin).<br \/>\n&#8211; C\u00f4ng su\u1ea5t t\u1ed1i \u0111a  240 lumen v\u00e0 th\u1eddi gian ch\u1ea1y t\u1ed1i \u0111a 100 gi\u1edd.<br \/>\n&#8211; Ba m\u1ee9c \u0111\u1ea7u ra cho c\u00e1c lo\u1ea1i nhu c\u1ea7u chi\u1ebfu s\u00e1ng.<br \/>\n&#8211; Th\u00e2n \u0111\u00e8n \u0111\u01b0\u1ee3c l\u00e0m b\u1eb1ng h\u1ee3p kim nh\u00f4m v\u00e0 silicone \u2013 c\u1ee9ng v\u00e0 b\u1ec1n.<br \/>\n&#8211; Xu\u1ea5t x\u1ee9: China<br \/>\n&#8211; Th\u00e2n \u0111\u00e8n b\u1ea3o h\u00e0nh 5 n\u0103m, pin s\u1ea1c b\u1ea3o h\u00e0nh 1 n\u0103m.<br \/>\n==============================<br \/>\nhttps:\/\/cf.shopee.vn\/file\/vn-11134208-7r98o-lsiajlg14atgfe<br \/>\nhttps:\/\/cf.shopee.vn\/file\/vn-11134208-7r98o-lsiajlg15pdw38<br \/>\n  Nh\u1eefng t\u00ednh n\u0103ng:<br \/>\n&#8211; Ch\u1ea5t l\u01b0\u1ee3ng gia c\u00f4ng tuy\u1ec7t v\u1eddi, hi\u1ec7u n\u0103ng cao, c\u00e1c m\u1ee9c s\u00e1ng ph\u00e2n b\u1ed5 h\u1ee3p l\u00fd v\u1eabn l\u00e0 \u0111i\u1ec1u Fenix lu\u00f4n cam k\u1ebft \u0111em t\u1edbi cho kh\u00e1ch h\u00e0ng.<br \/>\n&#8211; \u0110\u00e8n pin Fenix \u200b\u200bHM23 ch\u1ec9 s\u1eed d\u1ee5ng duy nh\u1ea5t 01 c\u00f4ng t\u1eafc nh\u1ea5n. C\u1ef1c k\u00ec \u0111\u01a1n gi\u1ea3n \u0111\u1ec3 thao t\u00e1c v\u00e0 truy c\u1eadp ch\u1ee9c n\u0103ng.<br \/>\n&#8211; \u0110\u00e8n pin c\u00f3 c\u00f4ng su\u1ea5t 240 lumen, chi\u1ebfu xa \u0111\u1ebfn 63m.<br \/>\n&#8211; S\u1eed d\u1ee5ng m\u1ed9t vi\u00ean pin AA 1.5V. (kh\u00f4ng s\u1eed d\u1ee5ng pin 14500 3.7V).<br \/>\n&#8211; \u0110\u00e8n pin Fenix \u200b\u200bHM23 l\u00e0m t\u1eeb h\u1ee3p kim nh\u00f4m \u0111\u00fac nguy\u00ean kh\u1ed1i, cho tr\u1ecdng l\u01b0\u1ee3ng nh\u1eb9, t\u1ea3n nhi\u1ec7t t\u1ed1t. \u0110\u1eb7c bi\u1ec7t \u0111\u00e8n c\u00f3 th\u1ec3 ch\u1ecbu \u0111\u01b0\u1ee3c \u0111\u1ed9 r\u01a1i \u0111\u1ebfn 1.5m tr\u00ean 6 g\u00f3c c\u1ea1nh m\u00e0 kh\u00f4ng \u1ea3nh h\u01b0\u1edfng. Ngo\u00e0i ra \u0111\u00e8n c\u00f2n \u0111\u1ea1t chu\u1ea9n IP68, ch\u1ed1ng n\u01b0\u1edbc v\u00e0 ch\u1ed1ng b\u1ee5i.<br \/>\n&#8211; B\u1ed9 d\u00e2y \u0111eo \u0111\u01b0\u1ee3c h\u00e3ng ch\u0103m chu\u1ed1t, c\u1ea3m gi\u00e1c \u0111eo \u00eam \u00e1i, kh\u00f4ng l\u00e0m b\u1ea1n kh\u00f3 ch\u1ecbu khi \u0111eo li\u00ean t\u1ee5c, h\u1ed9p pin ph\u00eda sau c\u00f3 d\u1ea3i ph\u1ea3n quang, d\u1ec5 d\u00e0ng nh\u1eadn bi\u1ebft t\u1eeb xa.<br \/>\n==============================<br \/>\nhttps:\/\/cf.shopee.vn\/file\/vn-11134208-7r98o-lsiajlg173yc66<br \/>\n   H\u01b0\u1edbng d\u1eabn s\u1eed d\u1ee5ng:<br \/>\n* B\u1eadt\/ T\u1eaft:<br \/>\n&#8211; Nh\u1ea5n v\u00e0 gi\u1eef c\u00f4ng t\u1eafc 0.5s \u0111\u1ec3 b\u1eadt\/ t\u1eaft \u0111\u00e8n.<br \/>\n* Chuy\u1ec3n ch\u1ebf \u0111\u1ed9:<br \/>\n&#8211; Khi \u0111\u00e8n b\u1eadt, nh\u1ea5n m\u1ed9t l\u1ea7n v\u00e0o c\u00f4ng t\u1eafc \u0111\u1ec3 chuy\u1ec3n ch\u1ebf \u0111\u1ed9: Low \u2013 Med \u2013 High<br \/>\n* L\u01b0u \u00fd: ch\u1ebf \u0111\u1ed9 Low \u0111\u01b0\u1ee3c k\u00edch ho\u1ea1t theo m\u1eb7c \u0111\u1ecbnh khi \u0111\u00e8n \u0111\u01b0\u1ee3c b\u1eadt.<br \/>\n&#8211; Thay th\u1ebf pin: v\u1eb7n n\u1eafp pin \u0111\u1ec3 th\u00e1o v\u00e0 thay pin m\u1edbi \u0111\u00fang c\u1ef1c nh\u01b0 tr\u01b0\u1edbc, sau \u0111\u00f3 l\u1eafp l\u1ea1i n\u1eafp pin.<br \/>\n* C\u00e1ch b\u1ea3o qu\u1ea3n \u0111\u00e8n pin Fenix \u200b\u200bHM23<br \/>\n&#8211; N\u00ean s\u1ea1c l\u1ea1i pin 4 th\u00e1ng 1 l\u1ea7n \u0111\u1ec3 \u0111\u1ea3m b\u1ea3o tu\u1ed5i th\u1ecd v\u00e0 hi\u1ec7u su\u1ea5t t\u1ed1i \u01b0u khi kh\u00f4ng s\u1eed d\u1ee5ng th\u01b0\u1eddng xuy\u00ean.<br \/>\n&#8211; Sau khi s\u1ea1c xong, v\u1eb7n l\u1ea1i ren \u0111\u1ec3 che c\u1ed5ng s\u1ea1c l\u1ea1i.<\/p>\n<p>#denpindoidauHM23#denpindoidau#denpinHM23#HM23#fenixHM23#fenix#denpinkiemsacduphong#denpinbotui#denpincongnghiep#<\/p>\n","protected":false},"excerpt":{"rendered":"<p>\u0110\u00e8n Pin \u0110\u1ed9i \u0110\u1ea7u Fenix HM23 &#8211; 240 Lumens &#8211; Nh\u1ecf G\u1ecdn, Si\u00eau Nh\u1eb9 Th\u00f4ng s\u1ed1 k\u0129 thu\u1eadt: &#8211; \u0110\u00e8n LED CREE tr\u1eafng trung t\u00ednh c\u00f3 tu\u1ed5i th\u1ecd 50.000 gi\u1edd. &#8211; S\u1eed d\u1ee5ng m\u1ed9t pin AA (ki\u1ec1m \/ Ni-MH). &#8211; K\u00edch th\u01b0\u1edbc: 69,5 x 40 x 32 mm &#8211; Tr\u1ecdng l\u01b0\u1ee3ng: 61 g (kh\u00f4ng bao&hellip;<\/p>\n","protected":false},"featured_media":4554,"comment_status":"closed","ping_status":"open","template":"","meta":[],"product_cat":[80],"product_tag":[102,87,116,105,115,106],"class_list":{"0":"post-4651","1":"product","2":"type-product","3":"status-publish","4":"has-post-thumbnail","6":"product_brand-fenix","7":"product_cat-den-pin-cao-cap","8":"product_tag-den-cong-trinh","9":"product_tag-den-da-ngoai","10":"product_tag-den-pin-fenix","11":"product_tag-den-pin-sang-toa","12":"product_tag-den-pin-sieu-sang","13":"product_tag-den-sang-rong","15":"first","16":"instock","17":"product-type-simple","18":"col-xs-6 col-sm-4","19":"col-md-3 col-lg-3","20":"un-4-cols"},"_links":{"self":[{"href":"https:\/\/hibucenter.com\/index.php\/wp-json\/wp\/v2\/product\/4651","targetHints":{"allow":["GET"]}}],"collection":[{"href":"https:\/\/hibucenter.com\/index.php\/wp-json\/wp\/v2\/product"}],"about":[{"href":"https:\/\/hibucenter.com\/index.php\/wp-json\/wp\/v2\/types\/product"}],"replies":[{"embeddable":true,"href":"https:\/\/hibucenter.com\/index.php\/wp-json\/wp\/v2\/comments?post=4651"}],"version-history":[{"count":0,"href":"https:\/\/hibucenter.com\/index.php\/wp-json\/wp\/v2\/product\/4651\/revisions"}],"wp:featuredmedia":[{"embeddable":true,"href":"https:\/\/hibucenter.com\/index.php\/wp-json\/wp\/v2\/media\/4554"}],"wp:attachment":[{"href":"https:\/\/hibucenter.com\/index.php\/wp-json\/wp\/v2\/media?parent=4651"}],"wp:term":[{"taxonomy":"product_cat","embeddable":true,"href":"https:\/\/hibucenter.com\/index.php\/wp-json\/wp\/v2\/product_cat?post=4651"},{"taxonomy":"product_tag","embeddable":true,"href":"https:\/\/hibucenter.com\/index.php\/wp-json\/wp\/v2\/product_tag?post=4651"}],"curies":[{"name":"wp","href":"https:\/\/api.w.org\/{rel}","templated":true}]}}