{"id":4646,"date":"2025-04-28T10:00:29","date_gmt":"2025-04-28T03:00:29","guid":{"rendered":"https:\/\/hibucenter.com\/index.php\/product\/den-pin-doi-dau-fenix-hp30r-v2-0-3000-lumens-khoang-chieu-toa-rong\/"},"modified":"2025-07-17T14:24:48","modified_gmt":"2025-07-17T07:24:48","slug":"den-pin-doi-dau-fenix-hp30r-v2-0-3000-lumens-khoang-chieu-toa-rong","status":"publish","type":"product","link":"https:\/\/hibucenter.com\/index.php\/den-pin-doi-dau-fenix-hp30r-v2-0-3000-lumens-khoang-chieu-toa-rong\/","title":{"rendered":"\u0110\u00e8n Pin \u0110\u1ed9i \u0110\u1ea7u Fenix HP30R V2.0 3000 Lumens &#8211; Kho\u1ea3ng Chi\u1ebfu T\u1ecfa R\u1ed9ng"},"content":{"rendered":"<p>\u0110\u00e8n Pin \u0110\u1ed9i \u0110\u1ea7u Fenix HP30R V2.0 3000 Lumens &#8211; Kho\u1ea3ng Chi\u1ebfu T\u1ecfa R\u1ed9ng<\/p>\n<p>  Th\u00f4ng s\u1ed1 k\u0129 thu\u1eadt:<br \/>\n&#8211; \u0110\u1ed9 s\u00e1ng t\u1ed1i \u0111a: 3000 Lumens<br \/>\n&#8211; Chi\u1ebfu xa: 270 m\u00e9t<br \/>\n&#8211; B\u00f3ng Led: Cree XHP50 \u00e1nh s\u00e1ng tr\u1eafng, XP-G3 S4 \u00e1nh s\u00e1ng v\u00e0ng<br \/>\n&#8211; Lo\u1ea1i pin: 2 pin s\u1ea1c 21700 dung l\u01b0\u1ee3ng 5000mAh\/vi\u00ean<br \/>\n&#8211; Thi\u1ebft k\u1ebf h\u1ed9p pin r\u1eddi<br \/>\n&#8211; C\u00f4ng t\u1eafc xoay \u0111a ch\u1ee9c n\u0103ng<br \/>\n&#8211; Th\u00e2n \u0111\u00e8n b\u1eb1ng h\u1ee3p kim nh\u00f4m \u0111\u00fac nguy\u00ean kh\u1ed1i<br \/>\n&#8211; K\u00edch th\u01b0\u1edbc th\u00e2n \u0111\u00e8n: 92 x 56 x 44mm<br \/>\n&#8211; K\u00edch th\u01b0\u1edbc h\u1ed9p pin: 107 x 50 x 41mm<br \/>\n&#8211; Tr\u1ecdng l\u01b0\u1ee3ng: 437g (c\u1ea3 pin v\u00e0 d\u00e2y \u0111eo)<br \/>\n&#8211; Ch\u1ed1ng n\u01b0\u1edbc: IP66<br \/>\n&#8211; B\u1ea3o h\u00e0nh : 05 n\u0103m<br \/>\n&#8211; Xu\u1ea5t x\u1ee9: China<br \/>\n==============================<br \/>\nhttps:\/\/cf.shopee.vn\/file\/vn-11134208-7r98o-lsjp6bbt9684c4<br \/>\n  Nh\u1eefng \u0111\u1eb7c \u0111i\u1ec3m \u0111\u1eb7c bi\u1ec7t:<br \/>\nCh\u1ea5t l\u01b0\u1ee3ng gia c\u00f4ng tuy\u1ec7t v\u1eddi, hi\u1ec7u n\u0103ng cao, c\u00e1c m\u1ee9c s\u00e1ng ph\u00e2n b\u1ed5 h\u1ee3p l\u00fd v\u1eabn l\u00e0 \u0111i\u1ec1u Fenix lu\u00f4n cam k\u1ebft \u0111em t\u1edbi cho kh\u00e1ch h\u00e0ng.<br \/>\n\u0110\u00e8n pin Fenix HP30R V2.0 ch\u1ec9 s\u1eed d\u1ee5ng duy nh\u1ea5t 01 c\u00f4ng t\u1eafc xoay. C\u1ef1c k\u00ec \u0111\u01a1n gi\u1ea3n \u0111\u1ec3 thao t\u00e1c v\u00e0 truy c\u1eadp ch\u1ee9c n\u0103ng.<br \/>\n\u0110\u00e8n c\u00f3 t\u1edbi 3 b\u00f3ng Led ri\u00eang bi\u1ec7t, ph\u00f9 h\u1ee3p v\u1edbi t\u1eebng m\u1ee5c \u0111\u00edch l\u00e0m vi\u1ec7c c\u1ee7a b\u1ea1n.<br \/>\n\u0110\u00e8n l\u00e0m t\u1eeb h\u1ee3p kim nh\u00f4m \u0111\u00fac nguy\u00ean kh\u1ed1i, cho tr\u1ecdng l\u01b0\u1ee3ng nh\u1eb9, t\u1ea3n nhi\u1ec7t t\u1ed1t. \u0110\u1eb7c bi\u1ec7t \u0111\u00e8n c\u00f3 th\u1ec3 ch\u1ecbu \u0111\u01b0\u1ee3c \u0111\u1ed9 r\u01a1i \u0111\u1ebfn 2m tr\u00ean 6 g\u00f3c c\u1ea1nh m\u00e0 kh\u00f4ng \u1ea3nh h\u01b0\u1edfng. Ngo\u00e0i ra \u0111\u00e8n c\u00f2n \u0111\u1ea1t chu\u1ea9n IP68, ch\u1ed1ng n\u01b0\u1edbc v\u00e0 ch\u1ed1ng b\u1ee5i.<br \/>\nB\u1ed9 d\u00e2y \u0111eo \u0111\u01b0\u1ee3c h\u00e3ng ch\u0103m chu\u1ed1t, c\u1ea3m gi\u00e1c \u0111eo \u00eam \u00e1i, kh\u00f4ng l\u00e0m b\u1ea1n kh\u00f3 ch\u1ecbu khi \u0111eo li\u00ean t\u1ee5c, h\u1ed9p pin ph\u00eda sau c\u00f3 d\u1ea3i ph\u1ea3n quang, d\u1ec5 d\u00e0ng nh\u1eadn bi\u1ebft t\u1eeb xa.<br \/>\nH\u1ed9p pin c\u00f3 b\u00e1o m\u1ee9c pin c\u00f2n l\u1ea1i, d\u1ec5 d\u00e0ng cho b\u1ea1n t\u00ednh to\u00e1n th\u1eddi gian s\u1eed d\u1ee5ng c\u00f2n l\u1ea1i \u0111\u1ec3 t\u1ed1i \u01b0u nh\u1ea5t cho c\u00f4ng vi\u1ec7c.<br \/>\n\u0110\u00e8n t\u00edch h\u1ee3p c\u1ed5ng s\u1ea1c Type C tr\u00ean th\u00e2n h\u1ed9p pin, th\u1eddi gian s\u1ea1c \u0111\u1ea7y ch\u1ec9 4.5 gi\u1edd, ti\u1ec7n l\u1ee3i \u0111\u1ec3 s\u1ea1c l\u1ea1i m\u1ecdi l\u00fac m\u1ecdi n\u01a1i.<br \/>\n==============================<br \/>\nhttps:\/\/cf.shopee.vn\/file\/vn-11134208-7r98o-lsjp6bbtakskf0<\/p>\n<p>   H\u01b0\u1edbng d\u1eabn s\u1eed d\u1ee5ng:<br \/>\n* B\u1eadt\/ T\u1eaft:<br \/>\n&#8211; Khi \u0111\u00e8n t\u1eaft, xoay c\u00f4ng t\u1eafc theo chi\u1ec1u kim \u0111\u1ed3ng h\u1ed3, \u0111\u00e8n s\u1ebd chuy\u1ec3n sang ch\u1ebf \u0111\u1ed9 \u0111\u00e8n chi\u1ebfu, xoay ti\u1ebfp \u0111\u1ec3 chuy\u1ec3n Mode<br \/>\n&#8211; Khi \u0111\u00e8n t\u1eaft, xoay c\u00f4ng t\u1eafc ng\u01b0\u1ee3c chi\u1ec1u kim \u0111\u1ed3ng h\u1ed3, \u0111\u00e8n s\u1ebd chuy\u1ec3n sang ch\u1ebf \u0111\u1ed9 \u0111\u00e8n pha, xoay ti\u1ebfp \u0111\u1ec3 chuy\u1ec3n Mode.<br \/>\n&#8211; Khi \u0111\u00e8n b\u1eadt, xoay c\u00f4ng t\u1eafc sang tr\u1ea1ng th\u00e1i t\u1eaft \u0111\u1ec3 t\u1eaft \u0111\u00e8n.<br \/>\n* Chuy\u1ec3n ch\u1ebf \u0111\u1ed9:<br \/>\n&#8211; Ch\u1ebf \u0111\u1ed9 \u0111\u00e8n chi\u1ebfu: xoay c\u00f4ng t\u1eafc \u0111\u1ec3 chuy\u1ec3n qua Low \u2013 Med \u2013 High \u2013 Turbo<br \/>\n&#8211; Ch\u1ebf \u0111\u1ed9 \u0111\u00e8n pha: xoay c\u00f4ng t\u1eafc \u0111\u1ec3 chuy\u1ec3n qua Low \u2013 Med \u2013 High<br \/>\n* Ch\u1ebf \u0111\u1ed9 Spot &#038; Flood:<br \/>\n&#8211; Ch\u1ebf \u0111\u1ed9 \u0111\u00e8n chi\u1ebfu: xoay c\u00f4ng t\u1eafc \u0111\u1ec3 chuy\u1ec3n qua Low \u2013 Med \u2013 High<br \/>\n&#8211; Ch\u1ebf \u0111\u1ed9 \u0111\u00e8n pha: xoay c\u00f4ng t\u1eafc \u0111\u1ec3 chuy\u1ec3n qua Low \u2013 Med <\/p>\n<p>#denpindoidauHP30R#denpindoidau#denpinHP30R#HP30R#fenixHP30R#fenix#denpinkiemsacduphong#denpinbotui#denpincongnghiep#denpincamtay#<\/p>\n","protected":false},"excerpt":{"rendered":"<p>\u0110\u00e8n Pin \u0110\u1ed9i \u0110\u1ea7u Fenix HP30R V2.0 3000 Lumens &#8211; Kho\u1ea3ng Chi\u1ebfu T\u1ecfa R\u1ed9ng Th\u00f4ng s\u1ed1 k\u0129 thu\u1eadt: &#8211; \u0110\u1ed9 s\u00e1ng t\u1ed1i \u0111a: 3000 Lumens &#8211; Chi\u1ebfu xa: 270 m\u00e9t &#8211; B\u00f3ng Led: Cree XHP50 \u00e1nh s\u00e1ng tr\u1eafng, XP-G3 S4 \u00e1nh s\u00e1ng v\u00e0ng &#8211; Lo\u1ea1i pin: 2 pin s\u1ea1c 21700 dung l\u01b0\u1ee3ng 5000mAh\/vi\u00ean &#8211; Thi\u1ebft&hellip;<\/p>\n","protected":false},"featured_media":4501,"comment_status":"closed","ping_status":"open","template":"","meta":[],"product_cat":[80],"product_tag":[102,87,116,105,115,106],"class_list":{"0":"post-4646","1":"product","2":"type-product","3":"status-publish","4":"has-post-thumbnail","6":"product_brand-fenix","7":"product_cat-den-pin-cao-cap","8":"product_tag-den-cong-trinh","9":"product_tag-den-da-ngoai","10":"product_tag-den-pin-fenix","11":"product_tag-den-pin-sang-toa","12":"product_tag-den-pin-sieu-sang","13":"product_tag-den-sang-rong","15":"first","16":"instock","17":"product-type-simple","18":"col-xs-6 col-sm-4","19":"col-md-3 col-lg-3","20":"un-4-cols"},"_links":{"self":[{"href":"https:\/\/hibucenter.com\/index.php\/wp-json\/wp\/v2\/product\/4646","targetHints":{"allow":["GET"]}}],"collection":[{"href":"https:\/\/hibucenter.com\/index.php\/wp-json\/wp\/v2\/product"}],"about":[{"href":"https:\/\/hibucenter.com\/index.php\/wp-json\/wp\/v2\/types\/product"}],"replies":[{"embeddable":true,"href":"https:\/\/hibucenter.com\/index.php\/wp-json\/wp\/v2\/comments?post=4646"}],"version-history":[{"count":0,"href":"https:\/\/hibucenter.com\/index.php\/wp-json\/wp\/v2\/product\/4646\/revisions"}],"wp:featuredmedia":[{"embeddable":true,"href":"https:\/\/hibucenter.com\/index.php\/wp-json\/wp\/v2\/media\/4501"}],"wp:attachment":[{"href":"https:\/\/hibucenter.com\/index.php\/wp-json\/wp\/v2\/media?parent=4646"}],"wp:term":[{"taxonomy":"product_cat","embeddable":true,"href":"https:\/\/hibucenter.com\/index.php\/wp-json\/wp\/v2\/product_cat?post=4646"},{"taxonomy":"product_tag","embeddable":true,"href":"https:\/\/hibucenter.com\/index.php\/wp-json\/wp\/v2\/product_tag?post=4646"}],"curies":[{"name":"wp","href":"https:\/\/api.w.org\/{rel}","templated":true}]}}