{"id":15247,"date":"2025-12-16T11:33:06","date_gmt":"2025-12-16T04:33:06","guid":{"rendered":"https:\/\/hibucenter.com\/index.php\/ghe-doi-da-ngoai-naturehike-nh20jj002\/"},"modified":"2025-12-16T11:33:29","modified_gmt":"2025-12-16T04:33:29","slug":"ghe-doi-da-ngoai-naturehike-nh20jj002","status":"publish","type":"product","link":"https:\/\/hibucenter.com\/index.php\/ghe-doi-da-ngoai-naturehike-nh20jj002\/","title":{"rendered":"Gh\u1ebf \u0111\u00f4i d\u00e3 ngo\u1ea1i Naturehike NH20JJ002"},"content":{"rendered":"<p>TH\u00d4NG TIN S\u1ea2N PH\u1ea8M:<br \/>\n&#8211; Th\u01b0\u01a1ng hi\u1ec7u: Naturehike<br \/>\n&#8211; Ch\u1ea5t li\u1ec7u: Ch\u1ea5t li\u1ec7u v\u1ea3i gh\u1ebf: v\u1ea3i s\u1ee3i polyester oxford 600D; Ch\u1ea5t li\u1ec7u khung: h\u1ee3p kim nh\u00f4m<br \/>\n&#8211; Tr\u1ecdng l\u01b0\u1ee3ng: 5,8kg<br \/>\n&#8211; K\u00edch th\u01b0\u1edbc s\u1eed d\u1ee5ng: 117x63x72cm<br \/>\n&#8211; K\u00edch th\u01b0\u1edbc \u0111\u00f3ng g\u00f3i: 117x68x8cm<br \/>\n&#8211; Ch\u1ecbu tr\u1ecdng t\u1ea3i: 180kg<\/p>\n","protected":false},"excerpt":{"rendered":"<p>TH\u00d4NG TIN S\u1ea2N PH\u1ea8M: &#8211; Th\u01b0\u01a1ng hi\u1ec7u: Naturehike &#8211; Ch\u1ea5t li\u1ec7u: Ch\u1ea5t li\u1ec7u v\u1ea3i gh\u1ebf: v\u1ea3i s\u1ee3i polyester oxford 600D; Ch\u1ea5t li\u1ec7u khung: h\u1ee3p kim nh\u00f4m &#8211; Tr\u1ecdng l\u01b0\u1ee3ng: 5,8kg &#8211; K\u00edch th\u01b0\u1edbc s\u1eed d\u1ee5ng: 117x63x72cm &#8211; K\u00edch th\u01b0\u1edbc \u0111\u00f3ng g\u00f3i: 117x68x8cm &#8211; Ch\u1ecbu tr\u1ecdng t\u1ea3i: 180kg<\/p>\n","protected":false},"featured_media":15250,"comment_status":"closed","ping_status":"open","template":"","meta":[],"product_cat":[15],"product_tag":[],"class_list":{"0":"post-15247","1":"product","2":"type-product","3":"status-publish","4":"has-post-thumbnail","6":"product_cat-uncategorized","8":"first","9":"instock","10":"purchasable","11":"product-type-simple","12":"col-xs-6 col-sm-4","13":"col-md-3 col-lg-3","14":"un-4-cols"},"_links":{"self":[{"href":"https:\/\/hibucenter.com\/index.php\/wp-json\/wp\/v2\/product\/15247","targetHints":{"allow":["GET"]}}],"collection":[{"href":"https:\/\/hibucenter.com\/index.php\/wp-json\/wp\/v2\/product"}],"about":[{"href":"https:\/\/hibucenter.com\/index.php\/wp-json\/wp\/v2\/types\/product"}],"replies":[{"embeddable":true,"href":"https:\/\/hibucenter.com\/index.php\/wp-json\/wp\/v2\/comments?post=15247"}],"version-history":[{"count":1,"href":"https:\/\/hibucenter.com\/index.php\/wp-json\/wp\/v2\/product\/15247\/revisions"}],"predecessor-version":[{"id":15248,"href":"https:\/\/hibucenter.com\/index.php\/wp-json\/wp\/v2\/product\/15247\/revisions\/15248"}],"wp:featuredmedia":[{"embeddable":true,"href":"https:\/\/hibucenter.com\/index.php\/wp-json\/wp\/v2\/media\/15250"}],"wp:attachment":[{"href":"https:\/\/hibucenter.com\/index.php\/wp-json\/wp\/v2\/media?parent=15247"}],"wp:term":[{"taxonomy":"product_cat","embeddable":true,"href":"https:\/\/hibucenter.com\/index.php\/wp-json\/wp\/v2\/product_cat?post=15247"},{"taxonomy":"product_tag","embeddable":true,"href":"https:\/\/hibucenter.com\/index.php\/wp-json\/wp\/v2\/product_tag?post=15247"}],"curies":[{"name":"wp","href":"https:\/\/api.w.org\/{rel}","templated":true}]}}