{"id":15219,"date":"2025-12-16T11:33:06","date_gmt":"2025-12-16T04:33:06","guid":{"rendered":"https:\/\/hibucenter.com\/index.php\/leu-da-ngoai-sieu-nhe-2-nguoi-naturehike-mongar-nh17t007-m\/"},"modified":"2025-12-16T11:33:25","modified_gmt":"2025-12-16T04:33:25","slug":"leu-da-ngoai-sieu-nhe-2-nguoi-naturehike-mongar-nh17t007-m","status":"publish","type":"product","link":"https:\/\/hibucenter.com\/index.php\/leu-da-ngoai-sieu-nhe-2-nguoi-naturehike-mongar-nh17t007-m\/","title":{"rendered":"L\u1ec1u d\u00e3 ngo\u1ea1i si\u00eau nh\u1eb9 2 ng\u01b0\u1eddi Naturehike Mongar NH17T007-M"},"content":{"rendered":"<p>L\u1ec1u d\u00e3 ngo\u1ea1i si\u00eau nh\u1eb9 2 ng\u01b0\u1eddi Naturehike Mongar<br \/>\nTH\u00d4NG TIN S\u1ea2N PH\u1ea8M:<br \/>\n&#8211; Thu\u01a1ng hi\u1ec7u: Naturehike<br \/>\n&#8211; K\u00edch th\u01b0\u1edbc s\u1eed d\u1ee5ng: \u200e210 x 60+135+60 x 100 cm<br \/>\n&#8211; K\u00edch th\u01b0\u1edbc \u0111\u00f3ng g\u00f3i: \u200e55 x 20 x 20 cm<br \/>\n&#8211; Tr\u1ecdng l\u01b0\u1ee3ng: 1,8kg<br \/>\n&#8211; Ch\u1ea5t li\u1ec7u: Nylon<br \/>\n&#8211; S\u1ee9c ch\u1ee9a: 2 ng\u01b0\u1eddi<\/p>\n<p>L\u1ec1u Mongar si\u00eau nh\u1eb9 c\u1ee7a Naturehike l\u00e0 d\u00f2ng s\u1ea3n ph\u1ea9m \u0111\u01b0\u1ee3c s\u0103n l\u00f9ng b\u1edfi c\u00e1c ph\u01b0\u1ee3t th\u1ee7 \u0111i solo b\u1edfi l\u1ec1u si\u00eau nh\u1eb9 c\u00f3 th\u1ec3 che n\u1eafng che m\u01b0a v\u00e0 ph\u00f9 h\u1ee3p di chuy\u1ec3n b\u1eb1ng xe \u0111\u1ea1p ho\u1eb7c xe m\u00e1y, oto v\u00e0 d\u00f9ng cho t\u1ed1i \u0111a 2 ng\u01b0\u1eddi.<\/p>\n<p>L\u1ec1u s\u1eed d\u1ee5ng hai c\u1ecdc h\u1ee3p kim nh\u00f4m 7001 \u0111\u1ec3 t\u1ea1o th\u00e0nh khung x\u01b0\u01a1ng v\u00e0 t\u1ea5m ph\u1ee7 l\u1ec1u l\u00e0m b\u1eb1ng silicon ph\u1ee7 Nylon 20D, gi\u00fap an to\u00e0n v\u00e0 \u0111\u1ea3m b\u1ea3o kh\u00f4ng gian tho\u1ea3i m\u00e1i.<br \/>\n&#8211; C\u00f3 kh\u1ea3 n\u0103ng ch\u1ed1ng th\u1ea5m n\u01b0\u1edbc: t\u1ea5m che l\u1ec1u l\u00e0m b\u1eb1ng silicon Ch\u1ea5t li\u1ec7u ch\u1ed1ng th\u1ea5m, t\u1ea5t c\u1ea3 \u0111\u01b0\u1eddng may b\u1eb1ng nh\u1ef1a ch\u1ecbu l\u1ef1c, c\u00e1c m\u1ed1i n\u1ed1i v\u00e0 c\u1ea1nh ch\u1ed1ng th\u1ea5m n\u01b0\u1edbc.<br \/>\n&#8211; C\u00f3 kh\u1ea3 n\u0103ng ch\u1ed1ng gi\u00f3: Khung l\u1ec1u l\u00e0m b\u1eb1ng thanh nh\u00f4m chuy\u00ean nghi\u1ec7p \u0111\u01b0\u1ee3c gia c\u1ed1 v\u1edbi c\u00e1c c\u1ecdc h\u00ecnh tam gi\u00e1c b\u1eb1ng nh\u00f4m t\u1ea1o cho l\u1ec1u lu\u00f4n v\u1eefng ch\u1eafc.<br \/>\n&#8211; C\u00f3 h\u1ec7 th\u1ed1ng l\u01b0\u1edbi th\u00f4ng gi\u00f3 ch\u1ed1ng c\u00f4n tr\u00f9ng: h\u1ec7 th\u1ed1ng th\u00f4ng gi\u00f3 khoa h\u1ecdc v\u1edbi l\u01b0\u1edbi \u0111an m\u1ecbn gi\u00fap ng\u0103n ch\u1eb7n c\u00f4n tr\u00f9ng v\u00e0 t\u1ef7 l\u1ec7 l\u1edbn l\u1edbp bao ph\u1ee7 l\u00e0 l\u01b0\u1edbi gi\u00fap t\u1ea1o lu\u1ed3ng kh\u00f4ng kh\u00ed m\u00e1t m\u1ebb tho\u1ea3i m\u00e1i.<\/p>\n","protected":false},"excerpt":{"rendered":"<p>L\u1ec1u d\u00e3 ngo\u1ea1i si\u00eau nh\u1eb9 2 ng\u01b0\u1eddi Naturehike Mongar TH\u00d4NG TIN S\u1ea2N PH\u1ea8M: &#8211; Thu\u01a1ng hi\u1ec7u: Naturehike &#8211; K\u00edch th\u01b0\u1edbc s\u1eed d\u1ee5ng: \u200e210 x 60+135+60 x 100 cm &#8211; K\u00edch th\u01b0\u1edbc \u0111\u00f3ng g\u00f3i: \u200e55 x 20 x 20 cm &#8211; Tr\u1ecdng l\u01b0\u1ee3ng: 1,8kg &#8211; Ch\u1ea5t li\u1ec7u: Nylon &#8211; S\u1ee9c ch\u1ee9a: 2 ng\u01b0\u1eddi L\u1ec1u Mongar si\u00eau&hellip;<\/p>\n","protected":false},"featured_media":15233,"comment_status":"closed","ping_status":"open","template":"","meta":[],"product_cat":[15],"product_tag":[],"class_list":{"0":"post-15219","1":"product","2":"type-product","3":"status-publish","4":"has-post-thumbnail","6":"product_cat-uncategorized","8":"first","9":"instock","10":"purchasable","11":"product-type-simple","12":"col-xs-6 col-sm-4","13":"col-md-3 col-lg-3","14":"un-4-cols"},"_links":{"self":[{"href":"https:\/\/hibucenter.com\/index.php\/wp-json\/wp\/v2\/product\/15219","targetHints":{"allow":["GET"]}}],"collection":[{"href":"https:\/\/hibucenter.com\/index.php\/wp-json\/wp\/v2\/product"}],"about":[{"href":"https:\/\/hibucenter.com\/index.php\/wp-json\/wp\/v2\/types\/product"}],"replies":[{"embeddable":true,"href":"https:\/\/hibucenter.com\/index.php\/wp-json\/wp\/v2\/comments?post=15219"}],"version-history":[{"count":1,"href":"https:\/\/hibucenter.com\/index.php\/wp-json\/wp\/v2\/product\/15219\/revisions"}],"predecessor-version":[{"id":15220,"href":"https:\/\/hibucenter.com\/index.php\/wp-json\/wp\/v2\/product\/15219\/revisions\/15220"}],"wp:featuredmedia":[{"embeddable":true,"href":"https:\/\/hibucenter.com\/index.php\/wp-json\/wp\/v2\/media\/15233"}],"wp:attachment":[{"href":"https:\/\/hibucenter.com\/index.php\/wp-json\/wp\/v2\/media?parent=15219"}],"wp:term":[{"taxonomy":"product_cat","embeddable":true,"href":"https:\/\/hibucenter.com\/index.php\/wp-json\/wp\/v2\/product_cat?post=15219"},{"taxonomy":"product_tag","embeddable":true,"href":"https:\/\/hibucenter.com\/index.php\/wp-json\/wp\/v2\/product_tag?post=15219"}],"curies":[{"name":"wp","href":"https:\/\/api.w.org\/{rel}","templated":true}]}}