{"id":15206,"date":"2025-12-16T11:33:06","date_gmt":"2025-12-16T04:33:06","guid":{"rendered":"https:\/\/hibucenter.com\/index.php\/gia-treo-den-3-chan-naturehike-nh17d015-j\/"},"modified":"2025-12-16T11:33:14","modified_gmt":"2025-12-16T04:33:14","slug":"gia-treo-den-3-chan-naturehike-nh17d015-j","status":"publish","type":"product","link":"https:\/\/hibucenter.com\/index.php\/gia-treo-den-3-chan-naturehike-nh17d015-j\/","title":{"rendered":"Gi\u00e1 treo \u0111\u00e8n 3 ch\u00e2n Naturehike NH17D015-J"},"content":{"rendered":"<p>TH\u00d4NG TIN S\u1ea2N PH\u1ea8M<br \/>\n&#8211; Th\u01b0\u01a1ng hi\u1ec7u: Naturehike Outdoor<br \/>\n&#8211; Ch\u1ea5t li\u1ec7u: H\u1ee3p kim nh\u00f4m\u00a0<br \/>\n&#8211; Tr\u1ecdng l\u01b0\u1ee3ng: kho\u1ea3ng 1.2 kg<br \/>\n&#8211; K\u00edch th\u01b0\u1edbc g\u1ea5p g\u1ecdn: cao 70 cm. K\u00edch th\u01b0\u1edbc d\u1ef1ng ho\u00e0n ch\u1ec9nh: 194 cm<br \/>\nGi\u00e1 treo \u0111\u00e8n 3 ch\u00e2n Naturehike NH17D015-J l\u00e0 s\u1ea3n ph\u1ea9m si\u00eau nh\u1eb9 c\u00f3 kh\u1ea3 n\u0103ng \u0111i\u1ec1u ch\u1ec9nh \u0111\u1ed9 cao, thu\u1eadn ti\u1ec7n s\u1eed d\u1ee5ng cho c\u1eafm tr\u1ea1i d\u00e3 ngo\u1ea1i, thi\u1ebft k\u1ebf \u0111\u1ed9c \u0111\u00e1o v\u1edbi 3 ch\u00e2n ch\u1eafc ch\u1eafn v\u00e0 c\u00f3 k\u00e8m theo 3 \u0111inh c\u1ed1 \u0111\u1ecbnh c\u1eafm xu\u1ed1ng \u0111\u1ea5t gi\u00fap \u0111\u1ea3m b\u1ea3o an to\u00e0n cho \u0111\u00e8n khi s\u1eed d\u1ee5ng.<\/p>\n","protected":false},"excerpt":{"rendered":"<p>TH\u00d4NG TIN S\u1ea2N PH\u1ea8M &#8211; Th\u01b0\u01a1ng hi\u1ec7u: Naturehike Outdoor &#8211; Ch\u1ea5t li\u1ec7u: H\u1ee3p kim nh\u00f4m\u00a0 &#8211; Tr\u1ecdng l\u01b0\u1ee3ng: kho\u1ea3ng 1.2 kg &#8211; K\u00edch th\u01b0\u1edbc g\u1ea5p g\u1ecdn: cao 70 cm. K\u00edch th\u01b0\u1edbc d\u1ef1ng ho\u00e0n ch\u1ec9nh: 194 cm Gi\u00e1 treo \u0111\u00e8n 3 ch\u00e2n Naturehike NH17D015-J l\u00e0 s\u1ea3n ph\u1ea9m si\u00eau nh\u1eb9 c\u00f3 kh\u1ea3 n\u0103ng \u0111i\u1ec1u ch\u1ec9nh \u0111\u1ed9 cao,&hellip;<\/p>\n","protected":false},"featured_media":15208,"comment_status":"closed","ping_status":"open","template":"","meta":[],"product_cat":[15],"product_tag":[],"class_list":{"0":"post-15206","1":"product","2":"type-product","3":"status-publish","4":"has-post-thumbnail","6":"product_cat-uncategorized","8":"first","9":"instock","10":"purchasable","11":"product-type-simple","12":"col-xs-6 col-sm-4","13":"col-md-3 col-lg-3","14":"un-4-cols"},"_links":{"self":[{"href":"https:\/\/hibucenter.com\/index.php\/wp-json\/wp\/v2\/product\/15206","targetHints":{"allow":["GET"]}}],"collection":[{"href":"https:\/\/hibucenter.com\/index.php\/wp-json\/wp\/v2\/product"}],"about":[{"href":"https:\/\/hibucenter.com\/index.php\/wp-json\/wp\/v2\/types\/product"}],"replies":[{"embeddable":true,"href":"https:\/\/hibucenter.com\/index.php\/wp-json\/wp\/v2\/comments?post=15206"}],"version-history":[{"count":1,"href":"https:\/\/hibucenter.com\/index.php\/wp-json\/wp\/v2\/product\/15206\/revisions"}],"predecessor-version":[{"id":15207,"href":"https:\/\/hibucenter.com\/index.php\/wp-json\/wp\/v2\/product\/15206\/revisions\/15207"}],"wp:featuredmedia":[{"embeddable":true,"href":"https:\/\/hibucenter.com\/index.php\/wp-json\/wp\/v2\/media\/15208"}],"wp:attachment":[{"href":"https:\/\/hibucenter.com\/index.php\/wp-json\/wp\/v2\/media?parent=15206"}],"wp:term":[{"taxonomy":"product_cat","embeddable":true,"href":"https:\/\/hibucenter.com\/index.php\/wp-json\/wp\/v2\/product_cat?post=15206"},{"taxonomy":"product_tag","embeddable":true,"href":"https:\/\/hibucenter.com\/index.php\/wp-json\/wp\/v2\/product_tag?post=15206"}],"curies":[{"name":"wp","href":"https:\/\/api.w.org\/{rel}","templated":true}]}}