{"id":15179,"date":"2025-12-16T11:33:06","date_gmt":"2025-12-16T04:33:06","guid":{"rendered":"https:\/\/hibucenter.com\/index.php\/giuong-xep-da-ngoai-naturehike-nh19jj006\/"},"modified":"2025-12-16T11:33:07","modified_gmt":"2025-12-16T04:33:07","slug":"giuong-xep-da-ngoai-naturehike-nh19jj006","status":"publish","type":"product","link":"https:\/\/hibucenter.com\/index.php\/giuong-xep-da-ngoai-naturehike-nh19jj006\/","title":{"rendered":"Gi\u01b0\u1eddng x\u1ebfp d\u00e3 ngo\u1ea1i Naturehike NH19JJ006"},"content":{"rendered":"<p>TH\u00d4NG TIN S\u1ea2N PH\u1ea8M<br \/>\n&#8211; Th\u01b0\u01a1ng hi\u1ec7u: Naturehike<br \/>\n&#8211; M\u00e3 s\u1ea3n ph\u1ea9m: NH19JJ006<br \/>\n&#8211; K\u00edch th\u01b0\u1edbc t\u1ed1i \u0111a: 190x65x38cm<br \/>\n&#8211; K\u00edch th\u01b0\u1edbc gi\u01b0\u1eddng th\u1ea5p: 190x65x17cm<br \/>\n&#8211; G\u1ea5p g\u1ecdn: 19x52cm<br \/>\n&#8211; Kh\u1ed1i l\u01b0\u1ee3ng: 2,3kg<br \/>\n&#8211; Tr\u1ecdng t\u1ea3i: 150kg<br \/>\n&#8211; Ch\u1ea5t li\u1ec7u: V\u1ea3i oxford, h\u1ee3p kim nh\u00f4m Aluminum<br \/>\nGi\u01b0\u1eddng x\u1ebfp du l\u1ecbch Naturehike NH19JJ006 \u0111\u01b0\u1ee3c s\u1eed d\u1ee5ng ch\u1ee7 y\u1ebfu trong c\u00e1c sinh ho\u1ea1t ngo\u00e0i tr\u1eddi. V\u1edbi ki\u1ec3u d\u00e1ng \u0111\u01a1n gi\u1ea3n, d\u1ec5 s\u1eed d\u1ee5ng, d\u1ec5 mang theo, chi\u1ebfc gh\u1ebf th\u1ef1c s\u1eed \u0111\u00e3 tr\u1edf th\u00e0nh s\u1ea3n ph\u1ea9m kh\u00f4ng th\u1ec3 thi\u1ebfu khi ng\u01b0\u1eddi d\u00f9ng c\u00f3 c\u00e1c chuy\u1ebfn c\u1eafm tr\u1ea1i, d\u00e3 ngo\u1ea1i.<br \/>\nKh\u00f4ng ch\u1ec9 ri\u00eang c\u00e1c s\u1ea3n ph\u1ea9m gh\u1ebf x\u1ebfp c\u1eafm tr\u1ea1i \u0111\u01b0\u1ee3c s\u1eed d\u1ee5ng th\u01b0\u1eddng xuy\u00ean, c\u00e1c s\u1ea3n ph\u1ea9m gi\u01b0\u1eddng x\u1ebfp hi\u1ec7n nay ng\u00e0y c\u00e0ng \u0111\u01b0\u1ee3c \u01b0a chu\u1ed9ng. Kh\u00f4ng ch\u1ec9 cung c\u1ea5p kh\u00f4ng gian ng\u1ed3i ngh\u1ec9, c\u00e1c lo\u1ea1i gi\u01b0\u1eddng x\u1ebfp c\u00f2n \u0111\u01b0a \u0111\u1ebfn cho ng\u01b0\u1eddi d\u00f9ng ch\u1ed7 n\u1eb1m tho\u1ea3i m\u00e1i.<\/p>\n","protected":false},"excerpt":{"rendered":"<p>TH\u00d4NG TIN S\u1ea2N PH\u1ea8M &#8211; Th\u01b0\u01a1ng hi\u1ec7u: Naturehike &#8211; M\u00e3 s\u1ea3n ph\u1ea9m: NH19JJ006 &#8211; K\u00edch th\u01b0\u1edbc t\u1ed1i \u0111a: 190x65x38cm &#8211; K\u00edch th\u01b0\u1edbc gi\u01b0\u1eddng th\u1ea5p: 190x65x17cm &#8211; G\u1ea5p g\u1ecdn: 19x52cm &#8211; Kh\u1ed1i l\u01b0\u1ee3ng: 2,3kg &#8211; Tr\u1ecdng t\u1ea3i: 150kg &#8211; Ch\u1ea5t li\u1ec7u: V\u1ea3i oxford, h\u1ee3p kim nh\u00f4m Aluminum Gi\u01b0\u1eddng x\u1ebfp du l\u1ecbch Naturehike NH19JJ006 \u0111\u01b0\u1ee3c s\u1eed d\u1ee5ng&hellip;<\/p>\n","protected":false},"featured_media":15182,"comment_status":"closed","ping_status":"open","template":"","meta":[],"product_cat":[15],"product_tag":[],"class_list":{"0":"post-15179","1":"product","2":"type-product","3":"status-publish","4":"has-post-thumbnail","6":"product_cat-uncategorized","8":"first","9":"instock","10":"purchasable","11":"product-type-simple","12":"col-xs-6 col-sm-4","13":"col-md-3 col-lg-3","14":"un-4-cols"},"_links":{"self":[{"href":"https:\/\/hibucenter.com\/index.php\/wp-json\/wp\/v2\/product\/15179","targetHints":{"allow":["GET"]}}],"collection":[{"href":"https:\/\/hibucenter.com\/index.php\/wp-json\/wp\/v2\/product"}],"about":[{"href":"https:\/\/hibucenter.com\/index.php\/wp-json\/wp\/v2\/types\/product"}],"replies":[{"embeddable":true,"href":"https:\/\/hibucenter.com\/index.php\/wp-json\/wp\/v2\/comments?post=15179"}],"version-history":[{"count":1,"href":"https:\/\/hibucenter.com\/index.php\/wp-json\/wp\/v2\/product\/15179\/revisions"}],"predecessor-version":[{"id":15180,"href":"https:\/\/hibucenter.com\/index.php\/wp-json\/wp\/v2\/product\/15179\/revisions\/15180"}],"wp:featuredmedia":[{"embeddable":true,"href":"https:\/\/hibucenter.com\/index.php\/wp-json\/wp\/v2\/media\/15182"}],"wp:attachment":[{"href":"https:\/\/hibucenter.com\/index.php\/wp-json\/wp\/v2\/media?parent=15179"}],"wp:term":[{"taxonomy":"product_cat","embeddable":true,"href":"https:\/\/hibucenter.com\/index.php\/wp-json\/wp\/v2\/product_cat?post=15179"},{"taxonomy":"product_tag","embeddable":true,"href":"https:\/\/hibucenter.com\/index.php\/wp-json\/wp\/v2\/product_tag?post=15179"}],"curies":[{"name":"wp","href":"https:\/\/api.w.org\/{rel}","templated":true}]}}