{"id":15173,"date":"2025-12-16T11:32:33","date_gmt":"2025-12-16T04:32:33","guid":{"rendered":"https:\/\/hibucenter.com\/index.php\/giuong-xep-da-ngoai-naturehike-nh19x003-c-chan-nhom\/"},"modified":"2025-12-16T11:32:57","modified_gmt":"2025-12-16T04:32:57","slug":"giuong-xep-da-ngoai-naturehike-nh19x003-c-chan-nhom","status":"publish","type":"product","link":"https:\/\/hibucenter.com\/index.php\/giuong-xep-da-ngoai-naturehike-nh19x003-c-chan-nhom\/","title":{"rendered":"Gi\u01b0\u1eddng x\u1ebfp d\u00e3 ngo\u1ea1i Naturehike NH19X003-C (ch\u00e2n nh\u00f4m)"},"content":{"rendered":"<p>TH\u00d4NG TIN S\u1ea2N PH\u1ea8M:<br \/>\n&#8211; Ch\u1ea5t li\u1ec7u: H\u1ee3p kim Nh\u00f4m; s\u1ee3i Polyester 300D<br \/>\n&#8211; K\u00edch th\u01b0\u1edbc m\u1edf r\u1ed9ng: 196 x 64 x 43cm (1 ng\u01b0\u1eddi n\u1eb1m)<br \/>\n&#8211; K\u00edch th\u01b0\u1edbc g\u1ea5p g\u1ecdn: 98 x 22cm<br \/>\n&#8211; Tr\u1ecdng l\u01b0\u1ee3ng: 6.1kg<br \/>\n&#8211; M\u00e0u s\u1eafc: \u0110en<br \/>\n&#8211; C\u00f3 t\u00fai \u0111\u1ef1ng, thu\u1eadn ti\u1ec7n x\u00e1ch tay, kho\u00e1c vai khi c\u1ea7n di chuy\u1ec3n<\/p>\n<p>Gi\u01b0\u1eddng x\u1ebfp g\u1ecdn Naturehike \u0111\u01b0\u1ee3c l\u00e0m b\u1eb1ng khung h\u1ee3p kim Nh\u00f4m \u0111\u01b0\u1ee3c s\u01a1n ph\u1ee7 v\u00e2n g\u1ed7 mang l\u1ea1i tr\u1ea3i nghi\u1ec7m tho\u1ea3i m\u00e1i, d\u1ec5 ch\u1ecbu, nh\u1ea5t l\u00e0 khi s\u1eed d\u1ee5ng trong m\u00f4i tr\u01b0\u1eddng thi\u00ean nhi\u00ean.<\/p>\n<p>L\u1edbp \u0111\u1ec7m l\u00e0 s\u1ee3i Polyester 300D v\u1edbi \u0111\u1ed9 b\u1ec1n cao, \u0111\u00e0n h\u1ed3i t\u1ed1t, r\u1ea5t \u00eam \u00e1i. B\u00ean c\u1ea1nh \u0111\u00f3, lo\u1ea1i s\u1ee3i n\u00e0y c\u0169ng \u00edt b\u00e1m b\u1ea9n, d\u1ec5 v\u1ec7 sinh..<\/p>\n<p>\u0110\u1ec7m \u0111\u01b0\u1ee3c c\u1ea5u t\u1ea1o d\u1ea1ng \u0111an l\u01b0\u1edbi, t\u0103ng kh\u1ea3 n\u0103ng tho\u00e1ng kh\u00ed, kh\u00f4ng \u00e1m m\u00f9i m\u1ed3 h\u00f4i\u2026 h\u1eefu \u00edch khi n\u1eb1m th\u1eddi gian d\u00e0i ho\u1eb7c s\u1eed d\u1ee5ng trong m\u00f9a H\u00e8.<\/p>\n<p>L\u00e0 m\u1ed9t s\u1ea3n ph\u1ea9m cao c\u1ea5p, gi\u01b0\u1eddng g\u1ea5p NatureHike NH19X003-C \u0111\u01b0\u1ee3c ch\u0103m ch\u00fat t\u1eeb nh\u1eefng chi ti\u1ebft nh\u1ecf nh\u1ea5t mang l\u1ea1i tr\u1ea3i nghi\u1ec7m ti\u1ec7n l\u1ee3i, ho\u00e0n h\u1ea3o cho ng\u01b0\u1eddi d\u00f9ng.<\/p>\n<p>M\u1ed9t t\u00fai nh\u1ecf \u0111\u01b0\u1ee3c t\u00edch h\u1ee3p b\u00ean h\u00f4ng gi\u01b0\u1eddng nh\u1eb1m c\u1ea5t gi\u1eef \u0111\u1ed3 c\u00e1 nh\u00e2n: \u0111i\u1ec7n tho\u1ea1i, pin d\u1ef1 ph\u00f2ng, v\u00ed ti\u1ec1n, g\u0103ng tay\u2026 nh\u1eb1m h\u1ea1n ch\u1ebf v\u01b0\u1edbng v\u00edu, th\u1ea5t l\u1ea1c.<\/p>\n<p>Trong m\u1ed9t chuy\u1ebfn c\u1eafm tr\u1ea1i, picnic, vui ch\u01a1i ngo\u00e0i tr\u1eddi.. m\u1ed9t chi\u1ebfc gi\u01b0\u1eddng g\u1ea5p c\u00f3 th\u1ec3 kh\u00f4ng th\u1ec3 c\u1ea7n thi\u1ebft b\u1eb1ng 1 chi\u1ebfc l\u1ec1u hay t\u00fai ng\u1ee7. Tuy nhi\u00ean, \u0111\u1ec3 c\u00f3 \u0111\u01b0\u1ee3c tr\u1ea3i nghi\u1ec7m th\u01b0 gi\u00e3n, \u0111\u1ea7y \u0111\u1ee7, tho\u1ea3i m\u00e1i.. \u0111\u1eb7c bi\u1ec7t trong 1 chuy\u1ebfn \u0111i d\u00e0i ng\u00e0y v\u1edbi c\u1ea3 gia \u0111\u00ecnh, v\u00e0 b\u1ea1n s\u1eb5n c\u00f3 ph\u01b0\u01a1ng ti\u1ec7n di chuy\u1ec3n, chuy\u00ean ch\u1edf th\u00ec n\u00f3 l\u00e0 m\u00f3n \u0111\u1ed3 c\u1ea7n c\u00f3. S\u1ea3n ph\u1ea9m c\u00f3 t\u00fai \u0111\u1ef1ng, thu\u1eadn ti\u1ec7n x\u00e1ch tay, kho\u00e1c vai khi c\u1ea7n di chuy\u1ec3n.<\/p>\n","protected":false},"excerpt":{"rendered":"<p>TH\u00d4NG TIN S\u1ea2N PH\u1ea8M: &#8211; Ch\u1ea5t li\u1ec7u: H\u1ee3p kim Nh\u00f4m; s\u1ee3i Polyester 300D &#8211; K\u00edch th\u01b0\u1edbc m\u1edf r\u1ed9ng: 196 x 64 x 43cm (1 ng\u01b0\u1eddi n\u1eb1m) &#8211; K\u00edch th\u01b0\u1edbc g\u1ea5p g\u1ecdn: 98 x 22cm &#8211; Tr\u1ecdng l\u01b0\u1ee3ng: 6.1kg &#8211; M\u00e0u s\u1eafc: \u0110en &#8211; C\u00f3 t\u00fai \u0111\u1ef1ng, thu\u1eadn ti\u1ec7n x\u00e1ch tay, kho\u00e1c vai khi c\u1ea7n di&hellip;<\/p>\n","protected":false},"featured_media":15175,"comment_status":"closed","ping_status":"open","template":"","meta":[],"product_cat":[15],"product_tag":[],"class_list":{"0":"post-15173","1":"product","2":"type-product","3":"status-publish","4":"has-post-thumbnail","6":"product_cat-uncategorized","8":"first","9":"instock","10":"purchasable","11":"product-type-simple","12":"col-xs-6 col-sm-4","13":"col-md-3 col-lg-3","14":"un-4-cols"},"_links":{"self":[{"href":"https:\/\/hibucenter.com\/index.php\/wp-json\/wp\/v2\/product\/15173","targetHints":{"allow":["GET"]}}],"collection":[{"href":"https:\/\/hibucenter.com\/index.php\/wp-json\/wp\/v2\/product"}],"about":[{"href":"https:\/\/hibucenter.com\/index.php\/wp-json\/wp\/v2\/types\/product"}],"replies":[{"embeddable":true,"href":"https:\/\/hibucenter.com\/index.php\/wp-json\/wp\/v2\/comments?post=15173"}],"version-history":[{"count":1,"href":"https:\/\/hibucenter.com\/index.php\/wp-json\/wp\/v2\/product\/15173\/revisions"}],"predecessor-version":[{"id":15174,"href":"https:\/\/hibucenter.com\/index.php\/wp-json\/wp\/v2\/product\/15173\/revisions\/15174"}],"wp:featuredmedia":[{"embeddable":true,"href":"https:\/\/hibucenter.com\/index.php\/wp-json\/wp\/v2\/media\/15175"}],"wp:attachment":[{"href":"https:\/\/hibucenter.com\/index.php\/wp-json\/wp\/v2\/media?parent=15173"}],"wp:term":[{"taxonomy":"product_cat","embeddable":true,"href":"https:\/\/hibucenter.com\/index.php\/wp-json\/wp\/v2\/product_cat?post=15173"},{"taxonomy":"product_tag","embeddable":true,"href":"https:\/\/hibucenter.com\/index.php\/wp-json\/wp\/v2\/product_tag?post=15173"}],"curies":[{"name":"wp","href":"https:\/\/api.w.org\/{rel}","templated":true}]}}