{"id":15156,"date":"2025-12-16T11:32:33","date_gmt":"2025-12-16T04:32:33","guid":{"rendered":"https:\/\/hibucenter.com\/index.php\/day-moc-treo-do-da-ngoai-naturehike-nh19pj041\/"},"modified":"2025-12-16T11:32:49","modified_gmt":"2025-12-16T04:32:49","slug":"day-moc-treo-do-da-ngoai-naturehike-nh19pj041","status":"publish","type":"product","link":"https:\/\/hibucenter.com\/index.php\/day-moc-treo-do-da-ngoai-naturehike-nh19pj041\/","title":{"rendered":"D\u00e2y m\u00f3c treo \u0111\u1ed3 d\u00e3 ngo\u1ea1i Naturehike NH19PJ041"},"content":{"rendered":"<p>TH\u00d4NG TIN S\u1ea2N PH\u1ea8M<br \/>\n&#8211; Th\u01b0\u01a1ng hi\u1ec7u: Naturehike<br \/>\n&#8211; Ch\u1ea5t li\u1ec7u: Polyester<br \/>\n&#8211; K\u00edch th\u01b0\u1edbc: d\u00e0i 430 cm<br \/>\n&#8211; Tr\u1ecdng l\u01b0\u1ee3ng: 180 gram<br \/>\n&#8211; S\u1ea3n ph\u1ea9m bao g\u1ed3m: d\u00e2y d\u00e0i 430cm, 1 m\u00f3c kho\u00e1 v\u00e0 8 m\u00f3c treo.<\/p>\n","protected":false},"excerpt":{"rendered":"<p>TH\u00d4NG TIN S\u1ea2N PH\u1ea8M &#8211; Th\u01b0\u01a1ng hi\u1ec7u: Naturehike &#8211; Ch\u1ea5t li\u1ec7u: Polyester &#8211; K\u00edch th\u01b0\u1edbc: d\u00e0i 430 cm &#8211; Tr\u1ecdng l\u01b0\u1ee3ng: 180 gram &#8211; S\u1ea3n ph\u1ea9m bao g\u1ed3m: d\u00e2y d\u00e0i 430cm, 1 m\u00f3c kho\u00e1 v\u00e0 8 m\u00f3c treo.<\/p>\n","protected":false},"featured_media":15158,"comment_status":"closed","ping_status":"open","template":"","meta":[],"product_cat":[15],"product_tag":[],"class_list":{"0":"post-15156","1":"product","2":"type-product","3":"status-publish","4":"has-post-thumbnail","6":"product_cat-uncategorized","8":"first","9":"instock","10":"purchasable","11":"product-type-simple","12":"col-xs-6 col-sm-4","13":"col-md-3 col-lg-3","14":"un-4-cols"},"_links":{"self":[{"href":"https:\/\/hibucenter.com\/index.php\/wp-json\/wp\/v2\/product\/15156","targetHints":{"allow":["GET"]}}],"collection":[{"href":"https:\/\/hibucenter.com\/index.php\/wp-json\/wp\/v2\/product"}],"about":[{"href":"https:\/\/hibucenter.com\/index.php\/wp-json\/wp\/v2\/types\/product"}],"replies":[{"embeddable":true,"href":"https:\/\/hibucenter.com\/index.php\/wp-json\/wp\/v2\/comments?post=15156"}],"version-history":[{"count":1,"href":"https:\/\/hibucenter.com\/index.php\/wp-json\/wp\/v2\/product\/15156\/revisions"}],"predecessor-version":[{"id":15157,"href":"https:\/\/hibucenter.com\/index.php\/wp-json\/wp\/v2\/product\/15156\/revisions\/15157"}],"wp:featuredmedia":[{"embeddable":true,"href":"https:\/\/hibucenter.com\/index.php\/wp-json\/wp\/v2\/media\/15158"}],"wp:attachment":[{"href":"https:\/\/hibucenter.com\/index.php\/wp-json\/wp\/v2\/media?parent=15156"}],"wp:term":[{"taxonomy":"product_cat","embeddable":true,"href":"https:\/\/hibucenter.com\/index.php\/wp-json\/wp\/v2\/product_cat?post=15156"},{"taxonomy":"product_tag","embeddable":true,"href":"https:\/\/hibucenter.com\/index.php\/wp-json\/wp\/v2\/product_tag?post=15156"}],"curies":[{"name":"wp","href":"https:\/\/api.w.org\/{rel}","templated":true}]}}