{"id":15153,"date":"2025-12-16T11:32:33","date_gmt":"2025-12-16T04:32:33","guid":{"rendered":"https:\/\/hibucenter.com\/index.php\/khan-ong-da-nang-naturehike-bandana\/"},"modified":"2025-12-16T11:32:48","modified_gmt":"2025-12-16T04:32:48","slug":"khan-ong-da-nang-naturehike-bandana","status":"publish","type":"product","link":"https:\/\/hibucenter.com\/index.php\/khan-ong-da-nang-naturehike-bandana\/","title":{"rendered":"Kh\u0103n \u1ed1ng \u0111a n\u0103ng Naturehike BANDANA"},"content":{"rendered":"<p>TH\u00d4NG TIN S\u1ea2N PH\u1ea8M<br \/>\n&#8211; Ch\u1ea5t li\u1ec7u l\u00e0m t\u1eeb v\u1ea3i s\u1ee3i Coolmax m\u1ec1m m\u1ea1i v\u00e0 tho\u00e1ng kh\u00ed<br \/>\n&#8211; K\u00edch th\u01b0\u1edbc: 50x25cm<br \/>\n&#8211; Kh\u0103n \u1ed1ng \u0111a n\u0103ng lo\u1ea1i kh\u00f4ng c\u00f3 \u0111\u01b0\u1eddng n\u1ed1i (Seamless), co d\u00e3n t\u1ed1t<br \/>\n&#8211; Th\u1ea5m h\u00fat m\u1ed3 h\u00f4i t\u1ed1t, nhanh kh\u00f4.<br \/>\n&#8211; Ph\u00f9 h\u1ee3p khi \u0111i ch\u01a1i, du l\u1ecbch hay tham gia c\u00e1c ho\u1ea1t \u0111\u1ed9ng th\u1ec3 thao.<\/p>\n","protected":false},"excerpt":{"rendered":"<p>TH\u00d4NG TIN S\u1ea2N PH\u1ea8M &#8211; Ch\u1ea5t li\u1ec7u l\u00e0m t\u1eeb v\u1ea3i s\u1ee3i Coolmax m\u1ec1m m\u1ea1i v\u00e0 tho\u00e1ng kh\u00ed &#8211; K\u00edch th\u01b0\u1edbc: 50x25cm &#8211; Kh\u0103n \u1ed1ng \u0111a n\u0103ng lo\u1ea1i kh\u00f4ng c\u00f3 \u0111\u01b0\u1eddng n\u1ed1i (Seamless), co d\u00e3n t\u1ed1t &#8211; Th\u1ea5m h\u00fat m\u1ed3 h\u00f4i t\u1ed1t, nhanh kh\u00f4. &#8211; Ph\u00f9 h\u1ee3p khi \u0111i ch\u01a1i, du l\u1ecbch hay tham gia c\u00e1c&hellip;<\/p>\n","protected":false},"featured_media":15155,"comment_status":"closed","ping_status":"open","template":"","meta":[],"product_cat":[15],"product_tag":[],"class_list":{"0":"post-15153","1":"product","2":"type-product","3":"status-publish","4":"has-post-thumbnail","6":"product_cat-uncategorized","8":"first","9":"instock","10":"purchasable","11":"product-type-simple","12":"col-xs-6 col-sm-4","13":"col-md-3 col-lg-3","14":"un-4-cols"},"_links":{"self":[{"href":"https:\/\/hibucenter.com\/index.php\/wp-json\/wp\/v2\/product\/15153","targetHints":{"allow":["GET"]}}],"collection":[{"href":"https:\/\/hibucenter.com\/index.php\/wp-json\/wp\/v2\/product"}],"about":[{"href":"https:\/\/hibucenter.com\/index.php\/wp-json\/wp\/v2\/types\/product"}],"replies":[{"embeddable":true,"href":"https:\/\/hibucenter.com\/index.php\/wp-json\/wp\/v2\/comments?post=15153"}],"version-history":[{"count":1,"href":"https:\/\/hibucenter.com\/index.php\/wp-json\/wp\/v2\/product\/15153\/revisions"}],"predecessor-version":[{"id":15154,"href":"https:\/\/hibucenter.com\/index.php\/wp-json\/wp\/v2\/product\/15153\/revisions\/15154"}],"wp:featuredmedia":[{"embeddable":true,"href":"https:\/\/hibucenter.com\/index.php\/wp-json\/wp\/v2\/media\/15155"}],"wp:attachment":[{"href":"https:\/\/hibucenter.com\/index.php\/wp-json\/wp\/v2\/media?parent=15153"}],"wp:term":[{"taxonomy":"product_cat","embeddable":true,"href":"https:\/\/hibucenter.com\/index.php\/wp-json\/wp\/v2\/product_cat?post=15153"},{"taxonomy":"product_tag","embeddable":true,"href":"https:\/\/hibucenter.com\/index.php\/wp-json\/wp\/v2\/product_tag?post=15153"}],"curies":[{"name":"wp","href":"https:\/\/api.w.org\/{rel}","templated":true}]}}