{"id":15150,"date":"2025-12-16T11:32:33","date_gmt":"2025-12-16T04:32:33","guid":{"rendered":"https:\/\/hibucenter.com\/index.php\/giay-naturehike\/"},"modified":"2025-12-16T11:32:48","modified_gmt":"2025-12-16T04:32:48","slug":"giay-naturehike","status":"publish","type":"product","link":"https:\/\/hibucenter.com\/index.php\/giay-naturehike\/","title":{"rendered":"Gi\u00e0y Naturehike"},"content":{"rendered":"<p>Ch\u1ea5t li\u1ec7u: Da.<br \/>\n\u0110\u1ed9 cao: > 5 cm.<br \/>\nLo\u1ea1i \u0111\u1ebf: \u0110\u1ebf \u0111\u1ed9n.<br \/>\nD\u00e0y d\u1eb7n , kh\u1ecfe kho\u1eafn<br \/>\n\u0110\u1ebf ch\u1eafc ch\u1eafn , d\u00e1ng th\u1ec3 thao: m\u1ec1m d\u1ebbo. \u0110i \u00eam ch\u00e2n<br \/>\nKi\u1ec3u d\u00e1ng th\u1eddi trang<br \/>\nD\u1ec5 d\u00e0ng ph\u1ed1i \u0111\u1ed3<br \/>\nL\u00e0m n\u1ed5i b\u1eadt l\u00ean phong c\u00e1ch c\u1ee7a b\u1ea1nD\u00e0y d\u1eb7n , kh\u1ecfe kho\u1eafn<br \/>\n\u0110\u1ebf ch\u1eafc ch\u1eafn , d\u00e1ng th\u1ec3 thao: m\u1ec1m d\u1ebbo. \u0110i \u00eam ch\u00e2n <\/p>\n<p>Ki\u1ec3u d\u00e1ng th\u1eddi trang <\/p>\n<p>D\u1ec5 d\u00e0ng ph\u1ed1i \u0111\u1ed3 <\/p>\n<p>L\u00e0m n\u1ed5i b\u1eadt l\u00ean phong c\u00e1ch c\u1ee7a b\u1ea1n Gi\u00e1 s\u1ea3n ph\u1ea9m tr\u00ean Tiki \u0111\u00e3 bao g\u1ed3m thu\u1ebf theo lu\u1eadt hi\u1ec7n h\u00e0nh. Tuy nhi\u00ean tu\u1ef3 v\u00e0o t\u1eebng lo\u1ea1i s\u1ea3n ph\u1ea9m ho\u1eb7c ph\u01b0\u01a1ng th\u1ee9c, \u0111\u1ecba ch\u1ec9 giao h\u00e0ng m\u00e0 c\u00f3 th\u1ec3 ph\u00e1t sinh th\u00eam chi ph\u00ed kh\u00e1c nh\u01b0 ph\u00ed v\u1eadn chuy\u1ec3n, ph\u1ee5 ph\u00ed h\u00e0ng c\u1ed3ng k\u1ec1nh, &#8230;<\/p>\n","protected":false},"excerpt":{"rendered":"<p>Ch\u1ea5t li\u1ec7u: Da. \u0110\u1ed9 cao: > 5 cm. Lo\u1ea1i \u0111\u1ebf: \u0110\u1ebf \u0111\u1ed9n. D\u00e0y d\u1eb7n , kh\u1ecfe kho\u1eafn \u0110\u1ebf ch\u1eafc ch\u1eafn , d\u00e1ng th\u1ec3 thao: m\u1ec1m d\u1ebbo. \u0110i \u00eam ch\u00e2n Ki\u1ec3u d\u00e1ng th\u1eddi trang D\u1ec5 d\u00e0ng ph\u1ed1i \u0111\u1ed3 L\u00e0m n\u1ed5i b\u1eadt l\u00ean phong c\u00e1ch c\u1ee7a b\u1ea1nD\u00e0y d\u1eb7n , kh\u1ecfe kho\u1eafn \u0110\u1ebf ch\u1eafc ch\u1eafn , d\u00e1ng th\u1ec3&hellip;<\/p>\n","protected":false},"featured_media":15152,"comment_status":"closed","ping_status":"open","template":"","meta":[],"product_cat":[15],"product_tag":[],"class_list":{"0":"post-15150","1":"product","2":"type-product","3":"status-publish","4":"has-post-thumbnail","6":"product_cat-uncategorized","8":"first","9":"instock","10":"purchasable","11":"product-type-simple","12":"col-xs-6 col-sm-4","13":"col-md-3 col-lg-3","14":"un-4-cols"},"_links":{"self":[{"href":"https:\/\/hibucenter.com\/index.php\/wp-json\/wp\/v2\/product\/15150","targetHints":{"allow":["GET"]}}],"collection":[{"href":"https:\/\/hibucenter.com\/index.php\/wp-json\/wp\/v2\/product"}],"about":[{"href":"https:\/\/hibucenter.com\/index.php\/wp-json\/wp\/v2\/types\/product"}],"replies":[{"embeddable":true,"href":"https:\/\/hibucenter.com\/index.php\/wp-json\/wp\/v2\/comments?post=15150"}],"version-history":[{"count":1,"href":"https:\/\/hibucenter.com\/index.php\/wp-json\/wp\/v2\/product\/15150\/revisions"}],"predecessor-version":[{"id":15151,"href":"https:\/\/hibucenter.com\/index.php\/wp-json\/wp\/v2\/product\/15150\/revisions\/15151"}],"wp:featuredmedia":[{"embeddable":true,"href":"https:\/\/hibucenter.com\/index.php\/wp-json\/wp\/v2\/media\/15152"}],"wp:attachment":[{"href":"https:\/\/hibucenter.com\/index.php\/wp-json\/wp\/v2\/media?parent=15150"}],"wp:term":[{"taxonomy":"product_cat","embeddable":true,"href":"https:\/\/hibucenter.com\/index.php\/wp-json\/wp\/v2\/product_cat?post=15150"},{"taxonomy":"product_tag","embeddable":true,"href":"https:\/\/hibucenter.com\/index.php\/wp-json\/wp\/v2\/product_tag?post=15150"}],"curies":[{"name":"wp","href":"https:\/\/api.w.org\/{rel}","templated":true}]}}