{"id":15143,"date":"2025-12-16T11:32:33","date_gmt":"2025-12-16T04:32:33","guid":{"rendered":"https:\/\/hibucenter.com\/index.php\/kinh-boi-naturehike-g01-nh18y010j\/"},"modified":"2025-12-16T11:32:47","modified_gmt":"2025-12-16T04:32:47","slug":"kinh-boi-naturehike-g01-nh18y010j","status":"publish","type":"product","link":"https:\/\/hibucenter.com\/index.php\/kinh-boi-naturehike-g01-nh18y010j\/","title":{"rendered":"K\u00ednh b\u01a1i NatureHike G01 \u2013 NH18Y010J"},"content":{"rendered":"<p>TH\u00d4NG TIN S\u1ea2N PH\u1ea8M<br \/>\n&#8211; Th\u01b0\u01a1ng hi\u1ec7u: Naturehike\u00a0<br \/>\n&#8211; M\u00e3 s\u1ea3n ph\u1ea9m: G01 NH18Y010-J<br \/>\n&#8211; Ch\u1ea5t li\u1ec7u: m\u1eaft k\u00ednh b\u1eb1ng nh\u1ef1a PC, d\u00e2y k\u00ednh l\u00e0m b\u1eb1ng Silicon<br \/>\n&#8211; K\u00ednh th\u01b0\u1edbc m\u1eaft k\u00ednh: 4x6cm<br \/>\n&#8211; Tr\u1ecdng l\u01b0\u1ee3ng k\u00ednh: 70g<br \/>\n&#8211; Ph\u1ee5 ki\u1ec7n \u0111i k\u00e8m: 2 n\u00fat tai, 1 k\u1eb9p m\u0169i, 2 n\u1ed1i m\u0169i<\/p>\n<p>K\u00ednh b\u01a1i NatureHike c\u00f3 khung b\u1eb1ng nh\u1ef1a Acetate cao c\u1ea5p n\u00ean r\u1ea5t nh\u1eb9, \u0111\u1ed9 \u0111\u00e0n h\u1ed3i t\u1ed1t, m\u00e0 v\u1eabn \u0111\u1ea3m b\u1ea3o \u0111\u1ed9 b\u1ec1n cho k\u00ednh. D\u00e2y \u0111eo \u0111\u01b0\u1ee3c l\u00e0m 100% silicone m\u1ec1m m\u1ea1i, tho\u1ea3i m\u00e1i, thi\u1ebft k\u1ebf kh\u00f4ng tr\u01a1n tr\u01b0\u1ee3t, \u0111\u1ed9 co gi\u00e3n v\u00e0 \u0111\u1ed9 b\u1ec1n th\u00e1ch th\u1ee9c th\u1eddi gian. M\u1eb7t k\u00ednh \u0111\u01b0\u1ee3c ph\u1ee7 l\u1edbp ch\u1ed1ng tia UV, gi\u00fap m\u1eaft an to\u00e0n khi \u0111i bi\u1ec3n. B\u1ec1 m\u1eb7t b\u00ean trong c\u1ee7a tr\u00f2ng k\u00ednh s\u1eed d\u1ee5ng ch\u1ea5t ch\u1ed1ng s\u01b0\u01a1ng m\u00f9 (h\u01a1i n\u01b0\u1edbc) chuy\u00ean d\u1ee5ng ch\u1ed1ng th\u1ea5m n\u01b0\u1edbc, kh\u00f4ng g\u00e2y k\u00edch \u1ee9ng cho m\u1eaft, cho t\u1ea7m quan s\u00e1t r\u00f5 r\u00e0ng trong m\u1ecdi m\u00f4i tr\u01b0\u1eddng n\u01b0\u1edbc.<\/p>\n","protected":false},"excerpt":{"rendered":"<p>TH\u00d4NG TIN S\u1ea2N PH\u1ea8M &#8211; Th\u01b0\u01a1ng hi\u1ec7u: Naturehike\u00a0 &#8211; M\u00e3 s\u1ea3n ph\u1ea9m: G01 NH18Y010-J &#8211; Ch\u1ea5t li\u1ec7u: m\u1eaft k\u00ednh b\u1eb1ng nh\u1ef1a PC, d\u00e2y k\u00ednh l\u00e0m b\u1eb1ng Silicon &#8211; K\u00ednh th\u01b0\u1edbc m\u1eaft k\u00ednh: 4x6cm &#8211; Tr\u1ecdng l\u01b0\u1ee3ng k\u00ednh: 70g &#8211; Ph\u1ee5 ki\u1ec7n \u0111i k\u00e8m: 2 n\u00fat tai, 1 k\u1eb9p m\u0169i, 2 n\u1ed1i m\u0169i K\u00ednh b\u01a1i NatureHike&hellip;<\/p>\n","protected":false},"featured_media":15145,"comment_status":"closed","ping_status":"open","template":"","meta":[],"product_cat":[15],"product_tag":[],"class_list":{"0":"post-15143","1":"product","2":"type-product","3":"status-publish","4":"has-post-thumbnail","6":"product_cat-uncategorized","8":"first","9":"instock","10":"purchasable","11":"product-type-simple","12":"col-xs-6 col-sm-4","13":"col-md-3 col-lg-3","14":"un-4-cols"},"_links":{"self":[{"href":"https:\/\/hibucenter.com\/index.php\/wp-json\/wp\/v2\/product\/15143","targetHints":{"allow":["GET"]}}],"collection":[{"href":"https:\/\/hibucenter.com\/index.php\/wp-json\/wp\/v2\/product"}],"about":[{"href":"https:\/\/hibucenter.com\/index.php\/wp-json\/wp\/v2\/types\/product"}],"replies":[{"embeddable":true,"href":"https:\/\/hibucenter.com\/index.php\/wp-json\/wp\/v2\/comments?post=15143"}],"version-history":[{"count":1,"href":"https:\/\/hibucenter.com\/index.php\/wp-json\/wp\/v2\/product\/15143\/revisions"}],"predecessor-version":[{"id":15144,"href":"https:\/\/hibucenter.com\/index.php\/wp-json\/wp\/v2\/product\/15143\/revisions\/15144"}],"wp:featuredmedia":[{"embeddable":true,"href":"https:\/\/hibucenter.com\/index.php\/wp-json\/wp\/v2\/media\/15145"}],"wp:attachment":[{"href":"https:\/\/hibucenter.com\/index.php\/wp-json\/wp\/v2\/media?parent=15143"}],"wp:term":[{"taxonomy":"product_cat","embeddable":true,"href":"https:\/\/hibucenter.com\/index.php\/wp-json\/wp\/v2\/product_cat?post=15143"},{"taxonomy":"product_tag","embeddable":true,"href":"https:\/\/hibucenter.com\/index.php\/wp-json\/wp\/v2\/product_tag?post=15143"}],"curies":[{"name":"wp","href":"https:\/\/api.w.org\/{rel}","templated":true}]}}